{"id":2001,"date":"2024-07-30T17:04:28","date_gmt":"2024-07-30T17:04:28","guid":{"rendered":"https:\/\/zoo.org\/tkcp\/vision-y-mision\/"},"modified":"2025-12-09T18:54:02","modified_gmt":"2025-12-09T18:54:02","slug":"vision-y-mision","status":"publish","type":"page","link":"https:\/\/treekangaroo.org\/es\/vision-y-mision\/","title":{"rendered":"Visi\u00f3n y Misi\u00f3n"},"content":{"rendered":"\n<div class=\"wp-block-cover alignfull hero\"><img loading=\"lazy\" decoding=\"async\" width=\"1800\" height=\"494\" class=\"wp-block-cover__image-background wp-image-1064\" alt=\"\" src=\"http:\/\/zoo.org\/tkcp\/wp-content\/uploads\/sites\/2\/2025\/04\/homepage-header.jpg\" data-object-fit=\"cover\" srcset=\"https:\/\/treekangaroo.org\/wp-content\/uploads\/sites\/2\/2025\/04\/homepage-header.jpg 1800w, https:\/\/treekangaroo.org\/wp-content\/uploads\/sites\/2\/2025\/04\/homepage-header-300x82.jpg 300w, https:\/\/treekangaroo.org\/wp-content\/uploads\/sites\/2\/2025\/04\/homepage-header-1024x281.jpg 1024w, https:\/\/treekangaroo.org\/wp-content\/uploads\/sites\/2\/2025\/04\/homepage-header-768x211.jpg 768w, https:\/\/treekangaroo.org\/wp-content\/uploads\/sites\/2\/2025\/04\/homepage-header-1536x422.jpg 1536w\" sizes=\"auto, (max-width: 1800px) 100vw, 1800px\" \/><span aria-hidden=\"true\" class=\"wp-block-cover__background has-background-dim-0 has-background-dim\" style=\"background-color:#454e3b\"><\/span><div class=\"wp-block-cover__inner-container is-layout-constrained wp-block-cover-is-layout-constrained\">\n<figure class=\"wp-block-image aligncenter size-full\"><img loading=\"lazy\" decoding=\"async\" width=\"721\" height=\"192\" src=\"http:\/\/zoo.org\/tkcp\/wp-content\/uploads\/sites\/2\/2025\/04\/TKCP_logo_PNG.png\" alt=\"\" class=\"wp-image-1091\" style=\"object-fit:cover\" srcset=\"https:\/\/treekangaroo.org\/wp-content\/uploads\/sites\/2\/2025\/04\/TKCP_logo_PNG.png 721w, https:\/\/treekangaroo.org\/wp-content\/uploads\/sites\/2\/2025\/04\/TKCP_logo_PNG-300x80.png 300w\" sizes=\"auto, (max-width: 721px) 100vw, 721px\" \/><\/figure>\n<\/div><\/div>\n\n<div class=\"wp-block-group alignfull heading-flag has-custom-white-color has-text-color has-link-color wp-elements-01288e707c3aea12704b35c1e053f995 is-layout-constrained wp-container-core-group-is-layout-35cbd09f wp-block-group-is-layout-constrained\" style=\"margin-top:3em;margin-bottom:3em;padding-top:0em;padding-right:0em;padding-bottom:0em;padding-left:0em\">\n<h2 class=\"wp-block-heading alignfull has-text-align-center\" style=\"margin-top:0px;margin-right:0px;margin-bottom:0px;margin-left:0px;padding-top:0.5em;padding-right:0em;padding-bottom:0.5em;padding-left:0em\">VISI\u00d3N Y MISI\u00d3N<\/h2>\n<\/div>\n\n<div class=\"wp-block-columns is-layout-flex wp-container-core-columns-is-layout-592b081e wp-block-columns-is-layout-flex\" style=\"margin-top:2.5em;margin-bottom:2.5em\">\n<div class=\"wp-block-column has-palette-color-17-background-color has-background is-layout-flow wp-container-core-column-is-layout-f86737b1 wp-block-column-is-layout-flow\" style=\"padding-top:20px;padding-right:20px;padding-bottom:20px;padding-left:20px\">\n<h3 class=\"wp-block-heading\" style=\"margin-bottom:1em\">Visi\u00f3n<\/h3>\n\n\n\n<p style=\"margin-bottom:1em\">El Programa de Conservaci\u00f3n del Canguro Arb\u00f3reo imagina un paisaje sostenible, saludable y resiliente en la Pen\u00ednsula Huon que respalde la biodiversidad \u00fanica de la zona, las comunidades humanas y la cultura.<\/p>\n<\/div>\n\n\n\n<div class=\"wp-block-column has-palette-color-17-background-color has-background is-layout-flow wp-container-core-column-is-layout-f86737b1 wp-block-column-is-layout-flow\" style=\"padding-top:20px;padding-right:20px;padding-bottom:20px;padding-left:20px\">\n<h3 class=\"wp-block-heading\" style=\"margin-bottom:1em\">Misi\u00f3n<\/h3>\n\n\n\n<p style=\"margin-bottom:1em\">El Programa de Conservaci\u00f3n del Canguro Arb\u00f3reo fomenta la conservaci\u00f3n de la vida silvestre y el h\u00e1bitat y apoya los medios de vida de las comunidades locales en Pap\u00faa Nueva Guinea a trav\u00e9s de asociaciones globales, protecci\u00f3n de la tierra e investigaci\u00f3n cient\u00edfica.<\/p>\n<\/div>\n<\/div>\n\n<h3 class=\"wp-block-heading\">Salvando a los canguros arbor\u00edcolas<\/h3>\n\n<p>Experimente los pr\u00edstinos bosques nubosos de Pap\u00faa Nueva Guinea y explore el reconocido Programa de Conservaci\u00f3n del Canguro Arbor\u00edcola del Zool\u00f3gico Woodland Park con la narradora y amiga de los animales, Penny LeGate, y Seattle Channel. Descubra canguros arbor\u00edcolas en peligro de extinci\u00f3n, una comunidad de conservacionistas y la sorprendente conexi\u00f3n con una empresa cafetalera de Seattle. \u00a1Acompa\u00f1e a Penny en esta mirada de cerca a nuestra conservaci\u00f3n en acci\u00f3n!  <\/p>\n\n<figure class=\"wp-block-embed is-type-video is-provider-youtube wp-block-embed-youtube wp-embed-aspect-16-9 wp-has-aspect-ratio\" style=\"margin-top:3em;margin-bottom:3em\"><div class=\"wp-block-embed__wrapper\">\n<iframe loading=\"lazy\" title=\"CityStream: Saving the Tree Kangaroos\" width=\"1080\" height=\"608\" src=\"https:\/\/www.youtube.com\/embed\/iPMAprLTE4Y?feature=oembed\" frameborder=\"0\" allow=\"accelerometer; autoplay; clipboard-write; encrypted-media; gyroscope; picture-in-picture; web-share\" referrerpolicy=\"strict-origin-when-cross-origin\" allowfullscreen><\/iframe>\n<\/div><\/figure>\n\n<div class=\"wp-block-group alignfull heading-flag has-custom-white-color has-text-color has-link-color wp-elements-a1750b258ee2f81d1c276956e826b932 is-layout-constrained wp-container-core-group-is-layout-35cbd09f wp-block-group-is-layout-constrained\" style=\"margin-top:3em;margin-bottom:3em;padding-top:0em;padding-right:0em;padding-bottom:0em;padding-left:0em\">\n<h2 class=\"wp-block-heading alignfull has-text-align-center\" style=\"margin-top:0px;margin-right:0px;margin-bottom:0px;margin-left:0px;padding-top:0.5em;padding-right:0em;padding-bottom:0.5em;padding-left:0em\">ENFOQUE DE CONSERVACI\u00d3N<\/h2>\n<\/div>\n\n<p>El Programa de Conservaci\u00f3n del Canguro Arb\u00f3reo cree que una conservaci\u00f3n eficaz requiere un enfoque hol\u00edstico que responda a las necesidades de la vida silvestre, las personas y los ecosistemas de los que dependen. Al abordar las necesidades sociales, culturales y econ\u00f3micas de las comunidades locales, los conservacionistas se benefician de una red m\u00e1s amplia de actores y de una gama m\u00e1s amplia de opciones para reducir las amenazas a la sostenibilidad y la biodiversidad. Las comunidades ind\u00edgenas tienen un gran inter\u00e9s en mantener la vida silvestre y el h\u00e1bitat locales debido a sus fuertes v\u00ednculos culturales y a su alta dependencia de los recursos naturales para su subsistencia. Cuando estas comunidades reciben el conocimiento y la oportunidad de influir en las decisiones que afectan sus vidas, se convierten en socios invaluables y guardianes eficaces de la conservaci\u00f3n sostenible.   <\/p>\n\n<p><strong>Ejemplos del enfoque de conservaci\u00f3n del TKCP en acci\u00f3n:<\/strong><\/p>\n\n<ul class=\"wp-block-list\">\n<li>Trabajando junto con las comunidades locales, el gobierno de Pap\u00faa Nueva Guinea y Conservaci\u00f3n Internacional, TKCP ayud\u00f3 a establecer la primera \u00e1rea protegida a nivel nacional de Pap\u00faa Nueva Guinea: el \u00c1rea de Conservaci\u00f3n YUS.<\/li>\n\n\n\n<li>TKCP cre\u00f3 y capacit\u00f3 a los primeros guardabosques de conservaci\u00f3n del pa\u00eds para realizar patrullas y monitorear la vida silvestre en el \u00c1rea de Conservaci\u00f3n YUS.<\/li>\n\n\n\n<li>En colaboraci\u00f3n con Caffe Vita de Seattle, TKCP conect\u00f3 a los caficultores de YUS con capacitaci\u00f3n y acceso a nichos de mercado, llevando el caf\u00e9 de conservaci\u00f3n sostenible de YUS al mercado internacional y brindando a los caficultores mayores ingresos. TKCP busca replicar este exitoso modelo en colaboraci\u00f3n con chocolateros especializados y caficultores de YUS. <\/li>\n\n\n\n<li>TKCP ha otorgado una Beca para Maestros de la YUS para ayudar a m\u00e1s de 20 estudiantes de la YUS a graduarse de la Escuela Normal de Baleb. Estos maestros han regresado a la YUS, ocupando puestos docentes vacantes y brindando a cientos de ni\u00f1os la oportunidad de obtener una educaci\u00f3n. Estos ni\u00f1os heredar\u00e1n las tierras de su clan y se convertir\u00e1n en los futuros l\u00edderes de conservaci\u00f3n de la YUS.  <\/li>\n\n\n\n<li>TKCP colabora con profesionales de la salud voluntarios para brindar informaci\u00f3n y capacitaci\u00f3n sobre la relaci\u00f3n entre el medio ambiente y la salud. Las capacitaciones promueven la gesti\u00f3n sostenible de los recursos y fomentan h\u00e1bitos saludables, nutrici\u00f3n, embarazo y parto, y la prevenci\u00f3n y el tratamiento de enfermedades comunes en YUS. <\/li>\n\n\n\n<li>La investigaci\u00f3n continua sobre la ecolog\u00eda y el comportamiento de los canguros arbor\u00edcolas de Matschie se utiliza para fundamentar las decisiones sobre la gesti\u00f3n del \u00c1rea de Conservaci\u00f3n YUS. Con una mejor comprensi\u00f3n de las necesidades del canguro arbor\u00edcola, TKCP y sus socios pueden garantizar la eficacia del \u00c1rea de Conservaci\u00f3n YUS en la protecci\u00f3n de la especie. <\/li>\n<\/ul>\n\n<p>Para obtener m\u00e1s informaci\u00f3n sobre nuestro trabajo, visite <a href=\"https:\/\/www.zoo.org\/tkcp\/program\">nuestra p\u00e1gina de programas<\/a> o consulte nuestros <a href=\"http:\/#\">informes anuales<\/a> .<\/p>\n","protected":false},"excerpt":{"rendered":"<p>VISI\u00d3N Y MISI\u00d3N Visi\u00f3n El Programa de Conservaci\u00f3n del Canguro Arb\u00f3reo imagina un paisaje sostenible, saludable y resiliente en la Pen\u00ednsula Huon que respalde la biodiversidad \u00fanica de la zona, las comunidades humanas y la cultura. Misi\u00f3n El Programa de Conservaci\u00f3n del Canguro Arb\u00f3reo fomenta la conservaci\u00f3n de la vida silvestre y el h\u00e1bitat y [&hellip;]<\/p>\n","protected":false},"author":2,"featured_media":0,"parent":0,"menu_order":0,"comment_status":"closed","ping_status":"closed","template":"","meta":{"_acf_changed":false,"_kad_blocks_custom_css":"","_kad_blocks_head_custom_js":"","_kad_blocks_body_custom_js":"","_kad_blocks_footer_custom_js":"","footnotes":""},"class_list":["post-2001","page","type-page","status-publish","hentry"],"blocksy_meta":[],"acf":[],"yoast_head":"<!-- This site is optimized with the Yoast SEO plugin v27.4 - https:\/\/yoast.com\/product\/yoast-seo-wordpress\/ -->\n<title>-<\/title>\n<meta name=\"description\" content=\"Un programa emblem\u00e1tico del Zool\u00f3gico Woodland Park. El Programa de Conservaci\u00f3n del Canguro Arbor\u00edcola trabaja con comunidades locales en zonas rurales de Pap\u00faa Nueva Guinea para proteger al canguro arbor\u00edcola de Matschie, una especie en peligro de extinci\u00f3n, y su h\u00e1bitat.\" \/>\n<meta name=\"robots\" content=\"index, follow, max-snippet:-1, max-image-preview:large, max-video-preview:-1\" \/>\n<link rel=\"canonical\" href=\"https:\/\/treekangaroo.org\/es\/vision-y-mision\/\" \/>\n<meta property=\"og:locale\" content=\"es_ES\" \/>\n<meta property=\"og:type\" content=\"article\" \/>\n<meta property=\"og:title\" content=\"-\" \/>\n<meta property=\"og:description\" content=\"Un programa emblem\u00e1tico del Zool\u00f3gico Woodland Park. El Programa de Conservaci\u00f3n del Canguro Arbor\u00edcola trabaja con comunidades locales en zonas rurales de Pap\u00faa Nueva Guinea para proteger al canguro arbor\u00edcola de Matschie, una especie en peligro de extinci\u00f3n, y su h\u00e1bitat.\" \/>\n<meta property=\"og:url\" content=\"https:\/\/treekangaroo.org\/es\/vision-y-mision\/\" \/>\n<meta property=\"og:site_name\" content=\"Programa de conservaci\u00f3n del canguro arb\u00f3reo\" \/>\n<meta property=\"article:modified_time\" content=\"2025-12-09T18:54:02+00:00\" \/>\n<meta name=\"twitter:card\" content=\"summary_large_image\" \/>\n<meta name=\"twitter:label1\" content=\"Tiempo de lectura\" \/>\n\t<meta name=\"twitter:data1\" content=\"4 minutos\" \/>\n<script type=\"application\/ld+json\" class=\"yoast-schema-graph\">{\"@context\":\"https:\\\/\\\/schema.org\",\"@graph\":[{\"@type\":\"WebPage\",\"@id\":\"https:\\\/\\\/treekangaroo.org\\\/es\\\/vision-y-mision\\\/\",\"url\":\"https:\\\/\\\/treekangaroo.org\\\/es\\\/vision-y-mision\\\/\",\"name\":\"-\",\"isPartOf\":{\"@id\":\"https:\\\/\\\/treekangaroo.org\\\/es\\\/#website\"},\"datePublished\":\"2024-07-30T17:04:28+00:00\",\"dateModified\":\"2025-12-09T18:54:02+00:00\",\"description\":\"Un programa emblem\u00e1tico del Zool\u00f3gico Woodland Park. El Programa de Conservaci\u00f3n del Canguro Arbor\u00edcola trabaja con comunidades locales en zonas rurales de Pap\u00faa Nueva Guinea para proteger al canguro arbor\u00edcola de Matschie, una especie en peligro de extinci\u00f3n, y su h\u00e1bitat.\",\"breadcrumb\":{\"@id\":\"https:\\\/\\\/treekangaroo.org\\\/es\\\/vision-y-mision\\\/#breadcrumb\"},\"inLanguage\":\"es\",\"potentialAction\":[{\"@type\":\"ReadAction\",\"target\":[\"https:\\\/\\\/treekangaroo.org\\\/es\\\/vision-y-mision\\\/\"]}]},{\"@type\":\"BreadcrumbList\",\"@id\":\"https:\\\/\\\/treekangaroo.org\\\/es\\\/vision-y-mision\\\/#breadcrumb\",\"itemListElement\":[{\"@type\":\"ListItem\",\"position\":1,\"name\":\"Hogar\",\"item\":\"https:\\\/\\\/treekangaroo.org\\\/es\\\/\"},{\"@type\":\"ListItem\",\"position\":2,\"name\":\"Visi\u00f3n y Misi\u00f3n\"}]},{\"@type\":\"WebSite\",\"@id\":\"https:\\\/\\\/treekangaroo.org\\\/es\\\/#website\",\"url\":\"https:\\\/\\\/treekangaroo.org\\\/es\\\/\",\"name\":\"Tree Kangaroo Conservation Program\",\"description\":\"\",\"publisher\":{\"@id\":\"https:\\\/\\\/treekangaroo.org\\\/es\\\/#organization\"},\"potentialAction\":[{\"@type\":\"SearchAction\",\"target\":{\"@type\":\"EntryPoint\",\"urlTemplate\":\"https:\\\/\\\/treekangaroo.org\\\/es\\\/?s={search_term_string}\"},\"query-input\":{\"@type\":\"PropertyValueSpecification\",\"valueRequired\":true,\"valueName\":\"search_term_string\"}}],\"inLanguage\":\"es\"},{\"@type\":\"Organization\",\"@id\":\"https:\\\/\\\/treekangaroo.org\\\/es\\\/#organization\",\"name\":\"Programa de conservaci\u00f3n del canguro arb\u00f3reo\",\"url\":\"https:\\\/\\\/treekangaroo.org\\\/es\\\/\",\"logo\":{\"@type\":\"ImageObject\",\"inLanguage\":\"es\",\"@id\":\"https:\\\/\\\/treekangaroo.org\\\/es\\\/#\\\/schema\\\/logo\\\/image\\\/\",\"url\":\"https:\\\/\\\/zoo.org\\\/tkcp\\\/wp-content\\\/uploads\\\/sites\\\/2\\\/2025\\\/04\\\/TKCP-PNG_Logo-white-web.png\",\"contentUrl\":\"https:\\\/\\\/zoo.org\\\/tkcp\\\/wp-content\\\/uploads\\\/sites\\\/2\\\/2025\\\/04\\\/TKCP-PNG_Logo-white-web.png\",\"width\":432,\"height\":358,\"caption\":\"Programa de conservaci\u00f3n del canguro arb\u00f3reo\"},\"image\":{\"@id\":\"https:\\\/\\\/treekangaroo.org\\\/es\\\/#\\\/schema\\\/logo\\\/image\\\/\"}}]}<\/script>\n<!-- \/ Yoast SEO plugin. -->","yoast_head_json":{"title":"-","description":"Un programa emblem\u00e1tico del Zool\u00f3gico Woodland Park. El Programa de Conservaci\u00f3n del Canguro Arbor\u00edcola trabaja con comunidades locales en zonas rurales de Pap\u00faa Nueva Guinea para proteger al canguro arbor\u00edcola de Matschie, una especie en peligro de extinci\u00f3n, y su h\u00e1bitat.","robots":{"index":"index","follow":"follow","max-snippet":"max-snippet:-1","max-image-preview":"max-image-preview:large","max-video-preview":"max-video-preview:-1"},"canonical":"https:\/\/treekangaroo.org\/es\/vision-y-mision\/","og_locale":"es_ES","og_type":"article","og_title":"-","og_description":"Un programa emblem\u00e1tico del Zool\u00f3gico Woodland Park. El Programa de Conservaci\u00f3n del Canguro Arbor\u00edcola trabaja con comunidades locales en zonas rurales de Pap\u00faa Nueva Guinea para proteger al canguro arbor\u00edcola de Matschie, una especie en peligro de extinci\u00f3n, y su h\u00e1bitat.","og_url":"https:\/\/treekangaroo.org\/es\/vision-y-mision\/","og_site_name":"Programa de conservaci\u00f3n del canguro arb\u00f3reo","article_modified_time":"2025-12-09T18:54:02+00:00","twitter_card":"summary_large_image","twitter_misc":{"Tiempo de lectura":"4 minutos"},"schema":{"@context":"https:\/\/schema.org","@graph":[{"@type":"WebPage","@id":"https:\/\/treekangaroo.org\/es\/vision-y-mision\/","url":"https:\/\/treekangaroo.org\/es\/vision-y-mision\/","name":"-","isPartOf":{"@id":"https:\/\/treekangaroo.org\/es\/#website"},"datePublished":"2024-07-30T17:04:28+00:00","dateModified":"2025-12-09T18:54:02+00:00","description":"Un programa emblem\u00e1tico del Zool\u00f3gico Woodland Park. El Programa de Conservaci\u00f3n del Canguro Arbor\u00edcola trabaja con comunidades locales en zonas rurales de Pap\u00faa Nueva Guinea para proteger al canguro arbor\u00edcola de Matschie, una especie en peligro de extinci\u00f3n, y su h\u00e1bitat.","breadcrumb":{"@id":"https:\/\/treekangaroo.org\/es\/vision-y-mision\/#breadcrumb"},"inLanguage":"es","potentialAction":[{"@type":"ReadAction","target":["https:\/\/treekangaroo.org\/es\/vision-y-mision\/"]}]},{"@type":"BreadcrumbList","@id":"https:\/\/treekangaroo.org\/es\/vision-y-mision\/#breadcrumb","itemListElement":[{"@type":"ListItem","position":1,"name":"Hogar","item":"https:\/\/treekangaroo.org\/es\/"},{"@type":"ListItem","position":2,"name":"Visi\u00f3n y Misi\u00f3n"}]},{"@type":"WebSite","@id":"https:\/\/treekangaroo.org\/es\/#website","url":"https:\/\/treekangaroo.org\/es\/","name":"Tree Kangaroo Conservation Program","description":"","publisher":{"@id":"https:\/\/treekangaroo.org\/es\/#organization"},"potentialAction":[{"@type":"SearchAction","target":{"@type":"EntryPoint","urlTemplate":"https:\/\/treekangaroo.org\/es\/?s={search_term_string}"},"query-input":{"@type":"PropertyValueSpecification","valueRequired":true,"valueName":"search_term_string"}}],"inLanguage":"es"},{"@type":"Organization","@id":"https:\/\/treekangaroo.org\/es\/#organization","name":"Programa de conservaci\u00f3n del canguro arb\u00f3reo","url":"https:\/\/treekangaroo.org\/es\/","logo":{"@type":"ImageObject","inLanguage":"es","@id":"https:\/\/treekangaroo.org\/es\/#\/schema\/logo\/image\/","url":"https:\/\/zoo.org\/tkcp\/wp-content\/uploads\/sites\/2\/2025\/04\/TKCP-PNG_Logo-white-web.png","contentUrl":"https:\/\/zoo.org\/tkcp\/wp-content\/uploads\/sites\/2\/2025\/04\/TKCP-PNG_Logo-white-web.png","width":432,"height":358,"caption":"Programa de conservaci\u00f3n del canguro arb\u00f3reo"},"image":{"@id":"https:\/\/treekangaroo.org\/es\/#\/schema\/logo\/image\/"}}]}},"taxonomy_info":[],"featured_image_src_large":false,"author_info":{"display_name":"","author_link":"https:\/\/treekangaroo.org\/es\/author\/"},"comment_info":0,"_links":{"self":[{"href":"https:\/\/treekangaroo.org\/es\/wp-json\/wp\/v2\/pages\/2001","targetHints":{"allow":["GET"]}}],"collection":[{"href":"https:\/\/treekangaroo.org\/es\/wp-json\/wp\/v2\/pages"}],"about":[{"href":"https:\/\/treekangaroo.org\/es\/wp-json\/wp\/v2\/types\/page"}],"author":[{"embeddable":true,"href":"https:\/\/treekangaroo.org\/es\/wp-json\/wp\/v2\/users\/2"}],"replies":[{"embeddable":true,"href":"https:\/\/treekangaroo.org\/es\/wp-json\/wp\/v2\/comments?post=2001"}],"version-history":[{"count":3,"href":"https:\/\/treekangaroo.org\/es\/wp-json\/wp\/v2\/pages\/2001\/revisions"}],"predecessor-version":[{"id":2023,"href":"https:\/\/treekangaroo.org\/es\/wp-json\/wp\/v2\/pages\/2001\/revisions\/2023"}],"wp:attachment":[{"href":"https:\/\/treekangaroo.org\/es\/wp-json\/wp\/v2\/media?parent=2001"}],"curies":[{"name":"wp","href":"https:\/\/api.w.org\/{rel}","templated":true}]}}