{"id":2026,"date":"2024-07-25T23:19:56","date_gmt":"2024-07-25T23:19:56","guid":{"rendered":"https:\/\/zoo.org\/tkcp\/quienes-somos\/"},"modified":"2025-12-09T18:54:06","modified_gmt":"2025-12-09T18:54:06","slug":"quienes-somos","status":"publish","type":"page","link":"https:\/\/treekangaroo.org\/es\/quienes-somos\/","title":{"rendered":"Quienes somos"},"content":{"rendered":"\n<div class=\"wp-block-cover alignfull hero\"><img loading=\"lazy\" decoding=\"async\" width=\"1800\" height=\"494\" class=\"wp-block-cover__image-background wp-image-1064\" alt=\"\" src=\"http:\/\/zoo.org\/tkcp\/wp-content\/uploads\/sites\/2\/2025\/04\/homepage-header.jpg\" data-object-fit=\"cover\" srcset=\"https:\/\/treekangaroo.org\/wp-content\/uploads\/sites\/2\/2025\/04\/homepage-header.jpg 1800w, https:\/\/treekangaroo.org\/wp-content\/uploads\/sites\/2\/2025\/04\/homepage-header-300x82.jpg 300w, https:\/\/treekangaroo.org\/wp-content\/uploads\/sites\/2\/2025\/04\/homepage-header-1024x281.jpg 1024w, https:\/\/treekangaroo.org\/wp-content\/uploads\/sites\/2\/2025\/04\/homepage-header-768x211.jpg 768w, https:\/\/treekangaroo.org\/wp-content\/uploads\/sites\/2\/2025\/04\/homepage-header-1536x422.jpg 1536w\" sizes=\"auto, (max-width: 1800px) 100vw, 1800px\" \/><span aria-hidden=\"true\" class=\"wp-block-cover__background has-background-dim-0 has-background-dim\" style=\"background-color:#454e3b\"><\/span><div class=\"wp-block-cover__inner-container is-layout-constrained wp-block-cover-is-layout-constrained\">\n<figure class=\"wp-block-image aligncenter size-full\"><img loading=\"lazy\" decoding=\"async\" width=\"721\" height=\"192\" src=\"http:\/\/zoo.org\/tkcp\/wp-content\/uploads\/sites\/2\/2025\/04\/TKCP_logo_PNG.png\" alt=\"\" class=\"wp-image-1091\" style=\"object-fit:cover\" srcset=\"https:\/\/treekangaroo.org\/wp-content\/uploads\/sites\/2\/2025\/04\/TKCP_logo_PNG.png 721w, https:\/\/treekangaroo.org\/wp-content\/uploads\/sites\/2\/2025\/04\/TKCP_logo_PNG-300x80.png 300w\" sizes=\"auto, (max-width: 721px) 100vw, 721px\" \/><\/figure>\n<\/div><\/div>\n\n<div class=\"wp-block-group alignfull heading-flag has-custom-white-color has-text-color has-link-color wp-elements-3407bc1ed4c464a122f6b48563fadd92 is-layout-constrained wp-container-core-group-is-layout-35cbd09f wp-block-group-is-layout-constrained\" style=\"margin-top:3em;margin-bottom:3em;padding-top:0em;padding-right:0em;padding-bottom:0em;padding-left:0em\">\n<h2 class=\"wp-block-heading alignfull has-text-align-center\" style=\"margin-top:0px;margin-right:0px;margin-bottom:0px;margin-left:0px;padding-top:0.5em;padding-right:0em;padding-bottom:0.5em;padding-left:0em\">D\u00d3NDE TRABAJAMOS<\/h2>\n<\/div>\n\n<p>Ubicada en el extremo occidental de la Cuenca del Pac\u00edfico, Pap\u00faa Nueva Guinea (PNG) se encuentra justo al norte de Australia y al sur del ecuador. Ocupando la mitad oriental de la isla de Nueva Guinea, Pap\u00faa Nueva Guinea comparte frontera con la regi\u00f3n indonesia de Pap\u00faa Occidental al oeste. <\/p>\n\n<p>Con vastas extensiones de bosque pr\u00edstino que albergan una biodiversidad incomparable, Pap\u00faa Nueva Guinea se considera una de las tres principales \u00c1reas Silvestres Tropicales que quedan en el planeta (Conservaci\u00f3n Internacional). A diferencia de otras partes del mundo donde la deforestaci\u00f3n ha tenido graves consecuencias, alrededor del 70 % de las selvas tropicales de Pap\u00faa Nueva Guinea permanece intacta. Sin embargo, el pa\u00eds se enfrenta actualmente a una creciente presi\u00f3n minera y maderera. Sumada a la demanda de recursos de una poblaci\u00f3n en crecimiento, estas presiones amenazan la vida silvestre y la cultura tradicional de los pueblos ind\u00edgenas de Pap\u00faa Nueva Guinea.   <\/p>\n\n<p>La pen\u00ednsula de Huon, Pap\u00faa Nueva Guinea, donde el Programa de Conservaci\u00f3n del Canguro Arb\u00f3reo (TKCP) centra su labor, alberga m\u00e1s especies end\u00e9micas de aves y mam\u00edferos que cualquier otra zona de tama\u00f1o similar en Nueva Guinea continental. Las comunidades locales de la pen\u00ednsula de Huon dependen de la tierra para la agricultura de subsistencia, el agua potable y la caza, fuente de prote\u00ednas y materiales ceremoniales. A diferencia de gran parte del resto del mundo, m\u00e1s del 90 % de las tierras de Pap\u00faa Nueva Guinea pertenecen a los pueblos ind\u00edgenas del pa\u00eds. Por lo tanto, la conservaci\u00f3n de la vida silvestre a largo plazo requiere que las comunidades locales comprendan la relaci\u00f3n directa entre la protecci\u00f3n de sus bosques y la protecci\u00f3n de su futuro.   <\/p>\n\n<figure class=\"wp-block-gallery has-nested-images columns-default is-cropped wp-block-gallery-1 is-layout-flex wp-block-gallery-is-layout-flex\" style=\"margin-top:2em;margin-bottom:2em\">\n<figure class=\"wp-block-image size-large\"><img loading=\"lazy\" decoding=\"async\" width=\"800\" height=\"533\" data-id=\"1116\" src=\"https:\/\/zoo.org\/tkcp\/wp-content\/uploads\/sites\/2\/2025\/04\/TKCP-Village-Landscape3.jpg\" alt=\"Un grupo de peque&#xF1;as chozas con techo de paja se encuentra entre exuberantes colinas verdes y campos en terrazas, reflejando la ubicaci&#xF3;n geogr&#xE1;fica del Proyecto de Conservaci&#xF3;n del Canguro Arb&#xF3;reo, con humo elev&#xE1;ndose desde una de las chozas en medio de una densa vegetaci&#xF3;n y &#xE1;rboles imponentes.\" class=\"wp-image-1116\" srcset=\"https:\/\/treekangaroo.org\/wp-content\/uploads\/sites\/2\/2025\/04\/TKCP-Village-Landscape3.jpg 800w, https:\/\/treekangaroo.org\/wp-content\/uploads\/sites\/2\/2025\/04\/TKCP-Village-Landscape3-300x200.jpg 300w, https:\/\/treekangaroo.org\/wp-content\/uploads\/sites\/2\/2025\/04\/TKCP-Village-Landscape3-768x512.jpg 768w\" sizes=\"auto, (max-width: 800px) 100vw, 800px\" \/><\/figure>\n\n\n\n<figure class=\"wp-block-image size-large\"><img loading=\"lazy\" decoding=\"async\" width=\"800\" height=\"533\" data-id=\"1096\" src=\"https:\/\/zoo.org\/tkcp\/wp-content\/uploads\/sites\/2\/2025\/04\/Mom-and-umbrella-RHawk.jpg\" alt=\"Una mujer sonr&#xED;e mientras sostiene a un beb&#xE9; en brazos, de pie frente a un gran paraguas naranja y negro de colores. La escena est&#xE1; iluminada por una brillante luz natural. \" class=\"wp-image-1096\" srcset=\"https:\/\/treekangaroo.org\/wp-content\/uploads\/sites\/2\/2025\/04\/Mom-and-umbrella-RHawk.jpg 800w, https:\/\/treekangaroo.org\/wp-content\/uploads\/sites\/2\/2025\/04\/Mom-and-umbrella-RHawk-300x200.jpg 300w, https:\/\/treekangaroo.org\/wp-content\/uploads\/sites\/2\/2025\/04\/Mom-and-umbrella-RHawk-768x512.jpg 768w\" sizes=\"auto, (max-width: 800px) 100vw, 800px\" \/><\/figure>\n\n\n\n<figure class=\"wp-block-image size-full\"><img loading=\"lazy\" decoding=\"async\" width=\"800\" height=\"533\" data-id=\"1251\" src=\"https:\/\/zoo.org\/tkcp\/wp-content\/uploads\/sites\/2\/2025\/04\/Forest-TKCP-RHawk.jpg\" alt=\"Densa selva tropical con &#xE1;rboles densos cubiertos de musgo y frondosa maleza. La luz del sol se filtra a trav&#xE9;s del dosel, resaltando las diversas tonalidades del verde del follaje. \" class=\"wp-image-1251\" srcset=\"https:\/\/treekangaroo.org\/wp-content\/uploads\/sites\/2\/2025\/04\/Forest-TKCP-RHawk.jpg 800w, https:\/\/treekangaroo.org\/wp-content\/uploads\/sites\/2\/2025\/04\/Forest-TKCP-RHawk-300x200.jpg 300w, https:\/\/treekangaroo.org\/wp-content\/uploads\/sites\/2\/2025\/04\/Forest-TKCP-RHawk-768x512.jpg 768w\" sizes=\"auto, (max-width: 800px) 100vw, 800px\" \/><\/figure>\n<\/figure>\n\n<div class=\"wp-block-group alignfull has-palette-color-14-color has-palette-color-4-background-color has-text-color has-background has-link-color wp-elements-9889fff3e64a392e3690071c5aff9738 is-layout-constrained wp-container-core-group-is-layout-8d989f05 wp-block-group-is-layout-constrained\" style=\"margin-top:2.5em;margin-bottom:2.5em;padding-top:3em;padding-right:1em;padding-bottom:3em;padding-left:1em\">\n<p class=\"has-text-align-center\" style=\"font-size:clamp(1.055em, 1.055rem + ((1vw - 0.2em) * 0.719), 1.63em);line-height:1.38\"><strong><em>En todas las provincias hay tala y miner\u00eda. Pero somos la principal \u00c1rea de Conservaci\u00f3n. Es responsabilidad de los habitantes de YUS preservar su entorno para sus nietos, para que puedan verlo con sus propios ojos y no solo aprender de las historias de peri\u00f3dicos y revistas.<\/em><\/strong><\/p>\n\n\n\n<p class=\"has-text-align-center\" style=\"font-size:clamp(1.055em, 1.055rem + ((1vw - 0.2em) * 0.719), 1.63em);line-height:1.38\"><em>Timmy Sowang, propietario de tierras de YUS y presidente de la Organizaci\u00f3n de Conservaci\u00f3n de YUS<\/em><\/p>\n<\/div>\n\n<p>Para garantizar la protecci\u00f3n a largo plazo del canguro arbor\u00edcola de Matschie y su h\u00e1bitat \u00fanico, TKCP colabor\u00f3 con las comunidades locales, el gobierno de Pap\u00faa Nueva Guinea y Conservaci\u00f3n Internacional para establecer formalmente el \u00c1rea de Conservaci\u00f3n Yopno-Uruwa-Som (AC YUS) en 2009. El AC YUS abarca parcelas de tierra prometidas por clanes para su conservaci\u00f3n, as\u00ed como zonas de amortiguamiento de uso mixto, con una superficie de m\u00e1s de 180.000 acres en el Gobierno Local de Yus y sus alrededores, en la pen\u00ednsula de Huon, provincia de Morobe, Pap\u00faa Nueva Guinea. El \u00e1rea protegida se extiende desde los arrecifes costeros hasta picos de 4.000 metros, preservando as\u00ed un espectro altitudinal completo de los h\u00e1bitats de la pen\u00ednsula de Huon, libre de la extracci\u00f3n de recursos. Esta conectividad de h\u00e1bitats a lo largo de diversos rangos altitudinales es fundamental para la capacidad de las especies de migrar y adaptarse al cambio clim\u00e1tico global.   <\/p>\n\n<div class=\"wp-block-group alignfull heading-flag has-custom-white-color has-text-color has-link-color wp-elements-d6e391046d4aa8f7aac281e9152be8ac is-layout-constrained wp-container-core-group-is-layout-35cbd09f wp-block-group-is-layout-constrained\" style=\"margin-top:3em;margin-bottom:3em;padding-top:0em;padding-right:0em;padding-bottom:0em;padding-left:0em\">\n<h2 class=\"wp-block-heading alignfull has-text-align-center\" style=\"margin-top:0px;margin-right:0px;margin-bottom:0px;margin-left:0px;padding-top:0.5em;padding-right:0em;padding-bottom:0.5em;padding-left:0em\">MAPA PAISAJ\u00cdSTICO DE YOPNO-URUWA-SOM<\/h2>\n<\/div>\n\n<figure class=\"wp-block-image size-full\"><img loading=\"lazy\" decoding=\"async\" width=\"1080\" height=\"763\" src=\"https:\/\/zoo.org\/tkcp\/wp-content\/uploads\/sites\/2\/2025\/04\/YUS-Map-by-Karau-Kuna-TKCP-web.jpg\" alt=\"Un mapa de una provincia que muestra r&#xED;os, aldeas, diversos tipos de cobertura terrestre, el l&#xED;mite provincial y un mapa insertado de Pap&#xFA;a Nueva Guinea que resalta la ubicaci&#xF3;n geogr&#xE1;fica del Proyecto de Conservaci&#xF3;n del Canguro Arb&#xF3;reo.\" class=\"wp-image-1236\" srcset=\"https:\/\/treekangaroo.org\/wp-content\/uploads\/sites\/2\/2025\/04\/YUS-Map-by-Karau-Kuna-TKCP-web.jpg 1080w, https:\/\/treekangaroo.org\/wp-content\/uploads\/sites\/2\/2025\/04\/YUS-Map-by-Karau-Kuna-TKCP-web-300x212.jpg 300w, https:\/\/treekangaroo.org\/wp-content\/uploads\/sites\/2\/2025\/04\/YUS-Map-by-Karau-Kuna-TKCP-web-1024x723.jpg 1024w, https:\/\/treekangaroo.org\/wp-content\/uploads\/sites\/2\/2025\/04\/YUS-Map-by-Karau-Kuna-TKCP-web-768x543.jpg 768w\" sizes=\"auto, (max-width: 1080px) 100vw, 1080px\" \/><figcaption class=\"wp-element-caption\"><em>Mapa del Paisaje de Yopno-Uruwa-Som que destaca el \u00c1rea de Conservaci\u00f3n YUS, declarada oficialmente, as\u00ed como la cobertura vegetal y las aldeas de la zona. Mapa creado por Karau Kuna, Gerente de Estrategias de Conservaci\u00f3n de TKCP. <\/em><\/figcaption><\/figure>\n","protected":false},"excerpt":{"rendered":"<p>D\u00d3NDE TRABAJAMOS Ubicada en el extremo occidental de la Cuenca del Pac\u00edfico, Pap\u00faa Nueva Guinea (PNG) se encuentra justo al norte de Australia y al sur del ecuador. Ocupando la mitad oriental de la isla de Nueva Guinea, Pap\u00faa Nueva Guinea comparte frontera con la regi\u00f3n indonesia de Pap\u00faa Occidental al oeste. Con vastas extensiones [&hellip;]<\/p>\n","protected":false},"author":2,"featured_media":0,"parent":0,"menu_order":0,"comment_status":"closed","ping_status":"closed","template":"","meta":{"_acf_changed":false,"_kad_blocks_custom_css":"","_kad_blocks_head_custom_js":"","_kad_blocks_body_custom_js":"","_kad_blocks_footer_custom_js":"","footnotes":""},"class_list":["post-2026","page","type-page","status-publish","hentry"],"blocksy_meta":[],"acf":[],"yoast_head":"<!-- This site is optimized with the Yoast SEO plugin v27.4 - https:\/\/yoast.com\/product\/yoast-seo-wordpress\/ -->\n<title>-<\/title>\n<meta name=\"description\" content=\"Un programa emblem\u00e1tico del Zool\u00f3gico Woodland Park. El Programa de Conservaci\u00f3n del Canguro Arbor\u00edcola trabaja con comunidades locales en zonas rurales de Pap\u00faa Nueva Guinea para proteger al canguro arbor\u00edcola de Matschie, una especie en peligro de extinci\u00f3n, y su h\u00e1bitat.\" \/>\n<meta name=\"robots\" content=\"index, follow, max-snippet:-1, max-image-preview:large, max-video-preview:-1\" \/>\n<link rel=\"canonical\" href=\"https:\/\/treekangaroo.org\/es\/quienes-somos\/\" \/>\n<meta property=\"og:locale\" content=\"es_ES\" \/>\n<meta property=\"og:type\" content=\"article\" \/>\n<meta property=\"og:title\" content=\"-\" \/>\n<meta property=\"og:description\" content=\"Un programa emblem\u00e1tico del Zool\u00f3gico Woodland Park. El Programa de Conservaci\u00f3n del Canguro Arbor\u00edcola trabaja con comunidades locales en zonas rurales de Pap\u00faa Nueva Guinea para proteger al canguro arbor\u00edcola de Matschie, una especie en peligro de extinci\u00f3n, y su h\u00e1bitat.\" \/>\n<meta property=\"og:url\" content=\"https:\/\/treekangaroo.org\/es\/quienes-somos\/\" \/>\n<meta property=\"og:site_name\" content=\"Programa de conservaci\u00f3n del canguro arb\u00f3reo\" \/>\n<meta property=\"article:modified_time\" content=\"2025-12-09T18:54:06+00:00\" \/>\n<meta property=\"og:image\" content=\"https:\/\/zoo.org\/tkcp\/wp-content\/uploads\/sites\/2\/2025\/04\/TKCP-Village-Landscape3.jpg\" \/>\n<meta name=\"twitter:card\" content=\"summary_large_image\" \/>\n<meta name=\"twitter:label1\" content=\"Tiempo de lectura\" \/>\n\t<meta name=\"twitter:data1\" content=\"3 minutos\" \/>\n<script type=\"application\/ld+json\" class=\"yoast-schema-graph\">{\"@context\":\"https:\\\/\\\/schema.org\",\"@graph\":[{\"@type\":\"WebPage\",\"@id\":\"https:\\\/\\\/treekangaroo.org\\\/es\\\/quienes-somos\\\/\",\"url\":\"https:\\\/\\\/treekangaroo.org\\\/es\\\/quienes-somos\\\/\",\"name\":\"-\",\"isPartOf\":{\"@id\":\"https:\\\/\\\/treekangaroo.org\\\/es\\\/#website\"},\"primaryImageOfPage\":{\"@id\":\"https:\\\/\\\/treekangaroo.org\\\/es\\\/quienes-somos\\\/#primaryimage\"},\"image\":{\"@id\":\"https:\\\/\\\/treekangaroo.org\\\/es\\\/quienes-somos\\\/#primaryimage\"},\"thumbnailUrl\":\"https:\\\/\\\/zoo.org\\\/tkcp\\\/wp-content\\\/uploads\\\/sites\\\/2\\\/2025\\\/04\\\/TKCP-Village-Landscape3.jpg\",\"datePublished\":\"2024-07-25T23:19:56+00:00\",\"dateModified\":\"2025-12-09T18:54:06+00:00\",\"description\":\"Un programa emblem\u00e1tico del Zool\u00f3gico Woodland Park. El Programa de Conservaci\u00f3n del Canguro Arbor\u00edcola trabaja con comunidades locales en zonas rurales de Pap\u00faa Nueva Guinea para proteger al canguro arbor\u00edcola de Matschie, una especie en peligro de extinci\u00f3n, y su h\u00e1bitat.\",\"breadcrumb\":{\"@id\":\"https:\\\/\\\/treekangaroo.org\\\/es\\\/quienes-somos\\\/#breadcrumb\"},\"inLanguage\":\"es\",\"potentialAction\":[{\"@type\":\"ReadAction\",\"target\":[\"https:\\\/\\\/treekangaroo.org\\\/es\\\/quienes-somos\\\/\"]}]},{\"@type\":\"ImageObject\",\"inLanguage\":\"es\",\"@id\":\"https:\\\/\\\/treekangaroo.org\\\/es\\\/quienes-somos\\\/#primaryimage\",\"url\":\"https:\\\/\\\/zoo.org\\\/tkcp\\\/wp-content\\\/uploads\\\/sites\\\/2\\\/2025\\\/04\\\/TKCP-Village-Landscape3.jpg\",\"contentUrl\":\"https:\\\/\\\/zoo.org\\\/tkcp\\\/wp-content\\\/uploads\\\/sites\\\/2\\\/2025\\\/04\\\/TKCP-Village-Landscape3.jpg\"},{\"@type\":\"BreadcrumbList\",\"@id\":\"https:\\\/\\\/treekangaroo.org\\\/es\\\/quienes-somos\\\/#breadcrumb\",\"itemListElement\":[{\"@type\":\"ListItem\",\"position\":1,\"name\":\"Hogar\",\"item\":\"https:\\\/\\\/treekangaroo.org\\\/es\\\/\"},{\"@type\":\"ListItem\",\"position\":2,\"name\":\"Quienes somos\"}]},{\"@type\":\"WebSite\",\"@id\":\"https:\\\/\\\/treekangaroo.org\\\/es\\\/#website\",\"url\":\"https:\\\/\\\/treekangaroo.org\\\/es\\\/\",\"name\":\"Tree Kangaroo Conservation Program\",\"description\":\"\",\"publisher\":{\"@id\":\"https:\\\/\\\/treekangaroo.org\\\/es\\\/#organization\"},\"potentialAction\":[{\"@type\":\"SearchAction\",\"target\":{\"@type\":\"EntryPoint\",\"urlTemplate\":\"https:\\\/\\\/treekangaroo.org\\\/es\\\/?s={search_term_string}\"},\"query-input\":{\"@type\":\"PropertyValueSpecification\",\"valueRequired\":true,\"valueName\":\"search_term_string\"}}],\"inLanguage\":\"es\"},{\"@type\":\"Organization\",\"@id\":\"https:\\\/\\\/treekangaroo.org\\\/es\\\/#organization\",\"name\":\"Programa de conservaci\u00f3n del canguro arb\u00f3reo\",\"url\":\"https:\\\/\\\/treekangaroo.org\\\/es\\\/\",\"logo\":{\"@type\":\"ImageObject\",\"inLanguage\":\"es\",\"@id\":\"https:\\\/\\\/treekangaroo.org\\\/es\\\/#\\\/schema\\\/logo\\\/image\\\/\",\"url\":\"https:\\\/\\\/zoo.org\\\/tkcp\\\/wp-content\\\/uploads\\\/sites\\\/2\\\/2025\\\/04\\\/TKCP-PNG_Logo-white-web.png\",\"contentUrl\":\"https:\\\/\\\/zoo.org\\\/tkcp\\\/wp-content\\\/uploads\\\/sites\\\/2\\\/2025\\\/04\\\/TKCP-PNG_Logo-white-web.png\",\"width\":432,\"height\":358,\"caption\":\"Programa de conservaci\u00f3n del canguro arb\u00f3reo\"},\"image\":{\"@id\":\"https:\\\/\\\/treekangaroo.org\\\/es\\\/#\\\/schema\\\/logo\\\/image\\\/\"}}]}<\/script>\n<!-- \/ Yoast SEO plugin. -->","yoast_head_json":{"title":"-","description":"Un programa emblem\u00e1tico del Zool\u00f3gico Woodland Park. El Programa de Conservaci\u00f3n del Canguro Arbor\u00edcola trabaja con comunidades locales en zonas rurales de Pap\u00faa Nueva Guinea para proteger al canguro arbor\u00edcola de Matschie, una especie en peligro de extinci\u00f3n, y su h\u00e1bitat.","robots":{"index":"index","follow":"follow","max-snippet":"max-snippet:-1","max-image-preview":"max-image-preview:large","max-video-preview":"max-video-preview:-1"},"canonical":"https:\/\/treekangaroo.org\/es\/quienes-somos\/","og_locale":"es_ES","og_type":"article","og_title":"-","og_description":"Un programa emblem\u00e1tico del Zool\u00f3gico Woodland Park. El Programa de Conservaci\u00f3n del Canguro Arbor\u00edcola trabaja con comunidades locales en zonas rurales de Pap\u00faa Nueva Guinea para proteger al canguro arbor\u00edcola de Matschie, una especie en peligro de extinci\u00f3n, y su h\u00e1bitat.","og_url":"https:\/\/treekangaroo.org\/es\/quienes-somos\/","og_site_name":"Programa de conservaci\u00f3n del canguro arb\u00f3reo","article_modified_time":"2025-12-09T18:54:06+00:00","og_image":[{"url":"https:\/\/zoo.org\/tkcp\/wp-content\/uploads\/sites\/2\/2025\/04\/TKCP-Village-Landscape3.jpg","type":"","width":"","height":""}],"twitter_card":"summary_large_image","twitter_misc":{"Tiempo de lectura":"3 minutos"},"schema":{"@context":"https:\/\/schema.org","@graph":[{"@type":"WebPage","@id":"https:\/\/treekangaroo.org\/es\/quienes-somos\/","url":"https:\/\/treekangaroo.org\/es\/quienes-somos\/","name":"-","isPartOf":{"@id":"https:\/\/treekangaroo.org\/es\/#website"},"primaryImageOfPage":{"@id":"https:\/\/treekangaroo.org\/es\/quienes-somos\/#primaryimage"},"image":{"@id":"https:\/\/treekangaroo.org\/es\/quienes-somos\/#primaryimage"},"thumbnailUrl":"https:\/\/zoo.org\/tkcp\/wp-content\/uploads\/sites\/2\/2025\/04\/TKCP-Village-Landscape3.jpg","datePublished":"2024-07-25T23:19:56+00:00","dateModified":"2025-12-09T18:54:06+00:00","description":"Un programa emblem\u00e1tico del Zool\u00f3gico Woodland Park. El Programa de Conservaci\u00f3n del Canguro Arbor\u00edcola trabaja con comunidades locales en zonas rurales de Pap\u00faa Nueva Guinea para proteger al canguro arbor\u00edcola de Matschie, una especie en peligro de extinci\u00f3n, y su h\u00e1bitat.","breadcrumb":{"@id":"https:\/\/treekangaroo.org\/es\/quienes-somos\/#breadcrumb"},"inLanguage":"es","potentialAction":[{"@type":"ReadAction","target":["https:\/\/treekangaroo.org\/es\/quienes-somos\/"]}]},{"@type":"ImageObject","inLanguage":"es","@id":"https:\/\/treekangaroo.org\/es\/quienes-somos\/#primaryimage","url":"https:\/\/zoo.org\/tkcp\/wp-content\/uploads\/sites\/2\/2025\/04\/TKCP-Village-Landscape3.jpg","contentUrl":"https:\/\/zoo.org\/tkcp\/wp-content\/uploads\/sites\/2\/2025\/04\/TKCP-Village-Landscape3.jpg"},{"@type":"BreadcrumbList","@id":"https:\/\/treekangaroo.org\/es\/quienes-somos\/#breadcrumb","itemListElement":[{"@type":"ListItem","position":1,"name":"Hogar","item":"https:\/\/treekangaroo.org\/es\/"},{"@type":"ListItem","position":2,"name":"Quienes somos"}]},{"@type":"WebSite","@id":"https:\/\/treekangaroo.org\/es\/#website","url":"https:\/\/treekangaroo.org\/es\/","name":"Tree Kangaroo Conservation Program","description":"","publisher":{"@id":"https:\/\/treekangaroo.org\/es\/#organization"},"potentialAction":[{"@type":"SearchAction","target":{"@type":"EntryPoint","urlTemplate":"https:\/\/treekangaroo.org\/es\/?s={search_term_string}"},"query-input":{"@type":"PropertyValueSpecification","valueRequired":true,"valueName":"search_term_string"}}],"inLanguage":"es"},{"@type":"Organization","@id":"https:\/\/treekangaroo.org\/es\/#organization","name":"Programa de conservaci\u00f3n del canguro arb\u00f3reo","url":"https:\/\/treekangaroo.org\/es\/","logo":{"@type":"ImageObject","inLanguage":"es","@id":"https:\/\/treekangaroo.org\/es\/#\/schema\/logo\/image\/","url":"https:\/\/zoo.org\/tkcp\/wp-content\/uploads\/sites\/2\/2025\/04\/TKCP-PNG_Logo-white-web.png","contentUrl":"https:\/\/zoo.org\/tkcp\/wp-content\/uploads\/sites\/2\/2025\/04\/TKCP-PNG_Logo-white-web.png","width":432,"height":358,"caption":"Programa de conservaci\u00f3n del canguro arb\u00f3reo"},"image":{"@id":"https:\/\/treekangaroo.org\/es\/#\/schema\/logo\/image\/"}}]}},"taxonomy_info":[],"featured_image_src_large":false,"author_info":{"display_name":"","author_link":"https:\/\/treekangaroo.org\/es\/author\/"},"comment_info":0,"_links":{"self":[{"href":"https:\/\/treekangaroo.org\/es\/wp-json\/wp\/v2\/pages\/2026","targetHints":{"allow":["GET"]}}],"collection":[{"href":"https:\/\/treekangaroo.org\/es\/wp-json\/wp\/v2\/pages"}],"about":[{"href":"https:\/\/treekangaroo.org\/es\/wp-json\/wp\/v2\/types\/page"}],"author":[{"embeddable":true,"href":"https:\/\/treekangaroo.org\/es\/wp-json\/wp\/v2\/users\/2"}],"replies":[{"embeddable":true,"href":"https:\/\/treekangaroo.org\/es\/wp-json\/wp\/v2\/comments?post=2026"}],"version-history":[{"count":3,"href":"https:\/\/treekangaroo.org\/es\/wp-json\/wp\/v2\/pages\/2026\/revisions"}],"predecessor-version":[{"id":2029,"href":"https:\/\/treekangaroo.org\/es\/wp-json\/wp\/v2\/pages\/2026\/revisions\/2029"}],"wp:attachment":[{"href":"https:\/\/treekangaroo.org\/es\/wp-json\/wp\/v2\/media?parent=2026"}],"curies":[{"name":"wp","href":"https:\/\/api.w.org\/{rel}","templated":true}]}}