{"id":2252,"date":"2024-07-25T23:21:26","date_gmt":"2024-07-25T23:21:26","guid":{"rendered":"https:\/\/zoo.org\/tkcp\/complicarse\/"},"modified":"2026-01-09T17:13:04","modified_gmt":"2026-01-09T17:13:04","slug":"complicarse","status":"publish","type":"page","link":"https:\/\/treekangaroo.org\/es\/complicarse\/","title":{"rendered":"Complicarse"},"content":{"rendered":"\n<div class=\"wp-block-cover alignfull hero\"><img loading=\"lazy\" decoding=\"async\" width=\"1800\" height=\"494\" class=\"wp-block-cover__image-background wp-image-1067\" alt=\"\" src=\"http:\/\/zoo.org\/tkcp\/wp-content\/uploads\/sites\/2\/2025\/04\/support-header.jpg\" data-object-fit=\"cover\" srcset=\"https:\/\/treekangaroo.org\/wp-content\/uploads\/sites\/2\/2025\/04\/support-header.jpg 1800w, https:\/\/treekangaroo.org\/wp-content\/uploads\/sites\/2\/2025\/04\/support-header-300x82.jpg 300w, https:\/\/treekangaroo.org\/wp-content\/uploads\/sites\/2\/2025\/04\/support-header-1024x281.jpg 1024w, https:\/\/treekangaroo.org\/wp-content\/uploads\/sites\/2\/2025\/04\/support-header-768x211.jpg 768w, https:\/\/treekangaroo.org\/wp-content\/uploads\/sites\/2\/2025\/04\/support-header-1536x422.jpg 1536w\" sizes=\"auto, (max-width: 1800px) 100vw, 1800px\" \/><span aria-hidden=\"true\" class=\"wp-block-cover__background has-background-dim-0 has-background-dim\" style=\"background-color:#454e3b\"><\/span><div class=\"wp-block-cover__inner-container is-layout-constrained wp-block-cover-is-layout-constrained\">\n<figure class=\"wp-block-image aligncenter size-full\"><img loading=\"lazy\" decoding=\"async\" width=\"721\" height=\"192\" src=\"http:\/\/zoo.org\/tkcp\/wp-content\/uploads\/sites\/2\/2025\/04\/TKCP_logo_PNG.png\" alt=\"\" class=\"wp-image-1091\" style=\"object-fit:cover\" srcset=\"https:\/\/treekangaroo.org\/wp-content\/uploads\/sites\/2\/2025\/04\/TKCP_logo_PNG.png 721w, https:\/\/treekangaroo.org\/wp-content\/uploads\/sites\/2\/2025\/04\/TKCP_logo_PNG-300x80.png 300w\" sizes=\"auto, (max-width: 721px) 100vw, 721px\" \/><\/figure>\n<\/div><\/div>\n\n<div class=\"wp-block-group alignfull heading-flag has-custom-white-color has-text-color has-link-color wp-elements-8a8461c65f9a3144cbab1e26cfd4490c is-layout-constrained wp-container-core-group-is-layout-35cbd09f wp-block-group-is-layout-constrained\" style=\"margin-top:3em;margin-bottom:3em;padding-top:0em;padding-right:0em;padding-bottom:0em;padding-left:0em\">\n<h2 class=\"wp-block-heading alignfull has-text-align-center\" style=\"margin-top:0px;margin-right:0px;margin-bottom:0px;margin-left:0px;padding-top:0.5em;padding-right:0em;padding-bottom:0.5em;padding-left:0em\">DONAR<\/h2>\n<\/div>\n\n<h3 class=\"wp-block-heading\">Protejamos a los canguros arbor\u00edcolas y su h\u00e1bitat<\/h3>\n\n<p>El Programa de Conservaci\u00f3n del Canguro Arbor\u00edcola se centra en los canguros arbor\u00edcolas y la convivencia entre las personas. Trabajamos con terratenientes locales en Pap\u00faa Nueva Guinea para gestionar la primera \u00c1rea de Conservaci\u00f3n del pa\u00eds, protegiendo ecosistemas pr\u00edstinos de bosque nuboso y el h\u00e1bitat de especies en peligro de extinci\u00f3n, como el canguro arbor\u00edcola de Matschie. <\/p>\n\n<p>Su contribuci\u00f3n de hoy apoyar\u00e1 la labor del Programa de Conservaci\u00f3n del Canguro Arb\u00f3reo en Pap\u00faa Nueva Guinea, implementado por personal local para el beneficio de la vida silvestre y la gente de YUS. \u00a1Gracias! <\/p>\n\n<p><strong>\u00a1Considere hacer una donaci\u00f3n en honor al cumplea\u00f1os o evento especial de alguien!<\/strong><\/p>\n\n<h4 class=\"wp-block-heading\">Su contribuci\u00f3n apoyar\u00e1 todas las iniciativas de TKCP en Pap\u00faa Nueva Guinea<\/h4>\n\n<div class=\"wp-block-columns is-layout-flex wp-container-core-columns-is-layout-45c10ec9 wp-block-columns-is-layout-flex\" style=\"margin-top:var(--wp--preset--spacing--60);margin-bottom:var(--wp--preset--spacing--60)\">\n<div class=\"wp-block-column is-layout-flow wp-block-column-is-layout-flow\" style=\"padding-right:0;padding-left:0\">\n<ul class=\"wp-block-list\">\n<li>$50 podr\u00edan pagar los materiales para los talleres de capacitaci\u00f3n \u00abPueblo Saludable, Bosque Saludable\u00bb en YUS<\/li>\n\n\n\n<li>$100 pueden proporcionar equipo de campo para los guardabosques de conservaci\u00f3n de YUS<\/li>\n\n\n\n<li>$250 podr\u00edan compensar los costos de los suministros para la investigaci\u00f3n de campo con canguros arbor\u00edcolas.<\/li>\n\n\n\n<li>$500 pueden financiar un taller de habilidades agr\u00edcolas para productores de caf\u00e9 y cacao en YUS<\/li>\n\n\n\n<li>$1000 pueden compensar los costos de un guardabosques de conservaci\u00f3n de YUS durante un a\u00f1o para realizar patrullas y monitoreo de especies.<\/li>\n\n\n\n<li>$2000 podr\u00edan pagar un a\u00f1o de beca del Balob Teachers College para un estudiante de YUS (un programa de 2 a\u00f1os)<\/li>\n\n\n\n<li>5000 d\u00f3lares pueden compensar los costos de una serie de capacitaciones en salud para parteras y trabajadores de salud de las aldeas.<\/li>\n<\/ul>\n<\/div>\n\n\n\n<div class=\"wp-block-column is-layout-flow wp-block-column-is-layout-flow\">\n<div id=\"TKCP-donate\"><\/div>\n<\/div>\n<\/div>\n\n<div class=\"wp-block-cover alignfull is-light\" style=\"margin-top:3.5em;margin-bottom:3.5em;padding-top:1.5em;padding-right:1.5em;padding-bottom:1.5em;padding-left:1.5em;min-height:400px;aspect-ratio:unset;\"><img loading=\"lazy\" decoding=\"async\" width=\"1024\" height=\"213\" class=\"wp-block-cover__image-background wp-image-1271 size-large\" alt=\"Moss-covered trees and green ferns in a foggy, dense forest, viewed from a low angle looking up towards the misty canopy above.\" src=\"https:\/\/zoo.org\/tkcp\/wp-content\/uploads\/sites\/2\/2025\/04\/rain-forest-1024x213.jpg\" data-object-fit=\"cover\" srcset=\"https:\/\/treekangaroo.org\/wp-content\/uploads\/sites\/2\/2025\/04\/rain-forest-1024x213.jpg 1024w, https:\/\/treekangaroo.org\/wp-content\/uploads\/sites\/2\/2025\/04\/rain-forest-300x63.jpg 300w, https:\/\/treekangaroo.org\/wp-content\/uploads\/sites\/2\/2025\/04\/rain-forest-768x160.jpg 768w, https:\/\/treekangaroo.org\/wp-content\/uploads\/sites\/2\/2025\/04\/rain-forest-1536x320.jpg 1536w, https:\/\/treekangaroo.org\/wp-content\/uploads\/sites\/2\/2025\/04\/rain-forest.jpg 1920w\" sizes=\"auto, (max-width: 1024px) 100vw, 1024px\" \/><span aria-hidden=\"true\" class=\"wp-block-cover__background has-background-dim-0 has-background-dim\" style=\"background-color:#818675\"><\/span><div class=\"wp-block-cover__inner-container is-layout-flow wp-block-cover-is-layout-flow\">\n<p class=\"has-text-align-center has-large-font-size\"><\/p>\n<\/div><\/div>\n\n<p><strong>\u00bfQuiere enviarnos una donaci\u00f3n, donar acciones o valores o necesita contactarnos?<\/strong><\/p>\n\n<div class=\"wp-block-columns is-layout-flex wp-container-core-columns-is-layout-d0fad934 wp-block-columns-is-layout-flex\" style=\"margin-top:2.5em;margin-bottom:2.5em\">\n<div class=\"wp-block-column has-palette-color-17-background-color has-background is-layout-flow wp-container-core-column-is-layout-f86737b1 wp-block-column-is-layout-flow\" style=\"padding-top:20px;padding-right:20px;padding-bottom:20px;padding-left:20px\">\n<h3 class=\"wp-block-heading\" style=\"margin-bottom:1em\">Oficina de EE. UU.<\/h3>\n\n\n\n<p style=\"margin-bottom:1em\">Zool\u00f3gico Woodland Park<br\/> 5500 Phinney Avenue Norte<br\/> Seattle, Washington 98103<br\/> EE.UU<br\/> Tel\u00e9fono: +1 (206) 548-2623<br\/> F: +1 (206) 547-6962<br\/> E: <a href=\"mailto:lisa.dabek@zoo.org\">Lisa Dabek, directora del programa<\/a><br\/> <a href=\"mailto:trevor.holbrook@zoo.org\">Trevor Holbrook, Gerente de Programa<\/a><\/p>\n<\/div>\n\n\n\n<div class=\"wp-block-column has-palette-color-17-background-color has-background is-layout-flow wp-container-core-column-is-layout-f86737b1 wp-block-column-is-layout-flow\" style=\"padding-top:20px;padding-right:20px;padding-bottom:20px;padding-left:20px\">\n<h3 class=\"wp-block-heading\" style=\"margin-bottom:1em\">Oficina de Pap\u00faa Nueva Guinea<\/h3>\n\n\n\n<p style=\"margin-bottom:1em\">Edificio de profesionales de la calle 5<br\/> Apartado postal 360, Lae<br\/> Provincia de Morobe, 411<br\/> Pap\u00faa Nueva Guinea<br\/> Tel\u00e9fono: +675-472-7226<br\/> E: <a href=\"mailto:Modi.Pontio@treekangaroo.org\">Modi Pontio, director asociado<\/a><\/p>\n<\/div>\n<\/div>\n\n<p>TKCP estableci\u00f3 el Fondo de Conservaci\u00f3n de YUS junto con el Zool\u00f3gico Woodland Park y Conservaci\u00f3n Internacional. Ubicado en el Zool\u00f3gico Woodland Park, el fondo proporciona apoyo financiero anual parcial para la gesti\u00f3n y protecci\u00f3n del \u00c1rea de Conservaci\u00f3n de YUS a perpetuidad. Seguimos desarrollando el principio del fondo para fortalecer el apoyo financiero a largo plazo a las iniciativas de conservaci\u00f3n en YUS. Para contribuir al Fondo de Conservaci\u00f3n de YUS, indique \u00abYUS Conservation Trust\u00bb en el formulario anterior.   <\/p>\n\n<p>Las contribuciones al Programa de Conservaci\u00f3n del Canguro Arb\u00f3reo se aceptan a trav\u00e9s de la Sociedad Zool\u00f3gica de Woodland Park, una organizaci\u00f3n sin fines de lucro 501(c)3. Todas las contribuciones son deducibles de impuestos hasta el m\u00e1ximo permitido por la ley. Nuestro n\u00famero de identificaci\u00f3n fiscal es 91-6070005. El 100 % de las contribuciones se destina a las operaciones del programa TKCP.   <\/p>\n","protected":false},"excerpt":{"rendered":"<p>DONAR Protejamos a los canguros arbor\u00edcolas y su h\u00e1bitat El Programa de Conservaci\u00f3n del Canguro Arbor\u00edcola se centra en los canguros arbor\u00edcolas y la convivencia entre las personas. Trabajamos con terratenientes locales en Pap\u00faa Nueva Guinea para gestionar la primera \u00c1rea de Conservaci\u00f3n del pa\u00eds, protegiendo ecosistemas pr\u00edstinos de bosque nuboso y el h\u00e1bitat de [&hellip;]<\/p>\n","protected":false},"author":2,"featured_media":0,"parent":0,"menu_order":0,"comment_status":"closed","ping_status":"closed","template":"","meta":{"_acf_changed":false,"_kad_blocks_custom_css":"","_kad_blocks_head_custom_js":"","_kad_blocks_body_custom_js":"","_kad_blocks_footer_custom_js":"","footnotes":""},"class_list":["post-2252","page","type-page","status-publish","hentry"],"blocksy_meta":[],"acf":[],"yoast_head":"<!-- This site is optimized with the Yoast SEO plugin v27.4 - https:\/\/yoast.com\/product\/yoast-seo-wordpress\/ -->\n<title>-<\/title>\n<meta name=\"description\" content=\"Un programa emblem\u00e1tico del Zool\u00f3gico Woodland Park. El Programa de Conservaci\u00f3n del Canguro Arbor\u00edcola trabaja con comunidades locales en zonas rurales de Pap\u00faa Nueva Guinea para proteger al canguro arbor\u00edcola de Matschie, una especie en peligro de extinci\u00f3n, y su h\u00e1bitat.\" \/>\n<meta name=\"robots\" content=\"index, follow, max-snippet:-1, max-image-preview:large, max-video-preview:-1\" \/>\n<link rel=\"canonical\" href=\"https:\/\/treekangaroo.org\/es\/complicarse\/\" \/>\n<meta property=\"og:locale\" content=\"es_ES\" \/>\n<meta property=\"og:type\" content=\"article\" \/>\n<meta property=\"og:title\" content=\"-\" \/>\n<meta property=\"og:description\" content=\"Un programa emblem\u00e1tico del Zool\u00f3gico Woodland Park. El Programa de Conservaci\u00f3n del Canguro Arbor\u00edcola trabaja con comunidades locales en zonas rurales de Pap\u00faa Nueva Guinea para proteger al canguro arbor\u00edcola de Matschie, una especie en peligro de extinci\u00f3n, y su h\u00e1bitat.\" \/>\n<meta property=\"og:url\" content=\"https:\/\/treekangaroo.org\/es\/complicarse\/\" \/>\n<meta property=\"og:site_name\" content=\"Programa de conservaci\u00f3n del canguro arb\u00f3reo\" \/>\n<meta property=\"article:modified_time\" content=\"2026-01-09T17:13:04+00:00\" \/>\n<meta property=\"og:image\" content=\"https:\/\/zoo.org\/tkcp\/wp-content\/uploads\/sites\/2\/2025\/04\/rain-forest-1024x213.jpg\" \/>\n<meta name=\"twitter:card\" content=\"summary_large_image\" \/>\n<meta name=\"twitter:label1\" content=\"Tiempo de lectura\" \/>\n\t<meta name=\"twitter:data1\" content=\"2 minutos\" \/>\n<script type=\"application\/ld+json\" class=\"yoast-schema-graph\">{\"@context\":\"https:\\\/\\\/schema.org\",\"@graph\":[{\"@type\":\"WebPage\",\"@id\":\"https:\\\/\\\/treekangaroo.org\\\/es\\\/complicarse\\\/\",\"url\":\"https:\\\/\\\/treekangaroo.org\\\/es\\\/complicarse\\\/\",\"name\":\"-\",\"isPartOf\":{\"@id\":\"https:\\\/\\\/treekangaroo.org\\\/es\\\/#website\"},\"primaryImageOfPage\":{\"@id\":\"https:\\\/\\\/treekangaroo.org\\\/es\\\/complicarse\\\/#primaryimage\"},\"image\":{\"@id\":\"https:\\\/\\\/treekangaroo.org\\\/es\\\/complicarse\\\/#primaryimage\"},\"thumbnailUrl\":\"https:\\\/\\\/zoo.org\\\/tkcp\\\/wp-content\\\/uploads\\\/sites\\\/2\\\/2025\\\/04\\\/rain-forest-1024x213.jpg\",\"datePublished\":\"2024-07-25T23:21:26+00:00\",\"dateModified\":\"2026-01-09T17:13:04+00:00\",\"description\":\"Un programa emblem\u00e1tico del Zool\u00f3gico Woodland Park. El Programa de Conservaci\u00f3n del Canguro Arbor\u00edcola trabaja con comunidades locales en zonas rurales de Pap\u00faa Nueva Guinea para proteger al canguro arbor\u00edcola de Matschie, una especie en peligro de extinci\u00f3n, y su h\u00e1bitat.\",\"breadcrumb\":{\"@id\":\"https:\\\/\\\/treekangaroo.org\\\/es\\\/complicarse\\\/#breadcrumb\"},\"inLanguage\":\"es\",\"potentialAction\":[{\"@type\":\"ReadAction\",\"target\":[\"https:\\\/\\\/treekangaroo.org\\\/es\\\/complicarse\\\/\"]}]},{\"@type\":\"ImageObject\",\"inLanguage\":\"es\",\"@id\":\"https:\\\/\\\/treekangaroo.org\\\/es\\\/complicarse\\\/#primaryimage\",\"url\":\"https:\\\/\\\/zoo.org\\\/tkcp\\\/wp-content\\\/uploads\\\/sites\\\/2\\\/2025\\\/04\\\/rain-forest-1024x213.jpg\",\"contentUrl\":\"https:\\\/\\\/zoo.org\\\/tkcp\\\/wp-content\\\/uploads\\\/sites\\\/2\\\/2025\\\/04\\\/rain-forest-1024x213.jpg\"},{\"@type\":\"BreadcrumbList\",\"@id\":\"https:\\\/\\\/treekangaroo.org\\\/es\\\/complicarse\\\/#breadcrumb\",\"itemListElement\":[{\"@type\":\"ListItem\",\"position\":1,\"name\":\"Hogar\",\"item\":\"https:\\\/\\\/treekangaroo.org\\\/es\\\/\"},{\"@type\":\"ListItem\",\"position\":2,\"name\":\"Complicarse\"}]},{\"@type\":\"WebSite\",\"@id\":\"https:\\\/\\\/treekangaroo.org\\\/es\\\/#website\",\"url\":\"https:\\\/\\\/treekangaroo.org\\\/es\\\/\",\"name\":\"Tree Kangaroo Conservation Program\",\"description\":\"\",\"publisher\":{\"@id\":\"https:\\\/\\\/treekangaroo.org\\\/es\\\/#organization\"},\"potentialAction\":[{\"@type\":\"SearchAction\",\"target\":{\"@type\":\"EntryPoint\",\"urlTemplate\":\"https:\\\/\\\/treekangaroo.org\\\/es\\\/?s={search_term_string}\"},\"query-input\":{\"@type\":\"PropertyValueSpecification\",\"valueRequired\":true,\"valueName\":\"search_term_string\"}}],\"inLanguage\":\"es\"},{\"@type\":\"Organization\",\"@id\":\"https:\\\/\\\/treekangaroo.org\\\/es\\\/#organization\",\"name\":\"Programa de conservaci\u00f3n del canguro arb\u00f3reo\",\"url\":\"https:\\\/\\\/treekangaroo.org\\\/es\\\/\",\"logo\":{\"@type\":\"ImageObject\",\"inLanguage\":\"es\",\"@id\":\"https:\\\/\\\/treekangaroo.org\\\/es\\\/#\\\/schema\\\/logo\\\/image\\\/\",\"url\":\"https:\\\/\\\/zoo.org\\\/tkcp\\\/wp-content\\\/uploads\\\/sites\\\/2\\\/2025\\\/04\\\/TKCP-PNG_Logo-white-web.png\",\"contentUrl\":\"https:\\\/\\\/zoo.org\\\/tkcp\\\/wp-content\\\/uploads\\\/sites\\\/2\\\/2025\\\/04\\\/TKCP-PNG_Logo-white-web.png\",\"width\":432,\"height\":358,\"caption\":\"Programa de conservaci\u00f3n del canguro arb\u00f3reo\"},\"image\":{\"@id\":\"https:\\\/\\\/treekangaroo.org\\\/es\\\/#\\\/schema\\\/logo\\\/image\\\/\"}}]}<\/script>\n<!-- \/ Yoast SEO plugin. -->","yoast_head_json":{"title":"-","description":"Un programa emblem\u00e1tico del Zool\u00f3gico Woodland Park. El Programa de Conservaci\u00f3n del Canguro Arbor\u00edcola trabaja con comunidades locales en zonas rurales de Pap\u00faa Nueva Guinea para proteger al canguro arbor\u00edcola de Matschie, una especie en peligro de extinci\u00f3n, y su h\u00e1bitat.","robots":{"index":"index","follow":"follow","max-snippet":"max-snippet:-1","max-image-preview":"max-image-preview:large","max-video-preview":"max-video-preview:-1"},"canonical":"https:\/\/treekangaroo.org\/es\/complicarse\/","og_locale":"es_ES","og_type":"article","og_title":"-","og_description":"Un programa emblem\u00e1tico del Zool\u00f3gico Woodland Park. El Programa de Conservaci\u00f3n del Canguro Arbor\u00edcola trabaja con comunidades locales en zonas rurales de Pap\u00faa Nueva Guinea para proteger al canguro arbor\u00edcola de Matschie, una especie en peligro de extinci\u00f3n, y su h\u00e1bitat.","og_url":"https:\/\/treekangaroo.org\/es\/complicarse\/","og_site_name":"Programa de conservaci\u00f3n del canguro arb\u00f3reo","article_modified_time":"2026-01-09T17:13:04+00:00","og_image":[{"url":"https:\/\/zoo.org\/tkcp\/wp-content\/uploads\/sites\/2\/2025\/04\/rain-forest-1024x213.jpg","type":"","width":"","height":""}],"twitter_card":"summary_large_image","twitter_misc":{"Tiempo de lectura":"2 minutos"},"schema":{"@context":"https:\/\/schema.org","@graph":[{"@type":"WebPage","@id":"https:\/\/treekangaroo.org\/es\/complicarse\/","url":"https:\/\/treekangaroo.org\/es\/complicarse\/","name":"-","isPartOf":{"@id":"https:\/\/treekangaroo.org\/es\/#website"},"primaryImageOfPage":{"@id":"https:\/\/treekangaroo.org\/es\/complicarse\/#primaryimage"},"image":{"@id":"https:\/\/treekangaroo.org\/es\/complicarse\/#primaryimage"},"thumbnailUrl":"https:\/\/zoo.org\/tkcp\/wp-content\/uploads\/sites\/2\/2025\/04\/rain-forest-1024x213.jpg","datePublished":"2024-07-25T23:21:26+00:00","dateModified":"2026-01-09T17:13:04+00:00","description":"Un programa emblem\u00e1tico del Zool\u00f3gico Woodland Park. El Programa de Conservaci\u00f3n del Canguro Arbor\u00edcola trabaja con comunidades locales en zonas rurales de Pap\u00faa Nueva Guinea para proteger al canguro arbor\u00edcola de Matschie, una especie en peligro de extinci\u00f3n, y su h\u00e1bitat.","breadcrumb":{"@id":"https:\/\/treekangaroo.org\/es\/complicarse\/#breadcrumb"},"inLanguage":"es","potentialAction":[{"@type":"ReadAction","target":["https:\/\/treekangaroo.org\/es\/complicarse\/"]}]},{"@type":"ImageObject","inLanguage":"es","@id":"https:\/\/treekangaroo.org\/es\/complicarse\/#primaryimage","url":"https:\/\/zoo.org\/tkcp\/wp-content\/uploads\/sites\/2\/2025\/04\/rain-forest-1024x213.jpg","contentUrl":"https:\/\/zoo.org\/tkcp\/wp-content\/uploads\/sites\/2\/2025\/04\/rain-forest-1024x213.jpg"},{"@type":"BreadcrumbList","@id":"https:\/\/treekangaroo.org\/es\/complicarse\/#breadcrumb","itemListElement":[{"@type":"ListItem","position":1,"name":"Hogar","item":"https:\/\/treekangaroo.org\/es\/"},{"@type":"ListItem","position":2,"name":"Complicarse"}]},{"@type":"WebSite","@id":"https:\/\/treekangaroo.org\/es\/#website","url":"https:\/\/treekangaroo.org\/es\/","name":"Tree Kangaroo Conservation Program","description":"","publisher":{"@id":"https:\/\/treekangaroo.org\/es\/#organization"},"potentialAction":[{"@type":"SearchAction","target":{"@type":"EntryPoint","urlTemplate":"https:\/\/treekangaroo.org\/es\/?s={search_term_string}"},"query-input":{"@type":"PropertyValueSpecification","valueRequired":true,"valueName":"search_term_string"}}],"inLanguage":"es"},{"@type":"Organization","@id":"https:\/\/treekangaroo.org\/es\/#organization","name":"Programa de conservaci\u00f3n del canguro arb\u00f3reo","url":"https:\/\/treekangaroo.org\/es\/","logo":{"@type":"ImageObject","inLanguage":"es","@id":"https:\/\/treekangaroo.org\/es\/#\/schema\/logo\/image\/","url":"https:\/\/zoo.org\/tkcp\/wp-content\/uploads\/sites\/2\/2025\/04\/TKCP-PNG_Logo-white-web.png","contentUrl":"https:\/\/zoo.org\/tkcp\/wp-content\/uploads\/sites\/2\/2025\/04\/TKCP-PNG_Logo-white-web.png","width":432,"height":358,"caption":"Programa de conservaci\u00f3n del canguro arb\u00f3reo"},"image":{"@id":"https:\/\/treekangaroo.org\/es\/#\/schema\/logo\/image\/"}}]}},"taxonomy_info":[],"featured_image_src_large":false,"author_info":{"display_name":"","author_link":"https:\/\/treekangaroo.org\/es\/author\/"},"comment_info":0,"_links":{"self":[{"href":"https:\/\/treekangaroo.org\/es\/wp-json\/wp\/v2\/pages\/2252","targetHints":{"allow":["GET"]}}],"collection":[{"href":"https:\/\/treekangaroo.org\/es\/wp-json\/wp\/v2\/pages"}],"about":[{"href":"https:\/\/treekangaroo.org\/es\/wp-json\/wp\/v2\/types\/page"}],"author":[{"embeddable":true,"href":"https:\/\/treekangaroo.org\/es\/wp-json\/wp\/v2\/users\/2"}],"replies":[{"embeddable":true,"href":"https:\/\/treekangaroo.org\/es\/wp-json\/wp\/v2\/comments?post=2252"}],"version-history":[{"count":1,"href":"https:\/\/treekangaroo.org\/es\/wp-json\/wp\/v2\/pages\/2252\/revisions"}],"predecessor-version":[{"id":2253,"href":"https:\/\/treekangaroo.org\/es\/wp-json\/wp\/v2\/pages\/2252\/revisions\/2253"}],"wp:attachment":[{"href":"https:\/\/treekangaroo.org\/es\/wp-json\/wp\/v2\/media?parent=2252"}],"curies":[{"name":"wp","href":"https:\/\/api.w.org\/{rel}","templated":true}]}}