{"id":2273,"date":"2024-07-25T23:21:51","date_gmt":"2024-07-25T23:21:51","guid":{"rendered":"https:\/\/zoo.org\/tkcp\/acerca-de-los-canguros-arboricolas\/"},"modified":"2025-12-09T22:06:12","modified_gmt":"2025-12-09T22:06:12","slug":"acerca-de-los-canguros-arboricolas","status":"publish","type":"page","link":"https:\/\/treekangaroo.org\/es\/acerca-de-los-canguros-arboricolas\/","title":{"rendered":"Acerca de los canguros arbor\u00edcolas"},"content":{"rendered":"\n<div class=\"wp-block-cover alignfull hero\"><img loading=\"lazy\" decoding=\"async\" width=\"1800\" height=\"494\" class=\"wp-block-cover__image-background wp-image-1063\" alt=\"\" src=\"http:\/\/zoo.org\/tkcp\/wp-content\/uploads\/sites\/2\/2025\/04\/education-header.jpg\" data-object-fit=\"cover\" srcset=\"https:\/\/treekangaroo.org\/wp-content\/uploads\/sites\/2\/2025\/04\/education-header.jpg 1800w, https:\/\/treekangaroo.org\/wp-content\/uploads\/sites\/2\/2025\/04\/education-header-300x82.jpg 300w, https:\/\/treekangaroo.org\/wp-content\/uploads\/sites\/2\/2025\/04\/education-header-1024x281.jpg 1024w, https:\/\/treekangaroo.org\/wp-content\/uploads\/sites\/2\/2025\/04\/education-header-768x211.jpg 768w, https:\/\/treekangaroo.org\/wp-content\/uploads\/sites\/2\/2025\/04\/education-header-1536x422.jpg 1536w\" sizes=\"auto, (max-width: 1800px) 100vw, 1800px\" \/><span aria-hidden=\"true\" class=\"wp-block-cover__background has-background-dim-0 has-background-dim\" style=\"background-color:#454e3b\"><\/span><div class=\"wp-block-cover__inner-container is-layout-constrained wp-block-cover-is-layout-constrained\">\n<figure class=\"wp-block-image aligncenter size-full\"><img loading=\"lazy\" decoding=\"async\" width=\"721\" height=\"192\" src=\"http:\/\/zoo.org\/tkcp\/wp-content\/uploads\/sites\/2\/2025\/04\/TKCP_logo_PNG.png\" alt=\"\" class=\"wp-image-1091\" style=\"object-fit:cover\" srcset=\"https:\/\/treekangaroo.org\/wp-content\/uploads\/sites\/2\/2025\/04\/TKCP_logo_PNG.png 721w, https:\/\/treekangaroo.org\/wp-content\/uploads\/sites\/2\/2025\/04\/TKCP_logo_PNG-300x80.png 300w\" sizes=\"auto, (max-width: 721px) 100vw, 721px\" \/><\/figure>\n<\/div><\/div>\n\n<div class=\"wp-block-group alignfull heading-flag has-custom-white-color has-text-color has-link-color wp-elements-e8e651275b12fdad3acf9302b1961b59 is-layout-constrained wp-container-core-group-is-layout-35cbd09f wp-block-group-is-layout-constrained\" style=\"margin-top:3em;margin-bottom:3em;padding-top:0em;padding-right:0em;padding-bottom:0em;padding-left:0em\">\n<h2 class=\"wp-block-heading alignfull has-text-align-center\" style=\"margin-top:0px;margin-right:0px;margin-bottom:0px;margin-left:0px;padding-top:0.5em;padding-right:0em;padding-bottom:0.5em;padding-left:0em\">ACERCA DE LOS CANGUROS DE \u00c1RBOL<\/h2>\n<\/div>\n\n<h3 class=\"wp-block-heading\">Especies y distribuci\u00f3n<\/h3>\n\n<p>Existen alrededor de 12 especies diferentes de canguro arbor\u00edcola. Dos especies se encuentran en el noreste de Australia, y el resto de las especies y subespecies se encuentran en la isla de Nueva Guinea. El TKCP se centra en la conservaci\u00f3n del canguro arbor\u00edcola de Matschie. Este canguro habita \u00fanicamente en la pen\u00ednsula de Huon, en el noreste de Pap\u00faa Nueva Guinea.   <\/p>\n\n<h3 class=\"wp-block-heading\">Altura y peso<\/h3>\n\n<p>37-70 pulgadas (94-179 cm)<\/p>\n\n<p><strong>Macho adulto:<\/strong> 15-20 libras (7-9 kg)<\/p>\n\n<p><strong>Hembra adulta:<\/strong> 15-20 libras (7-9 kg)<\/p>\n\n<h3 class=\"wp-block-heading\">Esperanza de vida<\/h3>\n\n<p>Los canguros arbor\u00edcolas son muy dif\u00edciles de estudiar en estado salvaje, por lo que se desconoce su esperanza de vida promedio, pero probablemente sea de 15 a 20 a\u00f1os. Sin embargo, \u00a1en cautiverio pueden vivir m\u00e1s de 20 a\u00f1os! El canguro arbor\u00edcola m\u00e1s longevo conocido tiene 27 a\u00f1os.  <\/p>\n\n<p>Los canguros arbor\u00edcolas son mayormente solitarios, pero las parejas madre-cr\u00eda forman un v\u00ednculo fuerte hasta que la cr\u00eda alcanza la edad suficiente para cuidar de s\u00ed misma, alrededor de los 18 meses. En la naturaleza, los canguros arbor\u00edcolas machos suelen aparearse con varias hembras. <\/p>\n\n<h3 class=\"wp-block-heading\">Reproducci\u00f3n<\/h3>\n\n<p>Los canguros arbor\u00edcolas son marsupiales, por lo que la mayor parte de su desarrollo f\u00edsico ocurre en la bolsa de la madre. Las hembras tienen un per\u00edodo de gestaci\u00f3n de tan solo 44 d\u00edas. Cuando nace la cr\u00eda, a\u00fan poco desarrollada y del tama\u00f1o de un frijol, se arrastra hasta la bolsa, donde se prende a una teta y contin\u00faa creciendo durante tres meses. Permanece en la bolsa hasta aproximadamente los siete meses. La madre limpia su bolsa y la acicala con frecuencia durante esta fase. Tras abandonar la bolsa alrededor de los siete meses, regresa a ella para mamar. Esta fase de \u00abentrada y salida\u00bb dura unos tres meses, y la cr\u00eda sale completamente de la bolsa a los 10 meses y es destetada despu\u00e9s de unos 13 meses. Una vez capaz de cuidarse a s\u00ed misma, la cr\u00eda abandona a su madre a los 18 meses para establecer su propio territorio.       <\/p>\n\n<h3 class=\"wp-block-heading\">Ecolog\u00eda y H\u00e1bitat<\/h3>\n\n<p>Los canguros arbor\u00edcolas viven en las alturas de las monta\u00f1as, en bosques nubosos a altitudes de entre 1000 y 3500 metros. Pasan la mayor parte del tiempo en los \u00e1rboles y son capaces de saltar desde 18 metros hasta el suelo del bosque sin hacerse da\u00f1o. <\/p>\n\n<p>El Programa de Conservaci\u00f3n del Canguro Arbor\u00edcola colabora con la National Geographic Society para estudiar la ecolog\u00eda del canguro arbor\u00edcola mediante Crittercams\u00a9. El TKCP equipa a canguros arbor\u00edcolas silvestres con las Crittercams\u00a9, peque\u00f1as c\u00e1maras sujetas a collares. Dado que los canguros arbor\u00edcolas son muy escurridizos y pasan gran parte del tiempo en lo alto del dosel forestal, las im\u00e1genes de las c\u00e1maras ofrecen una oportunidad \u00fanica para aprender sobre su ecolog\u00eda, comportamiento y dieta.  <\/p>\n\n<h3 class=\"wp-block-heading\">Dieta<\/h3>\n\n<p>En la naturaleza, los canguros arbor\u00edcolas se alimentan principalmente de hojas, adem\u00e1s de helechos, musgo, corteza de \u00e1rboles y flores como las orqu\u00eddeas.<\/p>\n\n<p>En cautiverio, la dieta de los canguros arbor\u00edcolas incluye lechuga romana, acelga, pak choi, espinaca, apio, zanahorias, mazorcas de ma\u00edz, \u00f1ame, pl\u00e1tanos, galletas de fibra, perejil, diente de le\u00f3n, berza, jud\u00edas verdes y huevos duros.<\/p>\n\n<h3 class=\"wp-block-heading\">Estado y amenazas a la conservaci\u00f3n<\/h3>\n\n<p>Los canguros arbor\u00edcolas de Matschie son una especie en peligro de extinci\u00f3n, con una poblaci\u00f3n silvestre estimada de menos de 2500 individuos (UICN, 2014). La destrucci\u00f3n del h\u00e1bitat causada por la tala y la exploraci\u00f3n minera representa un peligro para las poblaciones de canguros arbor\u00edcolas. Los canguros arbor\u00edcolas desempe\u00f1an un papel importante en la cultura y la dieta de los pueblos ind\u00edgenas, y las pr\u00e1cticas de caza insostenibles amenazan su supervivencia.  <\/p>\n\n<p>El Programa de Conservaci\u00f3n del Canguro Arbor\u00edcola ha establecido el \u00c1rea de Conservaci\u00f3n YUS en Pap\u00faa Nueva Guinea para proteger a los canguros arbor\u00edcolas de Matschie. Para obtener m\u00e1s informaci\u00f3n sobre nuestro trabajo, visite <a href=\"https:\/\/www.zoo.org\/tkcp\/program\">Nuestro Programa<\/a> . <\/p>\n\n<h3 class=\"wp-block-heading\">Canguros arbor\u00edcolas en el zool\u00f3gico Woodland Park<\/h3>\n\n<p>\u00a1Puedes visitar al embajador canguro arbor\u00edcola Matschie de Seattle en el Zool\u00f3gico Woodland Park!<\/p>\n\n<div class=\"wp-block-group alignfull heading-flag has-custom-white-color has-text-color has-link-color wp-elements-6769e71d5409d924a4779a7d9e6f8dfb is-layout-constrained wp-container-core-group-is-layout-35cbd09f wp-block-group-is-layout-constrained\" style=\"margin-top:3em;margin-bottom:3em;padding-top:0em;padding-right:0em;padding-bottom:0em;padding-left:0em\">\n<h2 class=\"wp-block-heading alignfull has-text-align-center\" style=\"margin-top:0px;margin-right:0px;margin-bottom:0px;margin-left:0px;padding-top:0.5em;padding-right:0em;padding-bottom:0.5em;padding-left:0em\">C\u00d3MO PUEDES AYUDAR<\/h2>\n<\/div>\n\n<p><strong>El Zool\u00f3gico Woodland Park participa en el Plan de Supervivencia de Especies de Canguro Arbor\u00edcola de la Asociaci\u00f3n de Zool\u00f3gicos y Acuarios.<\/strong><\/p>\n\n<p>Puedes ayudar al canguro arbor\u00edcola de Matschie, una especie en peligro de extinci\u00f3n, apoyando al Zool\u00f3gico Woodland Park y al TKCP. Puedes visitar el zool\u00f3gico y contarles a tus amigos y familiares lo que aprendiste. Tambi\u00e9n puedes apoyar directamente a las comunidades de YUS comprando sus diversos productos, como nuestro <a href=\"http:\/\/www.caffevita.com\/\" target=\"_blank\" rel=\"noreferrer noopener\">Caf\u00e9 de Conservaci\u00f3n YUS<\/a> , disponible en la tienda de regalos del Zool\u00f3gico Woodland Park y a trav\u00e9s de <a href=\"http:\/\/www.caffevita.com\/\" target=\"_blank\" rel=\"noreferrer noopener\">Caffe Vita<\/a> .  <\/p>\n\n<div class=\"wp-block-buttons is-content-justification-center is-layout-flex wp-container-core-buttons-is-layout-c5434fa3 wp-block-buttons-is-layout-flex\" style=\"margin-top:1.5em;margin-bottom:2em\">\n<div class=\"wp-block-button\"><a class=\"wp-block-button__link wp-element-button\">DONA AHORA<\/a><\/div>\n<\/div>\n\n<p>\u00bfQuieres saber m\u00e1s sobre los canguros arbor\u00edcolas y el Programa de Conservaci\u00f3n de Canguros Arbor\u00edcolas? Consulta \u00bb <a href=\"http:\/\/symontgomery.com\/quest-for-the-tree-kangaroo\/\" target=\"_blank\" rel=\"noreferrer noopener\">En busca del canguro arbor\u00edcola: Una expedici\u00f3n al bosque nuboso de Nueva Guinea<\/a> \u00ab, un libro de Sy Montgomery y Nic Bishop basado en su visita al \u00c1rea de Conservaci\u00f3n de YUS con la Dra. Lisa Dabek y el equipo del TKCP. <\/p>\n\n<p><\/p>\n","protected":false},"excerpt":{"rendered":"<p>ACERCA DE LOS CANGUROS DE \u00c1RBOL Especies y distribuci\u00f3n Existen alrededor de 12 especies diferentes de canguro arbor\u00edcola. Dos especies se encuentran en el noreste de Australia, y el resto de las especies y subespecies se encuentran en la isla de Nueva Guinea. El TKCP se centra en la conservaci\u00f3n del canguro arbor\u00edcola de Matschie. [&hellip;]<\/p>\n","protected":false},"author":2,"featured_media":0,"parent":0,"menu_order":0,"comment_status":"closed","ping_status":"closed","template":"","meta":{"_acf_changed":false,"_kad_blocks_custom_css":"","_kad_blocks_head_custom_js":"","_kad_blocks_body_custom_js":"","_kad_blocks_footer_custom_js":"","footnotes":""},"class_list":["post-2273","page","type-page","status-publish","hentry"],"blocksy_meta":[],"acf":[],"yoast_head":"<!-- This site is optimized with the Yoast SEO plugin v27.4 - https:\/\/yoast.com\/product\/yoast-seo-wordpress\/ -->\n<title>-<\/title>\n<meta name=\"description\" content=\"Un programa emblem\u00e1tico del Zool\u00f3gico Woodland Park. El Programa de Conservaci\u00f3n del Canguro Arbor\u00edcola trabaja con comunidades locales en zonas rurales de Pap\u00faa Nueva Guinea para proteger al canguro arbor\u00edcola de Matschie, una especie en peligro de extinci\u00f3n, y su h\u00e1bitat.\" \/>\n<meta name=\"robots\" content=\"index, follow, max-snippet:-1, max-image-preview:large, max-video-preview:-1\" \/>\n<link rel=\"canonical\" href=\"https:\/\/treekangaroo.org\/es\/acerca-de-los-canguros-arboricolas\/\" \/>\n<meta property=\"og:locale\" content=\"es_ES\" \/>\n<meta property=\"og:type\" content=\"article\" \/>\n<meta property=\"og:title\" content=\"-\" \/>\n<meta property=\"og:description\" content=\"Un programa emblem\u00e1tico del Zool\u00f3gico Woodland Park. El Programa de Conservaci\u00f3n del Canguro Arbor\u00edcola trabaja con comunidades locales en zonas rurales de Pap\u00faa Nueva Guinea para proteger al canguro arbor\u00edcola de Matschie, una especie en peligro de extinci\u00f3n, y su h\u00e1bitat.\" \/>\n<meta property=\"og:url\" content=\"https:\/\/treekangaroo.org\/es\/acerca-de-los-canguros-arboricolas\/\" \/>\n<meta property=\"og:site_name\" content=\"Programa de conservaci\u00f3n del canguro arb\u00f3reo\" \/>\n<meta property=\"article:modified_time\" content=\"2025-12-09T22:06:12+00:00\" \/>\n<meta name=\"twitter:card\" content=\"summary_large_image\" \/>\n<meta name=\"twitter:label1\" content=\"Tiempo de lectura\" \/>\n\t<meta name=\"twitter:data1\" content=\"4 minutos\" \/>\n<script type=\"application\/ld+json\" class=\"yoast-schema-graph\">{\"@context\":\"https:\\\/\\\/schema.org\",\"@graph\":[{\"@type\":\"WebPage\",\"@id\":\"https:\\\/\\\/treekangaroo.org\\\/es\\\/acerca-de-los-canguros-arboricolas\\\/\",\"url\":\"https:\\\/\\\/treekangaroo.org\\\/es\\\/acerca-de-los-canguros-arboricolas\\\/\",\"name\":\"-\",\"isPartOf\":{\"@id\":\"https:\\\/\\\/treekangaroo.org\\\/es\\\/#website\"},\"datePublished\":\"2024-07-25T23:21:51+00:00\",\"dateModified\":\"2025-12-09T22:06:12+00:00\",\"description\":\"Un programa emblem\u00e1tico del Zool\u00f3gico Woodland Park. El Programa de Conservaci\u00f3n del Canguro Arbor\u00edcola trabaja con comunidades locales en zonas rurales de Pap\u00faa Nueva Guinea para proteger al canguro arbor\u00edcola de Matschie, una especie en peligro de extinci\u00f3n, y su h\u00e1bitat.\",\"breadcrumb\":{\"@id\":\"https:\\\/\\\/treekangaroo.org\\\/es\\\/acerca-de-los-canguros-arboricolas\\\/#breadcrumb\"},\"inLanguage\":\"es\",\"potentialAction\":[{\"@type\":\"ReadAction\",\"target\":[\"https:\\\/\\\/treekangaroo.org\\\/es\\\/acerca-de-los-canguros-arboricolas\\\/\"]}]},{\"@type\":\"BreadcrumbList\",\"@id\":\"https:\\\/\\\/treekangaroo.org\\\/es\\\/acerca-de-los-canguros-arboricolas\\\/#breadcrumb\",\"itemListElement\":[{\"@type\":\"ListItem\",\"position\":1,\"name\":\"Hogar\",\"item\":\"https:\\\/\\\/treekangaroo.org\\\/es\\\/\"},{\"@type\":\"ListItem\",\"position\":2,\"name\":\"Acerca de los canguros arbor\u00edcolas\"}]},{\"@type\":\"WebSite\",\"@id\":\"https:\\\/\\\/treekangaroo.org\\\/es\\\/#website\",\"url\":\"https:\\\/\\\/treekangaroo.org\\\/es\\\/\",\"name\":\"Tree Kangaroo Conservation Program\",\"description\":\"\",\"publisher\":{\"@id\":\"https:\\\/\\\/treekangaroo.org\\\/es\\\/#organization\"},\"potentialAction\":[{\"@type\":\"SearchAction\",\"target\":{\"@type\":\"EntryPoint\",\"urlTemplate\":\"https:\\\/\\\/treekangaroo.org\\\/es\\\/?s={search_term_string}\"},\"query-input\":{\"@type\":\"PropertyValueSpecification\",\"valueRequired\":true,\"valueName\":\"search_term_string\"}}],\"inLanguage\":\"es\"},{\"@type\":\"Organization\",\"@id\":\"https:\\\/\\\/treekangaroo.org\\\/es\\\/#organization\",\"name\":\"Programa de conservaci\u00f3n del canguro arb\u00f3reo\",\"url\":\"https:\\\/\\\/treekangaroo.org\\\/es\\\/\",\"logo\":{\"@type\":\"ImageObject\",\"inLanguage\":\"es\",\"@id\":\"https:\\\/\\\/treekangaroo.org\\\/es\\\/#\\\/schema\\\/logo\\\/image\\\/\",\"url\":\"https:\\\/\\\/zoo.org\\\/tkcp\\\/wp-content\\\/uploads\\\/sites\\\/2\\\/2025\\\/04\\\/TKCP-PNG_Logo-white-web.png\",\"contentUrl\":\"https:\\\/\\\/zoo.org\\\/tkcp\\\/wp-content\\\/uploads\\\/sites\\\/2\\\/2025\\\/04\\\/TKCP-PNG_Logo-white-web.png\",\"width\":432,\"height\":358,\"caption\":\"Programa de conservaci\u00f3n del canguro arb\u00f3reo\"},\"image\":{\"@id\":\"https:\\\/\\\/treekangaroo.org\\\/es\\\/#\\\/schema\\\/logo\\\/image\\\/\"}}]}<\/script>\n<!-- \/ Yoast SEO plugin. -->","yoast_head_json":{"title":"-","description":"Un programa emblem\u00e1tico del Zool\u00f3gico Woodland Park. El Programa de Conservaci\u00f3n del Canguro Arbor\u00edcola trabaja con comunidades locales en zonas rurales de Pap\u00faa Nueva Guinea para proteger al canguro arbor\u00edcola de Matschie, una especie en peligro de extinci\u00f3n, y su h\u00e1bitat.","robots":{"index":"index","follow":"follow","max-snippet":"max-snippet:-1","max-image-preview":"max-image-preview:large","max-video-preview":"max-video-preview:-1"},"canonical":"https:\/\/treekangaroo.org\/es\/acerca-de-los-canguros-arboricolas\/","og_locale":"es_ES","og_type":"article","og_title":"-","og_description":"Un programa emblem\u00e1tico del Zool\u00f3gico Woodland Park. El Programa de Conservaci\u00f3n del Canguro Arbor\u00edcola trabaja con comunidades locales en zonas rurales de Pap\u00faa Nueva Guinea para proteger al canguro arbor\u00edcola de Matschie, una especie en peligro de extinci\u00f3n, y su h\u00e1bitat.","og_url":"https:\/\/treekangaroo.org\/es\/acerca-de-los-canguros-arboricolas\/","og_site_name":"Programa de conservaci\u00f3n del canguro arb\u00f3reo","article_modified_time":"2025-12-09T22:06:12+00:00","twitter_card":"summary_large_image","twitter_misc":{"Tiempo de lectura":"4 minutos"},"schema":{"@context":"https:\/\/schema.org","@graph":[{"@type":"WebPage","@id":"https:\/\/treekangaroo.org\/es\/acerca-de-los-canguros-arboricolas\/","url":"https:\/\/treekangaroo.org\/es\/acerca-de-los-canguros-arboricolas\/","name":"-","isPartOf":{"@id":"https:\/\/treekangaroo.org\/es\/#website"},"datePublished":"2024-07-25T23:21:51+00:00","dateModified":"2025-12-09T22:06:12+00:00","description":"Un programa emblem\u00e1tico del Zool\u00f3gico Woodland Park. El Programa de Conservaci\u00f3n del Canguro Arbor\u00edcola trabaja con comunidades locales en zonas rurales de Pap\u00faa Nueva Guinea para proteger al canguro arbor\u00edcola de Matschie, una especie en peligro de extinci\u00f3n, y su h\u00e1bitat.","breadcrumb":{"@id":"https:\/\/treekangaroo.org\/es\/acerca-de-los-canguros-arboricolas\/#breadcrumb"},"inLanguage":"es","potentialAction":[{"@type":"ReadAction","target":["https:\/\/treekangaroo.org\/es\/acerca-de-los-canguros-arboricolas\/"]}]},{"@type":"BreadcrumbList","@id":"https:\/\/treekangaroo.org\/es\/acerca-de-los-canguros-arboricolas\/#breadcrumb","itemListElement":[{"@type":"ListItem","position":1,"name":"Hogar","item":"https:\/\/treekangaroo.org\/es\/"},{"@type":"ListItem","position":2,"name":"Acerca de los canguros arbor\u00edcolas"}]},{"@type":"WebSite","@id":"https:\/\/treekangaroo.org\/es\/#website","url":"https:\/\/treekangaroo.org\/es\/","name":"Tree Kangaroo Conservation Program","description":"","publisher":{"@id":"https:\/\/treekangaroo.org\/es\/#organization"},"potentialAction":[{"@type":"SearchAction","target":{"@type":"EntryPoint","urlTemplate":"https:\/\/treekangaroo.org\/es\/?s={search_term_string}"},"query-input":{"@type":"PropertyValueSpecification","valueRequired":true,"valueName":"search_term_string"}}],"inLanguage":"es"},{"@type":"Organization","@id":"https:\/\/treekangaroo.org\/es\/#organization","name":"Programa de conservaci\u00f3n del canguro arb\u00f3reo","url":"https:\/\/treekangaroo.org\/es\/","logo":{"@type":"ImageObject","inLanguage":"es","@id":"https:\/\/treekangaroo.org\/es\/#\/schema\/logo\/image\/","url":"https:\/\/zoo.org\/tkcp\/wp-content\/uploads\/sites\/2\/2025\/04\/TKCP-PNG_Logo-white-web.png","contentUrl":"https:\/\/zoo.org\/tkcp\/wp-content\/uploads\/sites\/2\/2025\/04\/TKCP-PNG_Logo-white-web.png","width":432,"height":358,"caption":"Programa de conservaci\u00f3n del canguro arb\u00f3reo"},"image":{"@id":"https:\/\/treekangaroo.org\/es\/#\/schema\/logo\/image\/"}}]}},"taxonomy_info":[],"featured_image_src_large":false,"author_info":{"display_name":"","author_link":"https:\/\/treekangaroo.org\/es\/author\/"},"comment_info":0,"_links":{"self":[{"href":"https:\/\/treekangaroo.org\/es\/wp-json\/wp\/v2\/pages\/2273","targetHints":{"allow":["GET"]}}],"collection":[{"href":"https:\/\/treekangaroo.org\/es\/wp-json\/wp\/v2\/pages"}],"about":[{"href":"https:\/\/treekangaroo.org\/es\/wp-json\/wp\/v2\/types\/page"}],"author":[{"embeddable":true,"href":"https:\/\/treekangaroo.org\/es\/wp-json\/wp\/v2\/users\/2"}],"replies":[{"embeddable":true,"href":"https:\/\/treekangaroo.org\/es\/wp-json\/wp\/v2\/comments?post=2273"}],"version-history":[{"count":3,"href":"https:\/\/treekangaroo.org\/es\/wp-json\/wp\/v2\/pages\/2273\/revisions"}],"predecessor-version":[{"id":2420,"href":"https:\/\/treekangaroo.org\/es\/wp-json\/wp\/v2\/pages\/2273\/revisions\/2420"}],"wp:attachment":[{"href":"https:\/\/treekangaroo.org\/es\/wp-json\/wp\/v2\/media?parent=2273"}],"curies":[{"name":"wp","href":"https:\/\/api.w.org\/{rel}","templated":true}]}}