{"id":2283,"date":"2024-08-05T17:47:00","date_gmt":"2024-08-05T17:47:00","guid":{"rendered":"https:\/\/zoo.org\/tkcp\/futuro-sostenible\/"},"modified":"2025-12-09T18:56:07","modified_gmt":"2025-12-09T18:56:07","slug":"futuro-sostenible","status":"publish","type":"page","link":"https:\/\/treekangaroo.org\/es\/futuro-sostenible\/","title":{"rendered":"Futuro sostenible"},"content":{"rendered":"\n<div class=\"wp-block-cover alignfull hero\"><img loading=\"lazy\" decoding=\"async\" width=\"1800\" height=\"494\" class=\"wp-block-cover__image-background wp-image-1068\" alt=\"\" src=\"http:\/\/zoo.org\/tkcp\/wp-content\/uploads\/sites\/2\/2025\/04\/support-us-header.jpg\" data-object-fit=\"cover\" srcset=\"https:\/\/treekangaroo.org\/wp-content\/uploads\/sites\/2\/2025\/04\/support-us-header.jpg 1800w, https:\/\/treekangaroo.org\/wp-content\/uploads\/sites\/2\/2025\/04\/support-us-header-300x82.jpg 300w, https:\/\/treekangaroo.org\/wp-content\/uploads\/sites\/2\/2025\/04\/support-us-header-1024x281.jpg 1024w, https:\/\/treekangaroo.org\/wp-content\/uploads\/sites\/2\/2025\/04\/support-us-header-768x211.jpg 768w, https:\/\/treekangaroo.org\/wp-content\/uploads\/sites\/2\/2025\/04\/support-us-header-1536x422.jpg 1536w\" sizes=\"auto, (max-width: 1800px) 100vw, 1800px\" \/><span aria-hidden=\"true\" class=\"wp-block-cover__background has-background-dim-0 has-background-dim\" style=\"background-color:#5a6b5b\"><\/span><div class=\"wp-block-cover__inner-container is-layout-constrained wp-block-cover-is-layout-constrained\">\n<figure class=\"wp-block-image aligncenter size-full\"><img loading=\"lazy\" decoding=\"async\" width=\"721\" height=\"192\" src=\"http:\/\/zoo.org\/tkcp\/wp-content\/uploads\/sites\/2\/2025\/04\/TKCP_logo_PNG.png\" alt=\"\" class=\"wp-image-1091\" srcset=\"https:\/\/treekangaroo.org\/wp-content\/uploads\/sites\/2\/2025\/04\/TKCP_logo_PNG.png 721w, https:\/\/treekangaroo.org\/wp-content\/uploads\/sites\/2\/2025\/04\/TKCP_logo_PNG-300x80.png 300w\" sizes=\"auto, (max-width: 721px) 100vw, 721px\" \/><\/figure>\n<\/div><\/div>\n\n<div class=\"wp-block-group alignfull heading-flag has-custom-white-color has-text-color has-link-color wp-elements-bd5cebfb48fef1f575cafc17ea662f3c is-layout-constrained wp-container-core-group-is-layout-35cbd09f wp-block-group-is-layout-constrained\" style=\"margin-top:3em;margin-bottom:3em;padding-top:0em;padding-right:0em;padding-bottom:0em;padding-left:0em\">\n<h2 class=\"wp-block-heading alignfull has-text-align-center\" style=\"margin-top:0px;margin-right:0px;margin-bottom:0px;margin-left:0px;padding-top:0.5em;padding-right:0em;padding-bottom:0.5em;padding-left:0em\">PLANIFICACI\u00d3N PARA UN FUTURO SOSTENIBLE<\/h2>\n<\/div>\n\n<figure class=\"wp-block-image aligncenter size-large\"><img loading=\"lazy\" decoding=\"async\" width=\"1024\" height=\"379\" src=\"https:\/\/zoo.org\/tkcp\/wp-content\/uploads\/sites\/2\/2025\/04\/Y2-LUP-Team-in-Sugan-photo-by-Danny-Samandingke-crop-1024x379.jpg\" alt=\"Cinco hombres est&#xE1;n juntos en la hierba alta de una ladera, rodeados de exuberante vegetaci&#xF3;n, con mochilas y ropa de abrigo.\" class=\"wp-image-1123\" srcset=\"https:\/\/treekangaroo.org\/wp-content\/uploads\/sites\/2\/2025\/04\/Y2-LUP-Team-in-Sugan-photo-by-Danny-Samandingke-crop-1024x379.jpg 1024w, https:\/\/treekangaroo.org\/wp-content\/uploads\/sites\/2\/2025\/04\/Y2-LUP-Team-in-Sugan-photo-by-Danny-Samandingke-crop-300x111.jpg 300w, https:\/\/treekangaroo.org\/wp-content\/uploads\/sites\/2\/2025\/04\/Y2-LUP-Team-in-Sugan-photo-by-Danny-Samandingke-crop-768x284.jpg 768w, https:\/\/treekangaroo.org\/wp-content\/uploads\/sites\/2\/2025\/04\/Y2-LUP-Team-in-Sugan-photo-by-Danny-Samandingke-crop.jpg 1080w\" sizes=\"auto, (max-width: 1024px) 100vw, 1024px\" \/><\/figure>\n\n<h3 class=\"wp-block-heading\">Planificaci\u00f3n del uso comunitario del territorio y gesti\u00f3n sostenible de los recursos<\/h3>\n\n<p>La planificaci\u00f3n del uso del suelo se utiliza en todo el mundo para ayudar a las comunidades a equilibrar las necesidades actuales de desarrollo con la consideraci\u00f3n de la sostenibilidad ambiental y la disponibilidad de recursos. En Estados Unidos, el uso del suelo suele estar regulado por el gobierno; por ejemplo, se puede prohibir la construcci\u00f3n para proteger humedales fr\u00e1giles, restringir la caza a temporadas cortas y zonas espec\u00edficas para mantener poblaciones de fauna silvestre saludables, o limitar el uso de productos qu\u00edmicos agr\u00edcolas para proteger los dep\u00f3sitos de agua potable. Sin embargo, en Pap\u00faa Nueva Guinea, los clanes ind\u00edgenas poseen y controlan m\u00e1s del 90 % del terreno. Este no se puede comprar ni vender, y el gobierno no tiene la autoridad para determinar c\u00f3mo debe gestionarse.   <\/p>\n\n<p>Por lo tanto, es imperativo que las comunidades gestionen sus tierras y recursos de forma sostenible y planifiquen a largo plazo. A lo largo de dos d\u00e9cadas, TKCP ha trabajado para establecer un entendimiento com\u00fan con los terratenientes y las comunidades locales sobre el concepto de conservaci\u00f3n. Con una tradici\u00f3n cultural que ha permitido reservar \u00e1reas del bosque como \u00abtambu\u00bb por razones espirituales, el concepto de reservar tierras para proteger la vida silvestre y el h\u00e1bitat fue claramente comprendido y aceptado por los terratenientes ind\u00edgenas de YUS.  <\/p>\n\n<div class=\"wp-block-columns is-layout-flex wp-container-core-columns-is-layout-defbe903 wp-block-columns-is-layout-flex\" style=\"margin-top:2em\">\n<div class=\"wp-block-column is-layout-flow wp-block-column-is-layout-flow\" style=\"flex-basis:33.33%\">\n<figure class=\"wp-block-image size-full\"><img loading=\"lazy\" decoding=\"async\" width=\"1080\" height=\"600\" src=\"https:\/\/zoo.org\/tkcp\/wp-content\/uploads\/sites\/2\/2025\/04\/Community-mapping.jpg\" alt=\"Un grupo de personas est&#xE1; sentado al aire libre en c&#xED;rculo, mirando mapas y papeles esparcidos en el suelo. La mayor&#xED;a lleva ropa informal y sombreros, rodeados de vegetaci&#xF3;n y hojas dispersas. \" class=\"wp-image-1140\" srcset=\"https:\/\/treekangaroo.org\/wp-content\/uploads\/sites\/2\/2025\/04\/Community-mapping.jpg 1080w, https:\/\/treekangaroo.org\/wp-content\/uploads\/sites\/2\/2025\/04\/Community-mapping-300x167.jpg 300w, https:\/\/treekangaroo.org\/wp-content\/uploads\/sites\/2\/2025\/04\/Community-mapping-1024x569.jpg 1024w, https:\/\/treekangaroo.org\/wp-content\/uploads\/sites\/2\/2025\/04\/Community-mapping-768x427.jpg 768w\" sizes=\"auto, (max-width: 1080px) 100vw, 1080px\" \/><\/figure>\n<\/div>\n\n\n\n<div class=\"wp-block-column is-layout-flow wp-block-column-is-layout-flow\" style=\"flex-basis:66.33%\">\n<p>El proceso de Planificaci\u00f3n Territorial Comunitaria contribuye a generar consenso comunitario sobre el uso de los recursos. Los clanes vecinos discuten y acuerdan c\u00f3mo mejorar el uso de sus tierras y mares existentes, qu\u00e9 bosques y h\u00e1bitats marinos utilizar y cu\u00e1les proteger y declarar como zonas vedadas. Al considerar las prioridades de la comunidad en materia de conservaci\u00f3n y gesti\u00f3n de recursos simult\u00e1neamente con las necesidades de desarrollo, los l\u00edderes comunitarios pueden identificar soluciones creativas y acuerdos que alivien las presiones ambientales sin limitar las oportunidades de mejorar el bienestar comunitario. Adem\u00e1s, el proceso ayuda a los propietarios a reconocer el valor de destinar \u00e1reas de h\u00e1bitat a la conservaci\u00f3n o reforestaci\u00f3n para mejorar la conectividad de los ecosistemas en todo el paisaje.   <\/p>\n<\/div>\n<\/div>\n\n<div class=\"wp-block-group alignfull has-palette-color-14-color has-palette-color-4-background-color has-text-color has-background has-link-color wp-elements-9e809bac36b0959e1885aa5bd5702689 is-layout-constrained wp-container-core-group-is-layout-8d989f05 wp-block-group-is-layout-constrained\" style=\"margin-top:2.5em;margin-bottom:2.5em;padding-top:3em;padding-right:1em;padding-bottom:3em;padding-left:1em\">\n<p class=\"has-text-align-center\" style=\"font-size:clamp(1.055em, 1.055rem + ((1vw - 0.2em) * 0.719), 1.63em);line-height:1.38\"><strong><em>Pens\u00e9 que todo estaba en orden. Explot\u00e9 mis recursos naturales igual que mi padre, y el suyo antes que \u00e9l. Prest\u00e9 poca atenci\u00f3n a lo que realmente quedaba en el bosque. Despu\u00e9s de asistir al taller de Planificaci\u00f3n del Uso del Suelo de TKCP, me di cuenta del estado de agotamiento de mis recursos y de la importancia de planificar su sustento en el futuro. Ahora tengo la motivaci\u00f3n y las herramientas necesarias para hacerlo.<\/em><\/strong><\/p>\n\n\n\n<p class=\"has-text-align-center\" style=\"font-size:clamp(1.055em, 1.055rem + ((1vw - 0.2em) * 0.719), 1.63em);line-height:1.38\"><em>Danny James, aldea de Komareng, distrito de la costa de Rai<\/em><\/p>\n<\/div>\n\n<div class=\"wp-block-group alignfull heading-flag has-custom-white-color has-text-color has-link-color wp-elements-b1d632563569f55df12556545256735c is-layout-constrained wp-container-core-group-is-layout-35cbd09f wp-block-group-is-layout-constrained\" style=\"margin-top:3em;margin-bottom:3em;padding-top:0em;padding-right:0em;padding-bottom:0em;padding-left:0em\">\n<h2 class=\"wp-block-heading alignfull has-text-align-center\" style=\"margin-top:0px;margin-right:0px;margin-bottom:0px;margin-left:0px;padding-top:0.5em;padding-right:0em;padding-bottom:0.5em;padding-left:0em\">Liderazgo local en conservaci\u00f3n<\/h2>\n<\/div>\n\n<figure class=\"wp-block-image size-large\"><img loading=\"lazy\" decoding=\"async\" width=\"1024\" height=\"584\" src=\"https:\/\/zoo.org\/tkcp\/wp-content\/uploads\/sites\/2\/2025\/04\/LUP-Presentation-to-Govt-crop-1024x584.jpg\" alt=\"Un grupo de personas al aire libre, algunas con mapas y documentos. Una persona se arrodilla al frente, con un traje y una m&#xE1;scara de hojas, con &#xE1;rboles y una cerca de bamb&#xFA; al fondo. \" class=\"wp-image-1093\" srcset=\"https:\/\/treekangaroo.org\/wp-content\/uploads\/sites\/2\/2025\/04\/LUP-Presentation-to-Govt-crop-1024x584.jpg 1024w, https:\/\/treekangaroo.org\/wp-content\/uploads\/sites\/2\/2025\/04\/LUP-Presentation-to-Govt-crop-300x171.jpg 300w, https:\/\/treekangaroo.org\/wp-content\/uploads\/sites\/2\/2025\/04\/LUP-Presentation-to-Govt-crop-768x438.jpg 768w, https:\/\/treekangaroo.org\/wp-content\/uploads\/sites\/2\/2025\/04\/LUP-Presentation-to-Govt-crop.jpg 1080w\" sizes=\"auto, (max-width: 1024px) 100vw, 1024px\" \/><\/figure>\n\n<p>Las comunidades comparten sus Planes de Ordenamiento Territorial completados con representantes gubernamentales para que las necesidades prioritarias se incorporen a los procesos gubernamentales de planificaci\u00f3n del desarrollo rural y la protecci\u00f3n ambiental. Los planes y prioridades tambi\u00e9n se incorporan al Plan General de Paisaje de YUS para orientar la labor de TKCP y sus socios. TKCP aborda las necesidades de desarrollo de la comunidad mediante su trabajo en el marco de <a href=\"https:\/\/www.zoo.org\/tkcp\/communities\">la Estrategia Cuatro<\/a> .  <\/p>\n\n<p>Para fortalecer a\u00fan m\u00e1s la capacidad de la comunidad YUS para gestionar sus tierras y recursos de manera sustentable, TKCP est\u00e1 apoyando la creaci\u00f3n de planes de monitoreo basados en la comunidad para ayudar a los propietarios de tierras a seguir el progreso y la eficacia de los esfuerzos comunitarios y las decisiones sobre el uso de la tierra.<\/p>\n\n<h3 class=\"wp-block-heading\">Fortalecimiento del liderazgo local en conservaci\u00f3n<\/h3>\n\n<div class=\"wp-block-columns is-layout-flex wp-container-core-columns-is-layout-defbe903 wp-block-columns-is-layout-flex\" style=\"margin-top:2em\">\n<div class=\"wp-block-column is-layout-flow wp-block-column-is-layout-flow\" style=\"flex-basis:33.33%\">\n<figure class=\"wp-block-image size-full\"><img loading=\"lazy\" decoding=\"async\" width=\"762\" height=\"571\" src=\"https:\/\/zoo.org\/tkcp\/wp-content\/uploads\/sites\/2\/2025\/04\/Danny-Leadership.jpg\" alt=\"Dos hombres se sientan con las piernas cruzadas sobre una estera tejida, tomados de la mano, mientras otros se re&#xFA;nen en c&#xED;rculo. Las ollas cerca del fuego sugieren una reuni&#xF3;n comunitaria centrada en un futuro sostenible para la regi&#xF3;n YUS de Pap&#xFA;a Nueva Guinea. \" class=\"wp-image-1142\" srcset=\"https:\/\/treekangaroo.org\/wp-content\/uploads\/sites\/2\/2025\/04\/Danny-Leadership.jpg 762w, https:\/\/treekangaroo.org\/wp-content\/uploads\/sites\/2\/2025\/04\/Danny-Leadership-300x225.jpg 300w\" sizes=\"auto, (max-width: 762px) 100vw, 762px\" \/><\/figure>\n<\/div>\n\n\n\n<div class=\"wp-block-column is-layout-flow wp-block-column-is-layout-flow\" style=\"flex-basis:66.33%\">\n<p>Para garantizar la sostenibilidad de las iniciativas de conservaci\u00f3n y desarrollo comunitario en toda la YUS, TKCP se esfuerza por inspirar y fortalecer a los l\u00edderes locales de la YUS, quienes educar\u00e1n y movilizar\u00e1n a sus comunidades para la acci\u00f3n. La creaci\u00f3n de la asociaci\u00f3n local de propietarios de tierras, denominada Organizaci\u00f3n de Conservaci\u00f3n de la YUS, y del Comit\u00e9 de Gesti\u00f3n del \u00c1rea de Conservaci\u00f3n (CAMC), proporciona v\u00edas vitales para que los habitantes de la YUS se comuniquen e interact\u00faen con las altas esferas del gobierno. TKCP contin\u00faa apoyando a los l\u00edderes locales \u2014incluidos propietarios de tierras, l\u00edderes religiosos, consejeros de barrio, docentes y representantes de mujeres\u2014 con capacitaci\u00f3n y desarrollo de habilidades para maximizar las oportunidades que ofrecen estos v\u00ednculos. El desarrollo del liderazgo tambi\u00e9n es un componente esencial que contribuye a los esfuerzos de TKCP por promover <a href=\"https:\/\/www.zoo.org\/tkcp\/communities\">medios de vida sostenibles y el acceso a los servicios sociales en la YUS<\/a> .   <\/p>\n<\/div>\n<\/div>\n","protected":false},"excerpt":{"rendered":"<p>PLANIFICACI\u00d3N PARA UN FUTURO SOSTENIBLE Planificaci\u00f3n del uso comunitario del territorio y gesti\u00f3n sostenible de los recursos La planificaci\u00f3n del uso del suelo se utiliza en todo el mundo para ayudar a las comunidades a equilibrar las necesidades actuales de desarrollo con la consideraci\u00f3n de la sostenibilidad ambiental y la disponibilidad de recursos. En Estados [&hellip;]<\/p>\n","protected":false},"author":2,"featured_media":0,"parent":0,"menu_order":0,"comment_status":"closed","ping_status":"closed","template":"","meta":{"_acf_changed":false,"_kad_blocks_custom_css":"","_kad_blocks_head_custom_js":"","_kad_blocks_body_custom_js":"","_kad_blocks_footer_custom_js":"","footnotes":""},"class_list":["post-2283","page","type-page","status-publish","hentry"],"blocksy_meta":[],"acf":[],"yoast_head":"<!-- This site is optimized with the Yoast SEO plugin v27.4 - https:\/\/yoast.com\/product\/yoast-seo-wordpress\/ -->\n<title>-<\/title>\n<meta name=\"description\" content=\"Un programa emblem\u00e1tico del Zool\u00f3gico Woodland Park. El Programa de Conservaci\u00f3n del Canguro Arbor\u00edcola trabaja con comunidades locales en zonas rurales de Pap\u00faa Nueva Guinea para proteger al canguro arbor\u00edcola de Matschie, una especie en peligro de extinci\u00f3n, y su h\u00e1bitat.\" \/>\n<meta name=\"robots\" content=\"index, follow, max-snippet:-1, max-image-preview:large, max-video-preview:-1\" \/>\n<link rel=\"canonical\" href=\"https:\/\/treekangaroo.org\/es\/futuro-sostenible\/\" \/>\n<meta property=\"og:locale\" content=\"es_ES\" \/>\n<meta property=\"og:type\" content=\"article\" \/>\n<meta property=\"og:title\" content=\"-\" \/>\n<meta property=\"og:description\" content=\"Un programa emblem\u00e1tico del Zool\u00f3gico Woodland Park. El Programa de Conservaci\u00f3n del Canguro Arbor\u00edcola trabaja con comunidades locales en zonas rurales de Pap\u00faa Nueva Guinea para proteger al canguro arbor\u00edcola de Matschie, una especie en peligro de extinci\u00f3n, y su h\u00e1bitat.\" \/>\n<meta property=\"og:url\" content=\"https:\/\/treekangaroo.org\/es\/futuro-sostenible\/\" \/>\n<meta property=\"og:site_name\" content=\"Programa de conservaci\u00f3n del canguro arb\u00f3reo\" \/>\n<meta property=\"article:modified_time\" content=\"2025-12-09T18:56:07+00:00\" \/>\n<meta property=\"og:image\" content=\"https:\/\/zoo.org\/tkcp\/wp-content\/uploads\/sites\/2\/2025\/04\/Y2-LUP-Team-in-Sugan-photo-by-Danny-Samandingke-crop-1024x379.jpg\" \/>\n<meta name=\"twitter:card\" content=\"summary_large_image\" \/>\n<meta name=\"twitter:label1\" content=\"Tiempo de lectura\" \/>\n\t<meta name=\"twitter:data1\" content=\"4 minutos\" \/>\n<script type=\"application\/ld+json\" class=\"yoast-schema-graph\">{\"@context\":\"https:\\\/\\\/schema.org\",\"@graph\":[{\"@type\":\"WebPage\",\"@id\":\"https:\\\/\\\/treekangaroo.org\\\/es\\\/futuro-sostenible\\\/\",\"url\":\"https:\\\/\\\/treekangaroo.org\\\/es\\\/futuro-sostenible\\\/\",\"name\":\"-\",\"isPartOf\":{\"@id\":\"https:\\\/\\\/treekangaroo.org\\\/es\\\/#website\"},\"primaryImageOfPage\":{\"@id\":\"https:\\\/\\\/treekangaroo.org\\\/es\\\/futuro-sostenible\\\/#primaryimage\"},\"image\":{\"@id\":\"https:\\\/\\\/treekangaroo.org\\\/es\\\/futuro-sostenible\\\/#primaryimage\"},\"thumbnailUrl\":\"https:\\\/\\\/zoo.org\\\/tkcp\\\/wp-content\\\/uploads\\\/sites\\\/2\\\/2025\\\/04\\\/Y2-LUP-Team-in-Sugan-photo-by-Danny-Samandingke-crop-1024x379.jpg\",\"datePublished\":\"2024-08-05T17:47:00+00:00\",\"dateModified\":\"2025-12-09T18:56:07+00:00\",\"description\":\"Un programa emblem\u00e1tico del Zool\u00f3gico Woodland Park. El Programa de Conservaci\u00f3n del Canguro Arbor\u00edcola trabaja con comunidades locales en zonas rurales de Pap\u00faa Nueva Guinea para proteger al canguro arbor\u00edcola de Matschie, una especie en peligro de extinci\u00f3n, y su h\u00e1bitat.\",\"breadcrumb\":{\"@id\":\"https:\\\/\\\/treekangaroo.org\\\/es\\\/futuro-sostenible\\\/#breadcrumb\"},\"inLanguage\":\"es\",\"potentialAction\":[{\"@type\":\"ReadAction\",\"target\":[\"https:\\\/\\\/treekangaroo.org\\\/es\\\/futuro-sostenible\\\/\"]}]},{\"@type\":\"ImageObject\",\"inLanguage\":\"es\",\"@id\":\"https:\\\/\\\/treekangaroo.org\\\/es\\\/futuro-sostenible\\\/#primaryimage\",\"url\":\"https:\\\/\\\/zoo.org\\\/tkcp\\\/wp-content\\\/uploads\\\/sites\\\/2\\\/2025\\\/04\\\/Y2-LUP-Team-in-Sugan-photo-by-Danny-Samandingke-crop-1024x379.jpg\",\"contentUrl\":\"https:\\\/\\\/zoo.org\\\/tkcp\\\/wp-content\\\/uploads\\\/sites\\\/2\\\/2025\\\/04\\\/Y2-LUP-Team-in-Sugan-photo-by-Danny-Samandingke-crop-1024x379.jpg\"},{\"@type\":\"BreadcrumbList\",\"@id\":\"https:\\\/\\\/treekangaroo.org\\\/es\\\/futuro-sostenible\\\/#breadcrumb\",\"itemListElement\":[{\"@type\":\"ListItem\",\"position\":1,\"name\":\"Hogar\",\"item\":\"https:\\\/\\\/treekangaroo.org\\\/es\\\/\"},{\"@type\":\"ListItem\",\"position\":2,\"name\":\"Futuro sostenible\"}]},{\"@type\":\"WebSite\",\"@id\":\"https:\\\/\\\/treekangaroo.org\\\/es\\\/#website\",\"url\":\"https:\\\/\\\/treekangaroo.org\\\/es\\\/\",\"name\":\"Tree Kangaroo Conservation Program\",\"description\":\"\",\"publisher\":{\"@id\":\"https:\\\/\\\/treekangaroo.org\\\/es\\\/#organization\"},\"potentialAction\":[{\"@type\":\"SearchAction\",\"target\":{\"@type\":\"EntryPoint\",\"urlTemplate\":\"https:\\\/\\\/treekangaroo.org\\\/es\\\/?s={search_term_string}\"},\"query-input\":{\"@type\":\"PropertyValueSpecification\",\"valueRequired\":true,\"valueName\":\"search_term_string\"}}],\"inLanguage\":\"es\"},{\"@type\":\"Organization\",\"@id\":\"https:\\\/\\\/treekangaroo.org\\\/es\\\/#organization\",\"name\":\"Programa de conservaci\u00f3n del canguro arb\u00f3reo\",\"url\":\"https:\\\/\\\/treekangaroo.org\\\/es\\\/\",\"logo\":{\"@type\":\"ImageObject\",\"inLanguage\":\"es\",\"@id\":\"https:\\\/\\\/treekangaroo.org\\\/es\\\/#\\\/schema\\\/logo\\\/image\\\/\",\"url\":\"https:\\\/\\\/zoo.org\\\/tkcp\\\/wp-content\\\/uploads\\\/sites\\\/2\\\/2025\\\/04\\\/TKCP-PNG_Logo-white-web.png\",\"contentUrl\":\"https:\\\/\\\/zoo.org\\\/tkcp\\\/wp-content\\\/uploads\\\/sites\\\/2\\\/2025\\\/04\\\/TKCP-PNG_Logo-white-web.png\",\"width\":432,\"height\":358,\"caption\":\"Programa de conservaci\u00f3n del canguro arb\u00f3reo\"},\"image\":{\"@id\":\"https:\\\/\\\/treekangaroo.org\\\/es\\\/#\\\/schema\\\/logo\\\/image\\\/\"}}]}<\/script>\n<!-- \/ Yoast SEO plugin. -->","yoast_head_json":{"title":"-","description":"Un programa emblem\u00e1tico del Zool\u00f3gico Woodland Park. El Programa de Conservaci\u00f3n del Canguro Arbor\u00edcola trabaja con comunidades locales en zonas rurales de Pap\u00faa Nueva Guinea para proteger al canguro arbor\u00edcola de Matschie, una especie en peligro de extinci\u00f3n, y su h\u00e1bitat.","robots":{"index":"index","follow":"follow","max-snippet":"max-snippet:-1","max-image-preview":"max-image-preview:large","max-video-preview":"max-video-preview:-1"},"canonical":"https:\/\/treekangaroo.org\/es\/futuro-sostenible\/","og_locale":"es_ES","og_type":"article","og_title":"-","og_description":"Un programa emblem\u00e1tico del Zool\u00f3gico Woodland Park. El Programa de Conservaci\u00f3n del Canguro Arbor\u00edcola trabaja con comunidades locales en zonas rurales de Pap\u00faa Nueva Guinea para proteger al canguro arbor\u00edcola de Matschie, una especie en peligro de extinci\u00f3n, y su h\u00e1bitat.","og_url":"https:\/\/treekangaroo.org\/es\/futuro-sostenible\/","og_site_name":"Programa de conservaci\u00f3n del canguro arb\u00f3reo","article_modified_time":"2025-12-09T18:56:07+00:00","og_image":[{"url":"https:\/\/zoo.org\/tkcp\/wp-content\/uploads\/sites\/2\/2025\/04\/Y2-LUP-Team-in-Sugan-photo-by-Danny-Samandingke-crop-1024x379.jpg","type":"","width":"","height":""}],"twitter_card":"summary_large_image","twitter_misc":{"Tiempo de lectura":"4 minutos"},"schema":{"@context":"https:\/\/schema.org","@graph":[{"@type":"WebPage","@id":"https:\/\/treekangaroo.org\/es\/futuro-sostenible\/","url":"https:\/\/treekangaroo.org\/es\/futuro-sostenible\/","name":"-","isPartOf":{"@id":"https:\/\/treekangaroo.org\/es\/#website"},"primaryImageOfPage":{"@id":"https:\/\/treekangaroo.org\/es\/futuro-sostenible\/#primaryimage"},"image":{"@id":"https:\/\/treekangaroo.org\/es\/futuro-sostenible\/#primaryimage"},"thumbnailUrl":"https:\/\/zoo.org\/tkcp\/wp-content\/uploads\/sites\/2\/2025\/04\/Y2-LUP-Team-in-Sugan-photo-by-Danny-Samandingke-crop-1024x379.jpg","datePublished":"2024-08-05T17:47:00+00:00","dateModified":"2025-12-09T18:56:07+00:00","description":"Un programa emblem\u00e1tico del Zool\u00f3gico Woodland Park. El Programa de Conservaci\u00f3n del Canguro Arbor\u00edcola trabaja con comunidades locales en zonas rurales de Pap\u00faa Nueva Guinea para proteger al canguro arbor\u00edcola de Matschie, una especie en peligro de extinci\u00f3n, y su h\u00e1bitat.","breadcrumb":{"@id":"https:\/\/treekangaroo.org\/es\/futuro-sostenible\/#breadcrumb"},"inLanguage":"es","potentialAction":[{"@type":"ReadAction","target":["https:\/\/treekangaroo.org\/es\/futuro-sostenible\/"]}]},{"@type":"ImageObject","inLanguage":"es","@id":"https:\/\/treekangaroo.org\/es\/futuro-sostenible\/#primaryimage","url":"https:\/\/zoo.org\/tkcp\/wp-content\/uploads\/sites\/2\/2025\/04\/Y2-LUP-Team-in-Sugan-photo-by-Danny-Samandingke-crop-1024x379.jpg","contentUrl":"https:\/\/zoo.org\/tkcp\/wp-content\/uploads\/sites\/2\/2025\/04\/Y2-LUP-Team-in-Sugan-photo-by-Danny-Samandingke-crop-1024x379.jpg"},{"@type":"BreadcrumbList","@id":"https:\/\/treekangaroo.org\/es\/futuro-sostenible\/#breadcrumb","itemListElement":[{"@type":"ListItem","position":1,"name":"Hogar","item":"https:\/\/treekangaroo.org\/es\/"},{"@type":"ListItem","position":2,"name":"Futuro sostenible"}]},{"@type":"WebSite","@id":"https:\/\/treekangaroo.org\/es\/#website","url":"https:\/\/treekangaroo.org\/es\/","name":"Tree Kangaroo Conservation Program","description":"","publisher":{"@id":"https:\/\/treekangaroo.org\/es\/#organization"},"potentialAction":[{"@type":"SearchAction","target":{"@type":"EntryPoint","urlTemplate":"https:\/\/treekangaroo.org\/es\/?s={search_term_string}"},"query-input":{"@type":"PropertyValueSpecification","valueRequired":true,"valueName":"search_term_string"}}],"inLanguage":"es"},{"@type":"Organization","@id":"https:\/\/treekangaroo.org\/es\/#organization","name":"Programa de conservaci\u00f3n del canguro arb\u00f3reo","url":"https:\/\/treekangaroo.org\/es\/","logo":{"@type":"ImageObject","inLanguage":"es","@id":"https:\/\/treekangaroo.org\/es\/#\/schema\/logo\/image\/","url":"https:\/\/zoo.org\/tkcp\/wp-content\/uploads\/sites\/2\/2025\/04\/TKCP-PNG_Logo-white-web.png","contentUrl":"https:\/\/zoo.org\/tkcp\/wp-content\/uploads\/sites\/2\/2025\/04\/TKCP-PNG_Logo-white-web.png","width":432,"height":358,"caption":"Programa de conservaci\u00f3n del canguro arb\u00f3reo"},"image":{"@id":"https:\/\/treekangaroo.org\/es\/#\/schema\/logo\/image\/"}}]}},"taxonomy_info":[],"featured_image_src_large":false,"author_info":{"display_name":"","author_link":"https:\/\/treekangaroo.org\/es\/author\/"},"comment_info":0,"_links":{"self":[{"href":"https:\/\/treekangaroo.org\/es\/wp-json\/wp\/v2\/pages\/2283","targetHints":{"allow":["GET"]}}],"collection":[{"href":"https:\/\/treekangaroo.org\/es\/wp-json\/wp\/v2\/pages"}],"about":[{"href":"https:\/\/treekangaroo.org\/es\/wp-json\/wp\/v2\/types\/page"}],"author":[{"embeddable":true,"href":"https:\/\/treekangaroo.org\/es\/wp-json\/wp\/v2\/users\/2"}],"replies":[{"embeddable":true,"href":"https:\/\/treekangaroo.org\/es\/wp-json\/wp\/v2\/comments?post=2283"}],"version-history":[{"count":1,"href":"https:\/\/treekangaroo.org\/es\/wp-json\/wp\/v2\/pages\/2283\/revisions"}],"predecessor-version":[{"id":2284,"href":"https:\/\/treekangaroo.org\/es\/wp-json\/wp\/v2\/pages\/2283\/revisions\/2284"}],"wp:attachment":[{"href":"https:\/\/treekangaroo.org\/es\/wp-json\/wp\/v2\/media?parent=2283"}],"curies":[{"name":"wp","href":"https:\/\/api.w.org\/{rel}","templated":true}]}}