{"id":2286,"date":"2024-08-01T22:14:42","date_gmt":"2024-08-01T22:14:42","guid":{"rendered":"https:\/\/zoo.org\/tkcp\/gestion-de-yus\/"},"modified":"2025-12-09T18:56:09","modified_gmt":"2025-12-09T18:56:09","slug":"gestion-de-yus","status":"publish","type":"page","link":"https:\/\/treekangaroo.org\/es\/gestion-de-yus\/","title":{"rendered":"Gesti\u00f3n de YUS"},"content":{"rendered":"\n<div class=\"wp-block-cover alignfull hero\"><img loading=\"lazy\" decoding=\"async\" width=\"1800\" height=\"494\" class=\"wp-block-cover__image-background wp-image-1068\" alt=\"\" src=\"http:\/\/zoo.org\/tkcp\/wp-content\/uploads\/sites\/2\/2025\/04\/support-us-header.jpg\" data-object-fit=\"cover\" srcset=\"https:\/\/treekangaroo.org\/wp-content\/uploads\/sites\/2\/2025\/04\/support-us-header.jpg 1800w, https:\/\/treekangaroo.org\/wp-content\/uploads\/sites\/2\/2025\/04\/support-us-header-300x82.jpg 300w, https:\/\/treekangaroo.org\/wp-content\/uploads\/sites\/2\/2025\/04\/support-us-header-1024x281.jpg 1024w, https:\/\/treekangaroo.org\/wp-content\/uploads\/sites\/2\/2025\/04\/support-us-header-768x211.jpg 768w, https:\/\/treekangaroo.org\/wp-content\/uploads\/sites\/2\/2025\/04\/support-us-header-1536x422.jpg 1536w\" sizes=\"auto, (max-width: 1800px) 100vw, 1800px\" \/><span aria-hidden=\"true\" class=\"wp-block-cover__background has-background-dim-0 has-background-dim\" style=\"background-color:#5a6b5b\"><\/span><div class=\"wp-block-cover__inner-container is-layout-constrained wp-block-cover-is-layout-constrained\">\n<figure class=\"wp-block-image aligncenter size-full\"><img loading=\"lazy\" decoding=\"async\" width=\"721\" height=\"192\" src=\"http:\/\/zoo.org\/tkcp\/wp-content\/uploads\/sites\/2\/2025\/04\/TKCP_logo_PNG.png\" alt=\"\" class=\"wp-image-1091\" srcset=\"https:\/\/treekangaroo.org\/wp-content\/uploads\/sites\/2\/2025\/04\/TKCP_logo_PNG.png 721w, https:\/\/treekangaroo.org\/wp-content\/uploads\/sites\/2\/2025\/04\/TKCP_logo_PNG-300x80.png 300w\" sizes=\"auto, (max-width: 721px) 100vw, 721px\" \/><\/figure>\n<\/div><\/div>\n\n<div class=\"wp-block-group alignfull heading-flag has-custom-white-color has-text-color has-link-color wp-elements-3537d8ee56d28ba0103765da9b8f85c4 is-layout-constrained wp-container-core-group-is-layout-35cbd09f wp-block-group-is-layout-constrained\" style=\"margin-top:3em;margin-bottom:3em;padding-top:0em;padding-right:0em;padding-bottom:0em;padding-left:0em\">\n<h2 class=\"wp-block-heading alignfull has-text-align-center\" style=\"margin-top:0px;margin-right:0px;margin-bottom:0px;margin-left:0px;padding-top:0.5em;padding-right:0em;padding-bottom:0.5em;padding-left:0em\">GESTI\u00d3N DEL \u00c1REA DE CONSERVACI\u00d3N DE YUS<\/h2>\n<\/div>\n\n<h3 class=\"wp-block-heading\">Creaci\u00f3n del \u00c1rea de Conservaci\u00f3n YUS<\/h3>\n\n<p>El Programa de Conservaci\u00f3n del Canguro Arb\u00f3reo (TKCP) comenz\u00f3 en 1996 como un estudio de investigaci\u00f3n para determinar el estado del canguro arb\u00f3reo de Matschie, una especie en peligro de extinci\u00f3n. El TKCP, uno de los esfuerzos de conservaci\u00f3n m\u00e1s longevos y exitosos de Pap\u00faa Nueva Guinea, trabaja con las comunidades locales para establecer y gestionar el \u00c1rea de Conservaci\u00f3n YUS (YUS AC), llamada as\u00ed por los r\u00edos Yopno, Uruwa y Som, en la provincia de Morobe. \u00c1rea Protegida de Categor\u00eda VI de la UICN, la YUS AC es la primera y \u00fanica \u00e1rea protegida de su tipo en Pap\u00faa Nueva Guinea, brindando protecci\u00f3n a escala del paisaje, siendo propiedad exclusiva de la poblaci\u00f3n local y con el apoyo del Gobierno de Pap\u00faa Nueva Guinea para su protecci\u00f3n a largo plazo. El canguro arb\u00f3reo de Matschie (Dendrolagus matschiei) sigue siendo la especie emblem\u00e1tica del programa de conservaci\u00f3n general, mientras que el TKCP se ha expandido para satisfacer las necesidades de la vida silvestre, el h\u00e1bitat y las comunidades en todo el YUS. El Paisaje YUS, compuesto por terrenos comprometidos para la conservaci\u00f3n, as\u00ed como zonas de amortiguamiento de uso mixto, abarca m\u00e1s de 158.000 hect\u00e1reas (390.000 acres) que abarcan desde arrecifes costeros hasta picos de 4.000 metros. Casi el 70% del paisaje YUS est\u00e1 cubierto por una extensa extensi\u00f3n ininterrumpida de selva tropical y alberga una rica biodiversidad de flora y fauna.     <\/p>\n\n<p>La estrategia comunitaria de TKCP contribuye a brindar beneficios y mejorar la calidad de vida de m\u00e1s de 12.000 personas en 50 aldeas de YUS. Los terratenientes ind\u00edgenas y los miembros de la comunidad participan en la labor de TKCP, que incluye investigaci\u00f3n cient\u00edfica, mapeo territorial, educaci\u00f3n, salud, medios de vida sostenibles y actividades de divulgaci\u00f3n sobre conservaci\u00f3n. Bajo el singular sistema de tenencia de tierras de Pap\u00faa Nueva Guinea, m\u00e1s del 90% de la tierra del pa\u00eds est\u00e1 en manos de terratenientes consuetudinarios. Por lo tanto, la sostenibilidad de la AC de YUS depende del compromiso de los terratenientes locales. TKCP se centra en empoderar a los guardianes locales del medio ambiente.    <\/p>\n\n<div class=\"wp-block-group alignfull has-palette-color-14-color has-palette-color-4-background-color has-text-color has-background is-layout-constrained wp-container-core-group-is-layout-8d989f05 wp-block-group-is-layout-constrained\" style=\"margin-top:2.5em;margin-bottom:2.5em;padding-top:3em;padding-right:1em;padding-bottom:3em;padding-left:1em\">\n<p class=\"has-text-align-center\" style=\"font-size:clamp(1.055em, 1.055rem + ((1vw - 0.2em) * 0.719), 1.63em);line-height:1.38\"><strong><em>El concepto de conservaci\u00f3n no es nuevo para nosotros. Tradicionalmente, a nuestros jefes y ancianos de aldea se les confiaba la custodia de la tierra; un gran privilegio y honor. Algunas tierras fuera de nuestras aldeas est\u00e1n declaradas zonas prohibidas, o \u00abtambu\u00bb: se cree que estas \u00e1reas est\u00e1n controladas por poderosos seres invisibles. Los intrusos y sus familias sufrir\u00e1n la maldici\u00f3n de la mala fortuna o la muerte. Estas \u00e1reas de tambu sirven entonces como reservas, regenerando y repoblando todo el bosque.    <\/em><\/strong><\/p>\n\n\n\n<p class=\"has-text-align-center\" style=\"font-size:clamp(1.055em, 1.055rem + ((1vw - 0.2em) * 0.719), 1.63em);line-height:1.38\"><em>Daniel Solomon Okena, de &#8216;La vida de un guardabosques del \u00e1rea de conservaci\u00f3n de YUS&#8217;<\/em><\/p>\n<\/div>\n\n<div class=\"wp-block-group alignfull heading-flag has-custom-white-color has-text-color has-link-color wp-elements-d63f6f0b3f8ead309ef11030989dac22 is-layout-constrained wp-container-core-group-is-layout-35cbd09f wp-block-group-is-layout-constrained\" style=\"margin-top:3em;margin-bottom:3em;padding-top:0em;padding-right:0em;padding-bottom:0em;padding-left:0em\">\n<h2 class=\"wp-block-heading alignfull has-text-align-center\" style=\"margin-top:0px;margin-right:0px;margin-bottom:0px;margin-left:0px;padding-top:0.5em;padding-right:0em;padding-bottom:0.5em;padding-left:0em\">GUARDABOSQUES DEL \u00c1REA DE CONSERVACI\u00d3N DE YUS<\/h2>\n<\/div>\n\n<h3 class=\"wp-block-heading\">Los guardabosques son terratenientes locales<\/h3>\n\n<p>Para gestionar el \u00c1rea de Conservaci\u00f3n YUS, el TKCP colabora estrechamente con la comunidad de YUS y con los gobiernos locales, provinciales y nacionales de Pap\u00faa Nueva Guinea a trav\u00e9s del Comit\u00e9 de Gesti\u00f3n del \u00c1rea de Conservaci\u00f3n YUS (CAMC). El CAMC es responsable de la planificaci\u00f3n estrat\u00e9gica a largo plazo y de brindar a los propietarios de tierras de YUS orientaci\u00f3n estrat\u00e9gica, apoyo organizativo y normativo para el uso sostenible de los recursos. <\/p>\n\n<p>Otra primicia para Pap\u00faa Nueva Guinea: el equipo de guardabosques del \u00c1rea de Conservaci\u00f3n YUS se encarga de patrullar y monitorear la vida silvestre dentro y fuera del \u00c1rea de Conservaci\u00f3n YUS. Los guardabosques son terratenientes locales, designados por sus propias comunidades para realizar patrullajes y evaluar la eficacia de las iniciativas de conservaci\u00f3n en YUS. <\/p>\n\n<div class=\"wp-block-columns is-layout-flex wp-container-core-columns-is-layout-defbe903 wp-block-columns-is-layout-flex\" style=\"margin-top:2em\">\n<div class=\"wp-block-column is-layout-flow wp-block-column-is-layout-flow\" style=\"flex-basis:33.33%\">\n<figure class=\"wp-block-image size-full\"><img loading=\"lazy\" decoding=\"async\" width=\"800\" height=\"534\" src=\"https:\/\/zoo.org\/tkcp\/wp-content\/uploads\/sites\/2\/2025\/04\/Rangers-YUS-Conservation.jpg\" alt=\"Dos hombres en una zona boscosa; uno, que ayuda a gestionar la regi&#xF3;n YUS en Pap&#xFA;a Nueva Guinea, tiene en su camisa la leyenda &quot;Ranger YUS Conservation Area&quot; y est&#xE1; de espaldas a la c&#xE1;mara; el otro mira hacia adelante con un chaleco y una camisa a rayas naranjas.\" class=\"wp-image-1103\" srcset=\"https:\/\/treekangaroo.org\/wp-content\/uploads\/sites\/2\/2025\/04\/Rangers-YUS-Conservation.jpg 800w, https:\/\/treekangaroo.org\/wp-content\/uploads\/sites\/2\/2025\/04\/Rangers-YUS-Conservation-300x200.jpg 300w, https:\/\/treekangaroo.org\/wp-content\/uploads\/sites\/2\/2025\/04\/Rangers-YUS-Conservation-768x513.jpg 768w\" sizes=\"auto, (max-width: 800px) 100vw, 800px\" \/><\/figure>\n<\/div>\n\n\n\n<div class=\"wp-block-column is-layout-flow wp-block-column-is-layout-flow\" style=\"flex-basis:66.66%\">\n<p>Los guardabosques dedican siete d\u00edas al mes a patrullar segmentos del accidentado terreno del \u00c1rea de Conservaci\u00f3n YUS para registrar la presencia o ausencia de varias especies animales prioritarias, identificadas por la comunidad y que se encuentran amenazadas, y para detectar posibles infracciones de las ordenanzas comunitarias que rigen el \u00c1rea de Conservaci\u00f3n YUS. Los guardabosques comparten sus hallazgos y observaciones con sus comunidades para orientar el uso local de los recursos y las acciones de conservaci\u00f3n, e informan al TKCP para orientar la gesti\u00f3n estrat\u00e9gica del \u00c1rea de Conservaci\u00f3n YUS. Las posibles infracciones se informan a los propietarios de las tierras para su resoluci\u00f3n a trav\u00e9s del sistema judicial local. El TKCP contin\u00faa fortaleciendo la capacidad de los guardabosques de YUS para realizar monitoreo ecol\u00f3gico y planea incorporar el uso del Conocimiento Ecol\u00f3gico Tradicional en las patrullas de monitoreo.   <\/p>\n<\/div>\n<\/div>\n\n<div class=\"wp-block-cover alignfull\" style=\"min-height:400px;aspect-ratio:unset;\"><img loading=\"lazy\" decoding=\"async\" width=\"1024\" height=\"213\" class=\"wp-block-cover__image-background wp-image-1273 size-large\" alt=\"A roughly oval, weathered stone sign with red handwritten text about the YUS Conservation Area surrounded by green leafy branches.\" src=\"https:\/\/zoo.org\/tkcp\/wp-content\/uploads\/sites\/2\/2025\/04\/YUS-landowner-sign-1024x213.jpg\" data-object-fit=\"cover\" srcset=\"https:\/\/treekangaroo.org\/wp-content\/uploads\/sites\/2\/2025\/04\/YUS-landowner-sign-1024x213.jpg 1024w, https:\/\/treekangaroo.org\/wp-content\/uploads\/sites\/2\/2025\/04\/YUS-landowner-sign-300x63.jpg 300w, https:\/\/treekangaroo.org\/wp-content\/uploads\/sites\/2\/2025\/04\/YUS-landowner-sign-768x160.jpg 768w, https:\/\/treekangaroo.org\/wp-content\/uploads\/sites\/2\/2025\/04\/YUS-landowner-sign-1536x320.jpg 1536w, https:\/\/treekangaroo.org\/wp-content\/uploads\/sites\/2\/2025\/04\/YUS-landowner-sign.jpg 1920w\" sizes=\"auto, (max-width: 1024px) 100vw, 1024px\" \/><span aria-hidden=\"true\" class=\"wp-block-cover__background has-background-dim-0 has-background-dim\" style=\"background-color:#7d8071\"><\/span><div class=\"wp-block-cover__inner-container is-layout-flow wp-block-cover-is-layout-flow\">\n<p class=\"has-text-align-center has-large-font-size\"><\/p>\n<\/div><\/div>\n\n<div class=\"wp-block-group alignfull heading-flag has-custom-white-color has-text-color has-link-color wp-elements-cde920d75bb61a8fafd9e92693b840f6 is-layout-constrained wp-container-core-group-is-layout-35cbd09f wp-block-group-is-layout-constrained\" style=\"margin-top:3em;margin-bottom:3em;padding-top:0em;padding-right:0em;padding-bottom:0em;padding-left:0em\">\n<h2 class=\"wp-block-heading alignfull has-text-align-center\" style=\"margin-top:0px;margin-right:0px;margin-bottom:0px;margin-left:0px;padding-top:0.5em;padding-right:0em;padding-bottom:0.5em;padding-left:0em\">CARTOGRAF\u00cdA Y CONCIENCIACI\u00d3N SOBRE LA CONSERVACI\u00d3N<\/h2>\n<\/div>\n\n<h3 class=\"wp-block-heading\">Mapeo del \u00c1rea de Conservaci\u00f3n de YUS<\/h3>\n\n<div class=\"wp-block-columns is-layout-flex wp-container-core-columns-is-layout-28f84493 wp-block-columns-is-layout-flex\">\n<div class=\"wp-block-column is-layout-flow wp-block-column-is-layout-flow\" style=\"flex-basis:33.33%\">\n<figure class=\"wp-block-image size-full\"><img loading=\"lazy\" decoding=\"async\" width=\"800\" height=\"533\" src=\"https:\/\/zoo.org\/tkcp\/wp-content\/uploads\/sites\/2\/2025\/04\/Victor-Eki-Mapping.jpg\" alt=\"Una persona que sostiene un bast&#xF3;n y un dispositivo, posiblemente un GPS, se encuentra en una ladera cubierta de hierba con una mochila, contemplando el exuberante paisaje monta&#xF1;oso de la regi&#xF3;n YUS en Pap&#xFA;a Nueva Guinea bajo un cielo parcialmente nublado.\" class=\"wp-image-1120\" srcset=\"https:\/\/treekangaroo.org\/wp-content\/uploads\/sites\/2\/2025\/04\/Victor-Eki-Mapping.jpg 800w, https:\/\/treekangaroo.org\/wp-content\/uploads\/sites\/2\/2025\/04\/Victor-Eki-Mapping-300x200.jpg 300w, https:\/\/treekangaroo.org\/wp-content\/uploads\/sites\/2\/2025\/04\/Victor-Eki-Mapping-768x512.jpg 768w\" sizes=\"auto, (max-width: 800px) 100vw, 800px\" \/><\/figure>\n<\/div>\n\n\n\n<div class=\"wp-block-column is-layout-flow wp-block-column-is-layout-flow\" style=\"flex-basis:66.66%\">\n<p>Para fomentar un entendimiento com\u00fan sobre los l\u00edmites y las normas del \u00c1rea de Conservaci\u00f3n YUS, TKCP contin\u00faa inspeccionando y cartografiando las tierras comprometidas por los terratenientes locales. Se han instalado letreros a lo largo de los principales senderos y puntos de acceso para concienciar a la comunidad y reducir la incidencia de actividades ilegales en las \u00e1reas protegidas. Adem\u00e1s de cartografiar el \u00c1rea de Conservaci\u00f3n YUS, el equipo de TKCP est\u00e1 cartografiando los l\u00edmites de las tierras de las aldeas en todo el territorio de YUS para evitar futuros desacuerdos y disputas. A lo largo de diez a\u00f1os, el Equipo de Cartograf\u00eda de TKCP ha cartografiado m\u00e1s de 45\u00a0000 hect\u00e1reas (112\u00a0000 acres) del accidentado paisaje de YUS.   <\/p>\n<\/div>\n<\/div>\n\n<p>Para obtener m\u00e1s informaci\u00f3n sobre nuestro trabajo de gesti\u00f3n del \u00c1rea de Conservaci\u00f3n de YUS, consulte el <a href=\"http:\/#\">Plan de Paisaje de YUS<\/a> o nuestros <a href=\"http:\/#\">Informes Anuales<\/a> .<\/p>\n","protected":false},"excerpt":{"rendered":"<p>GESTI\u00d3N DEL \u00c1REA DE CONSERVACI\u00d3N DE YUS Creaci\u00f3n del \u00c1rea de Conservaci\u00f3n YUS El Programa de Conservaci\u00f3n del Canguro Arb\u00f3reo (TKCP) comenz\u00f3 en 1996 como un estudio de investigaci\u00f3n para determinar el estado del canguro arb\u00f3reo de Matschie, una especie en peligro de extinci\u00f3n. El TKCP, uno de los esfuerzos de conservaci\u00f3n m\u00e1s longevos y [&hellip;]<\/p>\n","protected":false},"author":2,"featured_media":0,"parent":0,"menu_order":0,"comment_status":"closed","ping_status":"closed","template":"","meta":{"_acf_changed":false,"_kad_blocks_custom_css":"","_kad_blocks_head_custom_js":"","_kad_blocks_body_custom_js":"","_kad_blocks_footer_custom_js":"","footnotes":""},"class_list":["post-2286","page","type-page","status-publish","hentry"],"blocksy_meta":[],"acf":[],"yoast_head":"<!-- This site is optimized with the Yoast SEO plugin v27.4 - https:\/\/yoast.com\/product\/yoast-seo-wordpress\/ -->\n<title>-<\/title>\n<meta name=\"description\" content=\"Un programa emblem\u00e1tico del Zool\u00f3gico Woodland Park. El Programa de Conservaci\u00f3n del Canguro Arbor\u00edcola trabaja con comunidades locales en zonas rurales de Pap\u00faa Nueva Guinea para proteger al canguro arbor\u00edcola de Matschie, una especie en peligro de extinci\u00f3n, y su h\u00e1bitat.\" \/>\n<meta name=\"robots\" content=\"index, follow, max-snippet:-1, max-image-preview:large, max-video-preview:-1\" \/>\n<link rel=\"canonical\" href=\"https:\/\/treekangaroo.org\/es\/gestion-de-yus\/\" \/>\n<meta property=\"og:locale\" content=\"es_ES\" \/>\n<meta property=\"og:type\" content=\"article\" \/>\n<meta property=\"og:title\" content=\"-\" \/>\n<meta property=\"og:description\" content=\"Un programa emblem\u00e1tico del Zool\u00f3gico Woodland Park. El Programa de Conservaci\u00f3n del Canguro Arbor\u00edcola trabaja con comunidades locales en zonas rurales de Pap\u00faa Nueva Guinea para proteger al canguro arbor\u00edcola de Matschie, una especie en peligro de extinci\u00f3n, y su h\u00e1bitat.\" \/>\n<meta property=\"og:url\" content=\"https:\/\/treekangaroo.org\/es\/gestion-de-yus\/\" \/>\n<meta property=\"og:site_name\" content=\"Programa de conservaci\u00f3n del canguro arb\u00f3reo\" \/>\n<meta property=\"article:modified_time\" content=\"2025-12-09T18:56:09+00:00\" \/>\n<meta property=\"og:image\" content=\"https:\/\/zoo.org\/tkcp\/wp-content\/uploads\/sites\/2\/2025\/04\/Rangers-YUS-Conservation.jpg\" \/>\n<meta name=\"twitter:card\" content=\"summary_large_image\" \/>\n<meta name=\"twitter:label1\" content=\"Tiempo de lectura\" \/>\n\t<meta name=\"twitter:data1\" content=\"5 minutos\" \/>\n<script type=\"application\/ld+json\" class=\"yoast-schema-graph\">{\"@context\":\"https:\\\/\\\/schema.org\",\"@graph\":[{\"@type\":\"WebPage\",\"@id\":\"https:\\\/\\\/treekangaroo.org\\\/es\\\/gestion-de-yus\\\/\",\"url\":\"https:\\\/\\\/treekangaroo.org\\\/es\\\/gestion-de-yus\\\/\",\"name\":\"-\",\"isPartOf\":{\"@id\":\"https:\\\/\\\/treekangaroo.org\\\/es\\\/#website\"},\"primaryImageOfPage\":{\"@id\":\"https:\\\/\\\/treekangaroo.org\\\/es\\\/gestion-de-yus\\\/#primaryimage\"},\"image\":{\"@id\":\"https:\\\/\\\/treekangaroo.org\\\/es\\\/gestion-de-yus\\\/#primaryimage\"},\"thumbnailUrl\":\"https:\\\/\\\/zoo.org\\\/tkcp\\\/wp-content\\\/uploads\\\/sites\\\/2\\\/2025\\\/04\\\/Rangers-YUS-Conservation.jpg\",\"datePublished\":\"2024-08-01T22:14:42+00:00\",\"dateModified\":\"2025-12-09T18:56:09+00:00\",\"description\":\"Un programa emblem\u00e1tico del Zool\u00f3gico Woodland Park. El Programa de Conservaci\u00f3n del Canguro Arbor\u00edcola trabaja con comunidades locales en zonas rurales de Pap\u00faa Nueva Guinea para proteger al canguro arbor\u00edcola de Matschie, una especie en peligro de extinci\u00f3n, y su h\u00e1bitat.\",\"breadcrumb\":{\"@id\":\"https:\\\/\\\/treekangaroo.org\\\/es\\\/gestion-de-yus\\\/#breadcrumb\"},\"inLanguage\":\"es\",\"potentialAction\":[{\"@type\":\"ReadAction\",\"target\":[\"https:\\\/\\\/treekangaroo.org\\\/es\\\/gestion-de-yus\\\/\"]}]},{\"@type\":\"ImageObject\",\"inLanguage\":\"es\",\"@id\":\"https:\\\/\\\/treekangaroo.org\\\/es\\\/gestion-de-yus\\\/#primaryimage\",\"url\":\"https:\\\/\\\/zoo.org\\\/tkcp\\\/wp-content\\\/uploads\\\/sites\\\/2\\\/2025\\\/04\\\/Rangers-YUS-Conservation.jpg\",\"contentUrl\":\"https:\\\/\\\/zoo.org\\\/tkcp\\\/wp-content\\\/uploads\\\/sites\\\/2\\\/2025\\\/04\\\/Rangers-YUS-Conservation.jpg\"},{\"@type\":\"BreadcrumbList\",\"@id\":\"https:\\\/\\\/treekangaroo.org\\\/es\\\/gestion-de-yus\\\/#breadcrumb\",\"itemListElement\":[{\"@type\":\"ListItem\",\"position\":1,\"name\":\"Hogar\",\"item\":\"https:\\\/\\\/treekangaroo.org\\\/es\\\/\"},{\"@type\":\"ListItem\",\"position\":2,\"name\":\"Gesti\u00f3n de YUS\"}]},{\"@type\":\"WebSite\",\"@id\":\"https:\\\/\\\/treekangaroo.org\\\/es\\\/#website\",\"url\":\"https:\\\/\\\/treekangaroo.org\\\/es\\\/\",\"name\":\"Tree Kangaroo Conservation Program\",\"description\":\"\",\"publisher\":{\"@id\":\"https:\\\/\\\/treekangaroo.org\\\/es\\\/#organization\"},\"potentialAction\":[{\"@type\":\"SearchAction\",\"target\":{\"@type\":\"EntryPoint\",\"urlTemplate\":\"https:\\\/\\\/treekangaroo.org\\\/es\\\/?s={search_term_string}\"},\"query-input\":{\"@type\":\"PropertyValueSpecification\",\"valueRequired\":true,\"valueName\":\"search_term_string\"}}],\"inLanguage\":\"es\"},{\"@type\":\"Organization\",\"@id\":\"https:\\\/\\\/treekangaroo.org\\\/es\\\/#organization\",\"name\":\"Programa de conservaci\u00f3n del canguro arb\u00f3reo\",\"url\":\"https:\\\/\\\/treekangaroo.org\\\/es\\\/\",\"logo\":{\"@type\":\"ImageObject\",\"inLanguage\":\"es\",\"@id\":\"https:\\\/\\\/treekangaroo.org\\\/es\\\/#\\\/schema\\\/logo\\\/image\\\/\",\"url\":\"https:\\\/\\\/zoo.org\\\/tkcp\\\/wp-content\\\/uploads\\\/sites\\\/2\\\/2025\\\/04\\\/TKCP-PNG_Logo-white-web.png\",\"contentUrl\":\"https:\\\/\\\/zoo.org\\\/tkcp\\\/wp-content\\\/uploads\\\/sites\\\/2\\\/2025\\\/04\\\/TKCP-PNG_Logo-white-web.png\",\"width\":432,\"height\":358,\"caption\":\"Programa de conservaci\u00f3n del canguro arb\u00f3reo\"},\"image\":{\"@id\":\"https:\\\/\\\/treekangaroo.org\\\/es\\\/#\\\/schema\\\/logo\\\/image\\\/\"}}]}<\/script>\n<!-- \/ Yoast SEO plugin. -->","yoast_head_json":{"title":"-","description":"Un programa emblem\u00e1tico del Zool\u00f3gico Woodland Park. El Programa de Conservaci\u00f3n del Canguro Arbor\u00edcola trabaja con comunidades locales en zonas rurales de Pap\u00faa Nueva Guinea para proteger al canguro arbor\u00edcola de Matschie, una especie en peligro de extinci\u00f3n, y su h\u00e1bitat.","robots":{"index":"index","follow":"follow","max-snippet":"max-snippet:-1","max-image-preview":"max-image-preview:large","max-video-preview":"max-video-preview:-1"},"canonical":"https:\/\/treekangaroo.org\/es\/gestion-de-yus\/","og_locale":"es_ES","og_type":"article","og_title":"-","og_description":"Un programa emblem\u00e1tico del Zool\u00f3gico Woodland Park. El Programa de Conservaci\u00f3n del Canguro Arbor\u00edcola trabaja con comunidades locales en zonas rurales de Pap\u00faa Nueva Guinea para proteger al canguro arbor\u00edcola de Matschie, una especie en peligro de extinci\u00f3n, y su h\u00e1bitat.","og_url":"https:\/\/treekangaroo.org\/es\/gestion-de-yus\/","og_site_name":"Programa de conservaci\u00f3n del canguro arb\u00f3reo","article_modified_time":"2025-12-09T18:56:09+00:00","og_image":[{"url":"https:\/\/zoo.org\/tkcp\/wp-content\/uploads\/sites\/2\/2025\/04\/Rangers-YUS-Conservation.jpg","type":"","width":"","height":""}],"twitter_card":"summary_large_image","twitter_misc":{"Tiempo de lectura":"5 minutos"},"schema":{"@context":"https:\/\/schema.org","@graph":[{"@type":"WebPage","@id":"https:\/\/treekangaroo.org\/es\/gestion-de-yus\/","url":"https:\/\/treekangaroo.org\/es\/gestion-de-yus\/","name":"-","isPartOf":{"@id":"https:\/\/treekangaroo.org\/es\/#website"},"primaryImageOfPage":{"@id":"https:\/\/treekangaroo.org\/es\/gestion-de-yus\/#primaryimage"},"image":{"@id":"https:\/\/treekangaroo.org\/es\/gestion-de-yus\/#primaryimage"},"thumbnailUrl":"https:\/\/zoo.org\/tkcp\/wp-content\/uploads\/sites\/2\/2025\/04\/Rangers-YUS-Conservation.jpg","datePublished":"2024-08-01T22:14:42+00:00","dateModified":"2025-12-09T18:56:09+00:00","description":"Un programa emblem\u00e1tico del Zool\u00f3gico Woodland Park. El Programa de Conservaci\u00f3n del Canguro Arbor\u00edcola trabaja con comunidades locales en zonas rurales de Pap\u00faa Nueva Guinea para proteger al canguro arbor\u00edcola de Matschie, una especie en peligro de extinci\u00f3n, y su h\u00e1bitat.","breadcrumb":{"@id":"https:\/\/treekangaroo.org\/es\/gestion-de-yus\/#breadcrumb"},"inLanguage":"es","potentialAction":[{"@type":"ReadAction","target":["https:\/\/treekangaroo.org\/es\/gestion-de-yus\/"]}]},{"@type":"ImageObject","inLanguage":"es","@id":"https:\/\/treekangaroo.org\/es\/gestion-de-yus\/#primaryimage","url":"https:\/\/zoo.org\/tkcp\/wp-content\/uploads\/sites\/2\/2025\/04\/Rangers-YUS-Conservation.jpg","contentUrl":"https:\/\/zoo.org\/tkcp\/wp-content\/uploads\/sites\/2\/2025\/04\/Rangers-YUS-Conservation.jpg"},{"@type":"BreadcrumbList","@id":"https:\/\/treekangaroo.org\/es\/gestion-de-yus\/#breadcrumb","itemListElement":[{"@type":"ListItem","position":1,"name":"Hogar","item":"https:\/\/treekangaroo.org\/es\/"},{"@type":"ListItem","position":2,"name":"Gesti\u00f3n de YUS"}]},{"@type":"WebSite","@id":"https:\/\/treekangaroo.org\/es\/#website","url":"https:\/\/treekangaroo.org\/es\/","name":"Tree Kangaroo Conservation Program","description":"","publisher":{"@id":"https:\/\/treekangaroo.org\/es\/#organization"},"potentialAction":[{"@type":"SearchAction","target":{"@type":"EntryPoint","urlTemplate":"https:\/\/treekangaroo.org\/es\/?s={search_term_string}"},"query-input":{"@type":"PropertyValueSpecification","valueRequired":true,"valueName":"search_term_string"}}],"inLanguage":"es"},{"@type":"Organization","@id":"https:\/\/treekangaroo.org\/es\/#organization","name":"Programa de conservaci\u00f3n del canguro arb\u00f3reo","url":"https:\/\/treekangaroo.org\/es\/","logo":{"@type":"ImageObject","inLanguage":"es","@id":"https:\/\/treekangaroo.org\/es\/#\/schema\/logo\/image\/","url":"https:\/\/zoo.org\/tkcp\/wp-content\/uploads\/sites\/2\/2025\/04\/TKCP-PNG_Logo-white-web.png","contentUrl":"https:\/\/zoo.org\/tkcp\/wp-content\/uploads\/sites\/2\/2025\/04\/TKCP-PNG_Logo-white-web.png","width":432,"height":358,"caption":"Programa de conservaci\u00f3n del canguro arb\u00f3reo"},"image":{"@id":"https:\/\/treekangaroo.org\/es\/#\/schema\/logo\/image\/"}}]}},"taxonomy_info":[],"featured_image_src_large":false,"author_info":{"display_name":"","author_link":"https:\/\/treekangaroo.org\/es\/author\/"},"comment_info":0,"_links":{"self":[{"href":"https:\/\/treekangaroo.org\/es\/wp-json\/wp\/v2\/pages\/2286","targetHints":{"allow":["GET"]}}],"collection":[{"href":"https:\/\/treekangaroo.org\/es\/wp-json\/wp\/v2\/pages"}],"about":[{"href":"https:\/\/treekangaroo.org\/es\/wp-json\/wp\/v2\/types\/page"}],"author":[{"embeddable":true,"href":"https:\/\/treekangaroo.org\/es\/wp-json\/wp\/v2\/users\/2"}],"replies":[{"embeddable":true,"href":"https:\/\/treekangaroo.org\/es\/wp-json\/wp\/v2\/comments?post=2286"}],"version-history":[{"count":1,"href":"https:\/\/treekangaroo.org\/es\/wp-json\/wp\/v2\/pages\/2286\/revisions"}],"predecessor-version":[{"id":2287,"href":"https:\/\/treekangaroo.org\/es\/wp-json\/wp\/v2\/pages\/2286\/revisions\/2287"}],"wp:attachment":[{"href":"https:\/\/treekangaroo.org\/es\/wp-json\/wp\/v2\/media?parent=2286"}],"curies":[{"name":"wp","href":"https:\/\/api.w.org\/{rel}","templated":true}]}}