{"id":2298,"date":"2024-08-09T18:26:01","date_gmt":"2024-08-09T18:26:01","guid":{"rendered":"https:\/\/zoo.org\/tkcp\/operacion-del-programa\/"},"modified":"2025-12-09T18:56:13","modified_gmt":"2025-12-09T18:56:13","slug":"operacion-del-programa","status":"publish","type":"page","link":"https:\/\/treekangaroo.org\/es\/operacion-del-programa\/","title":{"rendered":"Operaci\u00f3n del Programa"},"content":{"rendered":"\n<div class=\"wp-block-cover alignfull hero\"><img loading=\"lazy\" decoding=\"async\" width=\"1800\" height=\"494\" class=\"wp-block-cover__image-background wp-image-1068\" alt=\"\" src=\"http:\/\/zoo.org\/tkcp\/wp-content\/uploads\/sites\/2\/2025\/04\/support-us-header.jpg\" data-object-fit=\"cover\" srcset=\"https:\/\/treekangaroo.org\/wp-content\/uploads\/sites\/2\/2025\/04\/support-us-header.jpg 1800w, https:\/\/treekangaroo.org\/wp-content\/uploads\/sites\/2\/2025\/04\/support-us-header-300x82.jpg 300w, https:\/\/treekangaroo.org\/wp-content\/uploads\/sites\/2\/2025\/04\/support-us-header-1024x281.jpg 1024w, https:\/\/treekangaroo.org\/wp-content\/uploads\/sites\/2\/2025\/04\/support-us-header-768x211.jpg 768w, https:\/\/treekangaroo.org\/wp-content\/uploads\/sites\/2\/2025\/04\/support-us-header-1536x422.jpg 1536w\" sizes=\"auto, (max-width: 1800px) 100vw, 1800px\" \/><span aria-hidden=\"true\" class=\"wp-block-cover__background has-background-dim-0 has-background-dim\" style=\"background-color:#5a6b5b\"><\/span><div class=\"wp-block-cover__inner-container is-layout-constrained wp-block-cover-is-layout-constrained\">\n<figure class=\"wp-block-image aligncenter size-full\"><img loading=\"lazy\" decoding=\"async\" width=\"721\" height=\"192\" src=\"http:\/\/zoo.org\/tkcp\/wp-content\/uploads\/sites\/2\/2025\/04\/TKCP_logo_PNG.png\" alt=\"\" class=\"wp-image-1091\" srcset=\"https:\/\/treekangaroo.org\/wp-content\/uploads\/sites\/2\/2025\/04\/TKCP_logo_PNG.png 721w, https:\/\/treekangaroo.org\/wp-content\/uploads\/sites\/2\/2025\/04\/TKCP_logo_PNG-300x80.png 300w\" sizes=\"auto, (max-width: 721px) 100vw, 721px\" \/><\/figure>\n<\/div><\/div>\n\n<div class=\"wp-block-group alignfull heading-flag has-custom-white-color has-text-color has-link-color wp-elements-934ffcd5b8d4d1e107cb642d3c7057be is-layout-constrained wp-container-core-group-is-layout-35cbd09f wp-block-group-is-layout-constrained\" style=\"margin-top:3em;margin-bottom:3em;padding-top:0em;padding-right:0em;padding-bottom:0em;padding-left:0em\">\n<h2 class=\"wp-block-heading alignfull has-text-align-center\" style=\"margin-top:0px;margin-right:0px;margin-bottom:0px;margin-left:0px;padding-top:0.5em;padding-right:0em;padding-bottom:0.5em;padding-left:0em\">OPERACI\u00d3N DEL PROGRAMA<\/h2>\n<\/div>\n\n<p>La sostenibilidad, la prosperidad y la calidad de vida en YUS pertenecen, en \u00faltima instancia, a las comunidades locales y al gobierno de Pap\u00faa Nueva Guinea. Por lo tanto, es vital que las actividades de TKCP sigan reflejando las aspiraciones de la comunidad y que la autoridad y la responsabilidad de la toma de decisiones se transfieran a instituciones locales con los recursos y la capacidad para mantener un apoyo a largo plazo al paisaje y a la gente de YUS. <\/p>\n\n<h3 class=\"wp-block-heading\">Desarrollo de capacidades profesionales y organizativas locales<\/h3>\n\n<p>Desde sus or\u00edgenes como una iniciativa de conservaci\u00f3n individual con sede en el Zool\u00f3gico Woodland Park de Seattle (con el apoyo, por supuesto, de una importante red de colegas en Pap\u00faa Nueva Guinea, Estados Unidos y Australia), el Programa de Conservaci\u00f3n del Canguro Arb\u00f3reo se ha convertido en un programa hol\u00edstico y galardonado, con m\u00e1s de 25 empleados locales que ayudan a proteger un paisaje pr\u00edstino m\u00e1s grande que Singapur (y el doble de grande que Seattle). Desde sus inicios, la Dra. Lisa Dabek concibi\u00f3 el TKCP como una iniciativa comunitaria de base, impulsada por los intereses, la pasi\u00f3n y el compromiso de la gente de YUS y Pap\u00faa Nueva Guinea. Para respaldar esta visi\u00f3n, el Programa de Conservaci\u00f3n del Canguro Arb\u00f3reo ha establecido una organizaci\u00f3n no gubernamental local, TKCP-PNG, para asumir la responsabilidad de la administraci\u00f3n e implementaci\u00f3n del programa en Pap\u00faa Nueva Guinea. Dirigida por una Junta Directiva independiente y compuesta casi en su totalidad por personal local, la ONG ahora trabaja en colaboraci\u00f3n con el TKCP del Zool\u00f3gico Woodland Park. El nombre general de esta asociaci\u00f3n es Programa de Conservaci\u00f3n del Canguro Arb\u00f3reo (TKCP).    <\/p>\n\n<p>TKCP apoya firmemente el desarrollo continuo de la experiencia cient\u00edfica local en Pap\u00faa Nueva Guinea y se esfuerza por brindar a su personal y socios locales oportunidades para interactuar y aprender de profesionales de la conservaci\u00f3n de toda la regi\u00f3n y del mundo. El personal de TKCP participa en conferencias y talleres internacionales para ampliar sus redes profesionales y desarrollar sus capacidades. Dado que el \u00c1rea de Conservaci\u00f3n YUS es la primera \u00e1rea protegida a nivel nacional en Pap\u00faa Nueva Guinea, la interacci\u00f3n con redes externas es un componente valioso que impulsa la eficacia de las iniciativas de TKCP y apoya el desarrollo continuo de pr\u00e1cticas de conservaci\u00f3n exitosas para su aplicaci\u00f3n en todo Pap\u00faa Nueva Guinea.  <\/p>\n\n<div class=\"wp-block-columns is-layout-flex wp-container-core-columns-is-layout-defbe903 wp-block-columns-is-layout-flex\" style=\"margin-top:2em\">\n<div class=\"wp-block-column is-layout-flow wp-block-column-is-layout-flow\">\n<figure class=\"wp-block-image size-full\"><img loading=\"lazy\" decoding=\"async\" width=\"800\" height=\"533\" src=\"https:\/\/zoo.org\/tkcp\/wp-content\/uploads\/sites\/2\/2025\/04\/Operating3-TKCP.jpg\" alt=\"Un grupo de trece personas, incluidos hombres y mujeres, se paran y se arrodillan juntos sobre el c&#xE9;sped frente a exuberantes plantas verdes, sonriendo a la c&#xE1;mara en un entorno soleado al aire libre mientras operan el Programa de Conservaci&#xF3;n del Canguro Arb&#xF3;reo.\" class=\"wp-image-1099\" srcset=\"https:\/\/treekangaroo.org\/wp-content\/uploads\/sites\/2\/2025\/04\/Operating3-TKCP.jpg 800w, https:\/\/treekangaroo.org\/wp-content\/uploads\/sites\/2\/2025\/04\/Operating3-TKCP-300x200.jpg 300w, https:\/\/treekangaroo.org\/wp-content\/uploads\/sites\/2\/2025\/04\/Operating3-TKCP-768x512.jpg 768w\" sizes=\"auto, (max-width: 800px) 100vw, 800px\" \/><\/figure>\n<\/div>\n\n\n\n<div class=\"wp-block-column is-layout-flow wp-block-column-is-layout-flow\">\n<figure class=\"wp-block-image size-full\"><img loading=\"lazy\" decoding=\"async\" width=\"800\" height=\"533\" src=\"https:\/\/zoo.org\/tkcp\/wp-content\/uploads\/sites\/2\/2025\/04\/Operating2-TKCP.jpg\" alt=\"Seis personas est&#xE1;n de pie alrededor de una mesa cubierta de papeles y calendarios marcados con notas adhesivas de colores, discutiendo y planificando los pr&#xF3;ximos pasos para operar el Programa de Conservaci&#xF3;n del Canguro Arb&#xF3;reo en un entorno de oficina luminoso.\" class=\"wp-image-1098\" srcset=\"https:\/\/treekangaroo.org\/wp-content\/uploads\/sites\/2\/2025\/04\/Operating2-TKCP.jpg 800w, https:\/\/treekangaroo.org\/wp-content\/uploads\/sites\/2\/2025\/04\/Operating2-TKCP-300x200.jpg 300w, https:\/\/treekangaroo.org\/wp-content\/uploads\/sites\/2\/2025\/04\/Operating2-TKCP-768x512.jpg 768w\" sizes=\"auto, (max-width: 800px) 100vw, 800px\" \/><\/figure>\n<\/div>\n<\/div>\n\n<div class=\"wp-block-group alignfull has-palette-color-14-color has-palette-color-4-background-color has-text-color has-background has-link-color wp-elements-2cb32d8145559973f6236608372f2581 is-layout-constrained wp-container-core-group-is-layout-8d989f05 wp-block-group-is-layout-constrained\" style=\"margin-top:2.5em;margin-bottom:2.5em;padding-top:3em;padding-right:1em;padding-bottom:3em;padding-left:1em\">\n<p class=\"has-text-align-center quote-text\" style=\"font-size:clamp(1.055em, 1.055rem + ((1vw - 0.2em) * 0.719), 1.63em);line-height:1.38\"><strong><em>En reconocimiento al enfoque hol\u00edstico y comunitario de TKCP para la conservaci\u00f3n del h\u00e1bitat, el programa recibi\u00f3 el prestigioso Premio Ecuatorial de las Naciones Unidas en 2014. La Iniciativa Ecuatorial busca promover soluciones locales de desarrollo sostenible para las personas, la naturaleza y las comunidades resilientes. Con este premio, TKCP se une a la Red Mundial Ind\u00edgena de la Iniciativa Ecuatorial, junto con otros programas de conservaci\u00f3n innovadores y liderados por la comunidad.  <\/em><\/strong><\/p>\n<\/div>\n\n<h3 class=\"wp-block-heading\">Compartiendo nuestras lecciones y experiencias a trav\u00e9s de la evaluaci\u00f3n<\/h3>\n\n<p>El marco de monitoreo y evaluaci\u00f3n del TKCP proporciona un circuito de retroalimentaci\u00f3n esencial que le permite comprender si se est\u00e1n cumpliendo los objetivos del Plan de Paisaje de la YUS y c\u00f3mo se est\u00e1n cumpliendo. Al desarrollar el Plan de Paisaje de la YUS, el TKCP identific\u00f3 las diversas amenazas para la supervivencia del canguro arbor\u00edcola de Matschie y desarroll\u00f3 las acciones de conservaci\u00f3n prioritarias necesarias para responder a sus necesidades. El TKCP y sus socios locales monitorean continuamente las actividades para determinar si van por buen camino, se implementan eficazmente y alcanzan los objetivos. Adem\u00e1s, los programas se eval\u00faan cada cinco a\u00f1os para evaluar el progreso hacia las metas y objetivos a largo plazo de conservaci\u00f3n y desarrollo sostenible. Estas evaluaciones brindan informaci\u00f3n sobre cuestiones generales, como:    <\/p>\n\n<ul class=\"wp-block-list\">\n<li>\u00bfQu\u00e9 tan bien ha respondido el Plan de Paisaje de la YUS a las amenazas y prioridades?<\/li>\n\n\n\n<li>\u00bfLas intervenciones de gesti\u00f3n han reducido o minimizado las amenazas a las prioridades de conservaci\u00f3n?<\/li>\n\n\n\n<li>\u00bfLas intervenciones de gesti\u00f3n han protegido y mejorado los valores paisaj\u00edsticos de YUS?<\/li>\n<\/ul>\n\n<p>Los hallazgos y resultados de la evaluaci\u00f3n fundamentan las decisiones de gesti\u00f3n del programa y gu\u00edan la direcci\u00f3n estrat\u00e9gica del \u00c1rea de Conservaci\u00f3n YUS a trav\u00e9s del Plan de Paisaje YUS. Como parte de su misi\u00f3n, el TKCP se esfuerza por contribuir a la base de conocimientos nacional e internacional para una conservaci\u00f3n eficaz de la vida silvestre. El \u00c1rea de Conservaci\u00f3n YUS aspira a ser un modelo para otras \u00e1reas protegidas comunitarias de Pap\u00faa Nueva Guinea y otros lugares.  <\/p>\n\n<p>Para fomentar la creaci\u00f3n de otras \u00e1reas de conservaci\u00f3n protegidas a nivel nacional en Papua Nueva Guinea, TKCP y Conservaci\u00f3n Internacional publicaron Lecciones aprendidas en el campo: c\u00f3mo lograr el \u00e9xito en la conservaci\u00f3n en Papua Nueva Guinea, para que sirva de gu\u00eda a otros profesionales de la conservaci\u00f3n comunitaria en Papua Nueva Guinea.<\/p>\n\n<div class=\"wp-block-group alignfull heading-flag has-custom-white-color has-text-color has-link-color wp-elements-fd85eb2974ce6ca340028660c7c86579 is-layout-constrained wp-container-core-group-is-layout-35cbd09f wp-block-group-is-layout-constrained\" style=\"margin-top:3em;margin-bottom:3em;padding-top:0em;padding-right:0em;padding-bottom:0em;padding-left:0em\">\n<h2 class=\"wp-block-heading alignfull has-text-align-center\" style=\"margin-top:0px;margin-right:0px;margin-bottom:0px;margin-left:0px;padding-top:0.5em;padding-right:0em;padding-bottom:0.5em;padding-left:0em\">Garantizar una financiaci\u00f3n sostenible<\/h2>\n<\/div>\n\n<p>La sostenibilidad financiera es un objetivo fundamental para la gesti\u00f3n del paisaje de YUS. Para apoyarla, TKCP y el Zool\u00f3gico Woodland Park se enorgullecen de haber establecido el Fondo de Conservaci\u00f3n de YUS, junto con el Fondo Global para la Conservaci\u00f3n de Conservaci\u00f3n Internacional. Establecido en 2012, este fondo proporciona apoyo financiero anual parcial a la ONG local TKCP-PNG para la gesti\u00f3n y protecci\u00f3n del \u00c1rea de Conservaci\u00f3n de YUS a perpetuidad. TKCP contin\u00faa buscando la financiaci\u00f3n necesaria para los principales programas de gesti\u00f3n, iniciativas y costos operativos del \u00c1rea de Conservaci\u00f3n de YUS. Con el apoyo continuo del Zool\u00f3gico Woodland Park, TKCP seguir\u00e1 presentando propuestas de financiaci\u00f3n a donantes tanto a trav\u00e9s de WPZ como de TKCP-PNG.    <\/p>\n\n<div class=\"wp-block-buttons is-content-justification-center is-layout-flex wp-container-core-buttons-is-layout-a89b3969 wp-block-buttons-is-layout-flex\">\n<div class=\"wp-block-button\"><a class=\"wp-block-button__link wp-element-button\">DONA AHORA<\/a><\/div>\n<\/div>\n\n<p>Para obtener m\u00e1s informaci\u00f3n sobre nuestro trabajo en Operating TKCP, consulte el <a href=\"http:\/#\">Plan de Paisaje de YUS<\/a> o nuestros <a href=\"http:\/#\">Informes Anuales<\/a> .<\/p>\n","protected":false},"excerpt":{"rendered":"<p>OPERACI\u00d3N DEL PROGRAMA La sostenibilidad, la prosperidad y la calidad de vida en YUS pertenecen, en \u00faltima instancia, a las comunidades locales y al gobierno de Pap\u00faa Nueva Guinea. Por lo tanto, es vital que las actividades de TKCP sigan reflejando las aspiraciones de la comunidad y que la autoridad y la responsabilidad de la [&hellip;]<\/p>\n","protected":false},"author":2,"featured_media":0,"parent":0,"menu_order":0,"comment_status":"closed","ping_status":"closed","template":"","meta":{"_acf_changed":false,"_kad_blocks_custom_css":"","_kad_blocks_head_custom_js":"","_kad_blocks_body_custom_js":"","_kad_blocks_footer_custom_js":"","footnotes":""},"class_list":["post-2298","page","type-page","status-publish","hentry"],"blocksy_meta":[],"acf":[],"yoast_head":"<!-- This site is optimized with the Yoast SEO plugin v27.4 - https:\/\/yoast.com\/product\/yoast-seo-wordpress\/ -->\n<title>-<\/title>\n<meta name=\"description\" content=\"Un programa emblem\u00e1tico del Zool\u00f3gico Woodland Park. El Programa de Conservaci\u00f3n del Canguro Arbor\u00edcola trabaja con comunidades locales en zonas rurales de Pap\u00faa Nueva Guinea para proteger al canguro arbor\u00edcola de Matschie, una especie en peligro de extinci\u00f3n, y su h\u00e1bitat.\" \/>\n<meta name=\"robots\" content=\"index, follow, max-snippet:-1, max-image-preview:large, max-video-preview:-1\" \/>\n<link rel=\"canonical\" href=\"https:\/\/treekangaroo.org\/es\/operacion-del-programa\/\" \/>\n<meta property=\"og:locale\" content=\"es_ES\" \/>\n<meta property=\"og:type\" content=\"article\" \/>\n<meta property=\"og:title\" content=\"-\" \/>\n<meta property=\"og:description\" content=\"Un programa emblem\u00e1tico del Zool\u00f3gico Woodland Park. El Programa de Conservaci\u00f3n del Canguro Arbor\u00edcola trabaja con comunidades locales en zonas rurales de Pap\u00faa Nueva Guinea para proteger al canguro arbor\u00edcola de Matschie, una especie en peligro de extinci\u00f3n, y su h\u00e1bitat.\" \/>\n<meta property=\"og:url\" content=\"https:\/\/treekangaroo.org\/es\/operacion-del-programa\/\" \/>\n<meta property=\"og:site_name\" content=\"Programa de conservaci\u00f3n del canguro arb\u00f3reo\" \/>\n<meta property=\"article:modified_time\" content=\"2025-12-09T18:56:13+00:00\" \/>\n<meta property=\"og:image\" content=\"https:\/\/zoo.org\/tkcp\/wp-content\/uploads\/sites\/2\/2025\/04\/Operating3-TKCP.jpg\" \/>\n<meta name=\"twitter:card\" content=\"summary_large_image\" \/>\n<meta name=\"twitter:label1\" content=\"Tiempo de lectura\" \/>\n\t<meta name=\"twitter:data1\" content=\"5 minutos\" \/>\n<script type=\"application\/ld+json\" class=\"yoast-schema-graph\">{\"@context\":\"https:\\\/\\\/schema.org\",\"@graph\":[{\"@type\":\"WebPage\",\"@id\":\"https:\\\/\\\/treekangaroo.org\\\/es\\\/operacion-del-programa\\\/\",\"url\":\"https:\\\/\\\/treekangaroo.org\\\/es\\\/operacion-del-programa\\\/\",\"name\":\"-\",\"isPartOf\":{\"@id\":\"https:\\\/\\\/treekangaroo.org\\\/es\\\/#website\"},\"primaryImageOfPage\":{\"@id\":\"https:\\\/\\\/treekangaroo.org\\\/es\\\/operacion-del-programa\\\/#primaryimage\"},\"image\":{\"@id\":\"https:\\\/\\\/treekangaroo.org\\\/es\\\/operacion-del-programa\\\/#primaryimage\"},\"thumbnailUrl\":\"https:\\\/\\\/zoo.org\\\/tkcp\\\/wp-content\\\/uploads\\\/sites\\\/2\\\/2025\\\/04\\\/Operating3-TKCP.jpg\",\"datePublished\":\"2024-08-09T18:26:01+00:00\",\"dateModified\":\"2025-12-09T18:56:13+00:00\",\"description\":\"Un programa emblem\u00e1tico del Zool\u00f3gico Woodland Park. El Programa de Conservaci\u00f3n del Canguro Arbor\u00edcola trabaja con comunidades locales en zonas rurales de Pap\u00faa Nueva Guinea para proteger al canguro arbor\u00edcola de Matschie, una especie en peligro de extinci\u00f3n, y su h\u00e1bitat.\",\"breadcrumb\":{\"@id\":\"https:\\\/\\\/treekangaroo.org\\\/es\\\/operacion-del-programa\\\/#breadcrumb\"},\"inLanguage\":\"es\",\"potentialAction\":[{\"@type\":\"ReadAction\",\"target\":[\"https:\\\/\\\/treekangaroo.org\\\/es\\\/operacion-del-programa\\\/\"]}]},{\"@type\":\"ImageObject\",\"inLanguage\":\"es\",\"@id\":\"https:\\\/\\\/treekangaroo.org\\\/es\\\/operacion-del-programa\\\/#primaryimage\",\"url\":\"https:\\\/\\\/zoo.org\\\/tkcp\\\/wp-content\\\/uploads\\\/sites\\\/2\\\/2025\\\/04\\\/Operating3-TKCP.jpg\",\"contentUrl\":\"https:\\\/\\\/zoo.org\\\/tkcp\\\/wp-content\\\/uploads\\\/sites\\\/2\\\/2025\\\/04\\\/Operating3-TKCP.jpg\"},{\"@type\":\"BreadcrumbList\",\"@id\":\"https:\\\/\\\/treekangaroo.org\\\/es\\\/operacion-del-programa\\\/#breadcrumb\",\"itemListElement\":[{\"@type\":\"ListItem\",\"position\":1,\"name\":\"Hogar\",\"item\":\"https:\\\/\\\/treekangaroo.org\\\/es\\\/\"},{\"@type\":\"ListItem\",\"position\":2,\"name\":\"Operaci\u00f3n del Programa\"}]},{\"@type\":\"WebSite\",\"@id\":\"https:\\\/\\\/treekangaroo.org\\\/es\\\/#website\",\"url\":\"https:\\\/\\\/treekangaroo.org\\\/es\\\/\",\"name\":\"Tree Kangaroo Conservation Program\",\"description\":\"\",\"publisher\":{\"@id\":\"https:\\\/\\\/treekangaroo.org\\\/es\\\/#organization\"},\"potentialAction\":[{\"@type\":\"SearchAction\",\"target\":{\"@type\":\"EntryPoint\",\"urlTemplate\":\"https:\\\/\\\/treekangaroo.org\\\/es\\\/?s={search_term_string}\"},\"query-input\":{\"@type\":\"PropertyValueSpecification\",\"valueRequired\":true,\"valueName\":\"search_term_string\"}}],\"inLanguage\":\"es\"},{\"@type\":\"Organization\",\"@id\":\"https:\\\/\\\/treekangaroo.org\\\/es\\\/#organization\",\"name\":\"Programa de conservaci\u00f3n del canguro arb\u00f3reo\",\"url\":\"https:\\\/\\\/treekangaroo.org\\\/es\\\/\",\"logo\":{\"@type\":\"ImageObject\",\"inLanguage\":\"es\",\"@id\":\"https:\\\/\\\/treekangaroo.org\\\/es\\\/#\\\/schema\\\/logo\\\/image\\\/\",\"url\":\"https:\\\/\\\/zoo.org\\\/tkcp\\\/wp-content\\\/uploads\\\/sites\\\/2\\\/2025\\\/04\\\/TKCP-PNG_Logo-white-web.png\",\"contentUrl\":\"https:\\\/\\\/zoo.org\\\/tkcp\\\/wp-content\\\/uploads\\\/sites\\\/2\\\/2025\\\/04\\\/TKCP-PNG_Logo-white-web.png\",\"width\":432,\"height\":358,\"caption\":\"Programa de conservaci\u00f3n del canguro arb\u00f3reo\"},\"image\":{\"@id\":\"https:\\\/\\\/treekangaroo.org\\\/es\\\/#\\\/schema\\\/logo\\\/image\\\/\"}}]}<\/script>\n<!-- \/ Yoast SEO plugin. -->","yoast_head_json":{"title":"-","description":"Un programa emblem\u00e1tico del Zool\u00f3gico Woodland Park. El Programa de Conservaci\u00f3n del Canguro Arbor\u00edcola trabaja con comunidades locales en zonas rurales de Pap\u00faa Nueva Guinea para proteger al canguro arbor\u00edcola de Matschie, una especie en peligro de extinci\u00f3n, y su h\u00e1bitat.","robots":{"index":"index","follow":"follow","max-snippet":"max-snippet:-1","max-image-preview":"max-image-preview:large","max-video-preview":"max-video-preview:-1"},"canonical":"https:\/\/treekangaroo.org\/es\/operacion-del-programa\/","og_locale":"es_ES","og_type":"article","og_title":"-","og_description":"Un programa emblem\u00e1tico del Zool\u00f3gico Woodland Park. El Programa de Conservaci\u00f3n del Canguro Arbor\u00edcola trabaja con comunidades locales en zonas rurales de Pap\u00faa Nueva Guinea para proteger al canguro arbor\u00edcola de Matschie, una especie en peligro de extinci\u00f3n, y su h\u00e1bitat.","og_url":"https:\/\/treekangaroo.org\/es\/operacion-del-programa\/","og_site_name":"Programa de conservaci\u00f3n del canguro arb\u00f3reo","article_modified_time":"2025-12-09T18:56:13+00:00","og_image":[{"url":"https:\/\/zoo.org\/tkcp\/wp-content\/uploads\/sites\/2\/2025\/04\/Operating3-TKCP.jpg","type":"","width":"","height":""}],"twitter_card":"summary_large_image","twitter_misc":{"Tiempo de lectura":"5 minutos"},"schema":{"@context":"https:\/\/schema.org","@graph":[{"@type":"WebPage","@id":"https:\/\/treekangaroo.org\/es\/operacion-del-programa\/","url":"https:\/\/treekangaroo.org\/es\/operacion-del-programa\/","name":"-","isPartOf":{"@id":"https:\/\/treekangaroo.org\/es\/#website"},"primaryImageOfPage":{"@id":"https:\/\/treekangaroo.org\/es\/operacion-del-programa\/#primaryimage"},"image":{"@id":"https:\/\/treekangaroo.org\/es\/operacion-del-programa\/#primaryimage"},"thumbnailUrl":"https:\/\/zoo.org\/tkcp\/wp-content\/uploads\/sites\/2\/2025\/04\/Operating3-TKCP.jpg","datePublished":"2024-08-09T18:26:01+00:00","dateModified":"2025-12-09T18:56:13+00:00","description":"Un programa emblem\u00e1tico del Zool\u00f3gico Woodland Park. El Programa de Conservaci\u00f3n del Canguro Arbor\u00edcola trabaja con comunidades locales en zonas rurales de Pap\u00faa Nueva Guinea para proteger al canguro arbor\u00edcola de Matschie, una especie en peligro de extinci\u00f3n, y su h\u00e1bitat.","breadcrumb":{"@id":"https:\/\/treekangaroo.org\/es\/operacion-del-programa\/#breadcrumb"},"inLanguage":"es","potentialAction":[{"@type":"ReadAction","target":["https:\/\/treekangaroo.org\/es\/operacion-del-programa\/"]}]},{"@type":"ImageObject","inLanguage":"es","@id":"https:\/\/treekangaroo.org\/es\/operacion-del-programa\/#primaryimage","url":"https:\/\/zoo.org\/tkcp\/wp-content\/uploads\/sites\/2\/2025\/04\/Operating3-TKCP.jpg","contentUrl":"https:\/\/zoo.org\/tkcp\/wp-content\/uploads\/sites\/2\/2025\/04\/Operating3-TKCP.jpg"},{"@type":"BreadcrumbList","@id":"https:\/\/treekangaroo.org\/es\/operacion-del-programa\/#breadcrumb","itemListElement":[{"@type":"ListItem","position":1,"name":"Hogar","item":"https:\/\/treekangaroo.org\/es\/"},{"@type":"ListItem","position":2,"name":"Operaci\u00f3n del Programa"}]},{"@type":"WebSite","@id":"https:\/\/treekangaroo.org\/es\/#website","url":"https:\/\/treekangaroo.org\/es\/","name":"Tree Kangaroo Conservation Program","description":"","publisher":{"@id":"https:\/\/treekangaroo.org\/es\/#organization"},"potentialAction":[{"@type":"SearchAction","target":{"@type":"EntryPoint","urlTemplate":"https:\/\/treekangaroo.org\/es\/?s={search_term_string}"},"query-input":{"@type":"PropertyValueSpecification","valueRequired":true,"valueName":"search_term_string"}}],"inLanguage":"es"},{"@type":"Organization","@id":"https:\/\/treekangaroo.org\/es\/#organization","name":"Programa de conservaci\u00f3n del canguro arb\u00f3reo","url":"https:\/\/treekangaroo.org\/es\/","logo":{"@type":"ImageObject","inLanguage":"es","@id":"https:\/\/treekangaroo.org\/es\/#\/schema\/logo\/image\/","url":"https:\/\/zoo.org\/tkcp\/wp-content\/uploads\/sites\/2\/2025\/04\/TKCP-PNG_Logo-white-web.png","contentUrl":"https:\/\/zoo.org\/tkcp\/wp-content\/uploads\/sites\/2\/2025\/04\/TKCP-PNG_Logo-white-web.png","width":432,"height":358,"caption":"Programa de conservaci\u00f3n del canguro arb\u00f3reo"},"image":{"@id":"https:\/\/treekangaroo.org\/es\/#\/schema\/logo\/image\/"}}]}},"taxonomy_info":[],"featured_image_src_large":false,"author_info":{"display_name":"","author_link":"https:\/\/treekangaroo.org\/es\/author\/"},"comment_info":0,"_links":{"self":[{"href":"https:\/\/treekangaroo.org\/es\/wp-json\/wp\/v2\/pages\/2298","targetHints":{"allow":["GET"]}}],"collection":[{"href":"https:\/\/treekangaroo.org\/es\/wp-json\/wp\/v2\/pages"}],"about":[{"href":"https:\/\/treekangaroo.org\/es\/wp-json\/wp\/v2\/types\/page"}],"author":[{"embeddable":true,"href":"https:\/\/treekangaroo.org\/es\/wp-json\/wp\/v2\/users\/2"}],"replies":[{"embeddable":true,"href":"https:\/\/treekangaroo.org\/es\/wp-json\/wp\/v2\/comments?post=2298"}],"version-history":[{"count":1,"href":"https:\/\/treekangaroo.org\/es\/wp-json\/wp\/v2\/pages\/2298\/revisions"}],"predecessor-version":[{"id":2299,"href":"https:\/\/treekangaroo.org\/es\/wp-json\/wp\/v2\/pages\/2298\/revisions\/2299"}],"wp:attachment":[{"href":"https:\/\/treekangaroo.org\/es\/wp-json\/wp\/v2\/media?parent=2298"}],"curies":[{"name":"wp","href":"https:\/\/api.w.org\/{rel}","templated":true}]}}