{"id":2390,"date":"2024-08-09T22:51:50","date_gmt":"2024-08-09T22:51:50","guid":{"rendered":"https:\/\/zoo.org\/tkcp\/oportunidades-de-investigacion\/"},"modified":"2025-12-09T18:56:57","modified_gmt":"2025-12-09T18:56:57","slug":"oportunidades-de-investigacion","status":"publish","type":"page","link":"https:\/\/treekangaroo.org\/es\/oportunidades-de-investigacion\/","title":{"rendered":"Oportunidades de investigaci\u00f3n"},"content":{"rendered":"\n<div class=\"wp-block-cover alignfull hero\"><img loading=\"lazy\" decoding=\"async\" width=\"1800\" height=\"494\" class=\"wp-block-cover__image-background wp-image-1067\" alt=\"\" src=\"http:\/\/zoo.org\/tkcp\/wp-content\/uploads\/sites\/2\/2025\/04\/support-header.jpg\" data-object-fit=\"cover\" srcset=\"https:\/\/treekangaroo.org\/wp-content\/uploads\/sites\/2\/2025\/04\/support-header.jpg 1800w, https:\/\/treekangaroo.org\/wp-content\/uploads\/sites\/2\/2025\/04\/support-header-300x82.jpg 300w, https:\/\/treekangaroo.org\/wp-content\/uploads\/sites\/2\/2025\/04\/support-header-1024x281.jpg 1024w, https:\/\/treekangaroo.org\/wp-content\/uploads\/sites\/2\/2025\/04\/support-header-768x211.jpg 768w, https:\/\/treekangaroo.org\/wp-content\/uploads\/sites\/2\/2025\/04\/support-header-1536x422.jpg 1536w\" sizes=\"auto, (max-width: 1800px) 100vw, 1800px\" \/><span aria-hidden=\"true\" class=\"wp-block-cover__background has-background-dim-0 has-background-dim\" style=\"background-color:#454e3b\"><\/span><div class=\"wp-block-cover__inner-container is-layout-constrained wp-block-cover-is-layout-constrained\">\n<figure class=\"wp-block-image aligncenter size-full\"><img loading=\"lazy\" decoding=\"async\" width=\"721\" height=\"192\" src=\"http:\/\/zoo.org\/tkcp\/wp-content\/uploads\/sites\/2\/2025\/04\/TKCP_logo_PNG.png\" alt=\"\" class=\"wp-image-1091\" style=\"object-fit:cover\" srcset=\"https:\/\/treekangaroo.org\/wp-content\/uploads\/sites\/2\/2025\/04\/TKCP_logo_PNG.png 721w, https:\/\/treekangaroo.org\/wp-content\/uploads\/sites\/2\/2025\/04\/TKCP_logo_PNG-300x80.png 300w\" sizes=\"auto, (max-width: 721px) 100vw, 721px\" \/><\/figure>\n<\/div><\/div>\n\n<div class=\"wp-block-group alignfull heading-flag has-custom-white-color has-text-color has-link-color wp-elements-0b42b7cfd0b6cf60f07e4c2953de7693 is-layout-constrained wp-container-core-group-is-layout-35cbd09f wp-block-group-is-layout-constrained\" style=\"margin-top:3em;margin-bottom:3em;padding-top:0em;padding-right:0em;padding-bottom:0em;padding-left:0em\">\n<h2 class=\"wp-block-heading alignfull has-text-align-center\" style=\"margin-top:0px;margin-right:0px;margin-bottom:0px;margin-left:0px;padding-top:0.5em;padding-right:0em;padding-bottom:0.5em;padding-left:0em\">INVESTIGADORES<\/h2>\n<\/div>\n\n<p>El Programa de Conservaci\u00f3n del Canguro Arb\u00f3reo y las comunidades de YUS buscan constantemente oportunidades de colaboraci\u00f3n con investigadores y cient\u00edficos para investigar cuestiones relacionadas con el paisaje de YUS. El \u00c1rea de Conservaci\u00f3n de YUS es uno de los esfuerzos m\u00e1s prometedores de Pap\u00faa Nueva Guinea para la conservaci\u00f3n de la biodiversidad y el desarrollo comunitario a largo plazo, sostenibles y culturalmente apropiados. La investigaci\u00f3n, tanto ecol\u00f3gica como social, desempe\u00f1a un papel fundamental en el \u00e9xito de la iniciativa de Conservaci\u00f3n del Canguro Arb\u00f3reo, como lo demuestra el hecho de que promover la investigaci\u00f3n de primer nivel es una de las cinco estrategias principales del Plan de Paisaje de YUS. El \u00c1rea de Conservaci\u00f3n de YUS se ha convertido en un laboratorio viviente para la investigaci\u00f3n en Pap\u00faa Nueva Guinea. Contiene un transecto de altitud desde el nivel del mar hasta los 3000 metros que incluye una serie de campamentos b\u00e1sicos y parcelas de investigaci\u00f3n.    <\/p>\n\n<p>Los propietarios locales, TKCP y los socios han identificado una serie de prioridades de investigaci\u00f3n como importantes para el \u00e9xito a largo plazo del \u00c1rea de Conservaci\u00f3n YUS.<\/p>\n\n<h4 class=\"wp-block-heading\">Estamos reclutando para dos consultor\u00edas<\/h4>\n\n<p><a href=\"https:\/\/www.zoo.org\/document.doc?id=3170\" target=\"_blank\" rel=\"noreferrer noopener\">Consultor\u00eda: Planificaci\u00f3n de la Gesti\u00f3n de \u00c1reas Protegidas<\/a><\/p>\n\n<p><a href=\"https:\/\/www.zoo.org\/document.doc?id=3169\" target=\"_blank\" rel=\"noreferrer noopener\">Consultor\u00eda: Participaci\u00f3n y movilizaci\u00f3n comunitaria<\/a><\/p>\n\n<div class=\"wp-block-columns is-layout-flex wp-container-core-columns-is-layout-fbb46dba wp-block-columns-is-layout-flex\" style=\"margin-top:2em;margin-bottom:2em\">\n<div class=\"wp-block-column is-layout-flow wp-block-column-is-layout-flow\">\n<figure class=\"wp-block-image size-full\"><img loading=\"lazy\" decoding=\"async\" width=\"800\" height=\"533\" src=\"https:\/\/zoo.org\/tkcp\/wp-content\/uploads\/sites\/2\/2025\/04\/Research-RHawk.jpg\" alt=\"Dos personas est&#xE1;n sentadas en un tronco en un frondoso bosque verde. Una sostiene un cuaderno rojo y sonr&#xED;e, mientras la otra se&#xF1;ala al frente, ambas observando la fauna. La luz del sol se filtra entre el follaje.  \" class=\"wp-image-1105\" srcset=\"https:\/\/treekangaroo.org\/wp-content\/uploads\/sites\/2\/2025\/04\/Research-RHawk.jpg 800w, https:\/\/treekangaroo.org\/wp-content\/uploads\/sites\/2\/2025\/04\/Research-RHawk-300x200.jpg 300w, https:\/\/treekangaroo.org\/wp-content\/uploads\/sites\/2\/2025\/04\/Research-RHawk-768x512.jpg 768w\" sizes=\"auto, (max-width: 800px) 100vw, 800px\" \/><\/figure>\n<\/div>\n\n\n\n<div class=\"wp-block-column is-layout-flow wp-block-column-is-layout-flow\">\n<figure class=\"wp-block-image size-full\"><img loading=\"lazy\" decoding=\"async\" width=\"800\" height=\"533\" src=\"https:\/\/zoo.org\/tkcp\/wp-content\/uploads\/sites\/2\/2025\/04\/Marine-Research.jpg\" alt=\"Una persona escribe en un portapapeles con un bol&#xED;grafo azul, rellenando un formulario durante las actividades de investigaci&#xF3;n colaborativa con el Programa de Conservaci&#xF3;n del Canguro Arb&#xF3;reo. La escena transcurre al aire libre, sobre un terreno arenoso, con escombros dispersos. \" class=\"wp-image-1094\" srcset=\"https:\/\/treekangaroo.org\/wp-content\/uploads\/sites\/2\/2025\/04\/Marine-Research.jpg 800w, https:\/\/treekangaroo.org\/wp-content\/uploads\/sites\/2\/2025\/04\/Marine-Research-300x200.jpg 300w, https:\/\/treekangaroo.org\/wp-content\/uploads\/sites\/2\/2025\/04\/Marine-Research-768x512.jpg 768w\" sizes=\"auto, (max-width: 800px) 100vw, 800px\" \/><\/figure>\n<\/div>\n<\/div>\n\n<h3 class=\"wp-block-heading\">Las \u00e1reas de inter\u00e9s incluyen<\/h3>\n\n<ul class=\"wp-block-list\">\n<li>Ecolog\u00eda de las especies cazadas (por ejemplo, equidnas de pico largo, especies de ualab\u00edes, especies de zarig\u00fceyas, aves)\n<ul class=\"wp-block-list\">\n<li>Ecolog\u00eda del canguro arbor\u00edcola<\/li>\n\n\n\n<li>Gen\u00e9tica del canguro arbor\u00edcola<\/li>\n<\/ul>\n<\/li>\n\n\n\n<li>Conocimiento ecol\u00f3gico tradicional<\/li>\n\n\n\n<li>ecosistemas terrestres\n<ul class=\"wp-block-list\">\n<li>Conectividad del h\u00e1bitat<\/li>\n\n\n\n<li>Eficacia de las zonas ribere\u00f1as como corredores de vida silvestre<\/li>\n<\/ul>\n<\/li>\n\n\n\n<li>Estudios de biodiversidad<\/li>\n\n\n\n<li>Ecosistemas marinos y acu\u00e1ticos\n<ul class=\"wp-block-list\">\n<li>Seguimiento de tortugas marinas<\/li>\n\n\n\n<li>Uso de corales e intensidad de cosecha<\/li>\n<\/ul>\n<\/li>\n\n\n\n<li>Cuestiones sociales y antropol\u00f3gicas\n<ul class=\"wp-block-list\">\n<li>Impactos de los medios de vida comunitarios en el \u00c1rea de Conservaci\u00f3n YUS<\/li>\n<\/ul>\n<\/li>\n\n\n\n<li>Sostenibilidad y consumo<\/li>\n\n\n\n<li>cambio clim\u00e1tico\n<ul class=\"wp-block-list\">\n<li>Impactos potenciales en las comunidades y la agricultura de YUS<\/li>\n<\/ul>\n<\/li>\n<\/ul>\n\n<div class=\"wp-block-group alignfull heading-flag has-custom-white-color has-text-color has-link-color wp-elements-f44de8e3768bccd40def006d6cc2531b is-layout-constrained wp-container-core-group-is-layout-35cbd09f wp-block-group-is-layout-constrained\" style=\"margin-top:3em;margin-bottom:3em;padding-top:0em;padding-right:0em;padding-bottom:0em;padding-left:0em\">\n<h2 class=\"wp-block-heading alignfull has-text-align-center\" style=\"margin-top:0px;margin-right:0px;margin-bottom:0px;margin-left:0px;padding-top:0.5em;padding-right:0em;padding-bottom:0.5em;padding-left:0em\">PROTOCOLO DE INVESTIGACI\u00d3N<\/h2>\n<\/div>\n\n<p>Las preguntas de investigaci\u00f3n relacionadas con estos campos se detallan en el Plan de Paisaje de la YUS. La YUS tambi\u00e9n alberga una amplia gama de otras especies raras y end\u00e9micas que se beneficiar\u00e1n de una mayor investigaci\u00f3n. <\/p>\n\n<p>Para brindar una experiencia positiva y equitativa a los investigadores y a la comunidad de YUS, TKCP y la asociaci\u00f3n local de propietarios de tierras (Organizaci\u00f3n de Conservaci\u00f3n de YUS) han desarrollado el Protocolo de Investigaci\u00f3n del \u00c1rea de Conservaci\u00f3n de YUS. Este protocolo proporciona orientaci\u00f3n a los futuros investigadores respecto a las prioridades de investigaci\u00f3n, los contactos individuales e institucionales en Pap\u00faa Nueva Guinea, las normas y pr\u00e1cticas culturales, el acceso a los sitios de investigaci\u00f3n y la asistencia para la investigaci\u00f3n. TKCP no controla qui\u00e9n puede o no realizar investigaciones en YUS; los habitantes de YUS son los propietarios de las tierras y quienes toman las decisiones finales. Sin embargo, TKCP es la instituci\u00f3n con mayor capacidad para garantizar que los proyectos de investigaci\u00f3n sean apropiados y se desarrollen e implementen con base en las mejores pr\u00e1cticas actuales en YUS.   <\/p>\n\n<p>Si est\u00e1 interesado en realizar una investigaci\u00f3n de campo en YUS, comun\u00edquese con nuestro <a href=\"http:\/#\">Director de Programa<\/a> y nuestro <a href=\"http:\/#\">Gerente de Programa con sede en PNG<\/a> .<\/p>\n","protected":false},"excerpt":{"rendered":"<p>INVESTIGADORES El Programa de Conservaci\u00f3n del Canguro Arb\u00f3reo y las comunidades de YUS buscan constantemente oportunidades de colaboraci\u00f3n con investigadores y cient\u00edficos para investigar cuestiones relacionadas con el paisaje de YUS. El \u00c1rea de Conservaci\u00f3n de YUS es uno de los esfuerzos m\u00e1s prometedores de Pap\u00faa Nueva Guinea para la conservaci\u00f3n de la biodiversidad y [&hellip;]<\/p>\n","protected":false},"author":2,"featured_media":0,"parent":0,"menu_order":0,"comment_status":"closed","ping_status":"closed","template":"","meta":{"_acf_changed":false,"_kad_blocks_custom_css":"","_kad_blocks_head_custom_js":"","_kad_blocks_body_custom_js":"","_kad_blocks_footer_custom_js":"","footnotes":""},"class_list":["post-2390","page","type-page","status-publish","hentry"],"blocksy_meta":[],"acf":[],"yoast_head":"<!-- This site is optimized with the Yoast SEO plugin v27.4 - https:\/\/yoast.com\/product\/yoast-seo-wordpress\/ -->\n<title>-<\/title>\n<meta name=\"description\" content=\"Un programa emblem\u00e1tico del Zool\u00f3gico Woodland Park. El Programa de Conservaci\u00f3n del Canguro Arbor\u00edcola trabaja con comunidades locales en zonas rurales de Pap\u00faa Nueva Guinea para proteger al canguro arbor\u00edcola de Matschie, una especie en peligro de extinci\u00f3n, y su h\u00e1bitat.\" \/>\n<meta name=\"robots\" content=\"index, follow, max-snippet:-1, max-image-preview:large, max-video-preview:-1\" \/>\n<link rel=\"canonical\" href=\"https:\/\/treekangaroo.org\/es\/oportunidades-de-investigacion\/\" \/>\n<meta property=\"og:locale\" content=\"es_ES\" \/>\n<meta property=\"og:type\" content=\"article\" \/>\n<meta property=\"og:title\" content=\"-\" \/>\n<meta property=\"og:description\" content=\"Un programa emblem\u00e1tico del Zool\u00f3gico Woodland Park. El Programa de Conservaci\u00f3n del Canguro Arbor\u00edcola trabaja con comunidades locales en zonas rurales de Pap\u00faa Nueva Guinea para proteger al canguro arbor\u00edcola de Matschie, una especie en peligro de extinci\u00f3n, y su h\u00e1bitat.\" \/>\n<meta property=\"og:url\" content=\"https:\/\/treekangaroo.org\/es\/oportunidades-de-investigacion\/\" \/>\n<meta property=\"og:site_name\" content=\"Programa de conservaci\u00f3n del canguro arb\u00f3reo\" \/>\n<meta property=\"article:modified_time\" content=\"2025-12-09T18:56:57+00:00\" \/>\n<meta property=\"og:image\" content=\"https:\/\/zoo.org\/tkcp\/wp-content\/uploads\/sites\/2\/2025\/04\/Research-RHawk.jpg\" \/>\n<meta name=\"twitter:card\" content=\"summary_large_image\" \/>\n<meta name=\"twitter:label1\" content=\"Tiempo de lectura\" \/>\n\t<meta name=\"twitter:data1\" content=\"3 minutos\" \/>\n<script type=\"application\/ld+json\" class=\"yoast-schema-graph\">{\"@context\":\"https:\\\/\\\/schema.org\",\"@graph\":[{\"@type\":\"WebPage\",\"@id\":\"https:\\\/\\\/treekangaroo.org\\\/es\\\/oportunidades-de-investigacion\\\/\",\"url\":\"https:\\\/\\\/treekangaroo.org\\\/es\\\/oportunidades-de-investigacion\\\/\",\"name\":\"-\",\"isPartOf\":{\"@id\":\"https:\\\/\\\/treekangaroo.org\\\/es\\\/#website\"},\"primaryImageOfPage\":{\"@id\":\"https:\\\/\\\/treekangaroo.org\\\/es\\\/oportunidades-de-investigacion\\\/#primaryimage\"},\"image\":{\"@id\":\"https:\\\/\\\/treekangaroo.org\\\/es\\\/oportunidades-de-investigacion\\\/#primaryimage\"},\"thumbnailUrl\":\"https:\\\/\\\/zoo.org\\\/tkcp\\\/wp-content\\\/uploads\\\/sites\\\/2\\\/2025\\\/04\\\/Research-RHawk.jpg\",\"datePublished\":\"2024-08-09T22:51:50+00:00\",\"dateModified\":\"2025-12-09T18:56:57+00:00\",\"description\":\"Un programa emblem\u00e1tico del Zool\u00f3gico Woodland Park. El Programa de Conservaci\u00f3n del Canguro Arbor\u00edcola trabaja con comunidades locales en zonas rurales de Pap\u00faa Nueva Guinea para proteger al canguro arbor\u00edcola de Matschie, una especie en peligro de extinci\u00f3n, y su h\u00e1bitat.\",\"breadcrumb\":{\"@id\":\"https:\\\/\\\/treekangaroo.org\\\/es\\\/oportunidades-de-investigacion\\\/#breadcrumb\"},\"inLanguage\":\"es\",\"potentialAction\":[{\"@type\":\"ReadAction\",\"target\":[\"https:\\\/\\\/treekangaroo.org\\\/es\\\/oportunidades-de-investigacion\\\/\"]}]},{\"@type\":\"ImageObject\",\"inLanguage\":\"es\",\"@id\":\"https:\\\/\\\/treekangaroo.org\\\/es\\\/oportunidades-de-investigacion\\\/#primaryimage\",\"url\":\"https:\\\/\\\/zoo.org\\\/tkcp\\\/wp-content\\\/uploads\\\/sites\\\/2\\\/2025\\\/04\\\/Research-RHawk.jpg\",\"contentUrl\":\"https:\\\/\\\/zoo.org\\\/tkcp\\\/wp-content\\\/uploads\\\/sites\\\/2\\\/2025\\\/04\\\/Research-RHawk.jpg\"},{\"@type\":\"BreadcrumbList\",\"@id\":\"https:\\\/\\\/treekangaroo.org\\\/es\\\/oportunidades-de-investigacion\\\/#breadcrumb\",\"itemListElement\":[{\"@type\":\"ListItem\",\"position\":1,\"name\":\"Hogar\",\"item\":\"https:\\\/\\\/treekangaroo.org\\\/es\\\/\"},{\"@type\":\"ListItem\",\"position\":2,\"name\":\"Oportunidades de investigaci\u00f3n\"}]},{\"@type\":\"WebSite\",\"@id\":\"https:\\\/\\\/treekangaroo.org\\\/es\\\/#website\",\"url\":\"https:\\\/\\\/treekangaroo.org\\\/es\\\/\",\"name\":\"Tree Kangaroo Conservation Program\",\"description\":\"\",\"publisher\":{\"@id\":\"https:\\\/\\\/treekangaroo.org\\\/es\\\/#organization\"},\"potentialAction\":[{\"@type\":\"SearchAction\",\"target\":{\"@type\":\"EntryPoint\",\"urlTemplate\":\"https:\\\/\\\/treekangaroo.org\\\/es\\\/?s={search_term_string}\"},\"query-input\":{\"@type\":\"PropertyValueSpecification\",\"valueRequired\":true,\"valueName\":\"search_term_string\"}}],\"inLanguage\":\"es\"},{\"@type\":\"Organization\",\"@id\":\"https:\\\/\\\/treekangaroo.org\\\/es\\\/#organization\",\"name\":\"Programa de conservaci\u00f3n del canguro arb\u00f3reo\",\"url\":\"https:\\\/\\\/treekangaroo.org\\\/es\\\/\",\"logo\":{\"@type\":\"ImageObject\",\"inLanguage\":\"es\",\"@id\":\"https:\\\/\\\/treekangaroo.org\\\/es\\\/#\\\/schema\\\/logo\\\/image\\\/\",\"url\":\"https:\\\/\\\/zoo.org\\\/tkcp\\\/wp-content\\\/uploads\\\/sites\\\/2\\\/2025\\\/04\\\/TKCP-PNG_Logo-white-web.png\",\"contentUrl\":\"https:\\\/\\\/zoo.org\\\/tkcp\\\/wp-content\\\/uploads\\\/sites\\\/2\\\/2025\\\/04\\\/TKCP-PNG_Logo-white-web.png\",\"width\":432,\"height\":358,\"caption\":\"Programa de conservaci\u00f3n del canguro arb\u00f3reo\"},\"image\":{\"@id\":\"https:\\\/\\\/treekangaroo.org\\\/es\\\/#\\\/schema\\\/logo\\\/image\\\/\"}}]}<\/script>\n<!-- \/ Yoast SEO plugin. -->","yoast_head_json":{"title":"-","description":"Un programa emblem\u00e1tico del Zool\u00f3gico Woodland Park. El Programa de Conservaci\u00f3n del Canguro Arbor\u00edcola trabaja con comunidades locales en zonas rurales de Pap\u00faa Nueva Guinea para proteger al canguro arbor\u00edcola de Matschie, una especie en peligro de extinci\u00f3n, y su h\u00e1bitat.","robots":{"index":"index","follow":"follow","max-snippet":"max-snippet:-1","max-image-preview":"max-image-preview:large","max-video-preview":"max-video-preview:-1"},"canonical":"https:\/\/treekangaroo.org\/es\/oportunidades-de-investigacion\/","og_locale":"es_ES","og_type":"article","og_title":"-","og_description":"Un programa emblem\u00e1tico del Zool\u00f3gico Woodland Park. El Programa de Conservaci\u00f3n del Canguro Arbor\u00edcola trabaja con comunidades locales en zonas rurales de Pap\u00faa Nueva Guinea para proteger al canguro arbor\u00edcola de Matschie, una especie en peligro de extinci\u00f3n, y su h\u00e1bitat.","og_url":"https:\/\/treekangaroo.org\/es\/oportunidades-de-investigacion\/","og_site_name":"Programa de conservaci\u00f3n del canguro arb\u00f3reo","article_modified_time":"2025-12-09T18:56:57+00:00","og_image":[{"url":"https:\/\/zoo.org\/tkcp\/wp-content\/uploads\/sites\/2\/2025\/04\/Research-RHawk.jpg","type":"","width":"","height":""}],"twitter_card":"summary_large_image","twitter_misc":{"Tiempo de lectura":"3 minutos"},"schema":{"@context":"https:\/\/schema.org","@graph":[{"@type":"WebPage","@id":"https:\/\/treekangaroo.org\/es\/oportunidades-de-investigacion\/","url":"https:\/\/treekangaroo.org\/es\/oportunidades-de-investigacion\/","name":"-","isPartOf":{"@id":"https:\/\/treekangaroo.org\/es\/#website"},"primaryImageOfPage":{"@id":"https:\/\/treekangaroo.org\/es\/oportunidades-de-investigacion\/#primaryimage"},"image":{"@id":"https:\/\/treekangaroo.org\/es\/oportunidades-de-investigacion\/#primaryimage"},"thumbnailUrl":"https:\/\/zoo.org\/tkcp\/wp-content\/uploads\/sites\/2\/2025\/04\/Research-RHawk.jpg","datePublished":"2024-08-09T22:51:50+00:00","dateModified":"2025-12-09T18:56:57+00:00","description":"Un programa emblem\u00e1tico del Zool\u00f3gico Woodland Park. El Programa de Conservaci\u00f3n del Canguro Arbor\u00edcola trabaja con comunidades locales en zonas rurales de Pap\u00faa Nueva Guinea para proteger al canguro arbor\u00edcola de Matschie, una especie en peligro de extinci\u00f3n, y su h\u00e1bitat.","breadcrumb":{"@id":"https:\/\/treekangaroo.org\/es\/oportunidades-de-investigacion\/#breadcrumb"},"inLanguage":"es","potentialAction":[{"@type":"ReadAction","target":["https:\/\/treekangaroo.org\/es\/oportunidades-de-investigacion\/"]}]},{"@type":"ImageObject","inLanguage":"es","@id":"https:\/\/treekangaroo.org\/es\/oportunidades-de-investigacion\/#primaryimage","url":"https:\/\/zoo.org\/tkcp\/wp-content\/uploads\/sites\/2\/2025\/04\/Research-RHawk.jpg","contentUrl":"https:\/\/zoo.org\/tkcp\/wp-content\/uploads\/sites\/2\/2025\/04\/Research-RHawk.jpg"},{"@type":"BreadcrumbList","@id":"https:\/\/treekangaroo.org\/es\/oportunidades-de-investigacion\/#breadcrumb","itemListElement":[{"@type":"ListItem","position":1,"name":"Hogar","item":"https:\/\/treekangaroo.org\/es\/"},{"@type":"ListItem","position":2,"name":"Oportunidades de investigaci\u00f3n"}]},{"@type":"WebSite","@id":"https:\/\/treekangaroo.org\/es\/#website","url":"https:\/\/treekangaroo.org\/es\/","name":"Tree Kangaroo Conservation Program","description":"","publisher":{"@id":"https:\/\/treekangaroo.org\/es\/#organization"},"potentialAction":[{"@type":"SearchAction","target":{"@type":"EntryPoint","urlTemplate":"https:\/\/treekangaroo.org\/es\/?s={search_term_string}"},"query-input":{"@type":"PropertyValueSpecification","valueRequired":true,"valueName":"search_term_string"}}],"inLanguage":"es"},{"@type":"Organization","@id":"https:\/\/treekangaroo.org\/es\/#organization","name":"Programa de conservaci\u00f3n del canguro arb\u00f3reo","url":"https:\/\/treekangaroo.org\/es\/","logo":{"@type":"ImageObject","inLanguage":"es","@id":"https:\/\/treekangaroo.org\/es\/#\/schema\/logo\/image\/","url":"https:\/\/zoo.org\/tkcp\/wp-content\/uploads\/sites\/2\/2025\/04\/TKCP-PNG_Logo-white-web.png","contentUrl":"https:\/\/zoo.org\/tkcp\/wp-content\/uploads\/sites\/2\/2025\/04\/TKCP-PNG_Logo-white-web.png","width":432,"height":358,"caption":"Programa de conservaci\u00f3n del canguro arb\u00f3reo"},"image":{"@id":"https:\/\/treekangaroo.org\/es\/#\/schema\/logo\/image\/"}}]}},"taxonomy_info":[],"featured_image_src_large":false,"author_info":{"display_name":"","author_link":"https:\/\/treekangaroo.org\/es\/author\/"},"comment_info":0,"_links":{"self":[{"href":"https:\/\/treekangaroo.org\/es\/wp-json\/wp\/v2\/pages\/2390","targetHints":{"allow":["GET"]}}],"collection":[{"href":"https:\/\/treekangaroo.org\/es\/wp-json\/wp\/v2\/pages"}],"about":[{"href":"https:\/\/treekangaroo.org\/es\/wp-json\/wp\/v2\/types\/page"}],"author":[{"embeddable":true,"href":"https:\/\/treekangaroo.org\/es\/wp-json\/wp\/v2\/users\/2"}],"replies":[{"embeddable":true,"href":"https:\/\/treekangaroo.org\/es\/wp-json\/wp\/v2\/comments?post=2390"}],"version-history":[{"count":1,"href":"https:\/\/treekangaroo.org\/es\/wp-json\/wp\/v2\/pages\/2390\/revisions"}],"predecessor-version":[{"id":2391,"href":"https:\/\/treekangaroo.org\/es\/wp-json\/wp\/v2\/pages\/2390\/revisions\/2391"}],"wp:attachment":[{"href":"https:\/\/treekangaroo.org\/es\/wp-json\/wp\/v2\/media?parent=2390"}],"curies":[{"name":"wp","href":"https:\/\/api.w.org\/{rel}","templated":true}]}}