{"id":1913,"date":"2024-08-23T22:01:21","date_gmt":"2024-08-23T22:01:21","guid":{"rendered":"https:\/\/zoo.org\/tkcp\/trien-lam\/"},"modified":"2025-12-09T18:53:03","modified_gmt":"2025-12-09T18:53:03","slug":"trien-lam","status":"publish","type":"page","link":"https:\/\/treekangaroo.org\/vi\/trien-lam\/","title":{"rendered":"Tri\u1ec3n l\u00e3m"},"content":{"rendered":"\n<div class=\"wp-block-cover alignfull hero\"><img loading=\"lazy\" decoding=\"async\" width=\"1800\" height=\"494\" class=\"wp-block-cover__image-background wp-image-1063\" alt=\"\" src=\"http:\/\/zoo.org\/tkcp\/wp-content\/uploads\/sites\/2\/2025\/04\/education-header.jpg\" data-object-fit=\"cover\" srcset=\"https:\/\/treekangaroo.org\/wp-content\/uploads\/sites\/2\/2025\/04\/education-header.jpg 1800w, https:\/\/treekangaroo.org\/wp-content\/uploads\/sites\/2\/2025\/04\/education-header-300x82.jpg 300w, https:\/\/treekangaroo.org\/wp-content\/uploads\/sites\/2\/2025\/04\/education-header-1024x281.jpg 1024w, https:\/\/treekangaroo.org\/wp-content\/uploads\/sites\/2\/2025\/04\/education-header-768x211.jpg 768w, https:\/\/treekangaroo.org\/wp-content\/uploads\/sites\/2\/2025\/04\/education-header-1536x422.jpg 1536w\" sizes=\"auto, (max-width: 1800px) 100vw, 1800px\" \/><span aria-hidden=\"true\" class=\"wp-block-cover__background has-background-dim-0 has-background-dim\" style=\"background-color:#454e3b\"><\/span><div class=\"wp-block-cover__inner-container is-layout-constrained wp-block-cover-is-layout-constrained\">\n<figure class=\"wp-block-image aligncenter size-full\"><img loading=\"lazy\" decoding=\"async\" width=\"721\" height=\"192\" src=\"http:\/\/zoo.org\/tkcp\/wp-content\/uploads\/sites\/2\/2025\/04\/TKCP_logo_PNG.png\" alt=\"\" class=\"wp-image-1091\" style=\"object-fit:cover\" srcset=\"https:\/\/treekangaroo.org\/wp-content\/uploads\/sites\/2\/2025\/04\/TKCP_logo_PNG.png 721w, https:\/\/treekangaroo.org\/wp-content\/uploads\/sites\/2\/2025\/04\/TKCP_logo_PNG-300x80.png 300w\" sizes=\"auto, (max-width: 721px) 100vw, 721px\" \/><\/figure>\n<\/div><\/div>\n\n<div class=\"wp-block-group alignfull heading-flag has-custom-white-color has-text-color has-link-color wp-elements-c25e7b73f32c8d7a394b1af8f37a6427 is-layout-constrained wp-container-core-group-is-layout-35cbd09f wp-block-group-is-layout-constrained\" style=\"margin-top:3em;margin-bottom:3em;padding-top:0em;padding-right:0em;padding-bottom:0em;padding-left:0em\">\n<h2 class=\"wp-block-heading alignfull has-text-align-center\" style=\"margin-top:0px;margin-right:0px;margin-bottom:0px;margin-left:0px;padding-top:0.5em;padding-right:0em;padding-bottom:0.5em;padding-left:0em\">Chu\u1ed9t t\u00fai c\u00e2y t\u1ea1i V\u01b0\u1eddn th\u00fa Woodland Park<\/h2>\n<\/div>\n\n<h3 class=\"wp-block-heading\">K\u1ebf ho\u1ea1ch sinh t\u1ed3n lo\u00e0i chu\u1ed9t t\u00fai c\u00e2y Ch\u01b0\u01a1ng tr\u00ecnh nh\u00e2n gi\u1ed1ng nu\u00f4i nh\u1ed1t<\/h3>\n\n<p>C\u00e1c ch\u01b0\u01a1ng tr\u00ecnh K\u1ebf ho\u1ea1ch b\u1ea3o t\u1ed3n lo\u00e0i (SSP) c\u1ee7a Hi\u1ec7p h\u1ed9i c\u00e1c v\u01b0\u1eddn th\u00fa v\u00e0 th\u1ee7y cung t\u1eadp trung v\u00e0o c\u00e1c lo\u00e0i \u0111\u1ed9ng v\u1eadt \u0111ang c\u00f3 nguy c\u01a1 tuy\u1ec7t ch\u1ee7ng trong t\u1ef1 nhi\u00ean, s\u1eed d\u1ee5ng ph\u01b0\u01a1ng ph\u00e1p nh\u00e2n gi\u1ed1ng nu\u00f4i nh\u1ed1t nh\u01b0 m\u1ed9t ph\u01b0\u01a1ng ph\u00e1p \u0111\u1ec3 gi\u00fap c\u00e1c lo\u00e0i t\u1ed3n t\u1ea1i v\u00e0 li\u00ean k\u1ebft c\u00e1c t\u1ed5 ch\u1ee9c AZA v\u1edbi c\u00f4ng t\u00e1c b\u1ea3o t\u1ed3n th\u1ef1c \u0111\u1ecba. C\u00e1c ch\u01b0\u01a1ng tr\u00ecnh n\u00e0y gi\u00fap duy tr\u00ec qu\u1ea7n th\u1ec3 \u0111\u1ed9ng v\u1eadt kh\u1ecfe m\u1ea1nh v\u00e0 \u0111a d\u1ea1ng v\u1ec1 m\u1eb7t di truy\u1ec1n trong c\u1ed9ng \u0111\u1ed3ng s\u1edf th\u00fa, v\u1edbi c\u00e1c s\u1edf th\u00fa v\u00e0 th\u1ee7y cung \u1edf B\u1eafc M\u1ef9 t\u1eadp trung v\u00e0o lo\u00e0i kangaroo c\u00e2y Matschie. C\u00e1c t\u1ed5 ch\u1ee9c AZA TK-SSP bao g\u1ed3m V\u01b0\u1eddn th\u00fa Woodland Park \u0111ang d\u1eabn \u0111\u1ea7u trong vi\u1ec7c nh\u00e2n gi\u1ed1ng chu\u1ed9t t\u00fai c\u00e2y Matschie \u0111\u1ec3 t\u0103ng s\u1ed1 l\u01b0\u1ee3ng v\u00e0 t\u00ednh \u0111a d\u1ea1ng di truy\u1ec1n c\u1ee7a chu\u1ed9t t\u00fai c\u00e2y trong \u0111i\u1ec1u ki\u1ec7n nu\u00f4i nh\u1ed1t.<\/p>\n\n<h3 class=\"wp-block-heading\">Gi\u00e1o d\u1ee5c du kh\u00e1ch tham quan s\u1edf th\u00fa v\u1ec1 TKCP<\/h3>\n\n<p>S\u1ee9 m\u1ec7nh c\u1ee7a V\u01b0\u1eddn th\u00fa Woodland Park l\u00e0 c\u1ee9u \u0111\u1ed9ng v\u1eadt v\u00e0 m\u00f4i tr\u01b0\u1eddng s\u1ed1ng c\u1ee7a ch\u00fang th\u00f4ng qua ho\u1ea1t \u0111\u1ed9ng l\u00e3nh \u0111\u1ea1o b\u1ea3o t\u1ed3n v\u00e0 c\u00e1c tr\u1ea3i nghi\u1ec7m h\u1ea5p d\u1eabn, truy\u1ec1n c\u1ea3m h\u1ee9ng cho m\u1ecdi ng\u01b0\u1eddi h\u1ecdc h\u1ecfi, ch\u0103m s\u00f3c v\u00e0 h\u00e0nh \u0111\u1ed9ng. \u0110\u1ec3 k\u1ebft n\u1ed1i m\u1ed9t tri\u1ec7u du kh\u00e1ch h\u00e0ng n\u0103m c\u1ee7a s\u1edf th\u00fa v\u1edbi ho\u1ea1t \u0111\u1ed9ng b\u1ea3o t\u1ed3n \u0111\u1ed9ng v\u1eadt hoang d\u00e3 t\u1ea1i hi\u1ec7n tr\u01b0\u1eddng, m\u1ed9t nh\u00f3m g\u1ed3m h\u01a1n 15 h\u01b0\u1edbng d\u1eabn vi\u00ean \u0111\u00e3 t\u00ecnh nguy\u1ec7n d\u00e0nh th\u1eddi gian chia s\u1ebb c\u00e2u chuy\u1ec7n v\u1ec1 Ti\u1ebfn s\u0129 Lisa Dabek, YUS v\u00e0 Ch\u01b0\u01a1ng tr\u00ecnh B\u1ea3o t\u1ed3n Chu\u1ed9t t\u00fai tr\u00ean c\u00e2y. C\u00e1c h\u01b0\u1edbng d\u1eabn vi\u00ean nh\u1ea5n m\u1ea1nh ph\u01b0\u01a1ng ph\u00e1p ti\u1ebfp c\u1eadn to\u00e0n di\u1ec7n \u1edf c\u1ea5p \u0111\u1ed9 c\u1ea3nh quan c\u1ee7a ch\u01b0\u01a1ng tr\u00ecnh \u0111\u1ed1i v\u1edbi ho\u1ea1t \u0111\u1ed9ng b\u1ea3o t\u1ed3n, thu h\u00fat c\u1ed9ng \u0111\u1ed3ng \u0111\u1ecba ph\u01b0\u01a1ng l\u00e0m ng\u01b0\u1eddi l\u00e3nh \u0111\u1ea1o b\u1ea3o t\u1ed3n v\u00e0 \u0111\u00e1p \u1ee9ng nhu c\u1ea7u c\u1ee7a c\u1ea3 \u0111\u1ed9ng v\u1eadt hoang d\u00e3 v\u00e0 con ng\u01b0\u1eddi. C\u00e1c h\u01b0\u1edbng d\u1eabn vi\u00ean th\u1ed5i h\u1ed3n v\u00e0o ch\u01b0\u01a1ng tr\u00ecnh v\u00e0 v\u0103n h\u00f3a c\u1ee7a YUS t\u1ea1i V\u01b0\u1eddn th\u00fa Woodland Park b\u1eb1ng c\u00e1ch chia s\u1ebb thi\u1ebft b\u1ecb nghi\u00ean c\u1ee9u \u0111\u00edch th\u1ef1c, trang ph\u1ee5c nghi l\u1ec5 truy\u1ec1n th\u1ed1ng, \u0111\u1ed3 th\u1ee7 c\u00f4ng \u0111\u1ecba ph\u01b0\u01a1ng v\u00e0 C\u00e0 ph\u00ea b\u1ea3o t\u1ed3n YUS. V\u1edbi ki\u1ebfn th\u1ee9c s\u00e2u r\u1ed9ng v\u1ec1 lo\u00e0i kangaroo s\u1ed1ng tr\u00ean c\u00e2y v\u00e0 l\u1ecbch s\u1eed c\u1ee7a TKCP, c\u00e1c h\u01b0\u1edbng d\u1eabn vi\u00ean cung c\u1ea5p th\u00f4ng tin v\u00e0 c\u00e2u tr\u1ea3 l\u1eddi h\u1ea5p d\u1eabn \u0111\u1ec3 kh\u01a1i d\u1eady s\u1ef1 quan t\u00e2m c\u1ee7a tr\u1ebb em v\u00e0 ng\u01b0\u1eddi l\u1edbn v\u1ec1 gi\u00e1 tr\u1ecb c\u1ee7a \u0111a d\u1ea1ng sinh h\u1ecdc v\u00e0 b\u1ea3o t\u1ed3n \u0111\u1ed9ng v\u1eadt hoang d\u00e3.<\/p>\n\n<p><\/p>\n","protected":false},"excerpt":{"rendered":"<p>Chu\u1ed9t t\u00fai c\u00e2y t\u1ea1i V\u01b0\u1eddn th\u00fa Woodland Park K\u1ebf ho\u1ea1ch sinh t\u1ed3n lo\u00e0i chu\u1ed9t t\u00fai c\u00e2y Ch\u01b0\u01a1ng tr\u00ecnh nh\u00e2n gi\u1ed1ng nu\u00f4i nh\u1ed1t C\u00e1c ch\u01b0\u01a1ng tr\u00ecnh K\u1ebf ho\u1ea1ch b\u1ea3o t\u1ed3n lo\u00e0i (SSP) c\u1ee7a Hi\u1ec7p h\u1ed9i c\u00e1c v\u01b0\u1eddn th\u00fa v\u00e0 th\u1ee7y cung t\u1eadp trung v\u00e0o c\u00e1c lo\u00e0i \u0111\u1ed9ng v\u1eadt \u0111ang c\u00f3 nguy c\u01a1 tuy\u1ec7t ch\u1ee7ng trong t\u1ef1 [&hellip;]<\/p>\n","protected":false},"author":2,"featured_media":0,"parent":0,"menu_order":0,"comment_status":"closed","ping_status":"closed","template":"","meta":{"_acf_changed":false,"_kad_blocks_custom_css":"","_kad_blocks_head_custom_js":"","_kad_blocks_body_custom_js":"","_kad_blocks_footer_custom_js":"","footnotes":""},"class_list":["post-1913","page","type-page","status-publish","hentry"],"blocksy_meta":[],"acf":[],"yoast_head":"<!-- This site is optimized with the Yoast SEO plugin v27.4 - https:\/\/yoast.com\/product\/yoast-seo-wordpress\/ -->\n<title>Tri\u1ec3n l\u00e3m - Ch\u01b0\u01a1ng tr\u00ecnh b\u1ea3o t\u1ed3n chu\u1ed9t t\u00fai c\u00e2y<\/title>\n<meta name=\"description\" content=\"Ch\u01b0\u01a1ng tr\u00ecnh \u0111\u1eb7c tr\u01b0ng c\u1ee7a V\u01b0\u1eddn th\u00fa Woodland Park. Ch\u01b0\u01a1ng tr\u00ecnh B\u1ea3o t\u1ed3n Chu\u1ed9t t\u00fai tr\u00ean c\u00e2y h\u1ee3p t\u00e1c v\u1edbi c\u00e1c c\u1ed9ng \u0111\u1ed3ng \u0111\u1ecba ph\u01b0\u01a1ng \u1edf v\u00f9ng n\u00f4ng th\u00f4n Papua New Guinea \u0111\u1ec3 b\u1ea3o v\u1ec7 lo\u00e0i chu\u1ed9t t\u00fai tr\u00ean c\u00e2y Matschie \u0111ang c\u00f3 nguy c\u01a1 tuy\u1ec7t ch\u1ee7ng v\u00e0 m\u00f4i tr\u01b0\u1eddng s\u1ed1ng c\u1ee7a lo\u00e0i n\u00e0y.\" \/>\n<meta name=\"robots\" content=\"index, follow, max-snippet:-1, max-image-preview:large, max-video-preview:-1\" \/>\n<link rel=\"canonical\" href=\"https:\/\/treekangaroo.org\/vi\/trien-lam\/\" \/>\n<meta property=\"og:locale\" content=\"vi_VN\" \/>\n<meta property=\"og:type\" content=\"article\" \/>\n<meta property=\"og:title\" content=\"Tri\u1ec3n l\u00e3m - Ch\u01b0\u01a1ng tr\u00ecnh b\u1ea3o t\u1ed3n chu\u1ed9t t\u00fai c\u00e2y\" \/>\n<meta property=\"og:description\" content=\"Ch\u01b0\u01a1ng tr\u00ecnh \u0111\u1eb7c tr\u01b0ng c\u1ee7a V\u01b0\u1eddn th\u00fa Woodland Park. Ch\u01b0\u01a1ng tr\u00ecnh B\u1ea3o t\u1ed3n Chu\u1ed9t t\u00fai tr\u00ean c\u00e2y h\u1ee3p t\u00e1c v\u1edbi c\u00e1c c\u1ed9ng \u0111\u1ed3ng \u0111\u1ecba ph\u01b0\u01a1ng \u1edf v\u00f9ng n\u00f4ng th\u00f4n Papua New Guinea \u0111\u1ec3 b\u1ea3o v\u1ec7 lo\u00e0i chu\u1ed9t t\u00fai tr\u00ean c\u00e2y Matschie \u0111ang c\u00f3 nguy c\u01a1 tuy\u1ec7t ch\u1ee7ng v\u00e0 m\u00f4i tr\u01b0\u1eddng s\u1ed1ng c\u1ee7a lo\u00e0i n\u00e0y.\" \/>\n<meta property=\"og:url\" content=\"https:\/\/treekangaroo.org\/vi\/trien-lam\/\" \/>\n<meta property=\"og:site_name\" content=\"Ch\u01b0\u01a1ng tr\u00ecnh b\u1ea3o t\u1ed3n chu\u1ed9t t\u00fai c\u00e2y\" \/>\n<meta property=\"article:modified_time\" content=\"2025-12-09T18:53:03+00:00\" \/>\n<meta name=\"twitter:card\" content=\"summary_large_image\" \/>\n<meta name=\"twitter:label1\" content=\"\u01af\u1edbc t\u00ednh th\u1eddi gian \u0111\u1ecdc\" \/>\n\t<meta name=\"twitter:data1\" content=\"3 ph\u00fat\" \/>\n<script type=\"application\/ld+json\" class=\"yoast-schema-graph\">{\"@context\":\"https:\\\/\\\/schema.org\",\"@graph\":[{\"@type\":\"WebPage\",\"@id\":\"https:\\\/\\\/treekangaroo.org\\\/vi\\\/trien-lam\\\/\",\"url\":\"https:\\\/\\\/treekangaroo.org\\\/vi\\\/trien-lam\\\/\",\"name\":\"Tri\u1ec3n l\u00e3m - Ch\u01b0\u01a1ng tr\u00ecnh b\u1ea3o t\u1ed3n chu\u1ed9t t\u00fai c\u00e2y\",\"isPartOf\":{\"@id\":\"https:\\\/\\\/treekangaroo.org\\\/vi\\\/#website\"},\"datePublished\":\"2024-08-23T22:01:21+00:00\",\"dateModified\":\"2025-12-09T18:53:03+00:00\",\"description\":\"Ch\u01b0\u01a1ng tr\u00ecnh \u0111\u1eb7c tr\u01b0ng c\u1ee7a V\u01b0\u1eddn th\u00fa Woodland Park. Ch\u01b0\u01a1ng tr\u00ecnh B\u1ea3o t\u1ed3n Chu\u1ed9t t\u00fai tr\u00ean c\u00e2y h\u1ee3p t\u00e1c v\u1edbi c\u00e1c c\u1ed9ng \u0111\u1ed3ng \u0111\u1ecba ph\u01b0\u01a1ng \u1edf v\u00f9ng n\u00f4ng th\u00f4n Papua New Guinea \u0111\u1ec3 b\u1ea3o v\u1ec7 lo\u00e0i chu\u1ed9t t\u00fai tr\u00ean c\u00e2y Matschie \u0111ang c\u00f3 nguy c\u01a1 tuy\u1ec7t ch\u1ee7ng v\u00e0 m\u00f4i tr\u01b0\u1eddng s\u1ed1ng c\u1ee7a lo\u00e0i n\u00e0y.\",\"breadcrumb\":{\"@id\":\"https:\\\/\\\/treekangaroo.org\\\/vi\\\/trien-lam\\\/#breadcrumb\"},\"inLanguage\":\"vi\",\"potentialAction\":[{\"@type\":\"ReadAction\",\"target\":[\"https:\\\/\\\/treekangaroo.org\\\/vi\\\/trien-lam\\\/\"]}]},{\"@type\":\"BreadcrumbList\",\"@id\":\"https:\\\/\\\/treekangaroo.org\\\/vi\\\/trien-lam\\\/#breadcrumb\",\"itemListElement\":[{\"@type\":\"ListItem\",\"position\":1,\"name\":\"Trang ch\u1ee7\",\"item\":\"https:\\\/\\\/treekangaroo.org\\\/vi\\\/\"},{\"@type\":\"ListItem\",\"position\":2,\"name\":\"Tri\u1ec3n l\u00e3m\"}]},{\"@type\":\"WebSite\",\"@id\":\"https:\\\/\\\/treekangaroo.org\\\/vi\\\/#website\",\"url\":\"https:\\\/\\\/treekangaroo.org\\\/vi\\\/\",\"name\":\"Tree Kangaroo Conservation Program\",\"description\":\"\",\"publisher\":{\"@id\":\"https:\\\/\\\/treekangaroo.org\\\/vi\\\/#organization\"},\"potentialAction\":[{\"@type\":\"SearchAction\",\"target\":{\"@type\":\"EntryPoint\",\"urlTemplate\":\"https:\\\/\\\/treekangaroo.org\\\/vi\\\/?s={search_term_string}\"},\"query-input\":{\"@type\":\"PropertyValueSpecification\",\"valueRequired\":true,\"valueName\":\"search_term_string\"}}],\"inLanguage\":\"vi\"},{\"@type\":\"Organization\",\"@id\":\"https:\\\/\\\/treekangaroo.org\\\/vi\\\/#organization\",\"name\":\"Ch\u01b0\u01a1ng tr\u00ecnh b\u1ea3o t\u1ed3n chu\u1ed9t t\u00fai c\u00e2y\",\"url\":\"https:\\\/\\\/treekangaroo.org\\\/vi\\\/\",\"logo\":{\"@type\":\"ImageObject\",\"inLanguage\":\"vi\",\"@id\":\"https:\\\/\\\/treekangaroo.org\\\/vi\\\/#\\\/schema\\\/logo\\\/image\\\/\",\"url\":\"https:\\\/\\\/zoo.org\\\/tkcp\\\/wp-content\\\/uploads\\\/sites\\\/2\\\/2025\\\/04\\\/TKCP-PNG_Logo-white-web.png\",\"contentUrl\":\"https:\\\/\\\/zoo.org\\\/tkcp\\\/wp-content\\\/uploads\\\/sites\\\/2\\\/2025\\\/04\\\/TKCP-PNG_Logo-white-web.png\",\"width\":432,\"height\":358,\"caption\":\"Ch\u01b0\u01a1ng tr\u00ecnh b\u1ea3o t\u1ed3n chu\u1ed9t t\u00fai c\u00e2y\"},\"image\":{\"@id\":\"https:\\\/\\\/treekangaroo.org\\\/vi\\\/#\\\/schema\\\/logo\\\/image\\\/\"}}]}<\/script>\n<!-- \/ Yoast SEO plugin. -->","yoast_head_json":{"title":"Tri\u1ec3n l\u00e3m - Ch\u01b0\u01a1ng tr\u00ecnh b\u1ea3o t\u1ed3n chu\u1ed9t t\u00fai c\u00e2y","description":"Ch\u01b0\u01a1ng tr\u00ecnh \u0111\u1eb7c tr\u01b0ng c\u1ee7a V\u01b0\u1eddn th\u00fa Woodland Park. Ch\u01b0\u01a1ng tr\u00ecnh B\u1ea3o t\u1ed3n Chu\u1ed9t t\u00fai tr\u00ean c\u00e2y h\u1ee3p t\u00e1c v\u1edbi c\u00e1c c\u1ed9ng \u0111\u1ed3ng \u0111\u1ecba ph\u01b0\u01a1ng \u1edf v\u00f9ng n\u00f4ng th\u00f4n Papua New Guinea \u0111\u1ec3 b\u1ea3o v\u1ec7 lo\u00e0i chu\u1ed9t t\u00fai tr\u00ean c\u00e2y Matschie \u0111ang c\u00f3 nguy c\u01a1 tuy\u1ec7t ch\u1ee7ng v\u00e0 m\u00f4i tr\u01b0\u1eddng s\u1ed1ng c\u1ee7a lo\u00e0i n\u00e0y.","robots":{"index":"index","follow":"follow","max-snippet":"max-snippet:-1","max-image-preview":"max-image-preview:large","max-video-preview":"max-video-preview:-1"},"canonical":"https:\/\/treekangaroo.org\/vi\/trien-lam\/","og_locale":"vi_VN","og_type":"article","og_title":"Tri\u1ec3n l\u00e3m - Ch\u01b0\u01a1ng tr\u00ecnh b\u1ea3o t\u1ed3n chu\u1ed9t t\u00fai c\u00e2y","og_description":"Ch\u01b0\u01a1ng tr\u00ecnh \u0111\u1eb7c tr\u01b0ng c\u1ee7a V\u01b0\u1eddn th\u00fa Woodland Park. Ch\u01b0\u01a1ng tr\u00ecnh B\u1ea3o t\u1ed3n Chu\u1ed9t t\u00fai tr\u00ean c\u00e2y h\u1ee3p t\u00e1c v\u1edbi c\u00e1c c\u1ed9ng \u0111\u1ed3ng \u0111\u1ecba ph\u01b0\u01a1ng \u1edf v\u00f9ng n\u00f4ng th\u00f4n Papua New Guinea \u0111\u1ec3 b\u1ea3o v\u1ec7 lo\u00e0i chu\u1ed9t t\u00fai tr\u00ean c\u00e2y Matschie \u0111ang c\u00f3 nguy c\u01a1 tuy\u1ec7t ch\u1ee7ng v\u00e0 m\u00f4i tr\u01b0\u1eddng s\u1ed1ng c\u1ee7a lo\u00e0i n\u00e0y.","og_url":"https:\/\/treekangaroo.org\/vi\/trien-lam\/","og_site_name":"Ch\u01b0\u01a1ng tr\u00ecnh b\u1ea3o t\u1ed3n chu\u1ed9t t\u00fai c\u00e2y","article_modified_time":"2025-12-09T18:53:03+00:00","twitter_card":"summary_large_image","twitter_misc":{"\u01af\u1edbc t\u00ednh th\u1eddi gian \u0111\u1ecdc":"3 ph\u00fat"},"schema":{"@context":"https:\/\/schema.org","@graph":[{"@type":"WebPage","@id":"https:\/\/treekangaroo.org\/vi\/trien-lam\/","url":"https:\/\/treekangaroo.org\/vi\/trien-lam\/","name":"Tri\u1ec3n l\u00e3m - Ch\u01b0\u01a1ng tr\u00ecnh b\u1ea3o t\u1ed3n chu\u1ed9t t\u00fai c\u00e2y","isPartOf":{"@id":"https:\/\/treekangaroo.org\/vi\/#website"},"datePublished":"2024-08-23T22:01:21+00:00","dateModified":"2025-12-09T18:53:03+00:00","description":"Ch\u01b0\u01a1ng tr\u00ecnh \u0111\u1eb7c tr\u01b0ng c\u1ee7a V\u01b0\u1eddn th\u00fa Woodland Park. Ch\u01b0\u01a1ng tr\u00ecnh B\u1ea3o t\u1ed3n Chu\u1ed9t t\u00fai tr\u00ean c\u00e2y h\u1ee3p t\u00e1c v\u1edbi c\u00e1c c\u1ed9ng \u0111\u1ed3ng \u0111\u1ecba ph\u01b0\u01a1ng \u1edf v\u00f9ng n\u00f4ng th\u00f4n Papua New Guinea \u0111\u1ec3 b\u1ea3o v\u1ec7 lo\u00e0i chu\u1ed9t t\u00fai tr\u00ean c\u00e2y Matschie \u0111ang c\u00f3 nguy c\u01a1 tuy\u1ec7t ch\u1ee7ng v\u00e0 m\u00f4i tr\u01b0\u1eddng s\u1ed1ng c\u1ee7a lo\u00e0i n\u00e0y.","breadcrumb":{"@id":"https:\/\/treekangaroo.org\/vi\/trien-lam\/#breadcrumb"},"inLanguage":"vi","potentialAction":[{"@type":"ReadAction","target":["https:\/\/treekangaroo.org\/vi\/trien-lam\/"]}]},{"@type":"BreadcrumbList","@id":"https:\/\/treekangaroo.org\/vi\/trien-lam\/#breadcrumb","itemListElement":[{"@type":"ListItem","position":1,"name":"Trang ch\u1ee7","item":"https:\/\/treekangaroo.org\/vi\/"},{"@type":"ListItem","position":2,"name":"Tri\u1ec3n l\u00e3m"}]},{"@type":"WebSite","@id":"https:\/\/treekangaroo.org\/vi\/#website","url":"https:\/\/treekangaroo.org\/vi\/","name":"Tree Kangaroo Conservation Program","description":"","publisher":{"@id":"https:\/\/treekangaroo.org\/vi\/#organization"},"potentialAction":[{"@type":"SearchAction","target":{"@type":"EntryPoint","urlTemplate":"https:\/\/treekangaroo.org\/vi\/?s={search_term_string}"},"query-input":{"@type":"PropertyValueSpecification","valueRequired":true,"valueName":"search_term_string"}}],"inLanguage":"vi"},{"@type":"Organization","@id":"https:\/\/treekangaroo.org\/vi\/#organization","name":"Ch\u01b0\u01a1ng tr\u00ecnh b\u1ea3o t\u1ed3n chu\u1ed9t t\u00fai c\u00e2y","url":"https:\/\/treekangaroo.org\/vi\/","logo":{"@type":"ImageObject","inLanguage":"vi","@id":"https:\/\/treekangaroo.org\/vi\/#\/schema\/logo\/image\/","url":"https:\/\/zoo.org\/tkcp\/wp-content\/uploads\/sites\/2\/2025\/04\/TKCP-PNG_Logo-white-web.png","contentUrl":"https:\/\/zoo.org\/tkcp\/wp-content\/uploads\/sites\/2\/2025\/04\/TKCP-PNG_Logo-white-web.png","width":432,"height":358,"caption":"Ch\u01b0\u01a1ng tr\u00ecnh b\u1ea3o t\u1ed3n chu\u1ed9t t\u00fai c\u00e2y"},"image":{"@id":"https:\/\/treekangaroo.org\/vi\/#\/schema\/logo\/image\/"}}]}},"taxonomy_info":[],"featured_image_src_large":false,"author_info":{"display_name":"","author_link":"https:\/\/treekangaroo.org\/vi\/author\/"},"comment_info":0,"_links":{"self":[{"href":"https:\/\/treekangaroo.org\/vi\/wp-json\/wp\/v2\/pages\/1913","targetHints":{"allow":["GET"]}}],"collection":[{"href":"https:\/\/treekangaroo.org\/vi\/wp-json\/wp\/v2\/pages"}],"about":[{"href":"https:\/\/treekangaroo.org\/vi\/wp-json\/wp\/v2\/types\/page"}],"author":[{"embeddable":true,"href":"https:\/\/treekangaroo.org\/vi\/wp-json\/wp\/v2\/users\/2"}],"replies":[{"embeddable":true,"href":"https:\/\/treekangaroo.org\/vi\/wp-json\/wp\/v2\/comments?post=1913"}],"version-history":[{"count":1,"href":"https:\/\/treekangaroo.org\/vi\/wp-json\/wp\/v2\/pages\/1913\/revisions"}],"predecessor-version":[{"id":1914,"href":"https:\/\/treekangaroo.org\/vi\/wp-json\/wp\/v2\/pages\/1913\/revisions\/1914"}],"wp:attachment":[{"href":"https:\/\/treekangaroo.org\/vi\/wp-json\/wp\/v2\/media?parent=1913"}],"curies":[{"name":"wp","href":"https:\/\/api.w.org\/{rel}","templated":true}]}}