{"id":1994,"date":"2024-07-30T17:04:28","date_gmt":"2024-07-30T17:04:28","guid":{"rendered":"https:\/\/zoo.org\/tkcp\/tam-nhin-va-su-menh\/"},"modified":"2025-12-09T18:53:50","modified_gmt":"2025-12-09T18:53:50","slug":"tam-nhin-va-su-menh","status":"publish","type":"page","link":"https:\/\/treekangaroo.org\/vi\/tam-nhin-va-su-menh\/","title":{"rendered":"T\u1ea7m nh\u00ecn v\u00e0 S\u1ee9 m\u1ec7nh"},"content":{"rendered":"\n<div class=\"wp-block-cover alignfull hero\"><img loading=\"lazy\" decoding=\"async\" width=\"1800\" height=\"494\" class=\"wp-block-cover__image-background wp-image-1064\" alt=\"\" src=\"http:\/\/zoo.org\/tkcp\/wp-content\/uploads\/sites\/2\/2025\/04\/homepage-header.jpg\" data-object-fit=\"cover\" srcset=\"https:\/\/treekangaroo.org\/wp-content\/uploads\/sites\/2\/2025\/04\/homepage-header.jpg 1800w, https:\/\/treekangaroo.org\/wp-content\/uploads\/sites\/2\/2025\/04\/homepage-header-300x82.jpg 300w, https:\/\/treekangaroo.org\/wp-content\/uploads\/sites\/2\/2025\/04\/homepage-header-1024x281.jpg 1024w, https:\/\/treekangaroo.org\/wp-content\/uploads\/sites\/2\/2025\/04\/homepage-header-768x211.jpg 768w, https:\/\/treekangaroo.org\/wp-content\/uploads\/sites\/2\/2025\/04\/homepage-header-1536x422.jpg 1536w\" sizes=\"auto, (max-width: 1800px) 100vw, 1800px\" \/><span aria-hidden=\"true\" class=\"wp-block-cover__background has-background-dim-0 has-background-dim\" style=\"background-color:#454e3b\"><\/span><div class=\"wp-block-cover__inner-container is-layout-constrained wp-block-cover-is-layout-constrained\">\n<figure class=\"wp-block-image aligncenter size-full\"><img loading=\"lazy\" decoding=\"async\" width=\"721\" height=\"192\" src=\"http:\/\/zoo.org\/tkcp\/wp-content\/uploads\/sites\/2\/2025\/04\/TKCP_logo_PNG.png\" alt=\"\" class=\"wp-image-1091\" style=\"object-fit:cover\" srcset=\"https:\/\/treekangaroo.org\/wp-content\/uploads\/sites\/2\/2025\/04\/TKCP_logo_PNG.png 721w, https:\/\/treekangaroo.org\/wp-content\/uploads\/sites\/2\/2025\/04\/TKCP_logo_PNG-300x80.png 300w\" sizes=\"auto, (max-width: 721px) 100vw, 721px\" \/><\/figure>\n<\/div><\/div>\n\n<div class=\"wp-block-group alignfull heading-flag has-custom-white-color has-text-color has-link-color wp-elements-774708dfcb6d884c212445c8e312ba7a is-layout-constrained wp-container-core-group-is-layout-35cbd09f wp-block-group-is-layout-constrained\" style=\"margin-top:3em;margin-bottom:3em;padding-top:0em;padding-right:0em;padding-bottom:0em;padding-left:0em\">\n<h2 class=\"wp-block-heading alignfull has-text-align-center\" style=\"margin-top:0px;margin-right:0px;margin-bottom:0px;margin-left:0px;padding-top:0.5em;padding-right:0em;padding-bottom:0.5em;padding-left:0em\">T\u1ea6M NH\u00ccN V\u00c0 S\u1ee8 M\u1ea0NG<\/h2>\n<\/div>\n\n<div class=\"wp-block-columns is-layout-flex wp-container-core-columns-is-layout-592b081e wp-block-columns-is-layout-flex\" style=\"margin-top:2.5em;margin-bottom:2.5em\">\n<div class=\"wp-block-column has-palette-color-17-background-color has-background is-layout-flow wp-container-core-column-is-layout-f86737b1 wp-block-column-is-layout-flow\" style=\"padding-top:20px;padding-right:20px;padding-bottom:20px;padding-left:20px\">\n<h3 class=\"wp-block-heading\" style=\"margin-bottom:1em\">T\u1ea7m nh\u00ecn<\/h3>\n\n\n\n<p style=\"margin-bottom:1em\">Ch\u01b0\u01a1ng tr\u00ecnh B\u1ea3o t\u1ed3n Chu\u1ed9t t\u00fai C\u00e2y h\u01b0\u1edbng t\u1edbi m\u1ed9t c\u1ea3nh quan B\u00e1n \u0111\u1ea3o Huon b\u1ec1n v\u1eefng, l\u00e0nh m\u1ea1nh v\u00e0 c\u00f3 kh\u1ea3 n\u0103ng ph\u1ee5c h\u1ed3i, h\u1ed7 tr\u1ee3 s\u1ef1 \u0111a d\u1ea1ng sinh h\u1ecdc, c\u1ed9ng \u0111\u1ed3ng con ng\u01b0\u1eddi v\u00e0 v\u0103n h\u00f3a \u0111\u1ed9c \u0111\u00e1o c\u1ee7a khu v\u1ef1c.<\/p>\n<\/div>\n\n\n\n<div class=\"wp-block-column has-palette-color-17-background-color has-background is-layout-flow wp-container-core-column-is-layout-f86737b1 wp-block-column-is-layout-flow\" style=\"padding-top:20px;padding-right:20px;padding-bottom:20px;padding-left:20px\">\n<h3 class=\"wp-block-heading\" style=\"margin-bottom:1em\">Nhi\u1ec7m v\u1ee5<\/h3>\n\n\n\n<p style=\"margin-bottom:1em\">Ch\u01b0\u01a1ng tr\u00ecnh B\u1ea3o t\u1ed3n Chu\u1ed9t t\u00fai C\u00e2y th\u00fac \u0111\u1ea9y b\u1ea3o t\u1ed3n \u0111\u1ed9ng v\u1eadt hoang d\u00e3 v\u00e0 m\u00f4i tr\u01b0\u1eddng s\u1ed1ng, \u0111\u1ed3ng th\u1eddi h\u1ed7 tr\u1ee3 sinh k\u1ebf c\u1ee7a c\u1ed9ng \u0111\u1ed3ng \u0111\u1ecba ph\u01b0\u01a1ng t\u1ea1i Papua New Guinea th\u00f4ng qua quan h\u1ec7 \u0111\u1ed1i t\u00e1c to\u00e0n c\u1ea7u, b\u1ea3o v\u1ec7 \u0111\u1ea5t \u0111ai v\u00e0 nghi\u00ean c\u1ee9u khoa h\u1ecdc.<\/p>\n<\/div>\n<\/div>\n\n<h3 class=\"wp-block-heading\">C\u1ee9u c\u00e2y Kangaroo<\/h3>\n\n<p>Tr\u1ea3i nghi\u1ec7m nh\u1eefng khu r\u1eebng m\u00e2y nguy\u00ean s\u01a1 c\u1ee7a Papua New Guinea v\u00e0 kh\u00e1m ph\u00e1 Ch\u01b0\u01a1ng tr\u00ecnh B\u1ea3o t\u1ed3n Chu\u1ed9t t\u00fai C\u00e2y n\u1ed5i ti\u1ebfng c\u1ee7a V\u01b0\u1eddn th\u00fa Woodland Park c\u00f9ng ng\u01b0\u1eddi k\u1ec3 chuy\u1ec7n v\u00e0 ng\u01b0\u1eddi b\u1ea1n c\u1ee7a c\u00e1c lo\u00e0i \u0111\u1ed9ng v\u1eadt, Penny LeGate v\u00e0 Seattle Channel. Kh\u00e1m ph\u00e1 lo\u00e0i chu\u1ed9t t\u00fai c\u00e2y \u0111ang b\u1ecb \u0111e d\u1ecda tuy\u1ec7t ch\u1ee7ng, m\u1ed9t c\u1ed9ng \u0111\u1ed3ng c\u00e1c nh\u00e0 b\u1ea3o t\u1ed3n v\u00e0 m\u1ed1i li\u00ean h\u1ec7 \u0111\u00e1ng ng\u1ea1c nhi\u00ean v\u1edbi m\u1ed9t c\u00f4ng ty c\u00e0 ph\u00ea \u1edf Seattle. H\u00e3y c\u00f9ng Penny kh\u00e1m ph\u00e1 ho\u1ea1t \u0111\u1ed9ng b\u1ea3o t\u1ed3n c\u1ee7a ch\u00fang t\u00f4i!  <\/p>\n\n<figure class=\"wp-block-embed is-type-video is-provider-youtube wp-block-embed-youtube wp-embed-aspect-16-9 wp-has-aspect-ratio\" style=\"margin-top:3em;margin-bottom:3em\"><div class=\"wp-block-embed__wrapper\">\n<iframe loading=\"lazy\" title=\"CityStream: Saving the Tree Kangaroos\" width=\"1080\" height=\"608\" src=\"https:\/\/www.youtube.com\/embed\/iPMAprLTE4Y?feature=oembed\" frameborder=\"0\" allow=\"accelerometer; autoplay; clipboard-write; encrypted-media; gyroscope; picture-in-picture; web-share\" referrerpolicy=\"strict-origin-when-cross-origin\" allowfullscreen><\/iframe>\n<\/div><\/figure>\n\n<div class=\"wp-block-group alignfull heading-flag has-custom-white-color has-text-color has-link-color wp-elements-cbbeb8773d50d8c8988752f593c43cbc is-layout-constrained wp-container-core-group-is-layout-35cbd09f wp-block-group-is-layout-constrained\" style=\"margin-top:3em;margin-bottom:3em;padding-top:0em;padding-right:0em;padding-bottom:0em;padding-left:0em\">\n<h2 class=\"wp-block-heading alignfull has-text-align-center\" style=\"margin-top:0px;margin-right:0px;margin-bottom:0px;margin-left:0px;padding-top:0.5em;padding-right:0em;padding-bottom:0.5em;padding-left:0em\">PH\u01af\u01a0NG PH\u00c1P B\u1ea2O T\u1ed2N<\/h2>\n<\/div>\n\n<p>Ch\u01b0\u01a1ng tr\u00ecnh B\u1ea3o t\u1ed3n Chu\u1ed9t t\u00fai C\u00e2y (Tree Kangaroo Conservation Program) tin r\u1eb1ng b\u1ea3o t\u1ed3n hi\u1ec7u qu\u1ea3 \u0111\u00f2i h\u1ecfi m\u1ed9t ph\u01b0\u01a1ng ph\u00e1p ti\u1ebfp c\u1eadn to\u00e0n di\u1ec7n, \u0111\u00e1p \u1ee9ng nhu c\u1ea7u c\u1ee7a \u0111\u1ed9ng v\u1eadt hoang d\u00e3, con ng\u01b0\u1eddi v\u00e0 h\u1ec7 sinh th\u00e1i m\u00e0 ch\u00fang ph\u1ee5 thu\u1ed9c. B\u1eb1ng c\u00e1ch gi\u1ea3i quy\u1ebft c\u00e1c nhu c\u1ea7u x\u00e3 h\u1ed9i, v\u0103n h\u00f3a v\u00e0 kinh t\u1ebf c\u1ee7a c\u1ed9ng \u0111\u1ed3ng \u0111\u1ecba ph\u01b0\u01a1ng, c\u00e1c nh\u00e0 b\u1ea3o t\u1ed3n \u0111\u01b0\u1ee3c h\u01b0\u1edfng l\u1ee3i t\u1eeb m\u1ea1ng l\u01b0\u1edbi c\u00e1c b\u00ean li\u00ean quan r\u1ed9ng l\u1edbn h\u01a1n v\u00e0 nhi\u1ec1u l\u1ef1a ch\u1ecdn h\u01a1n \u0111\u1ec3 gi\u1ea3m thi\u1ec3u c\u00e1c m\u1ed1i \u0111e d\u1ecda \u0111\u1ed1i v\u1edbi t\u00ednh b\u1ec1n v\u1eefng v\u00e0 \u0111a d\u1ea1ng sinh h\u1ecdc. C\u00e1c c\u1ed9ng \u0111\u1ed3ng b\u1ea3n \u0111\u1ecba r\u1ea5t quan t\u00e2m \u0111\u1ebfn vi\u1ec7c duy tr\u00ec \u0111\u1ed9ng v\u1eadt hoang d\u00e3 v\u00e0 m\u00f4i tr\u01b0\u1eddng s\u1ed1ng \u0111\u1ecba ph\u01b0\u01a1ng do c\u00f3 m\u1ed1i li\u00ean h\u1ec7 v\u0103n h\u00f3a ch\u1eb7t ch\u1ebd v\u00e0 s\u1ef1 ph\u1ee5 thu\u1ed9c l\u1edbn v\u00e0o t\u00e0i nguy\u00ean thi\u00ean nhi\u00ean \u0111\u1ec3 sinh t\u1ed3n. Khi nh\u1eefng c\u1ed9ng \u0111\u1ed3ng n\u00e0y \u0111\u01b0\u1ee3c cung c\u1ea5p ki\u1ebfn th\u1ee9c v\u00e0 c\u01a1 h\u1ed9i \u0111\u1ec3 t\u00e1c \u0111\u1ed9ng \u0111\u1ebfn c\u00e1c quy\u1ebft \u0111\u1ecbnh \u1ea3nh h\u01b0\u1edfng \u0111\u1ebfn cu\u1ed9c s\u1ed1ng c\u1ee7a h\u1ecd, h\u1ecd s\u1ebd tr\u1edf th\u00e0nh nh\u1eefng \u0111\u1ed1i t\u00e1c v\u00f4 gi\u00e1 v\u00e0 l\u00e0 nh\u1eefng ng\u01b0\u1eddi qu\u1ea3n l\u00fd hi\u1ec7u qu\u1ea3 cho c\u00f4ng t\u00e1c b\u1ea3o t\u1ed3n b\u1ec1n v\u1eefng.   <\/p>\n\n<p><strong>V\u00ed d\u1ee5 v\u1ec1 c\u00e1ch ti\u1ebfp c\u1eadn b\u1ea3o t\u1ed3n c\u1ee7a TKCP \u0111ang \u0111\u01b0\u1ee3c th\u1ef1c hi\u1ec7n:<\/strong><\/p>\n\n<ul class=\"wp-block-list\">\n<li>H\u1ee3p t\u00e1c v\u1edbi c\u1ed9ng \u0111\u1ed3ng \u0111\u1ecba ph\u01b0\u01a1ng, ch\u00ednh quy\u1ec1n PNG v\u00e0 T\u1ed5 ch\u1ee9c B\u1ea3o t\u1ed3n Qu\u1ed1c t\u1ebf, TKCP \u0111\u00e3 gi\u00fap th\u00e0nh l\u1eadp khu v\u1ef1c \u0111\u01b0\u1ee3c b\u1ea3o v\u1ec7 c\u1ea5p qu\u1ed1c gia \u0111\u1ea7u ti\u00ean c\u1ee7a Papua New Guinea: Khu b\u1ea3o t\u1ed3n YUS<\/li>\n\n\n\n<li>TKCP \u0111\u00e3 th\u00e0nh l\u1eadp v\u00e0 \u0111\u00e0o t\u1ea1o \u0110\u1ed9i Ki\u1ec3m l\u00e2m B\u1ea3o t\u1ed3n \u0111\u1ea7u ti\u00ean c\u1ee7a \u0111\u1ea5t n\u01b0\u1edbc \u0111\u1ec3 ti\u1ebfn h\u00e0nh tu\u1ea7n tra v\u00e0 gi\u00e1m s\u00e1t \u0111\u1ed9ng v\u1eadt hoang d\u00e3 trong Khu b\u1ea3o t\u1ed3n YUS<\/li>\n\n\n\n<li>H\u1ee3p t\u00e1c v\u1edbi Caffe Vita t\u1ea1i Seattle, TKCP \u0111\u00e3 k\u1ebft n\u1ed1i n\u00f4ng d\u00e2n tr\u1ed3ng c\u00e0 ph\u00ea t\u1ea1i YUS v\u1edbi c\u00e1c kh\u00f3a \u0111\u00e0o t\u1ea1o v\u00e0 ti\u1ebfp c\u1eadn th\u1ecb tr\u01b0\u1eddng ng\u00e1ch, \u0111\u01b0a C\u00e0 ph\u00ea B\u1ea3o t\u1ed3n YUS b\u1ec1n v\u1eefng ra th\u1ecb tr\u01b0\u1eddng qu\u1ed1c t\u1ebf v\u00e0 gi\u00fap n\u00f4ng d\u00e2n t\u0103ng thu nh\u1eadp. TKCP \u0111\u1eb7t m\u1ee5c ti\u00eau nh\u00e2n r\u1ed9ng m\u00f4 h\u00ecnh th\u00e0nh c\u00f4ng n\u00e0y th\u00f4ng qua h\u1ee3p t\u00e1c v\u1edbi c\u00e1c nh\u00e0 s\u1ea3n xu\u1ea5t s\u00f4 c\u00f4 la \u0111\u1eb7c s\u1ea3n v\u00e0 n\u00f4ng d\u00e2n tr\u1ed3ng ca cao YUS. <\/li>\n\n\n\n<li>TKCP \u0111\u00e3 trao H\u1ecdc b\u1ed5ng Gi\u00e1o vi\u00ean YUS \u0111\u1ec3 gi\u00fap h\u01a1n 20 sinh vi\u00ean YUS t\u1ed1t nghi\u1ec7p Cao \u0111\u1eb3ng S\u01b0 ph\u1ea1m Baleb. C\u00e1c gi\u00e1o vi\u00ean n\u00e0y \u0111\u00e3 tr\u1edf l\u1ea1i YUS, \u0111\u1ea3m nhi\u1ec7m c\u00e1c v\u1ecb tr\u00ed gi\u1ea3ng d\u1ea1y c\u00f2n tr\u1ed1ng v\u00e0 mang \u0111\u1ebfn cho h\u00e0ng tr\u0103m tr\u1ebb em c\u01a1 h\u1ed9i \u0111\u01b0\u1ee3c h\u1ecdc h\u00e0nh. Nh\u1eefng \u0111\u1ee9a tr\u1ebb n\u00e0y s\u1ebd \u0111\u01b0\u1ee3c th\u1eeba k\u1ebf \u0111\u1ea5t \u0111ai c\u1ee7a gia t\u1ed9c v\u00e0 tr\u1edf th\u00e0nh nh\u1eefng nh\u00e0 l\u00e3nh \u0111\u1ea1o b\u1ea3o t\u1ed3n t\u01b0\u01a1ng lai c\u1ee7a YUS.  <\/li>\n\n\n\n<li>TKCP h\u1ee3p t\u00e1c v\u1edbi c\u00e1c chuy\u00ean gia y t\u1ebf t\u00ecnh nguy\u1ec7n \u0111\u1ec3 cung c\u1ea5p th\u00f4ng tin v\u00e0 \u0111\u00e0o t\u1ea1o v\u1ec1 m\u1ed1i quan h\u1ec7 gi\u1eefa m\u00f4i tr\u01b0\u1eddng v\u00e0 s\u1ee9c kh\u1ecfe. C\u00e1c kh\u00f3a \u0111\u00e0o t\u1ea1o n\u00e0y th\u00fac \u0111\u1ea9y qu\u1ea3n l\u00fd t\u00e0i nguy\u00ean b\u1ec1n v\u1eefng v\u00e0 khuy\u1ebfn kh\u00edch c\u00e1c h\u00e0nh vi l\u00e0nh m\u1ea1nh, dinh d\u01b0\u1ee1ng, mang thai v\u00e0 sinh n\u1edf, c\u0169ng nh\u01b0 ph\u00f2ng ng\u1eeba v\u00e0 \u0111i\u1ec1u tr\u1ecb c\u00e1c b\u1ec7nh th\u00f4ng th\u01b0\u1eddng t\u1ea1i YUS. <\/li>\n\n\n\n<li>Nghi\u00ean c\u1ee9u \u0111ang \u0111\u01b0\u1ee3c ti\u1ebfn h\u00e0nh v\u1ec1 sinh th\u00e1i v\u00e0 h\u00e0nh vi c\u1ee7a lo\u00e0i kangaroo c\u00e2y Matschie \u0111\u01b0\u1ee3c s\u1eed d\u1ee5ng \u0111\u1ec3 cung c\u1ea5p th\u00f4ng tin cho c\u00e1c quy\u1ebft \u0111\u1ecbnh li\u00ean quan \u0111\u1ebfn vi\u1ec7c qu\u1ea3n l\u00fd Khu B\u1ea3o t\u1ed3n YUS. V\u1edbi s\u1ef1 hi\u1ec3u bi\u1ebft s\u00e2u s\u1eafc h\u01a1n v\u1ec1 nhu c\u1ea7u c\u1ee7a kangaroo c\u00e2y, TKCP v\u00e0 c\u00e1c \u0111\u1ed1i t\u00e1c c\u00f3 th\u1ec3 \u0111\u1ea3m b\u1ea3o Khu B\u1ea3o t\u1ed3n YUS \u0111\u1ea1t hi\u1ec7u qu\u1ea3 trong vi\u1ec7c b\u1ea3o v\u1ec7 lo\u00e0i n\u00e0y. <\/li>\n<\/ul>\n\n<p>\u0110\u1ec3 bi\u1ebft th\u00eam th\u00f4ng tin v\u1ec1 c\u00f4ng vi\u1ec7c c\u1ee7a ch\u00fang t\u00f4i, vui l\u00f2ng truy c\u1eadp trang <a href=\"https:\/\/www.zoo.org\/tkcp\/program\">Ch\u01b0\u01a1ng tr\u00ecnh c\u1ee7a ch\u00fang t\u00f4i<\/a> ho\u1eb7c xem qua <a href=\"http:\/#\">B\u00e1o c\u00e1o th\u01b0\u1eddng ni\u00ean<\/a> .<\/p>\n","protected":false},"excerpt":{"rendered":"<p>T\u1ea6M NH\u00ccN V\u00c0 S\u1ee8 M\u1ea0NG T\u1ea7m nh\u00ecn Ch\u01b0\u01a1ng tr\u00ecnh B\u1ea3o t\u1ed3n Chu\u1ed9t t\u00fai C\u00e2y h\u01b0\u1edbng t\u1edbi m\u1ed9t c\u1ea3nh quan B\u00e1n \u0111\u1ea3o Huon b\u1ec1n v\u1eefng, l\u00e0nh m\u1ea1nh v\u00e0 c\u00f3 kh\u1ea3 n\u0103ng ph\u1ee5c h\u1ed3i, h\u1ed7 tr\u1ee3 s\u1ef1 \u0111a d\u1ea1ng sinh h\u1ecdc, c\u1ed9ng \u0111\u1ed3ng con ng\u01b0\u1eddi v\u00e0 v\u0103n h\u00f3a \u0111\u1ed9c \u0111\u00e1o c\u1ee7a khu v\u1ef1c. Nhi\u1ec7m v\u1ee5 Ch\u01b0\u01a1ng tr\u00ecnh [&hellip;]<\/p>\n","protected":false},"author":2,"featured_media":0,"parent":0,"menu_order":0,"comment_status":"closed","ping_status":"closed","template":"","meta":{"_acf_changed":false,"_kad_blocks_custom_css":"","_kad_blocks_head_custom_js":"","_kad_blocks_body_custom_js":"","_kad_blocks_footer_custom_js":"","footnotes":""},"class_list":["post-1994","page","type-page","status-publish","hentry"],"blocksy_meta":[],"acf":[],"yoast_head":"<!-- This site is optimized with the Yoast SEO plugin v27.4 - https:\/\/yoast.com\/product\/yoast-seo-wordpress\/ -->\n<title>T\u1ea7m nh\u00ecn v\u00e0 S\u1ee9 m\u1ec7nh - Ch\u01b0\u01a1ng tr\u00ecnh b\u1ea3o t\u1ed3n chu\u1ed9t t\u00fai c\u00e2y<\/title>\n<meta name=\"description\" content=\"Ch\u01b0\u01a1ng tr\u00ecnh \u0111\u1eb7c tr\u01b0ng c\u1ee7a V\u01b0\u1eddn th\u00fa Woodland Park. Ch\u01b0\u01a1ng tr\u00ecnh B\u1ea3o t\u1ed3n Chu\u1ed9t t\u00fai tr\u00ean c\u00e2y h\u1ee3p t\u00e1c v\u1edbi c\u00e1c c\u1ed9ng \u0111\u1ed3ng \u0111\u1ecba ph\u01b0\u01a1ng \u1edf v\u00f9ng n\u00f4ng th\u00f4n Papua New Guinea \u0111\u1ec3 b\u1ea3o v\u1ec7 lo\u00e0i chu\u1ed9t t\u00fai tr\u00ean c\u00e2y Matschie \u0111ang c\u00f3 nguy c\u01a1 tuy\u1ec7t ch\u1ee7ng v\u00e0 m\u00f4i tr\u01b0\u1eddng s\u1ed1ng c\u1ee7a lo\u00e0i n\u00e0y.\" \/>\n<meta name=\"robots\" content=\"index, follow, max-snippet:-1, max-image-preview:large, max-video-preview:-1\" \/>\n<link rel=\"canonical\" href=\"https:\/\/treekangaroo.org\/vi\/tam-nhin-va-su-menh\/\" \/>\n<meta property=\"og:locale\" content=\"vi_VN\" \/>\n<meta property=\"og:type\" content=\"article\" \/>\n<meta property=\"og:title\" content=\"T\u1ea7m nh\u00ecn v\u00e0 S\u1ee9 m\u1ec7nh - Ch\u01b0\u01a1ng tr\u00ecnh b\u1ea3o t\u1ed3n chu\u1ed9t t\u00fai c\u00e2y\" \/>\n<meta property=\"og:description\" content=\"Ch\u01b0\u01a1ng tr\u00ecnh \u0111\u1eb7c tr\u01b0ng c\u1ee7a V\u01b0\u1eddn th\u00fa Woodland Park. Ch\u01b0\u01a1ng tr\u00ecnh B\u1ea3o t\u1ed3n Chu\u1ed9t t\u00fai tr\u00ean c\u00e2y h\u1ee3p t\u00e1c v\u1edbi c\u00e1c c\u1ed9ng \u0111\u1ed3ng \u0111\u1ecba ph\u01b0\u01a1ng \u1edf v\u00f9ng n\u00f4ng th\u00f4n Papua New Guinea \u0111\u1ec3 b\u1ea3o v\u1ec7 lo\u00e0i chu\u1ed9t t\u00fai tr\u00ean c\u00e2y Matschie \u0111ang c\u00f3 nguy c\u01a1 tuy\u1ec7t ch\u1ee7ng v\u00e0 m\u00f4i tr\u01b0\u1eddng s\u1ed1ng c\u1ee7a lo\u00e0i n\u00e0y.\" \/>\n<meta property=\"og:url\" content=\"https:\/\/treekangaroo.org\/vi\/tam-nhin-va-su-menh\/\" \/>\n<meta property=\"og:site_name\" content=\"Ch\u01b0\u01a1ng tr\u00ecnh b\u1ea3o t\u1ed3n chu\u1ed9t t\u00fai c\u00e2y\" \/>\n<meta property=\"article:modified_time\" content=\"2025-12-09T18:53:50+00:00\" \/>\n<meta name=\"twitter:card\" content=\"summary_large_image\" \/>\n<meta name=\"twitter:label1\" content=\"\u01af\u1edbc t\u00ednh th\u1eddi gian \u0111\u1ecdc\" \/>\n\t<meta name=\"twitter:data1\" content=\"6 ph\u00fat\" \/>\n<script type=\"application\/ld+json\" class=\"yoast-schema-graph\">{\"@context\":\"https:\\\/\\\/schema.org\",\"@graph\":[{\"@type\":\"WebPage\",\"@id\":\"https:\\\/\\\/treekangaroo.org\\\/vi\\\/tam-nhin-va-su-menh\\\/\",\"url\":\"https:\\\/\\\/treekangaroo.org\\\/vi\\\/tam-nhin-va-su-menh\\\/\",\"name\":\"T\u1ea7m nh\u00ecn v\u00e0 S\u1ee9 m\u1ec7nh - Ch\u01b0\u01a1ng tr\u00ecnh b\u1ea3o t\u1ed3n chu\u1ed9t t\u00fai c\u00e2y\",\"isPartOf\":{\"@id\":\"https:\\\/\\\/treekangaroo.org\\\/vi\\\/#website\"},\"datePublished\":\"2024-07-30T17:04:28+00:00\",\"dateModified\":\"2025-12-09T18:53:50+00:00\",\"description\":\"Ch\u01b0\u01a1ng tr\u00ecnh \u0111\u1eb7c tr\u01b0ng c\u1ee7a V\u01b0\u1eddn th\u00fa Woodland Park. Ch\u01b0\u01a1ng tr\u00ecnh B\u1ea3o t\u1ed3n Chu\u1ed9t t\u00fai tr\u00ean c\u00e2y h\u1ee3p t\u00e1c v\u1edbi c\u00e1c c\u1ed9ng \u0111\u1ed3ng \u0111\u1ecba ph\u01b0\u01a1ng \u1edf v\u00f9ng n\u00f4ng th\u00f4n Papua New Guinea \u0111\u1ec3 b\u1ea3o v\u1ec7 lo\u00e0i chu\u1ed9t t\u00fai tr\u00ean c\u00e2y Matschie \u0111ang c\u00f3 nguy c\u01a1 tuy\u1ec7t ch\u1ee7ng v\u00e0 m\u00f4i tr\u01b0\u1eddng s\u1ed1ng c\u1ee7a lo\u00e0i n\u00e0y.\",\"breadcrumb\":{\"@id\":\"https:\\\/\\\/treekangaroo.org\\\/vi\\\/tam-nhin-va-su-menh\\\/#breadcrumb\"},\"inLanguage\":\"vi\",\"potentialAction\":[{\"@type\":\"ReadAction\",\"target\":[\"https:\\\/\\\/treekangaroo.org\\\/vi\\\/tam-nhin-va-su-menh\\\/\"]}]},{\"@type\":\"BreadcrumbList\",\"@id\":\"https:\\\/\\\/treekangaroo.org\\\/vi\\\/tam-nhin-va-su-menh\\\/#breadcrumb\",\"itemListElement\":[{\"@type\":\"ListItem\",\"position\":1,\"name\":\"Trang ch\u1ee7\",\"item\":\"https:\\\/\\\/treekangaroo.org\\\/vi\\\/\"},{\"@type\":\"ListItem\",\"position\":2,\"name\":\"T\u1ea7m nh\u00ecn v\u00e0 S\u1ee9 m\u1ec7nh\"}]},{\"@type\":\"WebSite\",\"@id\":\"https:\\\/\\\/treekangaroo.org\\\/vi\\\/#website\",\"url\":\"https:\\\/\\\/treekangaroo.org\\\/vi\\\/\",\"name\":\"Tree Kangaroo Conservation Program\",\"description\":\"\",\"publisher\":{\"@id\":\"https:\\\/\\\/treekangaroo.org\\\/vi\\\/#organization\"},\"potentialAction\":[{\"@type\":\"SearchAction\",\"target\":{\"@type\":\"EntryPoint\",\"urlTemplate\":\"https:\\\/\\\/treekangaroo.org\\\/vi\\\/?s={search_term_string}\"},\"query-input\":{\"@type\":\"PropertyValueSpecification\",\"valueRequired\":true,\"valueName\":\"search_term_string\"}}],\"inLanguage\":\"vi\"},{\"@type\":\"Organization\",\"@id\":\"https:\\\/\\\/treekangaroo.org\\\/vi\\\/#organization\",\"name\":\"Ch\u01b0\u01a1ng tr\u00ecnh b\u1ea3o t\u1ed3n chu\u1ed9t t\u00fai c\u00e2y\",\"url\":\"https:\\\/\\\/treekangaroo.org\\\/vi\\\/\",\"logo\":{\"@type\":\"ImageObject\",\"inLanguage\":\"vi\",\"@id\":\"https:\\\/\\\/treekangaroo.org\\\/vi\\\/#\\\/schema\\\/logo\\\/image\\\/\",\"url\":\"https:\\\/\\\/zoo.org\\\/tkcp\\\/wp-content\\\/uploads\\\/sites\\\/2\\\/2025\\\/04\\\/TKCP-PNG_Logo-white-web.png\",\"contentUrl\":\"https:\\\/\\\/zoo.org\\\/tkcp\\\/wp-content\\\/uploads\\\/sites\\\/2\\\/2025\\\/04\\\/TKCP-PNG_Logo-white-web.png\",\"width\":432,\"height\":358,\"caption\":\"Ch\u01b0\u01a1ng tr\u00ecnh b\u1ea3o t\u1ed3n chu\u1ed9t t\u00fai c\u00e2y\"},\"image\":{\"@id\":\"https:\\\/\\\/treekangaroo.org\\\/vi\\\/#\\\/schema\\\/logo\\\/image\\\/\"}}]}<\/script>\n<!-- \/ Yoast SEO plugin. -->","yoast_head_json":{"title":"T\u1ea7m nh\u00ecn v\u00e0 S\u1ee9 m\u1ec7nh - Ch\u01b0\u01a1ng tr\u00ecnh b\u1ea3o t\u1ed3n chu\u1ed9t t\u00fai c\u00e2y","description":"Ch\u01b0\u01a1ng tr\u00ecnh \u0111\u1eb7c tr\u01b0ng c\u1ee7a V\u01b0\u1eddn th\u00fa Woodland Park. Ch\u01b0\u01a1ng tr\u00ecnh B\u1ea3o t\u1ed3n Chu\u1ed9t t\u00fai tr\u00ean c\u00e2y h\u1ee3p t\u00e1c v\u1edbi c\u00e1c c\u1ed9ng \u0111\u1ed3ng \u0111\u1ecba ph\u01b0\u01a1ng \u1edf v\u00f9ng n\u00f4ng th\u00f4n Papua New Guinea \u0111\u1ec3 b\u1ea3o v\u1ec7 lo\u00e0i chu\u1ed9t t\u00fai tr\u00ean c\u00e2y Matschie \u0111ang c\u00f3 nguy c\u01a1 tuy\u1ec7t ch\u1ee7ng v\u00e0 m\u00f4i tr\u01b0\u1eddng s\u1ed1ng c\u1ee7a lo\u00e0i n\u00e0y.","robots":{"index":"index","follow":"follow","max-snippet":"max-snippet:-1","max-image-preview":"max-image-preview:large","max-video-preview":"max-video-preview:-1"},"canonical":"https:\/\/treekangaroo.org\/vi\/tam-nhin-va-su-menh\/","og_locale":"vi_VN","og_type":"article","og_title":"T\u1ea7m nh\u00ecn v\u00e0 S\u1ee9 m\u1ec7nh - Ch\u01b0\u01a1ng tr\u00ecnh b\u1ea3o t\u1ed3n chu\u1ed9t t\u00fai c\u00e2y","og_description":"Ch\u01b0\u01a1ng tr\u00ecnh \u0111\u1eb7c tr\u01b0ng c\u1ee7a V\u01b0\u1eddn th\u00fa Woodland Park. Ch\u01b0\u01a1ng tr\u00ecnh B\u1ea3o t\u1ed3n Chu\u1ed9t t\u00fai tr\u00ean c\u00e2y h\u1ee3p t\u00e1c v\u1edbi c\u00e1c c\u1ed9ng \u0111\u1ed3ng \u0111\u1ecba ph\u01b0\u01a1ng \u1edf v\u00f9ng n\u00f4ng th\u00f4n Papua New Guinea \u0111\u1ec3 b\u1ea3o v\u1ec7 lo\u00e0i chu\u1ed9t t\u00fai tr\u00ean c\u00e2y Matschie \u0111ang c\u00f3 nguy c\u01a1 tuy\u1ec7t ch\u1ee7ng v\u00e0 m\u00f4i tr\u01b0\u1eddng s\u1ed1ng c\u1ee7a lo\u00e0i n\u00e0y.","og_url":"https:\/\/treekangaroo.org\/vi\/tam-nhin-va-su-menh\/","og_site_name":"Ch\u01b0\u01a1ng tr\u00ecnh b\u1ea3o t\u1ed3n chu\u1ed9t t\u00fai c\u00e2y","article_modified_time":"2025-12-09T18:53:50+00:00","twitter_card":"summary_large_image","twitter_misc":{"\u01af\u1edbc t\u00ednh th\u1eddi gian \u0111\u1ecdc":"6 ph\u00fat"},"schema":{"@context":"https:\/\/schema.org","@graph":[{"@type":"WebPage","@id":"https:\/\/treekangaroo.org\/vi\/tam-nhin-va-su-menh\/","url":"https:\/\/treekangaroo.org\/vi\/tam-nhin-va-su-menh\/","name":"T\u1ea7m nh\u00ecn v\u00e0 S\u1ee9 m\u1ec7nh - Ch\u01b0\u01a1ng tr\u00ecnh b\u1ea3o t\u1ed3n chu\u1ed9t t\u00fai c\u00e2y","isPartOf":{"@id":"https:\/\/treekangaroo.org\/vi\/#website"},"datePublished":"2024-07-30T17:04:28+00:00","dateModified":"2025-12-09T18:53:50+00:00","description":"Ch\u01b0\u01a1ng tr\u00ecnh \u0111\u1eb7c tr\u01b0ng c\u1ee7a V\u01b0\u1eddn th\u00fa Woodland Park. Ch\u01b0\u01a1ng tr\u00ecnh B\u1ea3o t\u1ed3n Chu\u1ed9t t\u00fai tr\u00ean c\u00e2y h\u1ee3p t\u00e1c v\u1edbi c\u00e1c c\u1ed9ng \u0111\u1ed3ng \u0111\u1ecba ph\u01b0\u01a1ng \u1edf v\u00f9ng n\u00f4ng th\u00f4n Papua New Guinea \u0111\u1ec3 b\u1ea3o v\u1ec7 lo\u00e0i chu\u1ed9t t\u00fai tr\u00ean c\u00e2y Matschie \u0111ang c\u00f3 nguy c\u01a1 tuy\u1ec7t ch\u1ee7ng v\u00e0 m\u00f4i tr\u01b0\u1eddng s\u1ed1ng c\u1ee7a lo\u00e0i n\u00e0y.","breadcrumb":{"@id":"https:\/\/treekangaroo.org\/vi\/tam-nhin-va-su-menh\/#breadcrumb"},"inLanguage":"vi","potentialAction":[{"@type":"ReadAction","target":["https:\/\/treekangaroo.org\/vi\/tam-nhin-va-su-menh\/"]}]},{"@type":"BreadcrumbList","@id":"https:\/\/treekangaroo.org\/vi\/tam-nhin-va-su-menh\/#breadcrumb","itemListElement":[{"@type":"ListItem","position":1,"name":"Trang ch\u1ee7","item":"https:\/\/treekangaroo.org\/vi\/"},{"@type":"ListItem","position":2,"name":"T\u1ea7m nh\u00ecn v\u00e0 S\u1ee9 m\u1ec7nh"}]},{"@type":"WebSite","@id":"https:\/\/treekangaroo.org\/vi\/#website","url":"https:\/\/treekangaroo.org\/vi\/","name":"Tree Kangaroo Conservation Program","description":"","publisher":{"@id":"https:\/\/treekangaroo.org\/vi\/#organization"},"potentialAction":[{"@type":"SearchAction","target":{"@type":"EntryPoint","urlTemplate":"https:\/\/treekangaroo.org\/vi\/?s={search_term_string}"},"query-input":{"@type":"PropertyValueSpecification","valueRequired":true,"valueName":"search_term_string"}}],"inLanguage":"vi"},{"@type":"Organization","@id":"https:\/\/treekangaroo.org\/vi\/#organization","name":"Ch\u01b0\u01a1ng tr\u00ecnh b\u1ea3o t\u1ed3n chu\u1ed9t t\u00fai c\u00e2y","url":"https:\/\/treekangaroo.org\/vi\/","logo":{"@type":"ImageObject","inLanguage":"vi","@id":"https:\/\/treekangaroo.org\/vi\/#\/schema\/logo\/image\/","url":"https:\/\/zoo.org\/tkcp\/wp-content\/uploads\/sites\/2\/2025\/04\/TKCP-PNG_Logo-white-web.png","contentUrl":"https:\/\/zoo.org\/tkcp\/wp-content\/uploads\/sites\/2\/2025\/04\/TKCP-PNG_Logo-white-web.png","width":432,"height":358,"caption":"Ch\u01b0\u01a1ng tr\u00ecnh b\u1ea3o t\u1ed3n chu\u1ed9t t\u00fai c\u00e2y"},"image":{"@id":"https:\/\/treekangaroo.org\/vi\/#\/schema\/logo\/image\/"}}]}},"taxonomy_info":[],"featured_image_src_large":false,"author_info":{"display_name":"","author_link":"https:\/\/treekangaroo.org\/vi\/author\/"},"comment_info":0,"_links":{"self":[{"href":"https:\/\/treekangaroo.org\/vi\/wp-json\/wp\/v2\/pages\/1994","targetHints":{"allow":["GET"]}}],"collection":[{"href":"https:\/\/treekangaroo.org\/vi\/wp-json\/wp\/v2\/pages"}],"about":[{"href":"https:\/\/treekangaroo.org\/vi\/wp-json\/wp\/v2\/types\/page"}],"author":[{"embeddable":true,"href":"https:\/\/treekangaroo.org\/vi\/wp-json\/wp\/v2\/users\/2"}],"replies":[{"embeddable":true,"href":"https:\/\/treekangaroo.org\/vi\/wp-json\/wp\/v2\/comments?post=1994"}],"version-history":[{"count":1,"href":"https:\/\/treekangaroo.org\/vi\/wp-json\/wp\/v2\/pages\/1994\/revisions"}],"predecessor-version":[{"id":1995,"href":"https:\/\/treekangaroo.org\/vi\/wp-json\/wp\/v2\/pages\/1994\/revisions\/1995"}],"wp:attachment":[{"href":"https:\/\/treekangaroo.org\/vi\/wp-json\/wp\/v2\/media?parent=1994"}],"curies":[{"name":"wp","href":"https:\/\/api.w.org\/{rel}","templated":true}]}}