{"id":2010,"date":"2024-07-25T23:21:26","date_gmt":"2024-07-25T23:21:26","guid":{"rendered":"https:\/\/zoo.org\/tkcp\/tham-gia\/"},"modified":"2026-01-09T17:13:04","modified_gmt":"2026-01-09T17:13:04","slug":"tham-gia","status":"publish","type":"page","link":"https:\/\/treekangaroo.org\/vi\/tham-gia\/","title":{"rendered":"Tham gia"},"content":{"rendered":"\n<div class=\"wp-block-cover alignfull hero\"><img loading=\"lazy\" decoding=\"async\" width=\"1800\" height=\"494\" class=\"wp-block-cover__image-background wp-image-1067\" alt=\"\" src=\"http:\/\/zoo.org\/tkcp\/wp-content\/uploads\/sites\/2\/2025\/04\/support-header.jpg\" data-object-fit=\"cover\" srcset=\"https:\/\/treekangaroo.org\/wp-content\/uploads\/sites\/2\/2025\/04\/support-header.jpg 1800w, https:\/\/treekangaroo.org\/wp-content\/uploads\/sites\/2\/2025\/04\/support-header-300x82.jpg 300w, https:\/\/treekangaroo.org\/wp-content\/uploads\/sites\/2\/2025\/04\/support-header-1024x281.jpg 1024w, https:\/\/treekangaroo.org\/wp-content\/uploads\/sites\/2\/2025\/04\/support-header-768x211.jpg 768w, https:\/\/treekangaroo.org\/wp-content\/uploads\/sites\/2\/2025\/04\/support-header-1536x422.jpg 1536w\" sizes=\"auto, (max-width: 1800px) 100vw, 1800px\" \/><span aria-hidden=\"true\" class=\"wp-block-cover__background has-background-dim-0 has-background-dim\" style=\"background-color:#454e3b\"><\/span><div class=\"wp-block-cover__inner-container is-layout-constrained wp-block-cover-is-layout-constrained\">\n<figure class=\"wp-block-image aligncenter size-full\"><img loading=\"lazy\" decoding=\"async\" width=\"721\" height=\"192\" src=\"http:\/\/zoo.org\/tkcp\/wp-content\/uploads\/sites\/2\/2025\/04\/TKCP_logo_PNG.png\" alt=\"\" class=\"wp-image-1091\" style=\"object-fit:cover\" srcset=\"https:\/\/treekangaroo.org\/wp-content\/uploads\/sites\/2\/2025\/04\/TKCP_logo_PNG.png 721w, https:\/\/treekangaroo.org\/wp-content\/uploads\/sites\/2\/2025\/04\/TKCP_logo_PNG-300x80.png 300w\" sizes=\"auto, (max-width: 721px) 100vw, 721px\" \/><\/figure>\n<\/div><\/div>\n\n<div class=\"wp-block-group alignfull heading-flag has-custom-white-color has-text-color has-link-color wp-elements-5932f64773a575f7445de9f1eb74b528 is-layout-constrained wp-container-core-group-is-layout-35cbd09f wp-block-group-is-layout-constrained\" style=\"margin-top:3em;margin-bottom:3em;padding-top:0em;padding-right:0em;padding-bottom:0em;padding-left:0em\">\n<h2 class=\"wp-block-heading alignfull has-text-align-center\" style=\"margin-top:0px;margin-right:0px;margin-bottom:0px;margin-left:0px;padding-top:0.5em;padding-right:0em;padding-bottom:0.5em;padding-left:0em\">QUY\u00caN T\u1eb6NG<\/h2>\n<\/div>\n\n<h3 class=\"wp-block-heading\">B\u1ea3o v\u1ec7 lo\u00e0i Kangaroo c\u00e2y v\u00e0 m\u00f4i tr\u01b0\u1eddng s\u1ed1ng c\u1ee7a ch\u00fang<\/h3>\n\n<p>Ch\u01b0\u01a1ng tr\u00ecnh B\u1ea3o t\u1ed3n Chu\u1ed9t t\u00fai C\u00e2y t\u1eadp trung v\u00e0o lo\u00e0i chu\u1ed9t t\u00fai c\u00e2y v\u00e0 con ng\u01b0\u1eddi c\u00f9ng chung s\u1ed1ng. Ch\u00fang t\u00f4i h\u1ee3p t\u00e1c v\u1edbi c\u00e1c ch\u1ee7 \u0111\u1ea5t \u0111\u1ecba ph\u01b0\u01a1ng \u1edf Papua New Guinea \u0111\u1ec3 qu\u1ea3n l\u00fd Khu B\u1ea3o t\u1ed3n \u0111\u1ea7u ti\u00ean c\u1ee7a \u0111\u1ea5t n\u01b0\u1edbc, b\u1ea3o v\u1ec7 h\u1ec7 sinh th\u00e1i r\u1eebng m\u00e2y nguy\u00ean s\u01a1 v\u00e0 m\u00f4i tr\u01b0\u1eddng s\u1ed1ng cho c\u00e1c lo\u00e0i c\u00f3 nguy c\u01a1 tuy\u1ec7t ch\u1ee7ng, bao g\u1ed3m c\u1ea3 chu\u1ed9t t\u00fai c\u00e2y Matschie. <\/p>\n\n<p>S\u1ef1 \u0111\u00f3ng g\u00f3p c\u1ee7a b\u1ea1n h\u00f4m nay s\u1ebd h\u1ed7 tr\u1ee3 c\u00f4ng vi\u1ec7c c\u1ee7a Ch\u01b0\u01a1ng tr\u00ecnh B\u1ea3o t\u1ed3n Chu\u1ed9t t\u00fai C\u00e2y t\u1ea1i Papua New Guinea, do \u0111\u1ed9i ng\u0169 nh\u00e2n vi\u00ean \u0111\u1ecba ph\u01b0\u01a1ng th\u1ef1c hi\u1ec7n v\u00ec l\u1ee3i \u00edch c\u1ee7a \u0111\u1ed9ng v\u1eadt hoang d\u00e3 v\u00e0 ng\u01b0\u1eddi d\u00e2n YUS. Xin ch\u00e2n th\u00e0nh c\u1ea3m \u01a1n! <\/p>\n\n<p><strong>H\u00e3y c\u00e2n nh\u1eafc vi\u1ec7c quy\u00ean g\u00f3p \u0111\u1ec3 vinh danh sinh nh\u1eadt ho\u1eb7c s\u1ef1 ki\u1ec7n \u0111\u1eb7c bi\u1ec7t c\u1ee7a ai \u0111\u00f3!<\/strong><\/p>\n\n<h4 class=\"wp-block-heading\">S\u1ef1 \u0111\u00f3ng g\u00f3p c\u1ee7a b\u1ea1n s\u1ebd h\u1ed7 tr\u1ee3 t\u1ea5t c\u1ea3 c\u00e1c s\u00e1ng ki\u1ebfn c\u1ee7a TKCP t\u1ea1i Papua New Guinea<\/h4>\n\n<div class=\"wp-block-columns is-layout-flex wp-container-core-columns-is-layout-45c10ec9 wp-block-columns-is-layout-flex\" style=\"margin-top:var(--wp--preset--spacing--60);margin-bottom:var(--wp--preset--spacing--60)\">\n<div class=\"wp-block-column is-layout-flow wp-block-column-is-layout-flow\" style=\"padding-right:0;padding-left:0\">\n<ul class=\"wp-block-list\">\n<li>50 \u0111\u00f4 la c\u00f3 th\u1ec3 chi tr\u1ea3 cho c\u00e1c v\u1eadt d\u1ee5ng cho h\u1ed9i th\u1ea3o \u0111\u00e0o t\u1ea1o &#8216;L\u00e0ng kh\u1ecfe, R\u1eebng kh\u1ecfe&#8217; t\u1ea1i YUS<\/li>\n\n\n\n<li>100 \u0111\u00f4 la c\u00f3 th\u1ec3 cung c\u1ea5p thi\u1ebft b\u1ecb th\u1ef1c \u0111\u1ecba cho \u0110\u1ed9i Ki\u1ec3m l\u00e2m B\u1ea3o t\u1ed3n YUS<\/li>\n\n\n\n<li>250 \u0111\u00f4 la c\u00f3 th\u1ec3 b\u00f9 \u0111\u1eafp chi ph\u00ed cho c\u00e1c v\u1eadt t\u01b0 nghi\u00ean c\u1ee9u th\u1ef1c \u0111\u1ecba v\u1ec1 chu\u1ed9t t\u00fai tr\u00ean c\u00e2y<\/li>\n\n\n\n<li>500 \u0111\u00f4 la c\u00f3 th\u1ec3 chi tr\u1ea3 cho m\u1ed9t bu\u1ed5i h\u1ed9i th\u1ea3o k\u1ef9 n\u0103ng canh t\u00e1c d\u00e0nh cho n\u00f4ng d\u00e2n tr\u1ed3ng c\u00e0 ph\u00ea v\u00e0 ca cao t\u1ea1i YUS<\/li>\n\n\n\n<li>1000 \u0111\u00f4 la c\u00f3 th\u1ec3 b\u00f9 \u0111\u1eafp chi ph\u00ed cho m\u1ed9t Ki\u1ec3m l\u00e2m B\u1ea3o t\u1ed3n YUS trong m\u1ed9t n\u0103m \u0111\u1ec3 ti\u1ebfn h\u00e0nh tu\u1ea7n tra v\u00e0 gi\u00e1m s\u00e1t c\u00e1c lo\u00e0i<\/li>\n\n\n\n<li>2000 \u0111\u00f4 la c\u00f3 th\u1ec3 chi tr\u1ea3 cho m\u1ed9t n\u0103m h\u1ecdc b\u1ed5ng c\u1ee7a Cao \u0111\u1eb3ng S\u01b0 ph\u1ea1m Balob d\u00e0nh cho sinh vi\u00ean t\u1eeb YUS (ch\u01b0\u01a1ng tr\u00ecnh k\u00e9o d\u00e0i 2 n\u0103m)<\/li>\n\n\n\n<li>5000 \u0111\u00f4 la c\u00f3 th\u1ec3 b\u00f9 \u0111\u1eafp chi ph\u00ed cho m\u1ed9t lo\u1ea1t c\u00e1c kh\u00f3a \u0111\u00e0o t\u1ea1o s\u1ee9c kh\u1ecfe d\u00e0nh cho n\u1eef h\u1ed9 sinh v\u00e0 nh\u00e2n vi\u00ean y t\u1ebf t\u1ea1i l\u00e0ng<\/li>\n<\/ul>\n<\/div>\n\n\n\n<div class=\"wp-block-column is-layout-flow wp-block-column-is-layout-flow\">\n<div id=\"TKCP-donate\"><\/div>\n<\/div>\n<\/div>\n\n<div class=\"wp-block-cover alignfull is-light\" style=\"margin-top:3.5em;margin-bottom:3.5em;padding-top:1.5em;padding-right:1.5em;padding-bottom:1.5em;padding-left:1.5em;min-height:400px;aspect-ratio:unset;\"><img loading=\"lazy\" decoding=\"async\" width=\"1024\" height=\"213\" class=\"wp-block-cover__image-background wp-image-1271 size-large\" alt=\"Moss-covered trees and green ferns in a foggy, dense forest, viewed from a low angle looking up towards the misty canopy above.\" src=\"https:\/\/zoo.org\/tkcp\/wp-content\/uploads\/sites\/2\/2025\/04\/rain-forest-1024x213.jpg\" data-object-fit=\"cover\" srcset=\"https:\/\/treekangaroo.org\/wp-content\/uploads\/sites\/2\/2025\/04\/rain-forest-1024x213.jpg 1024w, https:\/\/treekangaroo.org\/wp-content\/uploads\/sites\/2\/2025\/04\/rain-forest-300x63.jpg 300w, https:\/\/treekangaroo.org\/wp-content\/uploads\/sites\/2\/2025\/04\/rain-forest-768x160.jpg 768w, https:\/\/treekangaroo.org\/wp-content\/uploads\/sites\/2\/2025\/04\/rain-forest-1536x320.jpg 1536w, https:\/\/treekangaroo.org\/wp-content\/uploads\/sites\/2\/2025\/04\/rain-forest.jpg 1920w\" sizes=\"auto, (max-width: 1024px) 100vw, 1024px\" \/><span aria-hidden=\"true\" class=\"wp-block-cover__background has-background-dim-0 has-background-dim\" style=\"background-color:#818675\"><\/span><div class=\"wp-block-cover__inner-container is-layout-flow wp-block-cover-is-layout-flow\">\n<p class=\"has-text-align-center has-large-font-size\"><\/p>\n<\/div><\/div>\n\n<p><strong>B\u1ea1n c\u00f3 mu\u1ed1n g\u1eedi cho ch\u00fang t\u00f4i m\u1ed9t kho\u1ea3n quy\u00ean g\u00f3p, t\u1eb7ng c\u1ed5 phi\u1ebfu ho\u1eb7c ch\u1ee9ng kho\u00e1n, ho\u1eb7c b\u1ea1n c\u1ea7n li\u00ean h\u1ec7 v\u1edbi ch\u00fang t\u00f4i kh\u00f4ng?<\/strong><\/p>\n\n<div class=\"wp-block-columns is-layout-flex wp-container-core-columns-is-layout-d0fad934 wp-block-columns-is-layout-flex\" style=\"margin-top:2.5em;margin-bottom:2.5em\">\n<div class=\"wp-block-column has-palette-color-17-background-color has-background is-layout-flow wp-container-core-column-is-layout-f86737b1 wp-block-column-is-layout-flow\" style=\"padding-top:20px;padding-right:20px;padding-bottom:20px;padding-left:20px\">\n<h3 class=\"wp-block-heading\" style=\"margin-bottom:1em\">V\u0103n ph\u00f2ng Hoa K\u1ef3<\/h3>\n\n\n\n<p style=\"margin-bottom:1em\">V\u01b0\u1eddn th\u00fa Woodland Park<br\/> 5500 Phinney Avenue North<br\/> Seattle, Washington 98103<br\/> Hoa K\u1ef3<br\/> \u0110T: +1 (206) 548-2623<br\/> F: +1 (206) 547-6962<br\/> E: <a href=\"mailto:lisa.dabek@zoo.org\">Lisa Dabek, Gi\u00e1m \u0111\u1ed1c Ch\u01b0\u01a1ng tr\u00ecnh<\/a><br\/> <a href=\"mailto:trevor.holbrook@zoo.org\">Trevor Holbrook, Qu\u1ea3n l\u00fd ch\u01b0\u01a1ng tr\u00ecnh<\/a><\/p>\n<\/div>\n\n\n\n<div class=\"wp-block-column has-palette-color-17-background-color has-background is-layout-flow wp-container-core-column-is-layout-f86737b1 wp-block-column-is-layout-flow\" style=\"padding-top:20px;padding-right:20px;padding-bottom:20px;padding-left:20px\">\n<h3 class=\"wp-block-heading\" style=\"margin-bottom:1em\">V\u0103n ph\u00f2ng Papua New Guinea<\/h3>\n\n\n\n<p style=\"margin-bottom:1em\">T\u00f2a nh\u00e0 Chuy\u00ean gia \u0110\u01b0\u1eddng s\u1ed1 5<br\/> H\u1ed9p th\u01b0 b\u01b0u \u0111i\u1ec7n 360, Lae<br\/> T\u1ec9nh Morobe, 411<br\/> Papua New Guinea<br\/> \u0110T: +675-472-7226<br\/> E: <a href=\"mailto:Modi.Pontio@treekangaroo.org\">Modi Pontio, Ph\u00f3 Gi\u00e1m \u0111\u1ed1c<\/a><\/p>\n<\/div>\n<\/div>\n\n<p>TKCP \u0111\u00e3 th\u00e0nh l\u1eadp Qu\u1ef9 B\u1ea3o t\u1ed3n YUS c\u00f9ng v\u1edbi S\u1edf th\u00fa Woodland Park v\u00e0 T\u1ed5 ch\u1ee9c B\u1ea3o t\u1ed3n Qu\u1ed1c t\u1ebf. \u0110\u01b0\u1ee3c \u0111\u1eb7t t\u1ea1i S\u1edf th\u00fa Woodland Park, qu\u1ef9 n\u00e0y cung c\u1ea5p m\u1ed9t ph\u1ea7n h\u1ed7 tr\u1ee3 t\u00e0i ch\u00ednh h\u00e0ng n\u0103m cho vi\u1ec7c qu\u1ea3n l\u00fd v\u00e0 b\u1ea3o v\u1ec7 Khu B\u1ea3o t\u1ed3n YUS v\u0129nh vi\u1ec5n. Ch\u00fang t\u00f4i \u0111ang ti\u1ebfp t\u1ee5c x\u00e2y d\u1ef1ng nguy\u00ean t\u1eafc qu\u1ef9 \u0111\u1ec3 t\u0103ng c\u01b0\u1eddng h\u1ed7 tr\u1ee3 t\u00e0i ch\u00ednh d\u00e0i h\u1ea1n cho c\u00e1c n\u1ed7 l\u1ef1c b\u1ea3o t\u1ed3n t\u1ea1i YUS. \u0110\u1ec3 \u0111\u00f3ng g\u00f3p cho Qu\u1ef9 B\u1ea3o t\u1ed3n YUS, vui l\u00f2ng ghi r\u00f5 &#8216;Qu\u1ef9 B\u1ea3o t\u1ed3n YUS&#8217; trong bi\u1ec3u m\u1eabu \u1edf tr\u00ean.   <\/p>\n\n<p>M\u1ecdi \u0111\u00f3ng g\u00f3p cho Ch\u01b0\u01a1ng tr\u00ecnh B\u1ea3o t\u1ed3n Chu\u1ed9t t\u00fai C\u00e2y \u0111\u01b0\u1ee3c ch\u1ea5p nh\u1eadn th\u00f4ng qua H\u1ed9i \u0110\u1ed9ng v\u1eadt h\u1ecdc Woodland Park, m\u1ed9t t\u1ed5 ch\u1ee9c phi l\u1ee3i nhu\u1eadn 501(c)3. M\u1ecdi \u0111\u00f3ng g\u00f3p \u0111\u1ec1u \u0111\u01b0\u1ee3c kh\u1ea5u tr\u1eeb thu\u1ebf \u1edf m\u1ee9c t\u1ed1i \u0111a theo quy \u0111\u1ecbnh c\u1ee7a ph\u00e1p lu\u1eadt. M\u00e3 s\u1ed1 thu\u1ebf c\u1ee7a ch\u00fang t\u00f4i l\u00e0 91-6070005. 100% \u0111\u00f3ng g\u00f3p \u0111\u01b0\u1ee3c s\u1eed d\u1ee5ng cho ho\u1ea1t \u0111\u1ed9ng c\u1ee7a ch\u01b0\u01a1ng tr\u00ecnh TKCP.   <\/p>\n","protected":false},"excerpt":{"rendered":"<p>QUY\u00caN T\u1eb6NG B\u1ea3o v\u1ec7 lo\u00e0i Kangaroo c\u00e2y v\u00e0 m\u00f4i tr\u01b0\u1eddng s\u1ed1ng c\u1ee7a ch\u00fang Ch\u01b0\u01a1ng tr\u00ecnh B\u1ea3o t\u1ed3n Chu\u1ed9t t\u00fai C\u00e2y t\u1eadp trung v\u00e0o lo\u00e0i chu\u1ed9t t\u00fai c\u00e2y v\u00e0 con ng\u01b0\u1eddi c\u00f9ng chung s\u1ed1ng. Ch\u00fang t\u00f4i h\u1ee3p t\u00e1c v\u1edbi c\u00e1c ch\u1ee7 \u0111\u1ea5t \u0111\u1ecba ph\u01b0\u01a1ng \u1edf Papua New Guinea \u0111\u1ec3 qu\u1ea3n l\u00fd Khu B\u1ea3o t\u1ed3n \u0111\u1ea7u ti\u00ean [&hellip;]<\/p>\n","protected":false},"author":2,"featured_media":0,"parent":0,"menu_order":0,"comment_status":"closed","ping_status":"closed","template":"","meta":{"_acf_changed":false,"_kad_blocks_custom_css":"","_kad_blocks_head_custom_js":"","_kad_blocks_body_custom_js":"","_kad_blocks_footer_custom_js":"","footnotes":""},"class_list":["post-2010","page","type-page","status-publish","hentry"],"blocksy_meta":[],"acf":[],"yoast_head":"<!-- This site is optimized with the Yoast SEO plugin v27.4 - https:\/\/yoast.com\/product\/yoast-seo-wordpress\/ -->\n<title>Tham gia - Ch\u01b0\u01a1ng tr\u00ecnh b\u1ea3o t\u1ed3n chu\u1ed9t t\u00fai c\u00e2y<\/title>\n<meta name=\"description\" content=\"Ch\u01b0\u01a1ng tr\u00ecnh \u0111\u1eb7c tr\u01b0ng c\u1ee7a V\u01b0\u1eddn th\u00fa Woodland Park. Ch\u01b0\u01a1ng tr\u00ecnh B\u1ea3o t\u1ed3n Chu\u1ed9t t\u00fai tr\u00ean c\u00e2y h\u1ee3p t\u00e1c v\u1edbi c\u00e1c c\u1ed9ng \u0111\u1ed3ng \u0111\u1ecba ph\u01b0\u01a1ng \u1edf v\u00f9ng n\u00f4ng th\u00f4n Papua New Guinea \u0111\u1ec3 b\u1ea3o v\u1ec7 lo\u00e0i chu\u1ed9t t\u00fai tr\u00ean c\u00e2y Matschie \u0111ang c\u00f3 nguy c\u01a1 tuy\u1ec7t ch\u1ee7ng v\u00e0 m\u00f4i tr\u01b0\u1eddng s\u1ed1ng c\u1ee7a lo\u00e0i n\u00e0y.\" \/>\n<meta name=\"robots\" content=\"index, follow, max-snippet:-1, max-image-preview:large, max-video-preview:-1\" \/>\n<link rel=\"canonical\" href=\"https:\/\/treekangaroo.org\/vi\/tham-gia\/\" \/>\n<meta property=\"og:locale\" content=\"vi_VN\" \/>\n<meta property=\"og:type\" content=\"article\" \/>\n<meta property=\"og:title\" content=\"Tham gia - Ch\u01b0\u01a1ng tr\u00ecnh b\u1ea3o t\u1ed3n chu\u1ed9t t\u00fai c\u00e2y\" \/>\n<meta property=\"og:description\" content=\"Ch\u01b0\u01a1ng tr\u00ecnh \u0111\u1eb7c tr\u01b0ng c\u1ee7a V\u01b0\u1eddn th\u00fa Woodland Park. Ch\u01b0\u01a1ng tr\u00ecnh B\u1ea3o t\u1ed3n Chu\u1ed9t t\u00fai tr\u00ean c\u00e2y h\u1ee3p t\u00e1c v\u1edbi c\u00e1c c\u1ed9ng \u0111\u1ed3ng \u0111\u1ecba ph\u01b0\u01a1ng \u1edf v\u00f9ng n\u00f4ng th\u00f4n Papua New Guinea \u0111\u1ec3 b\u1ea3o v\u1ec7 lo\u00e0i chu\u1ed9t t\u00fai tr\u00ean c\u00e2y Matschie \u0111ang c\u00f3 nguy c\u01a1 tuy\u1ec7t ch\u1ee7ng v\u00e0 m\u00f4i tr\u01b0\u1eddng s\u1ed1ng c\u1ee7a lo\u00e0i n\u00e0y.\" \/>\n<meta property=\"og:url\" content=\"https:\/\/treekangaroo.org\/vi\/tham-gia\/\" \/>\n<meta property=\"og:site_name\" content=\"Ch\u01b0\u01a1ng tr\u00ecnh b\u1ea3o t\u1ed3n chu\u1ed9t t\u00fai c\u00e2y\" \/>\n<meta property=\"article:modified_time\" content=\"2026-01-09T17:13:04+00:00\" \/>\n<meta property=\"og:image\" content=\"https:\/\/zoo.org\/tkcp\/wp-content\/uploads\/sites\/2\/2025\/04\/rain-forest-1024x213.jpg\" \/>\n<meta name=\"twitter:card\" content=\"summary_large_image\" \/>\n<meta name=\"twitter:label1\" content=\"\u01af\u1edbc t\u00ednh th\u1eddi gian \u0111\u1ecdc\" \/>\n\t<meta name=\"twitter:data1\" content=\"4 ph\u00fat\" \/>\n<script type=\"application\/ld+json\" class=\"yoast-schema-graph\">{\"@context\":\"https:\\\/\\\/schema.org\",\"@graph\":[{\"@type\":\"WebPage\",\"@id\":\"https:\\\/\\\/treekangaroo.org\\\/vi\\\/tham-gia\\\/\",\"url\":\"https:\\\/\\\/treekangaroo.org\\\/vi\\\/tham-gia\\\/\",\"name\":\"Tham gia - Ch\u01b0\u01a1ng tr\u00ecnh b\u1ea3o t\u1ed3n chu\u1ed9t t\u00fai c\u00e2y\",\"isPartOf\":{\"@id\":\"https:\\\/\\\/treekangaroo.org\\\/vi\\\/#website\"},\"primaryImageOfPage\":{\"@id\":\"https:\\\/\\\/treekangaroo.org\\\/vi\\\/tham-gia\\\/#primaryimage\"},\"image\":{\"@id\":\"https:\\\/\\\/treekangaroo.org\\\/vi\\\/tham-gia\\\/#primaryimage\"},\"thumbnailUrl\":\"https:\\\/\\\/zoo.org\\\/tkcp\\\/wp-content\\\/uploads\\\/sites\\\/2\\\/2025\\\/04\\\/rain-forest-1024x213.jpg\",\"datePublished\":\"2024-07-25T23:21:26+00:00\",\"dateModified\":\"2026-01-09T17:13:04+00:00\",\"description\":\"Ch\u01b0\u01a1ng tr\u00ecnh \u0111\u1eb7c tr\u01b0ng c\u1ee7a V\u01b0\u1eddn th\u00fa Woodland Park. Ch\u01b0\u01a1ng tr\u00ecnh B\u1ea3o t\u1ed3n Chu\u1ed9t t\u00fai tr\u00ean c\u00e2y h\u1ee3p t\u00e1c v\u1edbi c\u00e1c c\u1ed9ng \u0111\u1ed3ng \u0111\u1ecba ph\u01b0\u01a1ng \u1edf v\u00f9ng n\u00f4ng th\u00f4n Papua New Guinea \u0111\u1ec3 b\u1ea3o v\u1ec7 lo\u00e0i chu\u1ed9t t\u00fai tr\u00ean c\u00e2y Matschie \u0111ang c\u00f3 nguy c\u01a1 tuy\u1ec7t ch\u1ee7ng v\u00e0 m\u00f4i tr\u01b0\u1eddng s\u1ed1ng c\u1ee7a lo\u00e0i n\u00e0y.\",\"breadcrumb\":{\"@id\":\"https:\\\/\\\/treekangaroo.org\\\/vi\\\/tham-gia\\\/#breadcrumb\"},\"inLanguage\":\"vi\",\"potentialAction\":[{\"@type\":\"ReadAction\",\"target\":[\"https:\\\/\\\/treekangaroo.org\\\/vi\\\/tham-gia\\\/\"]}]},{\"@type\":\"ImageObject\",\"inLanguage\":\"vi\",\"@id\":\"https:\\\/\\\/treekangaroo.org\\\/vi\\\/tham-gia\\\/#primaryimage\",\"url\":\"https:\\\/\\\/zoo.org\\\/tkcp\\\/wp-content\\\/uploads\\\/sites\\\/2\\\/2025\\\/04\\\/rain-forest-1024x213.jpg\",\"contentUrl\":\"https:\\\/\\\/zoo.org\\\/tkcp\\\/wp-content\\\/uploads\\\/sites\\\/2\\\/2025\\\/04\\\/rain-forest-1024x213.jpg\"},{\"@type\":\"BreadcrumbList\",\"@id\":\"https:\\\/\\\/treekangaroo.org\\\/vi\\\/tham-gia\\\/#breadcrumb\",\"itemListElement\":[{\"@type\":\"ListItem\",\"position\":1,\"name\":\"Trang ch\u1ee7\",\"item\":\"https:\\\/\\\/treekangaroo.org\\\/vi\\\/\"},{\"@type\":\"ListItem\",\"position\":2,\"name\":\"Tham gia\"}]},{\"@type\":\"WebSite\",\"@id\":\"https:\\\/\\\/treekangaroo.org\\\/vi\\\/#website\",\"url\":\"https:\\\/\\\/treekangaroo.org\\\/vi\\\/\",\"name\":\"Tree Kangaroo Conservation Program\",\"description\":\"\",\"publisher\":{\"@id\":\"https:\\\/\\\/treekangaroo.org\\\/vi\\\/#organization\"},\"potentialAction\":[{\"@type\":\"SearchAction\",\"target\":{\"@type\":\"EntryPoint\",\"urlTemplate\":\"https:\\\/\\\/treekangaroo.org\\\/vi\\\/?s={search_term_string}\"},\"query-input\":{\"@type\":\"PropertyValueSpecification\",\"valueRequired\":true,\"valueName\":\"search_term_string\"}}],\"inLanguage\":\"vi\"},{\"@type\":\"Organization\",\"@id\":\"https:\\\/\\\/treekangaroo.org\\\/vi\\\/#organization\",\"name\":\"Ch\u01b0\u01a1ng tr\u00ecnh b\u1ea3o t\u1ed3n chu\u1ed9t t\u00fai c\u00e2y\",\"url\":\"https:\\\/\\\/treekangaroo.org\\\/vi\\\/\",\"logo\":{\"@type\":\"ImageObject\",\"inLanguage\":\"vi\",\"@id\":\"https:\\\/\\\/treekangaroo.org\\\/vi\\\/#\\\/schema\\\/logo\\\/image\\\/\",\"url\":\"https:\\\/\\\/zoo.org\\\/tkcp\\\/wp-content\\\/uploads\\\/sites\\\/2\\\/2025\\\/04\\\/TKCP-PNG_Logo-white-web.png\",\"contentUrl\":\"https:\\\/\\\/zoo.org\\\/tkcp\\\/wp-content\\\/uploads\\\/sites\\\/2\\\/2025\\\/04\\\/TKCP-PNG_Logo-white-web.png\",\"width\":432,\"height\":358,\"caption\":\"Ch\u01b0\u01a1ng tr\u00ecnh b\u1ea3o t\u1ed3n chu\u1ed9t t\u00fai c\u00e2y\"},\"image\":{\"@id\":\"https:\\\/\\\/treekangaroo.org\\\/vi\\\/#\\\/schema\\\/logo\\\/image\\\/\"}}]}<\/script>\n<!-- \/ Yoast SEO plugin. -->","yoast_head_json":{"title":"Tham gia - Ch\u01b0\u01a1ng tr\u00ecnh b\u1ea3o t\u1ed3n chu\u1ed9t t\u00fai c\u00e2y","description":"Ch\u01b0\u01a1ng tr\u00ecnh \u0111\u1eb7c tr\u01b0ng c\u1ee7a V\u01b0\u1eddn th\u00fa Woodland Park. Ch\u01b0\u01a1ng tr\u00ecnh B\u1ea3o t\u1ed3n Chu\u1ed9t t\u00fai tr\u00ean c\u00e2y h\u1ee3p t\u00e1c v\u1edbi c\u00e1c c\u1ed9ng \u0111\u1ed3ng \u0111\u1ecba ph\u01b0\u01a1ng \u1edf v\u00f9ng n\u00f4ng th\u00f4n Papua New Guinea \u0111\u1ec3 b\u1ea3o v\u1ec7 lo\u00e0i chu\u1ed9t t\u00fai tr\u00ean c\u00e2y Matschie \u0111ang c\u00f3 nguy c\u01a1 tuy\u1ec7t ch\u1ee7ng v\u00e0 m\u00f4i tr\u01b0\u1eddng s\u1ed1ng c\u1ee7a lo\u00e0i n\u00e0y.","robots":{"index":"index","follow":"follow","max-snippet":"max-snippet:-1","max-image-preview":"max-image-preview:large","max-video-preview":"max-video-preview:-1"},"canonical":"https:\/\/treekangaroo.org\/vi\/tham-gia\/","og_locale":"vi_VN","og_type":"article","og_title":"Tham gia - Ch\u01b0\u01a1ng tr\u00ecnh b\u1ea3o t\u1ed3n chu\u1ed9t t\u00fai c\u00e2y","og_description":"Ch\u01b0\u01a1ng tr\u00ecnh \u0111\u1eb7c tr\u01b0ng c\u1ee7a V\u01b0\u1eddn th\u00fa Woodland Park. Ch\u01b0\u01a1ng tr\u00ecnh B\u1ea3o t\u1ed3n Chu\u1ed9t t\u00fai tr\u00ean c\u00e2y h\u1ee3p t\u00e1c v\u1edbi c\u00e1c c\u1ed9ng \u0111\u1ed3ng \u0111\u1ecba ph\u01b0\u01a1ng \u1edf v\u00f9ng n\u00f4ng th\u00f4n Papua New Guinea \u0111\u1ec3 b\u1ea3o v\u1ec7 lo\u00e0i chu\u1ed9t t\u00fai tr\u00ean c\u00e2y Matschie \u0111ang c\u00f3 nguy c\u01a1 tuy\u1ec7t ch\u1ee7ng v\u00e0 m\u00f4i tr\u01b0\u1eddng s\u1ed1ng c\u1ee7a lo\u00e0i n\u00e0y.","og_url":"https:\/\/treekangaroo.org\/vi\/tham-gia\/","og_site_name":"Ch\u01b0\u01a1ng tr\u00ecnh b\u1ea3o t\u1ed3n chu\u1ed9t t\u00fai c\u00e2y","article_modified_time":"2026-01-09T17:13:04+00:00","og_image":[{"url":"https:\/\/zoo.org\/tkcp\/wp-content\/uploads\/sites\/2\/2025\/04\/rain-forest-1024x213.jpg","type":"","width":"","height":""}],"twitter_card":"summary_large_image","twitter_misc":{"\u01af\u1edbc t\u00ednh th\u1eddi gian \u0111\u1ecdc":"4 ph\u00fat"},"schema":{"@context":"https:\/\/schema.org","@graph":[{"@type":"WebPage","@id":"https:\/\/treekangaroo.org\/vi\/tham-gia\/","url":"https:\/\/treekangaroo.org\/vi\/tham-gia\/","name":"Tham gia - Ch\u01b0\u01a1ng tr\u00ecnh b\u1ea3o t\u1ed3n chu\u1ed9t t\u00fai c\u00e2y","isPartOf":{"@id":"https:\/\/treekangaroo.org\/vi\/#website"},"primaryImageOfPage":{"@id":"https:\/\/treekangaroo.org\/vi\/tham-gia\/#primaryimage"},"image":{"@id":"https:\/\/treekangaroo.org\/vi\/tham-gia\/#primaryimage"},"thumbnailUrl":"https:\/\/zoo.org\/tkcp\/wp-content\/uploads\/sites\/2\/2025\/04\/rain-forest-1024x213.jpg","datePublished":"2024-07-25T23:21:26+00:00","dateModified":"2026-01-09T17:13:04+00:00","description":"Ch\u01b0\u01a1ng tr\u00ecnh \u0111\u1eb7c tr\u01b0ng c\u1ee7a V\u01b0\u1eddn th\u00fa Woodland Park. Ch\u01b0\u01a1ng tr\u00ecnh B\u1ea3o t\u1ed3n Chu\u1ed9t t\u00fai tr\u00ean c\u00e2y h\u1ee3p t\u00e1c v\u1edbi c\u00e1c c\u1ed9ng \u0111\u1ed3ng \u0111\u1ecba ph\u01b0\u01a1ng \u1edf v\u00f9ng n\u00f4ng th\u00f4n Papua New Guinea \u0111\u1ec3 b\u1ea3o v\u1ec7 lo\u00e0i chu\u1ed9t t\u00fai tr\u00ean c\u00e2y Matschie \u0111ang c\u00f3 nguy c\u01a1 tuy\u1ec7t ch\u1ee7ng v\u00e0 m\u00f4i tr\u01b0\u1eddng s\u1ed1ng c\u1ee7a lo\u00e0i n\u00e0y.","breadcrumb":{"@id":"https:\/\/treekangaroo.org\/vi\/tham-gia\/#breadcrumb"},"inLanguage":"vi","potentialAction":[{"@type":"ReadAction","target":["https:\/\/treekangaroo.org\/vi\/tham-gia\/"]}]},{"@type":"ImageObject","inLanguage":"vi","@id":"https:\/\/treekangaroo.org\/vi\/tham-gia\/#primaryimage","url":"https:\/\/zoo.org\/tkcp\/wp-content\/uploads\/sites\/2\/2025\/04\/rain-forest-1024x213.jpg","contentUrl":"https:\/\/zoo.org\/tkcp\/wp-content\/uploads\/sites\/2\/2025\/04\/rain-forest-1024x213.jpg"},{"@type":"BreadcrumbList","@id":"https:\/\/treekangaroo.org\/vi\/tham-gia\/#breadcrumb","itemListElement":[{"@type":"ListItem","position":1,"name":"Trang ch\u1ee7","item":"https:\/\/treekangaroo.org\/vi\/"},{"@type":"ListItem","position":2,"name":"Tham gia"}]},{"@type":"WebSite","@id":"https:\/\/treekangaroo.org\/vi\/#website","url":"https:\/\/treekangaroo.org\/vi\/","name":"Tree Kangaroo Conservation Program","description":"","publisher":{"@id":"https:\/\/treekangaroo.org\/vi\/#organization"},"potentialAction":[{"@type":"SearchAction","target":{"@type":"EntryPoint","urlTemplate":"https:\/\/treekangaroo.org\/vi\/?s={search_term_string}"},"query-input":{"@type":"PropertyValueSpecification","valueRequired":true,"valueName":"search_term_string"}}],"inLanguage":"vi"},{"@type":"Organization","@id":"https:\/\/treekangaroo.org\/vi\/#organization","name":"Ch\u01b0\u01a1ng tr\u00ecnh b\u1ea3o t\u1ed3n chu\u1ed9t t\u00fai c\u00e2y","url":"https:\/\/treekangaroo.org\/vi\/","logo":{"@type":"ImageObject","inLanguage":"vi","@id":"https:\/\/treekangaroo.org\/vi\/#\/schema\/logo\/image\/","url":"https:\/\/zoo.org\/tkcp\/wp-content\/uploads\/sites\/2\/2025\/04\/TKCP-PNG_Logo-white-web.png","contentUrl":"https:\/\/zoo.org\/tkcp\/wp-content\/uploads\/sites\/2\/2025\/04\/TKCP-PNG_Logo-white-web.png","width":432,"height":358,"caption":"Ch\u01b0\u01a1ng tr\u00ecnh b\u1ea3o t\u1ed3n chu\u1ed9t t\u00fai c\u00e2y"},"image":{"@id":"https:\/\/treekangaroo.org\/vi\/#\/schema\/logo\/image\/"}}]}},"taxonomy_info":[],"featured_image_src_large":false,"author_info":{"display_name":"","author_link":"https:\/\/treekangaroo.org\/vi\/author\/"},"comment_info":0,"_links":{"self":[{"href":"https:\/\/treekangaroo.org\/vi\/wp-json\/wp\/v2\/pages\/2010","targetHints":{"allow":["GET"]}}],"collection":[{"href":"https:\/\/treekangaroo.org\/vi\/wp-json\/wp\/v2\/pages"}],"about":[{"href":"https:\/\/treekangaroo.org\/vi\/wp-json\/wp\/v2\/types\/page"}],"author":[{"embeddable":true,"href":"https:\/\/treekangaroo.org\/vi\/wp-json\/wp\/v2\/users\/2"}],"replies":[{"embeddable":true,"href":"https:\/\/treekangaroo.org\/vi\/wp-json\/wp\/v2\/comments?post=2010"}],"version-history":[{"count":1,"href":"https:\/\/treekangaroo.org\/vi\/wp-json\/wp\/v2\/pages\/2010\/revisions"}],"predecessor-version":[{"id":2011,"href":"https:\/\/treekangaroo.org\/vi\/wp-json\/wp\/v2\/pages\/2010\/revisions\/2011"}],"wp:attachment":[{"href":"https:\/\/treekangaroo.org\/vi\/wp-json\/wp\/v2\/media?parent=2010"}],"curies":[{"name":"wp","href":"https:\/\/api.w.org\/{rel}","templated":true}]}}