{"id":2374,"date":"2024-07-25T23:21:51","date_gmt":"2024-07-25T23:21:51","guid":{"rendered":"https:\/\/zoo.org\/tkcp\/gioi-thieu-ve-tree-kangaroos\/"},"modified":"2025-12-09T18:56:45","modified_gmt":"2025-12-09T18:56:45","slug":"gioi-thieu-ve-tree-kangaroos","status":"publish","type":"page","link":"https:\/\/treekangaroo.org\/vi\/gioi-thieu-ve-tree-kangaroos\/","title":{"rendered":"Gi\u1edbi thi\u1ec7u v\u1ec1 Tree Kangaroos"},"content":{"rendered":"\n<div class=\"wp-block-cover alignfull hero\"><img loading=\"lazy\" decoding=\"async\" width=\"1800\" height=\"494\" class=\"wp-block-cover__image-background wp-image-1063\" alt=\"\" src=\"http:\/\/zoo.org\/tkcp\/wp-content\/uploads\/sites\/2\/2025\/04\/education-header.jpg\" data-object-fit=\"cover\" srcset=\"https:\/\/treekangaroo.org\/wp-content\/uploads\/sites\/2\/2025\/04\/education-header.jpg 1800w, https:\/\/treekangaroo.org\/wp-content\/uploads\/sites\/2\/2025\/04\/education-header-300x82.jpg 300w, https:\/\/treekangaroo.org\/wp-content\/uploads\/sites\/2\/2025\/04\/education-header-1024x281.jpg 1024w, https:\/\/treekangaroo.org\/wp-content\/uploads\/sites\/2\/2025\/04\/education-header-768x211.jpg 768w, https:\/\/treekangaroo.org\/wp-content\/uploads\/sites\/2\/2025\/04\/education-header-1536x422.jpg 1536w\" sizes=\"auto, (max-width: 1800px) 100vw, 1800px\" \/><span aria-hidden=\"true\" class=\"wp-block-cover__background has-background-dim-0 has-background-dim\" style=\"background-color:#454e3b\"><\/span><div class=\"wp-block-cover__inner-container is-layout-constrained wp-block-cover-is-layout-constrained\">\n<figure class=\"wp-block-image aligncenter size-full\"><img loading=\"lazy\" decoding=\"async\" width=\"721\" height=\"192\" src=\"http:\/\/zoo.org\/tkcp\/wp-content\/uploads\/sites\/2\/2025\/04\/TKCP_logo_PNG.png\" alt=\"\" class=\"wp-image-1091\" style=\"object-fit:cover\" srcset=\"https:\/\/treekangaroo.org\/wp-content\/uploads\/sites\/2\/2025\/04\/TKCP_logo_PNG.png 721w, https:\/\/treekangaroo.org\/wp-content\/uploads\/sites\/2\/2025\/04\/TKCP_logo_PNG-300x80.png 300w\" sizes=\"auto, (max-width: 721px) 100vw, 721px\" \/><\/figure>\n<\/div><\/div>\n\n<div class=\"wp-block-group alignfull heading-flag has-custom-white-color has-text-color has-link-color wp-elements-a3fe14117d535bf97ef77b6cdace82a4 is-layout-constrained wp-container-core-group-is-layout-35cbd09f wp-block-group-is-layout-constrained\" style=\"margin-top:3em;margin-bottom:3em;padding-top:0em;padding-right:0em;padding-bottom:0em;padding-left:0em\">\n<h2 class=\"wp-block-heading alignfull has-text-align-center\" style=\"margin-top:0px;margin-right:0px;margin-bottom:0px;margin-left:0px;padding-top:0.5em;padding-right:0em;padding-bottom:0.5em;padding-left:0em\">V\u1ec0 CHU\u1ed8T kangaroo tr\u00ean c\u00e2y<\/h2>\n<\/div>\n\n<h3 class=\"wp-block-heading\">Lo\u00e0i v\u00e0 ph\u00e2n b\u1ed1<\/h3>\n\n<p>C\u00f3 kho\u1ea3ng 12 lo\u00e0i kangaroo c\u00e2y kh\u00e1c nhau. Hai lo\u00e0i \u0111\u01b0\u1ee3c t\u00ecm th\u1ea5y \u1edf \u0111\u00f4ng b\u1eafc \u00dac, v\u00e0 c\u00e1c lo\u00e0i v\u00e0 ph\u00e2n lo\u00e0i c\u00f2n l\u1ea1i \u0111\u01b0\u1ee3c t\u00ecm th\u1ea5y tr\u00ean \u0111\u1ea3o New Guinea. TKCP t\u1eadp trung v\u00e0o vi\u1ec7c b\u1ea3o t\u1ed3n kangaroo c\u00e2y Matschie. Chu\u1ed9t t\u00fai c\u00e2y Matschie ch\u1ec9 s\u1ed1ng tr\u00ean b\u00e1n \u0111\u1ea3o Huon thu\u1ed9c \u0111\u00f4ng b\u1eafc Papua New Guinea.   <\/p>\n\n<h3 class=\"wp-block-heading\">Chi\u1ec1u cao v\u00e0 c\u00e2n n\u1eb7ng<\/h3>\n\n<p>37-70 inch (94-179 cm)<\/p>\n\n<p><strong>Con \u0111\u1ef1c tr\u01b0\u1edfng th\u00e0nh:<\/strong> 15-20 pound (7-9 kg)<\/p>\n\n<p><strong>Con c\u00e1i tr\u01b0\u1edfng th\u00e0nh:<\/strong> 15-20 pound (7-9 kg)<\/p>\n\n<h3 class=\"wp-block-heading\">Tu\u1ed5i th\u1ecd<\/h3>\n\n<p>Chu\u1ed9t t\u00fai c\u00e2y r\u1ea5t kh\u00f3 nghi\u00ean c\u1ee9u trong t\u1ef1 nhi\u00ean n\u00ean tu\u1ed5i th\u1ecd trung b\u00ecnh c\u1ee7a ch\u00fang ch\u01b0a \u0111\u01b0\u1ee3c bi\u1ebft r\u00f5, nh\u01b0ng c\u00f3 l\u1ebd kho\u1ea3ng 15-20 n\u0103m. Tuy nhi\u00ean, trong \u0111i\u1ec1u ki\u1ec7n nu\u00f4i nh\u1ed1t, ch\u00fang c\u00f3 th\u1ec3 s\u1ed1ng h\u01a1n 20 n\u0103m! Con chu\u1ed9t t\u00fai c\u00e2y gi\u00e0 nh\u1ea5t \u0111\u01b0\u1ee3c bi\u1ebft \u0111\u1ebfn l\u00e0 27 tu\u1ed5i.  <\/p>\n\n<p>Chu\u1ed9t t\u00fai c\u00e2y ch\u1ee7 y\u1ebfu s\u1ed1ng \u0111\u01a1n \u0111\u1ed9c, nh\u01b0ng c\u00e1c c\u1eb7p m\u1eb9\/con s\u1ebd h\u00ecnh th\u00e0nh m\u1ed1i li\u00ean k\u1ebft b\u1ec1n ch\u1eb7t cho \u0111\u1ebfn khi con non \u0111\u1ee7 l\u1edbn \u0111\u1ec3 t\u1ef1 ch\u0103m s\u00f3c b\u1ea3n th\u00e2n v\u00e0o kho\u1ea3ng 18 th\u00e1ng tu\u1ed5i. Trong t\u1ef1 nhi\u00ean, chu\u1ed9t t\u00fai c\u00e2y \u0111\u1ef1c th\u01b0\u1eddng giao ph\u1ed1i v\u1edbi nhi\u1ec1u con c\u00e1i kh\u00e1c nhau. <\/p>\n\n<h3 class=\"wp-block-heading\">Sinh s\u1ea3n<\/h3>\n\n<p>Chu\u1ed9t t\u00fai c\u00e2y l\u00e0 lo\u00e0i th\u00fa c\u00f3 t\u00fai n\u00ean ph\u1ea7n l\u1edbn s\u1ef1 ph\u00e1t tri\u1ec3n th\u1ec3 ch\u1ea5t c\u1ee7a ch\u00fang di\u1ec5n ra trong t\u00fai c\u1ee7a m\u1eb9. Chu\u1ed9t t\u00fai c\u00e2y c\u00e1i ch\u1ec9 c\u00f3 th\u1eddi gian mang thai 44 ng\u00e0y. Khi sinh ra, con non ch\u01b0a ph\u00e1t tri\u1ec3n ho\u00e0n thi\u1ec7n, ch\u1ec9 b\u1eb1ng h\u1ea1t \u0111\u1eadu, n\u00f3 s\u1ebd b\u00f2 v\u00e0o t\u00fai, n\u01a1i n\u00f3 s\u1ebd b\u00e1m v\u00e0o n\u00fam v\u00fa v\u00e0 ti\u1ebfp t\u1ee5c ph\u00e1t tri\u1ec3n trong ba th\u00e1ng. Chu\u1ed9t t\u00fai \u1edf trong t\u00fai cho \u0111\u1ebfn kho\u1ea3ng 7 th\u00e1ng. Chu\u1ed9t m\u1eb9 s\u1ebd th\u01b0\u1eddng xuy\u00ean v\u1ec7 sinh t\u00fai v\u00e0 ch\u1ea3i l\u00f4ng cho chu\u1ed9t t\u00fai trong giai \u0111o\u1ea1n n\u00e0y. Sau khi chu\u1ed9t t\u00fai r\u1eddi kh\u1ecfi t\u00fai l\u00fac kho\u1ea3ng 7 th\u00e1ng tu\u1ed5i, n\u00f3 s\u1ebd ti\u1ebfp t\u1ee5c quay l\u1ea1i t\u00fai \u0111\u1ec3 b\u00fa. Giai \u0111o\u1ea1n &#8220;ra v\u00e0o&#8221; n\u00e0y k\u00e9o d\u00e0i kho\u1ea3ng ba th\u00e1ng v\u00e0 chu\u1ed9t t\u00fai ho\u00e0n to\u00e0n ra kh\u1ecfi t\u00fai khi \u0111\u01b0\u1ee3c 10 th\u00e1ng tu\u1ed5i v\u00e0 cai s\u1eefa sau kho\u1ea3ng 13 th\u00e1ng. Khi c\u00f3 kh\u1ea3 n\u0103ng t\u1ef1 ch\u0103m s\u00f3c b\u1ea3n th\u00e2n, chu\u1ed9t t\u00fai s\u1ebd r\u1eddi m\u1eb9 khi \u0111\u01b0\u1ee3c 18 th\u00e1ng tu\u1ed5i \u0111\u1ec3 thi\u1ebft l\u1eadp ph\u1ea1m vi s\u1ed1ng ri\u00eang.       <\/p>\n\n<h3 class=\"wp-block-heading\">Sinh th\u00e1i v\u00e0 M\u00f4i tr\u01b0\u1eddng s\u1ed1ng<\/h3>\n\n<p>Chu\u1ed9t t\u00fai c\u00e2y s\u1ed1ng tr\u00ean n\u00fai cao, trong c\u00e1c khu r\u1eebng m\u00e2y \u1edf \u0111\u1ed9 cao t\u1eeb 4.000 feet (kho\u1ea3ng 1.000 m\u00e9t) \u0111\u1ebfn 11.000 feet (kho\u1ea3ng 3.500 m). Ch\u00fang d\u00e0nh ph\u1ea7n l\u1edbn th\u1eddi gian tr\u00ean c\u00e2y v\u00e0 c\u00f3 kh\u1ea3 n\u0103ng nh\u1ea3y t\u1eeb \u0111\u1ed9 cao 60 feet xu\u1ed1ng s\u00e0n r\u1eebng m\u00e0 kh\u00f4ng b\u1ecb th\u01b0\u01a1ng! <\/p>\n\n<p>Ch\u01b0\u01a1ng tr\u00ecnh B\u1ea3o t\u1ed3n Chu\u1ed9t t\u00fai C\u00e2y h\u1ee3p t\u00e1c v\u1edbi H\u1ed9i \u0110\u1ecba l\u00fd Qu\u1ed1c gia (National Geographic Society) \u0111\u1ec3 nghi\u00ean c\u1ee9u sinh th\u00e1i h\u1ecdc c\u1ee7a chu\u1ed9t t\u00fai c\u00e2y b\u1eb1ng Crittercams\u00a9. TKCP trang b\u1ecb Crittercams\u00a9 cho chu\u1ed9t t\u00fai c\u00e2y hoang d\u00e3, m\u1ed9t lo\u1ea1i camera nh\u1ecf g\u1eafn v\u00e0o v\u00f2ng c\u1ed5. V\u00ec chu\u1ed9t t\u00fai c\u00e2y r\u1ea5t kh\u00f3 b\u1eaft v\u00e0 d\u00e0nh ph\u1ea7n l\u1edbn th\u1eddi gian tr\u00ean cao trong t\u00e1n r\u1eebng, nh\u1eefng th\u01b0\u1edbc phim t\u1eeb camera mang \u0111\u1ebfn c\u01a1 h\u1ed9i hi\u1ebfm c\u00f3 \u0111\u1ec3 t\u00ecm hi\u1ec3u v\u1ec1 sinh th\u00e1i h\u1ecdc, h\u00e0nh vi v\u00e0 ch\u1ebf \u0111\u1ed9 \u0103n c\u1ee7a ch\u00fang.  <\/p>\n\n<h3 class=\"wp-block-heading\">\u0102n ki\u00eang<\/h3>\n\n<p>Trong t\u1ef1 nhi\u00ean, chu\u1ed9t t\u00fai c\u00e2y ch\u1ee7 y\u1ebfu \u0103n l\u00e1 c\u00e2y, c\u0169ng nh\u01b0 d\u01b0\u01a1ng x\u1ec9, r\u00eau, v\u1ecf c\u00e2y v\u00e0 hoa nh\u01b0 hoa lan.<\/p>\n\n<p>Khi nu\u00f4i nh\u1ed1t, ch\u1ebf \u0111\u1ed9 \u0103n c\u1ee7a chu\u1ed9t t\u00fai c\u00e2y bao g\u1ed3m rau di\u1ebfp romaine, c\u1ea3i Th\u1ee5y S\u0129, c\u1ea3i th\u00eca, rau bina, c\u1ea7n t\u00e2y, c\u00e0 r\u1ed1t, l\u00f5i ng\u00f4, khoai m\u1ee1, chu\u1ed1i, b\u00e1nh quy gi\u00e0u ch\u1ea5t x\u01a1, rau m\u00f9i t\u00e2y, b\u1ed3 c\u00f4ng anh, c\u1ea3i xanh, \u0111\u1eadu xanh v\u00e0 tr\u1ee9ng lu\u1ed9c ch\u00edn.<\/p>\n\n<h3 class=\"wp-block-heading\">T\u00ecnh tr\u1ea1ng v\u00e0 c\u00e1c m\u1ed1i \u0111e d\u1ecda b\u1ea3o t\u1ed3n<\/h3>\n\n<p>Chu\u1ed9t t\u00fai c\u00e2y Matschie l\u00e0 lo\u00e0i c\u00f3 nguy c\u01a1 tuy\u1ec7t ch\u1ee7ng v\u1edbi qu\u1ea7n th\u1ec3 hoang d\u00e3 \u01b0\u1edbc t\u00ednh d\u01b0\u1edbi 2.500 c\u00e1 th\u1ec3 (IUCN 2014). M\u00f4i tr\u01b0\u1eddng s\u1ed1ng b\u1ecb ph\u00e1 h\u1ee7y do khai th\u00e1c g\u1ed7 v\u00e0 khai th\u00e1c kho\u00e1ng s\u1ea3n \u0111ang l\u00e0 m\u1ed1i \u0111e d\u1ecda \u0111\u1ed1i v\u1edbi qu\u1ea7n th\u1ec3 chu\u1ed9t t\u00fai c\u00e2y. Chu\u1ed9t t\u00fai c\u00e2y \u0111\u00f3ng vai tr\u00f2 quan tr\u1ecdng trong v\u0103n h\u00f3a v\u00e0 ch\u1ebf \u0111\u1ed9 \u0103n u\u1ed1ng c\u1ee7a ng\u01b0\u1eddi d\u00e2n b\u1ea3n \u0111\u1ecba, v\u00e0 c\u00e1c ho\u1ea1t \u0111\u1ed9ng s\u0103n b\u1eaft kh\u00f4ng b\u1ec1n v\u1eefng \u0111ang \u0111e d\u1ecda s\u1ef1 t\u1ed3n t\u1ea1i c\u1ee7a ch\u00fang.  <\/p>\n\n<p>Ch\u01b0\u01a1ng tr\u00ecnh B\u1ea3o t\u1ed3n Chu\u1ed9t t\u00fai C\u00e2y \u0111\u00e3 th\u00e0nh l\u1eadp Khu B\u1ea3o t\u1ed3n YUS t\u1ea1i Papua New Guinea \u0111\u1ec3 gi\u00fap b\u1ea3o v\u1ec7 lo\u00e0i chu\u1ed9t t\u00fai c\u00e2y Matschie. \u0110\u1ec3 t\u00ecm hi\u1ec3u th\u00eam v\u1ec1 ho\u1ea1t \u0111\u1ed9ng c\u1ee7a ch\u00fang t\u00f4i, vui l\u00f2ng truy c\u1eadp <a href=\"https:\/\/www.zoo.org\/tkcp\/program\">Ch\u01b0\u01a1ng tr\u00ecnh c\u1ee7a ch\u00fang t\u00f4i<\/a> . <\/p>\n\n<h3 class=\"wp-block-heading\">Chu\u1ed9t t\u00fai c\u00e2y t\u1ea1i V\u01b0\u1eddn th\u00fa Woodland Park<\/h3>\n\n<p>B\u1ea1n c\u00f3 th\u1ec3 \u0111\u1ebfn th\u0103m \u0111\u1ea1i s\u1ee9 chu\u1ed9t t\u00fai tr\u00ean c\u00e2y Matschie c\u1ee7a Seattle t\u1ea1i S\u1edf th\u00fa Woodland Park!<\/p>\n\n<div class=\"wp-block-group alignfull heading-flag has-custom-white-color has-text-color has-link-color wp-elements-47e4b20388a7d98124df191d604014f5 is-layout-constrained wp-container-core-group-is-layout-35cbd09f wp-block-group-is-layout-constrained\" style=\"margin-top:3em;margin-bottom:3em;padding-top:0em;padding-right:0em;padding-bottom:0em;padding-left:0em\">\n<h2 class=\"wp-block-heading alignfull has-text-align-center\" style=\"margin-top:0px;margin-right:0px;margin-bottom:0px;margin-left:0px;padding-top:0.5em;padding-right:0em;padding-bottom:0.5em;padding-left:0em\">C\u00c1CH B\u1ea0N C\u00d3 TH\u1ec2 GI\u00daP<\/h2>\n<\/div>\n\n<p><strong>V\u01b0\u1eddn th\u00fa Woodland Park tham gia K\u1ebf ho\u1ea1ch b\u1ea3o t\u1ed3n lo\u00e0i Kangaroo tr\u00ean c\u00e2y c\u1ee7a Hi\u1ec7p h\u1ed9i c\u00e1c v\u01b0\u1eddn th\u00fa v\u00e0 th\u1ee7y cung.<\/strong><\/p>\n\n<p>B\u1ea1n c\u00f3 th\u1ec3 gi\u00fap \u0111\u1ee1 lo\u00e0i chu\u1ed9t t\u00fai c\u00e2y Matschie \u0111ang c\u00f3 nguy c\u01a1 tuy\u1ec7t ch\u1ee7ng b\u1eb1ng c\u00e1ch \u1ee7ng h\u1ed9 V\u01b0\u1eddn th\u00fa Woodland Park v\u00e0 TKCP. B\u1ea1n c\u00f3 th\u1ec3 \u0111\u1ebfn th\u0103m v\u01b0\u1eddn th\u00fa v\u00e0 chia s\u1ebb nh\u1eefng \u0111i\u1ec1u b\u1ea1n \u0111\u00e3 h\u1ecdc \u0111\u01b0\u1ee3c v\u1edbi b\u1ea1n b\u00e8 v\u00e0 gia \u0111\u00ecnh. B\u1ea1n c\u0169ng c\u00f3 th\u1ec3 h\u1ed7 tr\u1ee3 tr\u1ef1c ti\u1ebfp c\u1ed9ng \u0111\u1ed3ng YUS b\u1eb1ng c\u00e1ch mua c\u00e1c s\u1ea3n ph\u1ea9m \u0111a d\u1ea1ng c\u1ee7a h\u1ecd, ch\u1eb3ng h\u1ea1n nh\u01b0 <a href=\"http:\/\/www.caffevita.com\/\" target=\"_blank\" rel=\"noreferrer noopener\">C\u00e0 ph\u00ea B\u1ea3o t\u1ed3n YUS<\/a> c\u1ee7a ch\u00fang t\u00f4i, \u0111\u01b0\u1ee3c b\u00e1n t\u1ea1i c\u1eeda h\u00e0ng qu\u00e0 t\u1eb7ng c\u1ee7a V\u01b0\u1eddn th\u00fa Woodland Park v\u00e0 th\u00f4ng qua <a href=\"http:\/\/www.caffevita.com\/\" target=\"_blank\" rel=\"noreferrer noopener\">Caffe Vita<\/a> .  <\/p>\n\n<div class=\"wp-block-buttons is-content-justification-center is-layout-flex wp-container-core-buttons-is-layout-c5434fa3 wp-block-buttons-is-layout-flex\" style=\"margin-top:1.5em;margin-bottom:2em\">\n<div class=\"wp-block-button\"><a class=\"wp-block-button__link wp-element-button\">QUY\u00caN G\u00d3P NGAY<\/a><\/div>\n<\/div>\n\n<p>B\u1ea1n mu\u1ed1n t\u00ecm hi\u1ec3u th\u00eam v\u1ec1 lo\u00e0i kangaroo c\u00e2y v\u00e0 Ch\u01b0\u01a1ng tr\u00ecnh B\u1ea3o t\u1ed3n Kangaroo c\u00e2y? H\u00e3y xem cu\u1ed1n s\u00e1ch &#8221; <a href=\"http:\/\/symontgomery.com\/quest-for-the-tree-kangaroo\/\" target=\"_blank\" rel=\"noreferrer noopener\">T\u00ecm ki\u1ebfm Kangaroo c\u00e2y: Chuy\u1ebfn th\u00e1m hi\u1ec3m R\u1eebng M\u00e2y New Guinea<\/a> &#8221; c\u1ee7a Sy Montgomery v\u00e0 Nic Bishop d\u1ef1a tr\u00ean chuy\u1ebfn th\u0103m Khu B\u1ea3o t\u1ed3n YUS c\u1ee7a h\u1ecd c\u00f9ng Ti\u1ebfn s\u0129 Lisa Dabek v\u00e0 nh\u00f3m TKCP. <\/p>\n\n<p><\/p>\n","protected":false},"excerpt":{"rendered":"<p>V\u1ec0 CHU\u1ed8T kangaroo tr\u00ean c\u00e2y Lo\u00e0i v\u00e0 ph\u00e2n b\u1ed1 C\u00f3 kho\u1ea3ng 12 lo\u00e0i kangaroo c\u00e2y kh\u00e1c nhau. Hai lo\u00e0i \u0111\u01b0\u1ee3c t\u00ecm th\u1ea5y \u1edf \u0111\u00f4ng b\u1eafc \u00dac, v\u00e0 c\u00e1c lo\u00e0i v\u00e0 ph\u00e2n lo\u00e0i c\u00f2n l\u1ea1i \u0111\u01b0\u1ee3c t\u00ecm th\u1ea5y tr\u00ean \u0111\u1ea3o New Guinea. TKCP t\u1eadp trung v\u00e0o vi\u1ec7c b\u1ea3o t\u1ed3n kangaroo c\u00e2y Matschie. Chu\u1ed9t t\u00fai c\u00e2y Matschie [&hellip;]<\/p>\n","protected":false},"author":2,"featured_media":0,"parent":0,"menu_order":0,"comment_status":"closed","ping_status":"closed","template":"","meta":{"_acf_changed":false,"_kad_blocks_custom_css":"","_kad_blocks_head_custom_js":"","_kad_blocks_body_custom_js":"","_kad_blocks_footer_custom_js":"","footnotes":""},"class_list":["post-2374","page","type-page","status-publish","hentry"],"blocksy_meta":[],"acf":[],"yoast_head":"<!-- This site is optimized with the Yoast SEO plugin v27.4 - https:\/\/yoast.com\/product\/yoast-seo-wordpress\/ -->\n<title>Gi\u1edbi thi\u1ec7u v\u1ec1 Tree Kangaroos - Ch\u01b0\u01a1ng tr\u00ecnh b\u1ea3o t\u1ed3n chu\u1ed9t t\u00fai c\u00e2y<\/title>\n<meta name=\"description\" content=\"Ch\u01b0\u01a1ng tr\u00ecnh \u0111\u1eb7c tr\u01b0ng c\u1ee7a V\u01b0\u1eddn th\u00fa Woodland Park. Ch\u01b0\u01a1ng tr\u00ecnh B\u1ea3o t\u1ed3n Chu\u1ed9t t\u00fai tr\u00ean c\u00e2y h\u1ee3p t\u00e1c v\u1edbi c\u00e1c c\u1ed9ng \u0111\u1ed3ng \u0111\u1ecba ph\u01b0\u01a1ng \u1edf v\u00f9ng n\u00f4ng th\u00f4n Papua New Guinea \u0111\u1ec3 b\u1ea3o v\u1ec7 lo\u00e0i chu\u1ed9t t\u00fai tr\u00ean c\u00e2y Matschie \u0111ang c\u00f3 nguy c\u01a1 tuy\u1ec7t ch\u1ee7ng v\u00e0 m\u00f4i tr\u01b0\u1eddng s\u1ed1ng c\u1ee7a lo\u00e0i n\u00e0y.\" \/>\n<meta name=\"robots\" content=\"index, follow, max-snippet:-1, max-image-preview:large, max-video-preview:-1\" \/>\n<link rel=\"canonical\" href=\"https:\/\/treekangaroo.org\/vi\/gioi-thieu-ve-tree-kangaroos\/\" \/>\n<meta property=\"og:locale\" content=\"vi_VN\" \/>\n<meta property=\"og:type\" content=\"article\" \/>\n<meta property=\"og:title\" content=\"Gi\u1edbi thi\u1ec7u v\u1ec1 Tree Kangaroos - Ch\u01b0\u01a1ng tr\u00ecnh b\u1ea3o t\u1ed3n chu\u1ed9t t\u00fai c\u00e2y\" \/>\n<meta property=\"og:description\" content=\"Ch\u01b0\u01a1ng tr\u00ecnh \u0111\u1eb7c tr\u01b0ng c\u1ee7a V\u01b0\u1eddn th\u00fa Woodland Park. Ch\u01b0\u01a1ng tr\u00ecnh B\u1ea3o t\u1ed3n Chu\u1ed9t t\u00fai tr\u00ean c\u00e2y h\u1ee3p t\u00e1c v\u1edbi c\u00e1c c\u1ed9ng \u0111\u1ed3ng \u0111\u1ecba ph\u01b0\u01a1ng \u1edf v\u00f9ng n\u00f4ng th\u00f4n Papua New Guinea \u0111\u1ec3 b\u1ea3o v\u1ec7 lo\u00e0i chu\u1ed9t t\u00fai tr\u00ean c\u00e2y Matschie \u0111ang c\u00f3 nguy c\u01a1 tuy\u1ec7t ch\u1ee7ng v\u00e0 m\u00f4i tr\u01b0\u1eddng s\u1ed1ng c\u1ee7a lo\u00e0i n\u00e0y.\" \/>\n<meta property=\"og:url\" content=\"https:\/\/treekangaroo.org\/vi\/gioi-thieu-ve-tree-kangaroos\/\" \/>\n<meta property=\"og:site_name\" content=\"Ch\u01b0\u01a1ng tr\u00ecnh b\u1ea3o t\u1ed3n chu\u1ed9t t\u00fai c\u00e2y\" \/>\n<meta property=\"article:modified_time\" content=\"2025-12-09T18:56:45+00:00\" \/>\n<meta name=\"twitter:card\" content=\"summary_large_image\" \/>\n<meta name=\"twitter:label1\" content=\"\u01af\u1edbc t\u00ednh th\u1eddi gian \u0111\u1ecdc\" \/>\n\t<meta name=\"twitter:data1\" content=\"7 ph\u00fat\" \/>\n<script type=\"application\/ld+json\" class=\"yoast-schema-graph\">{\"@context\":\"https:\\\/\\\/schema.org\",\"@graph\":[{\"@type\":\"WebPage\",\"@id\":\"https:\\\/\\\/treekangaroo.org\\\/vi\\\/gioi-thieu-ve-tree-kangaroos\\\/\",\"url\":\"https:\\\/\\\/treekangaroo.org\\\/vi\\\/gioi-thieu-ve-tree-kangaroos\\\/\",\"name\":\"Gi\u1edbi thi\u1ec7u v\u1ec1 Tree Kangaroos - Ch\u01b0\u01a1ng tr\u00ecnh b\u1ea3o t\u1ed3n chu\u1ed9t t\u00fai c\u00e2y\",\"isPartOf\":{\"@id\":\"https:\\\/\\\/treekangaroo.org\\\/vi\\\/#website\"},\"datePublished\":\"2024-07-25T23:21:51+00:00\",\"dateModified\":\"2025-12-09T18:56:45+00:00\",\"description\":\"Ch\u01b0\u01a1ng tr\u00ecnh \u0111\u1eb7c tr\u01b0ng c\u1ee7a V\u01b0\u1eddn th\u00fa Woodland Park. Ch\u01b0\u01a1ng tr\u00ecnh B\u1ea3o t\u1ed3n Chu\u1ed9t t\u00fai tr\u00ean c\u00e2y h\u1ee3p t\u00e1c v\u1edbi c\u00e1c c\u1ed9ng \u0111\u1ed3ng \u0111\u1ecba ph\u01b0\u01a1ng \u1edf v\u00f9ng n\u00f4ng th\u00f4n Papua New Guinea \u0111\u1ec3 b\u1ea3o v\u1ec7 lo\u00e0i chu\u1ed9t t\u00fai tr\u00ean c\u00e2y Matschie \u0111ang c\u00f3 nguy c\u01a1 tuy\u1ec7t ch\u1ee7ng v\u00e0 m\u00f4i tr\u01b0\u1eddng s\u1ed1ng c\u1ee7a lo\u00e0i n\u00e0y.\",\"breadcrumb\":{\"@id\":\"https:\\\/\\\/treekangaroo.org\\\/vi\\\/gioi-thieu-ve-tree-kangaroos\\\/#breadcrumb\"},\"inLanguage\":\"vi\",\"potentialAction\":[{\"@type\":\"ReadAction\",\"target\":[\"https:\\\/\\\/treekangaroo.org\\\/vi\\\/gioi-thieu-ve-tree-kangaroos\\\/\"]}]},{\"@type\":\"BreadcrumbList\",\"@id\":\"https:\\\/\\\/treekangaroo.org\\\/vi\\\/gioi-thieu-ve-tree-kangaroos\\\/#breadcrumb\",\"itemListElement\":[{\"@type\":\"ListItem\",\"position\":1,\"name\":\"Trang ch\u1ee7\",\"item\":\"https:\\\/\\\/treekangaroo.org\\\/vi\\\/\"},{\"@type\":\"ListItem\",\"position\":2,\"name\":\"Gi\u1edbi thi\u1ec7u v\u1ec1 Tree Kangaroos\"}]},{\"@type\":\"WebSite\",\"@id\":\"https:\\\/\\\/treekangaroo.org\\\/vi\\\/#website\",\"url\":\"https:\\\/\\\/treekangaroo.org\\\/vi\\\/\",\"name\":\"Tree Kangaroo Conservation Program\",\"description\":\"\",\"publisher\":{\"@id\":\"https:\\\/\\\/treekangaroo.org\\\/vi\\\/#organization\"},\"potentialAction\":[{\"@type\":\"SearchAction\",\"target\":{\"@type\":\"EntryPoint\",\"urlTemplate\":\"https:\\\/\\\/treekangaroo.org\\\/vi\\\/?s={search_term_string}\"},\"query-input\":{\"@type\":\"PropertyValueSpecification\",\"valueRequired\":true,\"valueName\":\"search_term_string\"}}],\"inLanguage\":\"vi\"},{\"@type\":\"Organization\",\"@id\":\"https:\\\/\\\/treekangaroo.org\\\/vi\\\/#organization\",\"name\":\"Ch\u01b0\u01a1ng tr\u00ecnh b\u1ea3o t\u1ed3n chu\u1ed9t t\u00fai c\u00e2y\",\"url\":\"https:\\\/\\\/treekangaroo.org\\\/vi\\\/\",\"logo\":{\"@type\":\"ImageObject\",\"inLanguage\":\"vi\",\"@id\":\"https:\\\/\\\/treekangaroo.org\\\/vi\\\/#\\\/schema\\\/logo\\\/image\\\/\",\"url\":\"https:\\\/\\\/zoo.org\\\/tkcp\\\/wp-content\\\/uploads\\\/sites\\\/2\\\/2025\\\/04\\\/TKCP-PNG_Logo-white-web.png\",\"contentUrl\":\"https:\\\/\\\/zoo.org\\\/tkcp\\\/wp-content\\\/uploads\\\/sites\\\/2\\\/2025\\\/04\\\/TKCP-PNG_Logo-white-web.png\",\"width\":432,\"height\":358,\"caption\":\"Ch\u01b0\u01a1ng tr\u00ecnh b\u1ea3o t\u1ed3n chu\u1ed9t t\u00fai c\u00e2y\"},\"image\":{\"@id\":\"https:\\\/\\\/treekangaroo.org\\\/vi\\\/#\\\/schema\\\/logo\\\/image\\\/\"}}]}<\/script>\n<!-- \/ Yoast SEO plugin. -->","yoast_head_json":{"title":"Gi\u1edbi thi\u1ec7u v\u1ec1 Tree Kangaroos - Ch\u01b0\u01a1ng tr\u00ecnh b\u1ea3o t\u1ed3n chu\u1ed9t t\u00fai c\u00e2y","description":"Ch\u01b0\u01a1ng tr\u00ecnh \u0111\u1eb7c tr\u01b0ng c\u1ee7a V\u01b0\u1eddn th\u00fa Woodland Park. Ch\u01b0\u01a1ng tr\u00ecnh B\u1ea3o t\u1ed3n Chu\u1ed9t t\u00fai tr\u00ean c\u00e2y h\u1ee3p t\u00e1c v\u1edbi c\u00e1c c\u1ed9ng \u0111\u1ed3ng \u0111\u1ecba ph\u01b0\u01a1ng \u1edf v\u00f9ng n\u00f4ng th\u00f4n Papua New Guinea \u0111\u1ec3 b\u1ea3o v\u1ec7 lo\u00e0i chu\u1ed9t t\u00fai tr\u00ean c\u00e2y Matschie \u0111ang c\u00f3 nguy c\u01a1 tuy\u1ec7t ch\u1ee7ng v\u00e0 m\u00f4i tr\u01b0\u1eddng s\u1ed1ng c\u1ee7a lo\u00e0i n\u00e0y.","robots":{"index":"index","follow":"follow","max-snippet":"max-snippet:-1","max-image-preview":"max-image-preview:large","max-video-preview":"max-video-preview:-1"},"canonical":"https:\/\/treekangaroo.org\/vi\/gioi-thieu-ve-tree-kangaroos\/","og_locale":"vi_VN","og_type":"article","og_title":"Gi\u1edbi thi\u1ec7u v\u1ec1 Tree Kangaroos - Ch\u01b0\u01a1ng tr\u00ecnh b\u1ea3o t\u1ed3n chu\u1ed9t t\u00fai c\u00e2y","og_description":"Ch\u01b0\u01a1ng tr\u00ecnh \u0111\u1eb7c tr\u01b0ng c\u1ee7a V\u01b0\u1eddn th\u00fa Woodland Park. Ch\u01b0\u01a1ng tr\u00ecnh B\u1ea3o t\u1ed3n Chu\u1ed9t t\u00fai tr\u00ean c\u00e2y h\u1ee3p t\u00e1c v\u1edbi c\u00e1c c\u1ed9ng \u0111\u1ed3ng \u0111\u1ecba ph\u01b0\u01a1ng \u1edf v\u00f9ng n\u00f4ng th\u00f4n Papua New Guinea \u0111\u1ec3 b\u1ea3o v\u1ec7 lo\u00e0i chu\u1ed9t t\u00fai tr\u00ean c\u00e2y Matschie \u0111ang c\u00f3 nguy c\u01a1 tuy\u1ec7t ch\u1ee7ng v\u00e0 m\u00f4i tr\u01b0\u1eddng s\u1ed1ng c\u1ee7a lo\u00e0i n\u00e0y.","og_url":"https:\/\/treekangaroo.org\/vi\/gioi-thieu-ve-tree-kangaroos\/","og_site_name":"Ch\u01b0\u01a1ng tr\u00ecnh b\u1ea3o t\u1ed3n chu\u1ed9t t\u00fai c\u00e2y","article_modified_time":"2025-12-09T18:56:45+00:00","twitter_card":"summary_large_image","twitter_misc":{"\u01af\u1edbc t\u00ednh th\u1eddi gian \u0111\u1ecdc":"7 ph\u00fat"},"schema":{"@context":"https:\/\/schema.org","@graph":[{"@type":"WebPage","@id":"https:\/\/treekangaroo.org\/vi\/gioi-thieu-ve-tree-kangaroos\/","url":"https:\/\/treekangaroo.org\/vi\/gioi-thieu-ve-tree-kangaroos\/","name":"Gi\u1edbi thi\u1ec7u v\u1ec1 Tree Kangaroos - Ch\u01b0\u01a1ng tr\u00ecnh b\u1ea3o t\u1ed3n chu\u1ed9t t\u00fai c\u00e2y","isPartOf":{"@id":"https:\/\/treekangaroo.org\/vi\/#website"},"datePublished":"2024-07-25T23:21:51+00:00","dateModified":"2025-12-09T18:56:45+00:00","description":"Ch\u01b0\u01a1ng tr\u00ecnh \u0111\u1eb7c tr\u01b0ng c\u1ee7a V\u01b0\u1eddn th\u00fa Woodland Park. Ch\u01b0\u01a1ng tr\u00ecnh B\u1ea3o t\u1ed3n Chu\u1ed9t t\u00fai tr\u00ean c\u00e2y h\u1ee3p t\u00e1c v\u1edbi c\u00e1c c\u1ed9ng \u0111\u1ed3ng \u0111\u1ecba ph\u01b0\u01a1ng \u1edf v\u00f9ng n\u00f4ng th\u00f4n Papua New Guinea \u0111\u1ec3 b\u1ea3o v\u1ec7 lo\u00e0i chu\u1ed9t t\u00fai tr\u00ean c\u00e2y Matschie \u0111ang c\u00f3 nguy c\u01a1 tuy\u1ec7t ch\u1ee7ng v\u00e0 m\u00f4i tr\u01b0\u1eddng s\u1ed1ng c\u1ee7a lo\u00e0i n\u00e0y.","breadcrumb":{"@id":"https:\/\/treekangaroo.org\/vi\/gioi-thieu-ve-tree-kangaroos\/#breadcrumb"},"inLanguage":"vi","potentialAction":[{"@type":"ReadAction","target":["https:\/\/treekangaroo.org\/vi\/gioi-thieu-ve-tree-kangaroos\/"]}]},{"@type":"BreadcrumbList","@id":"https:\/\/treekangaroo.org\/vi\/gioi-thieu-ve-tree-kangaroos\/#breadcrumb","itemListElement":[{"@type":"ListItem","position":1,"name":"Trang ch\u1ee7","item":"https:\/\/treekangaroo.org\/vi\/"},{"@type":"ListItem","position":2,"name":"Gi\u1edbi thi\u1ec7u v\u1ec1 Tree Kangaroos"}]},{"@type":"WebSite","@id":"https:\/\/treekangaroo.org\/vi\/#website","url":"https:\/\/treekangaroo.org\/vi\/","name":"Tree Kangaroo Conservation Program","description":"","publisher":{"@id":"https:\/\/treekangaroo.org\/vi\/#organization"},"potentialAction":[{"@type":"SearchAction","target":{"@type":"EntryPoint","urlTemplate":"https:\/\/treekangaroo.org\/vi\/?s={search_term_string}"},"query-input":{"@type":"PropertyValueSpecification","valueRequired":true,"valueName":"search_term_string"}}],"inLanguage":"vi"},{"@type":"Organization","@id":"https:\/\/treekangaroo.org\/vi\/#organization","name":"Ch\u01b0\u01a1ng tr\u00ecnh b\u1ea3o t\u1ed3n chu\u1ed9t t\u00fai c\u00e2y","url":"https:\/\/treekangaroo.org\/vi\/","logo":{"@type":"ImageObject","inLanguage":"vi","@id":"https:\/\/treekangaroo.org\/vi\/#\/schema\/logo\/image\/","url":"https:\/\/zoo.org\/tkcp\/wp-content\/uploads\/sites\/2\/2025\/04\/TKCP-PNG_Logo-white-web.png","contentUrl":"https:\/\/zoo.org\/tkcp\/wp-content\/uploads\/sites\/2\/2025\/04\/TKCP-PNG_Logo-white-web.png","width":432,"height":358,"caption":"Ch\u01b0\u01a1ng tr\u00ecnh b\u1ea3o t\u1ed3n chu\u1ed9t t\u00fai c\u00e2y"},"image":{"@id":"https:\/\/treekangaroo.org\/vi\/#\/schema\/logo\/image\/"}}]}},"taxonomy_info":[],"featured_image_src_large":false,"author_info":{"display_name":"","author_link":"https:\/\/treekangaroo.org\/vi\/author\/"},"comment_info":0,"_links":{"self":[{"href":"https:\/\/treekangaroo.org\/vi\/wp-json\/wp\/v2\/pages\/2374","targetHints":{"allow":["GET"]}}],"collection":[{"href":"https:\/\/treekangaroo.org\/vi\/wp-json\/wp\/v2\/pages"}],"about":[{"href":"https:\/\/treekangaroo.org\/vi\/wp-json\/wp\/v2\/types\/page"}],"author":[{"embeddable":true,"href":"https:\/\/treekangaroo.org\/vi\/wp-json\/wp\/v2\/users\/2"}],"replies":[{"embeddable":true,"href":"https:\/\/treekangaroo.org\/vi\/wp-json\/wp\/v2\/comments?post=2374"}],"version-history":[{"count":1,"href":"https:\/\/treekangaroo.org\/vi\/wp-json\/wp\/v2\/pages\/2374\/revisions"}],"predecessor-version":[{"id":2376,"href":"https:\/\/treekangaroo.org\/vi\/wp-json\/wp\/v2\/pages\/2374\/revisions\/2376"}],"wp:attachment":[{"href":"https:\/\/treekangaroo.org\/vi\/wp-json\/wp\/v2\/media?parent=2374"}],"curies":[{"name":"wp","href":"https:\/\/api.w.org\/{rel}","templated":true}]}}