{"id":2388,"date":"2024-08-09T22:51:50","date_gmt":"2024-08-09T22:51:50","guid":{"rendered":"https:\/\/zoo.org\/tkcp\/co-hoi-nghien-cuu\/"},"modified":"2025-12-09T18:56:57","modified_gmt":"2025-12-09T18:56:57","slug":"co-hoi-nghien-cuu","status":"publish","type":"page","link":"https:\/\/treekangaroo.org\/vi\/co-hoi-nghien-cuu\/","title":{"rendered":"C\u01a1 h\u1ed9i nghi\u00ean c\u1ee9u"},"content":{"rendered":"\n<div class=\"wp-block-cover alignfull hero\"><img loading=\"lazy\" decoding=\"async\" width=\"1800\" height=\"494\" class=\"wp-block-cover__image-background wp-image-1067\" alt=\"\" src=\"http:\/\/zoo.org\/tkcp\/wp-content\/uploads\/sites\/2\/2025\/04\/support-header.jpg\" data-object-fit=\"cover\" srcset=\"https:\/\/treekangaroo.org\/wp-content\/uploads\/sites\/2\/2025\/04\/support-header.jpg 1800w, https:\/\/treekangaroo.org\/wp-content\/uploads\/sites\/2\/2025\/04\/support-header-300x82.jpg 300w, https:\/\/treekangaroo.org\/wp-content\/uploads\/sites\/2\/2025\/04\/support-header-1024x281.jpg 1024w, https:\/\/treekangaroo.org\/wp-content\/uploads\/sites\/2\/2025\/04\/support-header-768x211.jpg 768w, https:\/\/treekangaroo.org\/wp-content\/uploads\/sites\/2\/2025\/04\/support-header-1536x422.jpg 1536w\" sizes=\"auto, (max-width: 1800px) 100vw, 1800px\" \/><span aria-hidden=\"true\" class=\"wp-block-cover__background has-background-dim-0 has-background-dim\" style=\"background-color:#454e3b\"><\/span><div class=\"wp-block-cover__inner-container is-layout-constrained wp-block-cover-is-layout-constrained\">\n<figure class=\"wp-block-image aligncenter size-full\"><img loading=\"lazy\" decoding=\"async\" width=\"721\" height=\"192\" src=\"http:\/\/zoo.org\/tkcp\/wp-content\/uploads\/sites\/2\/2025\/04\/TKCP_logo_PNG.png\" alt=\"\" class=\"wp-image-1091\" style=\"object-fit:cover\" srcset=\"https:\/\/treekangaroo.org\/wp-content\/uploads\/sites\/2\/2025\/04\/TKCP_logo_PNG.png 721w, https:\/\/treekangaroo.org\/wp-content\/uploads\/sites\/2\/2025\/04\/TKCP_logo_PNG-300x80.png 300w\" sizes=\"auto, (max-width: 721px) 100vw, 721px\" \/><\/figure>\n<\/div><\/div>\n\n<div class=\"wp-block-group alignfull heading-flag has-custom-white-color has-text-color has-link-color wp-elements-680f6566d2fe9795014df6fe133c08f8 is-layout-constrained wp-container-core-group-is-layout-35cbd09f wp-block-group-is-layout-constrained\" style=\"margin-top:3em;margin-bottom:3em;padding-top:0em;padding-right:0em;padding-bottom:0em;padding-left:0em\">\n<h2 class=\"wp-block-heading alignfull has-text-align-center\" style=\"margin-top:0px;margin-right:0px;margin-bottom:0px;margin-left:0px;padding-top:0.5em;padding-right:0em;padding-bottom:0.5em;padding-left:0em\">C\u00c1C NH\u00c0 NGHI\u00caN C\u1ee8U<\/h2>\n<\/div>\n\n<p>Ch\u01b0\u01a1ng tr\u00ecnh B\u1ea3o t\u1ed3n Chu\u1ed9t t\u00fai C\u00e2y v\u00e0 c\u1ed9ng \u0111\u1ed3ng YUS lu\u00f4n t\u00ecm ki\u1ebfm c\u01a1 h\u1ed9i h\u1ee3p t\u00e1c v\u1edbi c\u00e1c nh\u00e0 nghi\u00ean c\u1ee9u v\u00e0 nh\u00e0 khoa h\u1ecdc \u0111\u1ec3 t\u00ecm hi\u1ec3u c\u00e1c v\u1ea5n \u0111\u1ec1 tr\u00ean to\u00e0n b\u1ed9 c\u1ea3nh quan YUS. Khu B\u1ea3o t\u1ed3n YUS l\u00e0 m\u1ed9t trong nh\u1eefng n\u1ed7 l\u1ef1c \u0111\u1ea7y h\u1ee9a h\u1eb9n nh\u1ea5t c\u1ee7a Papua New Guinea nh\u1eb1m b\u1ea3o t\u1ed3n \u0111a d\u1ea1ng sinh h\u1ecdc v\u00e0 ph\u00e1t tri\u1ec3n c\u1ed9ng \u0111\u1ed3ng b\u1ec1n v\u1eefng, l\u00e2u d\u00e0i v\u00e0 ph\u00f9 h\u1ee3p v\u1edbi v\u0103n h\u00f3a. Nghi\u00ean c\u1ee9u &#8211; c\u1ea3 v\u1ec1 sinh th\u00e1i v\u00e0 x\u00e3 h\u1ed9i &#8211; \u0111\u00f3ng m\u1ed9t vai tr\u00f2 quan tr\u1ecdng trong th\u00e0nh c\u00f4ng c\u1ee7a s\u00e1ng ki\u1ebfn YUS CA, b\u1eb1ng ch\u1ee9ng l\u00e0 vi\u1ec7c th\u00fac \u0111\u1ea9y nghi\u00ean c\u1ee9u \u0111\u1eb3ng c\u1ea5p th\u1ebf gi\u1edbi l\u00e0 m\u1ed9t trong n\u0103m chi\u1ebfn l\u01b0\u1ee3c c\u1ed1t l\u00f5i c\u1ee7a K\u1ebf ho\u1ea1ch C\u1ea3nh quan YUS. Khu B\u1ea3o t\u1ed3n YUS \u0111\u00e3 tr\u1edf th\u00e0nh m\u1ed9t ph\u00f2ng th\u00ed nghi\u1ec7m s\u1ed1ng cho nghi\u00ean c\u1ee9u t\u1ea1i PNG. Khu v\u1ef1c n\u00e0y bao g\u1ed3m m\u1ed9t m\u1eb7t c\u1eaft ngang theo \u0111\u1ed9 cao t\u1eeb m\u1ef1c n\u01b0\u1edbc bi\u1ec3n l\u00ean \u0111\u1ebfn 3.000 m\u00e9t, bao g\u1ed3m m\u1ed9t lo\u1ea1t c\u00e1c tr\u1ea1i th\u1ef1c \u0111\u1ecba c\u01a1 b\u1ea3n v\u00e0 c\u00e1c l\u00f4 nghi\u00ean c\u1ee9u.    <\/p>\n\n<p>M\u1ed9t s\u1ed1 \u01b0u ti\u00ean nghi\u00ean c\u1ee9u \u0111\u00e3 \u0111\u01b0\u1ee3c c\u00e1c ch\u1ee7 \u0111\u1ea5t \u0111\u1ecba ph\u01b0\u01a1ng, TKCP v\u00e0 c\u00e1c \u0111\u1ed1i t\u00e1c x\u00e1c \u0111\u1ecbnh l\u00e0 quan tr\u1ecdng \u0111\u1ed1i v\u1edbi s\u1ef1 th\u00e0nh c\u00f4ng l\u00e2u d\u00e0i c\u1ee7a Khu b\u1ea3o t\u1ed3n YUS.<\/p>\n\n<h4 class=\"wp-block-heading\">Ch\u00fang t\u00f4i \u0111ang tuy\u1ec3n d\u1ee5ng cho hai v\u1ecb tr\u00ed t\u01b0 v\u1ea5n<\/h4>\n\n<p><a href=\"https:\/\/www.zoo.org\/document.doc?id=3170\" target=\"_blank\" rel=\"noreferrer noopener\">T\u01b0 v\u1ea5n: L\u1eadp k\u1ebf ho\u1ea1ch qu\u1ea3n l\u00fd khu b\u1ea3o t\u1ed3n<\/a><\/p>\n\n<p><a href=\"https:\/\/www.zoo.org\/document.doc?id=3169\" target=\"_blank\" rel=\"noreferrer noopener\">T\u01b0 v\u1ea5n: Huy \u0111\u1ed9ng v\u00e0 tham gia c\u1ed9ng \u0111\u1ed3ng<\/a><\/p>\n\n<div class=\"wp-block-columns is-layout-flex wp-container-core-columns-is-layout-fbb46dba wp-block-columns-is-layout-flex\" style=\"margin-top:2em;margin-bottom:2em\">\n<div class=\"wp-block-column is-layout-flow wp-block-column-is-layout-flow\">\n<figure class=\"wp-block-image size-full\"><img loading=\"lazy\" decoding=\"async\" width=\"800\" height=\"533\" src=\"https:\/\/zoo.org\/tkcp\/wp-content\/uploads\/sites\/2\/2025\/04\/Research-RHawk.jpg\" alt=\"Hai ng&#x1B0;&#x1EDD;i ng&#x1ED3;i tr&#xEA;n m&#x1ED9;t kh&#xFA;c g&#x1ED7; gi&#x1EEF;a khu r&#x1EEB;ng xanh t&#x1B0;&#x1A1;i. M&#x1ED9;t ng&#x1B0;&#x1EDD;i c&#x1EA7;m cu&#x1ED1;n s&#x1ED5; &#x111;&#x1ECF; m&#x1EC9;m c&#x1B0;&#x1EDD;i, ng&#x1B0;&#x1EDD;i kia ch&#x1EC9; tay v&#x1EC1; ph&#xED;a tr&#x1B0;&#x1EDB;c, c&#x1EA3; hai &#x111;&#x1EC1;u quan s&#xE1;t &#x111;&#x1ED9;ng v&#x1EAD;t hoang d&#xE3;. &#xC1;nh n&#x1EAF;ng xuy&#xEA;n qua t&#xE1;n l&#xE1;.  \" class=\"wp-image-1105\" srcset=\"https:\/\/treekangaroo.org\/wp-content\/uploads\/sites\/2\/2025\/04\/Research-RHawk.jpg 800w, https:\/\/treekangaroo.org\/wp-content\/uploads\/sites\/2\/2025\/04\/Research-RHawk-300x200.jpg 300w, https:\/\/treekangaroo.org\/wp-content\/uploads\/sites\/2\/2025\/04\/Research-RHawk-768x512.jpg 768w\" sizes=\"auto, (max-width: 800px) 100vw, 800px\" \/><\/figure>\n<\/div>\n\n\n\n<div class=\"wp-block-column is-layout-flow wp-block-column-is-layout-flow\">\n<figure class=\"wp-block-image size-full\"><img loading=\"lazy\" decoding=\"async\" width=\"800\" height=\"533\" src=\"https:\/\/zoo.org\/tkcp\/wp-content\/uploads\/sites\/2\/2025\/04\/Marine-Research.jpg\" alt=\"M&#x1ED9;t ng&#x1B0;&#x1EDD;i d&#xF9;ng b&#xFA;t xanh vi&#x1EBF;t l&#xEA;n b&#x1EA3;ng k&#x1EB9;p h&#x1ED3; s&#x1A1;, &#x111;i&#x1EC1;n v&#xE0;o m&#x1EAB;u &#x111;&#x1A1;n trong qu&#xE1; tr&#xEC;nh h&#x1EE3;p t&#xE1;c nghi&#xEA;n c&#x1EE9;u v&#x1EDB;i Ch&#x1B0;&#x1A1;ng tr&#xEC;nh B&#x1EA3;o t&#x1ED3;n Chu&#x1ED9;t t&#xFA;i C&#xE2;y. C&#x1EA3;nh t&#x1B0;&#x1EE3;ng di&#x1EC5;n ra ngo&#xE0;i tr&#x1EDD;i, tr&#xEA;n n&#x1EC1;n &#x111;&#x1EA5;t c&#xE1;t, r&#x1EA3;i r&#xE1;c m&#x1EA3;nh v&#x1EE1;. \" class=\"wp-image-1094\" srcset=\"https:\/\/treekangaroo.org\/wp-content\/uploads\/sites\/2\/2025\/04\/Marine-Research.jpg 800w, https:\/\/treekangaroo.org\/wp-content\/uploads\/sites\/2\/2025\/04\/Marine-Research-300x200.jpg 300w, https:\/\/treekangaroo.org\/wp-content\/uploads\/sites\/2\/2025\/04\/Marine-Research-768x512.jpg 768w\" sizes=\"auto, (max-width: 800px) 100vw, 800px\" \/><\/figure>\n<\/div>\n<\/div>\n\n<h3 class=\"wp-block-heading\">C\u00e1c l\u0129nh v\u1ef1c quan t\u00e2m bao g\u1ed3m<\/h3>\n\n<ul class=\"wp-block-list\">\n<li>Sinh th\u00e1i h\u1ecdc c\u1ee7a c\u00e1c lo\u00e0i b\u1ecb s\u0103n b\u1eaft (v\u00ed d\u1ee5, th\u00fa l\u00f4ng nh\u00edm m\u1ecf d\u00e0i, lo\u00e0i wallaby, lo\u00e0i th\u00fa c\u00f3 t\u00fai, chim)\n<ul class=\"wp-block-list\">\n<li>Sinh th\u00e1i c\u00e2y kangaroo<\/li>\n\n\n\n<li>Di truy\u1ec1n h\u1ecdc c\u1ee7a c\u00e2y kangaroo<\/li>\n<\/ul>\n<\/li>\n\n\n\n<li>Ki\u1ebfn th\u1ee9c sinh th\u00e1i truy\u1ec1n th\u1ed1ng<\/li>\n\n\n\n<li>H\u1ec7 sinh th\u00e1i tr\u00ean c\u1ea1n\n<ul class=\"wp-block-list\">\n<li>K\u1ebft n\u1ed1i m\u00f4i tr\u01b0\u1eddng s\u1ed1ng<\/li>\n\n\n\n<li>Hi\u1ec7u qu\u1ea3 c\u1ee7a c\u00e1c v\u00f9ng ven s\u00f4ng nh\u01b0 h\u00e0nh lang \u0111\u1ed9ng v\u1eadt hoang d\u00e3<\/li>\n<\/ul>\n<\/li>\n\n\n\n<li>Kh\u1ea3o s\u00e1t \u0111a d\u1ea1ng sinh h\u1ecdc<\/li>\n\n\n\n<li>H\u1ec7 sinh th\u00e1i bi\u1ec3n v\u00e0 th\u1ee7y sinh\n<ul class=\"wp-block-list\">\n<li>Theo d\u00f5i r\u00f9a bi\u1ec3n<\/li>\n\n\n\n<li>Vi\u1ec7c s\u1eed d\u1ee5ng san h\u00f4 v\u00e0 c\u01b0\u1eddng \u0111\u1ed9 khai th\u00e1c<\/li>\n<\/ul>\n<\/li>\n\n\n\n<li>C\u00e1c v\u1ea5n \u0111\u1ec1 x\u00e3 h\u1ed9i v\u00e0 nh\u00e2n h\u1ecdc\n<ul class=\"wp-block-list\">\n<li>T\u00e1c \u0111\u1ed9ng c\u1ee7a sinh k\u1ebf c\u1ed9ng \u0111\u1ed3ng \u0111\u1ebfn Khu b\u1ea3o t\u1ed3n YUS<\/li>\n<\/ul>\n<\/li>\n\n\n\n<li>T\u00ednh b\u1ec1n v\u1eefng v\u00e0 ti\u00eau d\u00f9ng<\/li>\n\n\n\n<li>Bi\u1ebfn \u0111\u1ed5i kh\u00ed h\u1eadu\n<ul class=\"wp-block-list\">\n<li>T\u00e1c \u0111\u1ed9ng ti\u1ec1m t\u00e0ng \u0111\u1ebfn c\u1ed9ng \u0111\u1ed3ng YUS v\u00e0 n\u00f4ng nghi\u1ec7p<\/li>\n<\/ul>\n<\/li>\n<\/ul>\n\n<div class=\"wp-block-group alignfull heading-flag has-custom-white-color has-text-color has-link-color wp-elements-3ac62027f863d447df029b14fab45e01 is-layout-constrained wp-container-core-group-is-layout-35cbd09f wp-block-group-is-layout-constrained\" style=\"margin-top:3em;margin-bottom:3em;padding-top:0em;padding-right:0em;padding-bottom:0em;padding-left:0em\">\n<h2 class=\"wp-block-heading alignfull has-text-align-center\" style=\"margin-top:0px;margin-right:0px;margin-bottom:0px;margin-left:0px;padding-top:0.5em;padding-right:0em;padding-bottom:0.5em;padding-left:0em\">NGHI\u00caN C\u1ee8U NGHI\u00caN C\u1ee8U<\/h2>\n<\/div>\n\n<p>C\u00e1c c\u00e2u h\u1ecfi nghi\u00ean c\u1ee9u li\u00ean quan \u0111\u1ebfn nh\u1eefng l\u0129nh v\u1ef1c n\u00e0y \u0111\u01b0\u1ee3c tr\u00ecnh b\u00e0y chi ti\u1ebft trong K\u1ebf ho\u1ea1ch C\u1ea3nh quan YUS. YUS c\u0169ng l\u00e0 n\u01a1i sinh s\u1ed1ng c\u1ee7a nhi\u1ec1u lo\u00e0i qu\u00fd hi\u1ebfm v\u00e0 \u0111\u1eb7c h\u1eefu kh\u00e1c, nh\u1eefng lo\u00e0i s\u1ebd \u0111\u01b0\u1ee3c h\u01b0\u1edfng l\u1ee3i t\u1eeb c\u00e1c nghi\u00ean c\u1ee9u b\u1ed5 sung. <\/p>\n\n<p>Nh\u1eb1m mang l\u1ea1i tr\u1ea3i nghi\u1ec7m t\u00edch c\u1ef1c v\u00e0 c\u00f4ng b\u1eb1ng cho c\u00e1c nh\u00e0 nghi\u00ean c\u1ee9u v\u00e0 c\u1ed9ng \u0111\u1ed3ng YUS, TKCP v\u00e0 hi\u1ec7p h\u1ed9i ch\u1ee7 \u0111\u1ea5t \u0111\u1ecba ph\u01b0\u01a1ng (T\u1ed5 ch\u1ee9c B\u1ea3o t\u1ed3n YUS) \u0111\u00e3 x\u00e2y d\u1ef1ng Quy tr\u00ecnh Nghi\u00ean c\u1ee9u Khu B\u1ea3o t\u1ed3n YUS. Quy tr\u00ecnh n\u00e0y h\u01b0\u1edbng d\u1eabn c\u00e1c nh\u00e0 nghi\u00ean c\u1ee9u ti\u1ec1m n\u0103ng v\u1ec1 c\u00e1c \u01b0u ti\u00ean nghi\u00ean c\u1ee9u, li\u00ean h\u1ec7 c\u00e1 nh\u00e2n v\u00e0 t\u1ed5 ch\u1ee9c t\u1ea1i PNG, c\u00e1c chu\u1ea9n m\u1ef1c v\u00e0 th\u00f4ng l\u1ec7 v\u0103n h\u00f3a, quy\u1ec1n ti\u1ebfp c\u1eadn c\u00e1c \u0111\u1ecba \u0111i\u1ec3m nghi\u00ean c\u1ee9u v\u00e0 h\u1ed7 tr\u1ee3 nghi\u00ean c\u1ee9u. TKCP kh\u00f4ng ki\u1ec3m so\u00e1t vi\u1ec7c ai \u0111\u01b0\u1ee3c ph\u00e9p hay kh\u00f4ng \u0111\u01b0\u1ee3c ph\u00e9p ti\u1ebfn h\u00e0nh nghi\u00ean c\u1ee9u t\u1ea1i YUS; ng\u01b0\u1eddi d\u00e2n YUS l\u00e0 ch\u1ee7 \u0111\u1ea5t v\u00e0 l\u00e0 ng\u01b0\u1eddi ra quy\u1ebft \u0111\u1ecbnh cu\u1ed1i c\u00f9ng. Tuy nhi\u00ean, TKCP l\u00e0 t\u1ed5 ch\u1ee9c c\u00f3 n\u0103ng l\u1ef1c nh\u1ea5t trong vi\u1ec7c \u0111\u1ea3m b\u1ea3o c\u00e1c d\u1ef1 \u00e1n nghi\u00ean c\u1ee9u ph\u00f9 h\u1ee3p v\u00e0 \u0111\u01b0\u1ee3c ph\u00e1t tri\u1ec3n c\u0169ng nh\u01b0 tri\u1ec3n khai d\u1ef1a tr\u00ean s\u1ef1 hi\u1ec3u bi\u1ebft v\u1ec1 &#8220;th\u1ef1c ti\u1ec5n t\u1ed1t nh\u1ea5t&#8221; hi\u1ec7n h\u00e0nh t\u1ea1i YUS.   <\/p>\n\n<p>N\u1ebfu b\u1ea1n quan t\u00e2m \u0111\u1ebfn vi\u1ec7c ti\u1ebfn h\u00e0nh nghi\u00ean c\u1ee9u th\u1ef1c \u0111\u1ecba t\u1ea1i YUS, vui l\u00f2ng li\u00ean h\u1ec7 v\u1edbi <a href=\"http:\/#\">Gi\u00e1m \u0111\u1ed1c Ch\u01b0\u01a1ng tr\u00ecnh<\/a> v\u00e0 <a href=\"http:\/#\">Tr\u01b0\u1edfng ph\u00f2ng Ch\u01b0\u01a1ng tr\u00ecnh t\u1ea1i PNG<\/a> c\u1ee7a ch\u00fang t\u00f4i.<\/p>\n","protected":false},"excerpt":{"rendered":"<p>C\u00c1C NH\u00c0 NGHI\u00caN C\u1ee8U Ch\u01b0\u01a1ng tr\u00ecnh B\u1ea3o t\u1ed3n Chu\u1ed9t t\u00fai C\u00e2y v\u00e0 c\u1ed9ng \u0111\u1ed3ng YUS lu\u00f4n t\u00ecm ki\u1ebfm c\u01a1 h\u1ed9i h\u1ee3p t\u00e1c v\u1edbi c\u00e1c nh\u00e0 nghi\u00ean c\u1ee9u v\u00e0 nh\u00e0 khoa h\u1ecdc \u0111\u1ec3 t\u00ecm hi\u1ec3u c\u00e1c v\u1ea5n \u0111\u1ec1 tr\u00ean to\u00e0n b\u1ed9 c\u1ea3nh quan YUS. Khu B\u1ea3o t\u1ed3n YUS l\u00e0 m\u1ed9t trong nh\u1eefng n\u1ed7 l\u1ef1c \u0111\u1ea7y h\u1ee9a [&hellip;]<\/p>\n","protected":false},"author":2,"featured_media":0,"parent":0,"menu_order":0,"comment_status":"closed","ping_status":"closed","template":"","meta":{"_acf_changed":false,"_kad_blocks_custom_css":"","_kad_blocks_head_custom_js":"","_kad_blocks_body_custom_js":"","_kad_blocks_footer_custom_js":"","footnotes":""},"class_list":["post-2388","page","type-page","status-publish","hentry"],"blocksy_meta":[],"acf":[],"yoast_head":"<!-- This site is optimized with the Yoast SEO plugin v27.4 - https:\/\/yoast.com\/product\/yoast-seo-wordpress\/ -->\n<title>C\u01a1 h\u1ed9i nghi\u00ean c\u1ee9u - Ch\u01b0\u01a1ng tr\u00ecnh b\u1ea3o t\u1ed3n chu\u1ed9t t\u00fai c\u00e2y<\/title>\n<meta name=\"description\" content=\"Ch\u01b0\u01a1ng tr\u00ecnh \u0111\u1eb7c tr\u01b0ng c\u1ee7a V\u01b0\u1eddn th\u00fa Woodland Park. Ch\u01b0\u01a1ng tr\u00ecnh B\u1ea3o t\u1ed3n Chu\u1ed9t t\u00fai tr\u00ean c\u00e2y h\u1ee3p t\u00e1c v\u1edbi c\u00e1c c\u1ed9ng \u0111\u1ed3ng \u0111\u1ecba ph\u01b0\u01a1ng \u1edf v\u00f9ng n\u00f4ng th\u00f4n Papua New Guinea \u0111\u1ec3 b\u1ea3o v\u1ec7 lo\u00e0i chu\u1ed9t t\u00fai tr\u00ean c\u00e2y Matschie \u0111ang c\u00f3 nguy c\u01a1 tuy\u1ec7t ch\u1ee7ng v\u00e0 m\u00f4i tr\u01b0\u1eddng s\u1ed1ng c\u1ee7a lo\u00e0i n\u00e0y.\" \/>\n<meta name=\"robots\" content=\"index, follow, max-snippet:-1, max-image-preview:large, max-video-preview:-1\" \/>\n<link rel=\"canonical\" href=\"https:\/\/treekangaroo.org\/vi\/co-hoi-nghien-cuu\/\" \/>\n<meta property=\"og:locale\" content=\"vi_VN\" \/>\n<meta property=\"og:type\" content=\"article\" \/>\n<meta property=\"og:title\" content=\"C\u01a1 h\u1ed9i nghi\u00ean c\u1ee9u - Ch\u01b0\u01a1ng tr\u00ecnh b\u1ea3o t\u1ed3n chu\u1ed9t t\u00fai c\u00e2y\" \/>\n<meta property=\"og:description\" content=\"Ch\u01b0\u01a1ng tr\u00ecnh \u0111\u1eb7c tr\u01b0ng c\u1ee7a V\u01b0\u1eddn th\u00fa Woodland Park. Ch\u01b0\u01a1ng tr\u00ecnh B\u1ea3o t\u1ed3n Chu\u1ed9t t\u00fai tr\u00ean c\u00e2y h\u1ee3p t\u00e1c v\u1edbi c\u00e1c c\u1ed9ng \u0111\u1ed3ng \u0111\u1ecba ph\u01b0\u01a1ng \u1edf v\u00f9ng n\u00f4ng th\u00f4n Papua New Guinea \u0111\u1ec3 b\u1ea3o v\u1ec7 lo\u00e0i chu\u1ed9t t\u00fai tr\u00ean c\u00e2y Matschie \u0111ang c\u00f3 nguy c\u01a1 tuy\u1ec7t ch\u1ee7ng v\u00e0 m\u00f4i tr\u01b0\u1eddng s\u1ed1ng c\u1ee7a lo\u00e0i n\u00e0y.\" \/>\n<meta property=\"og:url\" content=\"https:\/\/treekangaroo.org\/vi\/co-hoi-nghien-cuu\/\" \/>\n<meta property=\"og:site_name\" content=\"Ch\u01b0\u01a1ng tr\u00ecnh b\u1ea3o t\u1ed3n chu\u1ed9t t\u00fai c\u00e2y\" \/>\n<meta property=\"article:modified_time\" content=\"2025-12-09T18:56:57+00:00\" \/>\n<meta property=\"og:image\" content=\"https:\/\/zoo.org\/tkcp\/wp-content\/uploads\/sites\/2\/2025\/04\/Research-RHawk.jpg\" \/>\n<meta name=\"twitter:card\" content=\"summary_large_image\" \/>\n<meta name=\"twitter:label1\" content=\"\u01af\u1edbc t\u00ednh th\u1eddi gian \u0111\u1ecdc\" \/>\n\t<meta name=\"twitter:data1\" content=\"5 ph\u00fat\" \/>\n<script type=\"application\/ld+json\" class=\"yoast-schema-graph\">{\"@context\":\"https:\\\/\\\/schema.org\",\"@graph\":[{\"@type\":\"WebPage\",\"@id\":\"https:\\\/\\\/treekangaroo.org\\\/vi\\\/co-hoi-nghien-cuu\\\/\",\"url\":\"https:\\\/\\\/treekangaroo.org\\\/vi\\\/co-hoi-nghien-cuu\\\/\",\"name\":\"C\u01a1 h\u1ed9i nghi\u00ean c\u1ee9u - Ch\u01b0\u01a1ng tr\u00ecnh b\u1ea3o t\u1ed3n chu\u1ed9t t\u00fai c\u00e2y\",\"isPartOf\":{\"@id\":\"https:\\\/\\\/treekangaroo.org\\\/vi\\\/#website\"},\"primaryImageOfPage\":{\"@id\":\"https:\\\/\\\/treekangaroo.org\\\/vi\\\/co-hoi-nghien-cuu\\\/#primaryimage\"},\"image\":{\"@id\":\"https:\\\/\\\/treekangaroo.org\\\/vi\\\/co-hoi-nghien-cuu\\\/#primaryimage\"},\"thumbnailUrl\":\"https:\\\/\\\/zoo.org\\\/tkcp\\\/wp-content\\\/uploads\\\/sites\\\/2\\\/2025\\\/04\\\/Research-RHawk.jpg\",\"datePublished\":\"2024-08-09T22:51:50+00:00\",\"dateModified\":\"2025-12-09T18:56:57+00:00\",\"description\":\"Ch\u01b0\u01a1ng tr\u00ecnh \u0111\u1eb7c tr\u01b0ng c\u1ee7a V\u01b0\u1eddn th\u00fa Woodland Park. Ch\u01b0\u01a1ng tr\u00ecnh B\u1ea3o t\u1ed3n Chu\u1ed9t t\u00fai tr\u00ean c\u00e2y h\u1ee3p t\u00e1c v\u1edbi c\u00e1c c\u1ed9ng \u0111\u1ed3ng \u0111\u1ecba ph\u01b0\u01a1ng \u1edf v\u00f9ng n\u00f4ng th\u00f4n Papua New Guinea \u0111\u1ec3 b\u1ea3o v\u1ec7 lo\u00e0i chu\u1ed9t t\u00fai tr\u00ean c\u00e2y Matschie \u0111ang c\u00f3 nguy c\u01a1 tuy\u1ec7t ch\u1ee7ng v\u00e0 m\u00f4i tr\u01b0\u1eddng s\u1ed1ng c\u1ee7a lo\u00e0i n\u00e0y.\",\"breadcrumb\":{\"@id\":\"https:\\\/\\\/treekangaroo.org\\\/vi\\\/co-hoi-nghien-cuu\\\/#breadcrumb\"},\"inLanguage\":\"vi\",\"potentialAction\":[{\"@type\":\"ReadAction\",\"target\":[\"https:\\\/\\\/treekangaroo.org\\\/vi\\\/co-hoi-nghien-cuu\\\/\"]}]},{\"@type\":\"ImageObject\",\"inLanguage\":\"vi\",\"@id\":\"https:\\\/\\\/treekangaroo.org\\\/vi\\\/co-hoi-nghien-cuu\\\/#primaryimage\",\"url\":\"https:\\\/\\\/zoo.org\\\/tkcp\\\/wp-content\\\/uploads\\\/sites\\\/2\\\/2025\\\/04\\\/Research-RHawk.jpg\",\"contentUrl\":\"https:\\\/\\\/zoo.org\\\/tkcp\\\/wp-content\\\/uploads\\\/sites\\\/2\\\/2025\\\/04\\\/Research-RHawk.jpg\"},{\"@type\":\"BreadcrumbList\",\"@id\":\"https:\\\/\\\/treekangaroo.org\\\/vi\\\/co-hoi-nghien-cuu\\\/#breadcrumb\",\"itemListElement\":[{\"@type\":\"ListItem\",\"position\":1,\"name\":\"Trang ch\u1ee7\",\"item\":\"https:\\\/\\\/treekangaroo.org\\\/vi\\\/\"},{\"@type\":\"ListItem\",\"position\":2,\"name\":\"C\u01a1 h\u1ed9i nghi\u00ean c\u1ee9u\"}]},{\"@type\":\"WebSite\",\"@id\":\"https:\\\/\\\/treekangaroo.org\\\/vi\\\/#website\",\"url\":\"https:\\\/\\\/treekangaroo.org\\\/vi\\\/\",\"name\":\"Tree Kangaroo Conservation Program\",\"description\":\"\",\"publisher\":{\"@id\":\"https:\\\/\\\/treekangaroo.org\\\/vi\\\/#organization\"},\"potentialAction\":[{\"@type\":\"SearchAction\",\"target\":{\"@type\":\"EntryPoint\",\"urlTemplate\":\"https:\\\/\\\/treekangaroo.org\\\/vi\\\/?s={search_term_string}\"},\"query-input\":{\"@type\":\"PropertyValueSpecification\",\"valueRequired\":true,\"valueName\":\"search_term_string\"}}],\"inLanguage\":\"vi\"},{\"@type\":\"Organization\",\"@id\":\"https:\\\/\\\/treekangaroo.org\\\/vi\\\/#organization\",\"name\":\"Ch\u01b0\u01a1ng tr\u00ecnh b\u1ea3o t\u1ed3n chu\u1ed9t t\u00fai c\u00e2y\",\"url\":\"https:\\\/\\\/treekangaroo.org\\\/vi\\\/\",\"logo\":{\"@type\":\"ImageObject\",\"inLanguage\":\"vi\",\"@id\":\"https:\\\/\\\/treekangaroo.org\\\/vi\\\/#\\\/schema\\\/logo\\\/image\\\/\",\"url\":\"https:\\\/\\\/zoo.org\\\/tkcp\\\/wp-content\\\/uploads\\\/sites\\\/2\\\/2025\\\/04\\\/TKCP-PNG_Logo-white-web.png\",\"contentUrl\":\"https:\\\/\\\/zoo.org\\\/tkcp\\\/wp-content\\\/uploads\\\/sites\\\/2\\\/2025\\\/04\\\/TKCP-PNG_Logo-white-web.png\",\"width\":432,\"height\":358,\"caption\":\"Ch\u01b0\u01a1ng tr\u00ecnh b\u1ea3o t\u1ed3n chu\u1ed9t t\u00fai c\u00e2y\"},\"image\":{\"@id\":\"https:\\\/\\\/treekangaroo.org\\\/vi\\\/#\\\/schema\\\/logo\\\/image\\\/\"}}]}<\/script>\n<!-- \/ Yoast SEO plugin. -->","yoast_head_json":{"title":"C\u01a1 h\u1ed9i nghi\u00ean c\u1ee9u - Ch\u01b0\u01a1ng tr\u00ecnh b\u1ea3o t\u1ed3n chu\u1ed9t t\u00fai c\u00e2y","description":"Ch\u01b0\u01a1ng tr\u00ecnh \u0111\u1eb7c tr\u01b0ng c\u1ee7a V\u01b0\u1eddn th\u00fa Woodland Park. Ch\u01b0\u01a1ng tr\u00ecnh B\u1ea3o t\u1ed3n Chu\u1ed9t t\u00fai tr\u00ean c\u00e2y h\u1ee3p t\u00e1c v\u1edbi c\u00e1c c\u1ed9ng \u0111\u1ed3ng \u0111\u1ecba ph\u01b0\u01a1ng \u1edf v\u00f9ng n\u00f4ng th\u00f4n Papua New Guinea \u0111\u1ec3 b\u1ea3o v\u1ec7 lo\u00e0i chu\u1ed9t t\u00fai tr\u00ean c\u00e2y Matschie \u0111ang c\u00f3 nguy c\u01a1 tuy\u1ec7t ch\u1ee7ng v\u00e0 m\u00f4i tr\u01b0\u1eddng s\u1ed1ng c\u1ee7a lo\u00e0i n\u00e0y.","robots":{"index":"index","follow":"follow","max-snippet":"max-snippet:-1","max-image-preview":"max-image-preview:large","max-video-preview":"max-video-preview:-1"},"canonical":"https:\/\/treekangaroo.org\/vi\/co-hoi-nghien-cuu\/","og_locale":"vi_VN","og_type":"article","og_title":"C\u01a1 h\u1ed9i nghi\u00ean c\u1ee9u - Ch\u01b0\u01a1ng tr\u00ecnh b\u1ea3o t\u1ed3n chu\u1ed9t t\u00fai c\u00e2y","og_description":"Ch\u01b0\u01a1ng tr\u00ecnh \u0111\u1eb7c tr\u01b0ng c\u1ee7a V\u01b0\u1eddn th\u00fa Woodland Park. Ch\u01b0\u01a1ng tr\u00ecnh B\u1ea3o t\u1ed3n Chu\u1ed9t t\u00fai tr\u00ean c\u00e2y h\u1ee3p t\u00e1c v\u1edbi c\u00e1c c\u1ed9ng \u0111\u1ed3ng \u0111\u1ecba ph\u01b0\u01a1ng \u1edf v\u00f9ng n\u00f4ng th\u00f4n Papua New Guinea \u0111\u1ec3 b\u1ea3o v\u1ec7 lo\u00e0i chu\u1ed9t t\u00fai tr\u00ean c\u00e2y Matschie \u0111ang c\u00f3 nguy c\u01a1 tuy\u1ec7t ch\u1ee7ng v\u00e0 m\u00f4i tr\u01b0\u1eddng s\u1ed1ng c\u1ee7a lo\u00e0i n\u00e0y.","og_url":"https:\/\/treekangaroo.org\/vi\/co-hoi-nghien-cuu\/","og_site_name":"Ch\u01b0\u01a1ng tr\u00ecnh b\u1ea3o t\u1ed3n chu\u1ed9t t\u00fai c\u00e2y","article_modified_time":"2025-12-09T18:56:57+00:00","og_image":[{"url":"https:\/\/zoo.org\/tkcp\/wp-content\/uploads\/sites\/2\/2025\/04\/Research-RHawk.jpg","type":"","width":"","height":""}],"twitter_card":"summary_large_image","twitter_misc":{"\u01af\u1edbc t\u00ednh th\u1eddi gian \u0111\u1ecdc":"5 ph\u00fat"},"schema":{"@context":"https:\/\/schema.org","@graph":[{"@type":"WebPage","@id":"https:\/\/treekangaroo.org\/vi\/co-hoi-nghien-cuu\/","url":"https:\/\/treekangaroo.org\/vi\/co-hoi-nghien-cuu\/","name":"C\u01a1 h\u1ed9i nghi\u00ean c\u1ee9u - Ch\u01b0\u01a1ng tr\u00ecnh b\u1ea3o t\u1ed3n chu\u1ed9t t\u00fai c\u00e2y","isPartOf":{"@id":"https:\/\/treekangaroo.org\/vi\/#website"},"primaryImageOfPage":{"@id":"https:\/\/treekangaroo.org\/vi\/co-hoi-nghien-cuu\/#primaryimage"},"image":{"@id":"https:\/\/treekangaroo.org\/vi\/co-hoi-nghien-cuu\/#primaryimage"},"thumbnailUrl":"https:\/\/zoo.org\/tkcp\/wp-content\/uploads\/sites\/2\/2025\/04\/Research-RHawk.jpg","datePublished":"2024-08-09T22:51:50+00:00","dateModified":"2025-12-09T18:56:57+00:00","description":"Ch\u01b0\u01a1ng tr\u00ecnh \u0111\u1eb7c tr\u01b0ng c\u1ee7a V\u01b0\u1eddn th\u00fa Woodland Park. Ch\u01b0\u01a1ng tr\u00ecnh B\u1ea3o t\u1ed3n Chu\u1ed9t t\u00fai tr\u00ean c\u00e2y h\u1ee3p t\u00e1c v\u1edbi c\u00e1c c\u1ed9ng \u0111\u1ed3ng \u0111\u1ecba ph\u01b0\u01a1ng \u1edf v\u00f9ng n\u00f4ng th\u00f4n Papua New Guinea \u0111\u1ec3 b\u1ea3o v\u1ec7 lo\u00e0i chu\u1ed9t t\u00fai tr\u00ean c\u00e2y Matschie \u0111ang c\u00f3 nguy c\u01a1 tuy\u1ec7t ch\u1ee7ng v\u00e0 m\u00f4i tr\u01b0\u1eddng s\u1ed1ng c\u1ee7a lo\u00e0i n\u00e0y.","breadcrumb":{"@id":"https:\/\/treekangaroo.org\/vi\/co-hoi-nghien-cuu\/#breadcrumb"},"inLanguage":"vi","potentialAction":[{"@type":"ReadAction","target":["https:\/\/treekangaroo.org\/vi\/co-hoi-nghien-cuu\/"]}]},{"@type":"ImageObject","inLanguage":"vi","@id":"https:\/\/treekangaroo.org\/vi\/co-hoi-nghien-cuu\/#primaryimage","url":"https:\/\/zoo.org\/tkcp\/wp-content\/uploads\/sites\/2\/2025\/04\/Research-RHawk.jpg","contentUrl":"https:\/\/zoo.org\/tkcp\/wp-content\/uploads\/sites\/2\/2025\/04\/Research-RHawk.jpg"},{"@type":"BreadcrumbList","@id":"https:\/\/treekangaroo.org\/vi\/co-hoi-nghien-cuu\/#breadcrumb","itemListElement":[{"@type":"ListItem","position":1,"name":"Trang ch\u1ee7","item":"https:\/\/treekangaroo.org\/vi\/"},{"@type":"ListItem","position":2,"name":"C\u01a1 h\u1ed9i nghi\u00ean c\u1ee9u"}]},{"@type":"WebSite","@id":"https:\/\/treekangaroo.org\/vi\/#website","url":"https:\/\/treekangaroo.org\/vi\/","name":"Tree Kangaroo Conservation Program","description":"","publisher":{"@id":"https:\/\/treekangaroo.org\/vi\/#organization"},"potentialAction":[{"@type":"SearchAction","target":{"@type":"EntryPoint","urlTemplate":"https:\/\/treekangaroo.org\/vi\/?s={search_term_string}"},"query-input":{"@type":"PropertyValueSpecification","valueRequired":true,"valueName":"search_term_string"}}],"inLanguage":"vi"},{"@type":"Organization","@id":"https:\/\/treekangaroo.org\/vi\/#organization","name":"Ch\u01b0\u01a1ng tr\u00ecnh b\u1ea3o t\u1ed3n chu\u1ed9t t\u00fai c\u00e2y","url":"https:\/\/treekangaroo.org\/vi\/","logo":{"@type":"ImageObject","inLanguage":"vi","@id":"https:\/\/treekangaroo.org\/vi\/#\/schema\/logo\/image\/","url":"https:\/\/zoo.org\/tkcp\/wp-content\/uploads\/sites\/2\/2025\/04\/TKCP-PNG_Logo-white-web.png","contentUrl":"https:\/\/zoo.org\/tkcp\/wp-content\/uploads\/sites\/2\/2025\/04\/TKCP-PNG_Logo-white-web.png","width":432,"height":358,"caption":"Ch\u01b0\u01a1ng tr\u00ecnh b\u1ea3o t\u1ed3n chu\u1ed9t t\u00fai c\u00e2y"},"image":{"@id":"https:\/\/treekangaroo.org\/vi\/#\/schema\/logo\/image\/"}}]}},"taxonomy_info":[],"featured_image_src_large":false,"author_info":{"display_name":"","author_link":"https:\/\/treekangaroo.org\/vi\/author\/"},"comment_info":0,"_links":{"self":[{"href":"https:\/\/treekangaroo.org\/vi\/wp-json\/wp\/v2\/pages\/2388","targetHints":{"allow":["GET"]}}],"collection":[{"href":"https:\/\/treekangaroo.org\/vi\/wp-json\/wp\/v2\/pages"}],"about":[{"href":"https:\/\/treekangaroo.org\/vi\/wp-json\/wp\/v2\/types\/page"}],"author":[{"embeddable":true,"href":"https:\/\/treekangaroo.org\/vi\/wp-json\/wp\/v2\/users\/2"}],"replies":[{"embeddable":true,"href":"https:\/\/treekangaroo.org\/vi\/wp-json\/wp\/v2\/comments?post=2388"}],"version-history":[{"count":1,"href":"https:\/\/treekangaroo.org\/vi\/wp-json\/wp\/v2\/pages\/2388\/revisions"}],"predecessor-version":[{"id":2389,"href":"https:\/\/treekangaroo.org\/vi\/wp-json\/wp\/v2\/pages\/2388\/revisions\/2389"}],"wp:attachment":[{"href":"https:\/\/treekangaroo.org\/vi\/wp-json\/wp\/v2\/media?parent=2388"}],"curies":[{"name":"wp","href":"https:\/\/api.w.org\/{rel}","templated":true}]}}